{"id":565,"date":"2020-06-12T08:26:12","date_gmt":"2020-06-12T08:26:12","guid":{"rendered":"http:\/\/caminos.udc.es\/hosting\/web\/?page_id=565"},"modified":"2024-12-02T09:27:12","modified_gmt":"2024-12-02T09:27:12","slug":"green-campus","status":"publish","type":"page","link":"https:\/\/caminos.udc.es\/hosting\/web\/index.php\/green-campus\/","title":{"rendered":"Green Campus"},"content":{"rendered":"\t\t<div data-elementor-type=\"wp-page\" data-elementor-id=\"565\" class=\"elementor elementor-565\">\n\t\t\t\t\t\t<section class=\"elementor-section elementor-top-section elementor-element elementor-element-601184f elementor-section-boxed elementor-section-height-default elementor-section-height-default\" data-id=\"601184f\" data-element_type=\"section\" data-e-type=\"section\">\n\t\t\t\t\t\t<div class=\"elementor-container elementor-column-gap-default\">\n\t\t\t\t\t<div class=\"elementor-column elementor-col-100 elementor-top-column elementor-element elementor-element-7bf9c0b\" data-id=\"7bf9c0b\" data-element_type=\"column\" data-e-type=\"column\">\n\t\t\t<div class=\"elementor-widget-wrap elementor-element-populated\">\n\t\t\t\t\t\t<section class=\"elementor-section elementor-inner-section elementor-element elementor-element-7786b4d elementor-section-boxed elementor-section-height-default elementor-section-height-default\" data-id=\"7786b4d\" data-element_type=\"section\" data-e-type=\"section\">\n\t\t\t\t\t\t<div class=\"elementor-container elementor-column-gap-default\">\n\t\t\t\t\t<div class=\"elementor-column elementor-col-50 elementor-inner-column elementor-element elementor-element-b798d17\" data-id=\"b798d17\" data-element_type=\"column\" data-e-type=\"column\">\n\t\t\t<div class=\"elementor-widget-wrap elementor-element-populated\">\n\t\t\t\t\t\t<div class=\"elementor-element elementor-element-9d8e134 elementor-widget elementor-widget-text-editor\" data-id=\"9d8e134\" data-element_type=\"widget\" data-e-type=\"widget\" data-widget_type=\"text-editor.default\">\n\t\t\t\t<div class=\"elementor-widget-container\">\n\t\t\t\t\t\t\t\t\t<h3>Informaci\u00f3n Previa<\/h3><p>Green Campus en la UDC\u00a0 \u00a0<a href=\"http:\/\/www.udc.es\/sociedade\/medio_ambiente\/GreenCampus\/\" target=\"_blank\" rel=\"noopener\"><span class=\"az01\" lang=\"es\">Informaci\u00f3n<\/span><\/a> <a class=\"auto-style1\" href=\"http:\/\/www.udc.es\/export\/sites\/udc\/_galeria_down\/sociedade\/GreenCampus\/documento_base.pdf\" target=\"_blank\" rel=\"noopener\"><span class=\"az01\" lang=\"es\">\u00a0 Documento base<\/span><\/a><\/p><p><a class=\"auto-style1\" href=\"https:\/\/docs.google.com\/forms\/d\/1SB5mzISG3ANkBmOgYMLUjxEP8VY0ROm59aPA3LMh8hw\/viewform\" target=\"_blank\" rel=\"noopener\"><span class=\"az01\" lang=\"es\">Cuestionario Ecoauditor\u00eda Interna<\/span><\/a><\/p><h3>Comit\u00e9 Ambiental<\/h3><p><a class=\"auto-style1\" href=\"http:\/\/caminos.udc.es\/escuela\/archivos\/green\/ActaConstitucion.pdf\" target=\"_blank\" rel=\"noopener\"><span class=\"az01\" lang=\"es\">Constituci\u00f3n del Comit\u00e9 Ambiental<\/span><\/a><\/p><p><a class=\"auto-style1\" href=\"http:\/\/caminos.udc.es\/escuela\/green_campus.htm\"><span class=\"az01\" lang=\"es\">Actas<\/span><\/a><\/p><p><span class=\"az01\" lang=\"es\"><a class=\"auto-style1\" href=\"http:\/\/caminos.udc.es\/escuela\/archivos\/green\/DeclaracionAmbiental.pdf\">Declaraci\u00f3n Ambiental ETSECCP<\/a><\/span><\/p>\t\t\t\t\t\t\t\t<\/div>\n\t\t\t\t<\/div>\n\t\t\t\t<div class=\"elementor-element elementor-element-e0cab84 elementor-widget elementor-widget-testimonial\" data-id=\"e0cab84\" data-element_type=\"widget\" data-e-type=\"widget\" data-widget_type=\"testimonial.default\">\n\t\t\t\t<div class=\"elementor-widget-container\">\n\t\t\t\t\t\t\t<div class=\"elementor-testimonial-wrapper\">\n\t\t\t\t\t\t\t<div class=\"elementor-testimonial-content\">A Universidade da Coru\u00f1a (UDC) asinou en febreiro de 2014 un convenio de colaboraci\u00f3n coa Asociaci\u00f3n de Educaci\u00f3n Ambiental y del Consumidor (ADEAC), como membro da internacional Fundation for Environmental Education (FEE) para a implantaci\u00f3n dos procedementos de xesti\u00f3n ecol\u00f3xica baixo a bandeira verde GreenCampus.\n\n<\/div>\n\t\t\t\n\t\t\t\t\t\t<div class=\"elementor-testimonial-meta elementor-has-image elementor-testimonial-image-position-aside\">\n\t\t\t\t<div class=\"elementor-testimonial-meta-inner\">\n\t\t\t\t\t\t\t\t\t\t\t<div class=\"elementor-testimonial-image\">\n\t\t\t\t\t\t\t<img fetchpriority=\"high\" decoding=\"async\" width=\"1538\" height=\"2048\" src=\"https:\/\/caminos.udc.es\/hosting\/web\/wp-content\/uploads\/foto-acacia.jpg\" class=\"attachment-full size-full wp-image-5169\" alt=\"\" srcset=\"https:\/\/caminos.udc.es\/hosting\/web\/wp-content\/uploads\/foto-acacia.jpg 1538w, https:\/\/caminos.udc.es\/hosting\/web\/wp-content\/uploads\/foto-acacia-225x300.jpg 225w, https:\/\/caminos.udc.es\/hosting\/web\/wp-content\/uploads\/foto-acacia-769x1024.jpg 769w, https:\/\/caminos.udc.es\/hosting\/web\/wp-content\/uploads\/foto-acacia-768x1023.jpg 768w, https:\/\/caminos.udc.es\/hosting\/web\/wp-content\/uploads\/foto-acacia-1154x1536.jpg 1154w, https:\/\/caminos.udc.es\/hosting\/web\/wp-content\/uploads\/foto-acacia-263x350.jpg 263w, https:\/\/caminos.udc.es\/hosting\/web\/wp-content\/uploads\/foto-acacia-113x150.jpg 113w\" sizes=\"(max-width: 1538px) 100vw, 1538px\" \/>\t\t\t\t\t\t<\/div>\n\t\t\t\t\t\n\t\t\t\t\t\t\t\t\t\t<div class=\"elementor-testimonial-details\">\n\t\t\t\t\t\t\t\t\t\t\t\t\t\t<div class=\"elementor-testimonial-name\">Acacia Naves<\/div>\n\t\t\t\t\t\t\t\t\t\t\t\t\t\t\t\t\t\t\t\t\t\t<div class=\"elementor-testimonial-job\">Green Campus ETSECCP<\/div>\n\t\t\t\t\t\t\t\t\t\t\t\t\t<\/div>\n\t\t\t\t\t\t\t\t\t<\/div>\n\t\t\t<\/div>\n\t\t\t\t\t<\/div>\n\t\t\t\t\t\t<\/div>\n\t\t\t\t<\/div>\n\t\t\t\t\t<\/div>\n\t\t<\/div>\n\t\t\t\t<div class=\"elementor-column elementor-col-50 elementor-inner-column elementor-element elementor-element-8a6ba29\" data-id=\"8a6ba29\" data-element_type=\"column\" data-e-type=\"column\">\n\t\t\t<div class=\"elementor-widget-wrap elementor-element-populated\">\n\t\t\t\t\t\t<div class=\"elementor-element elementor-element-a62ca16 elementor-widget elementor-widget-text-editor\" data-id=\"a62ca16\" data-element_type=\"widget\" data-e-type=\"widget\" data-widget_type=\"text-editor.default\">\n\t\t\t\t<div class=\"elementor-widget-container\">\n\t\t\t\t\t\t\t\t\t<h3>Ecoauditor\u00eda<\/h3><p><a class=\"auto-style1\" href=\"http:\/\/caminos.udc.es\/escuela\/archivos\/green\/0_0_EcoAuditoriaInterna.pdf\" target=\"_blank\" rel=\"noopener\"><span class=\"az01\" lang=\"es\">Cuestionario EcoAuditor\u00eda<\/span><\/a><\/p><p><a class=\"auto-style1\" href=\"http:\/\/caminos.udc.es\/escuela\/archivos\/green\/0_1_EcoAuditoriaInterna_Anexo.pdf\"><span class=\"az01\" lang=\"es\">Encuesta EcoAuditor\u00eda<\/span><\/a><\/p><h3>Plan de Acci\u00f3n<\/h3><p><a class=\"auto-style1\" href=\"http:\/\/caminos.udc.es\/escuela\/archivos\/green\/PlanAccion_borrador.pdf\" target=\"_blank\" rel=\"noopener\"><span class=\"az01\" lang=\"es\">Borrador Plan de Acci\u00f3n<\/span><\/a><br \/><a class=\"auto-style1\" href=\"http:\/\/caminos.udc.es\/escuela\/archivos\/green\/Iluminacion.pdf\" target=\"_blank\" rel=\"noopener\"><span class=\"az01\" lang=\"es\">Iluminaci\u00f3n AULAS LED<\/span><\/a><br \/><a class=\"auto-style1\" href=\"http:\/\/caminos.udc.es\/escuela\/archivos\/green\/ContenedoresPapel.pdf\" target=\"_blank\" rel=\"noopener\"><span class=\"az01\" lang=\"es\">Nuevos contenedores de papel<\/span><\/a><br \/><a class=\"auto-style1\" href=\"http:\/\/caminos.udc.es\/escuela\/archivos\/green\/FluxoresEcologicos.pdf\" target=\"_blank\" rel=\"noopener\"><span class=\"az01\" lang=\"es\">Nuevos fluxores ecol\u00f3gicos de los ba\u00f1os<\/span><\/a><br \/><a class=\"auto-style1\" href=\"http:\/\/caminos.udc.es\/escuela\/archivos\/green\/PuntoLimpio.pdf\" target=\"_blank\" rel=\"noopener\"><span class=\"az01\" lang=\"es\">Instalaci\u00f3n punto limpio<\/span><\/a><br \/><a class=\"auto-style1\" href=\"http:\/\/caminos.udc.es\/escuela\/archivos\/green\/Exteriores.pdf\" target=\"_blank\" rel=\"noopener\"><span class=\"az01\" lang=\"es\">Acondicionamiento de exteriores de la Escuela<\/span><\/a><br \/><a class=\"auto-style1\" href=\"http:\/\/caminos.udc.es\/escuela\/archivos\/green\/ReciclajeHormigon.pdf\" target=\"_blank\" rel=\"noopener\"><span class=\"az01\" lang=\"es\">Reciclaje de hormig\u00f3n. Creaci\u00f3n zona de ocio<\/span><\/a><br \/><a class=\"auto-style1\" href=\"http:\/\/caminos.udc.es\/escuela\/archivos\/green\/Aparcabicis.pdf\" target=\"_blank\" rel=\"noopener\"><span class=\"az01\" lang=\"es\">Nuevos aparcabicis exteriores<\/span><\/a><br \/><a class=\"auto-style1\" href=\"http:\/\/caminos.udc.es\/escuela\/archivos\/green\/PrestamoBicicletas.pdf\" target=\"_blank\" rel=\"noopener\"><span class=\"az01\" lang=\"es\">Programa pr\u00e9stamo de bicicletas<\/span><\/a><br \/><a class=\"auto-style1\" href=\"http:\/\/caminos.udc.es\/escuela\/archivos\/green\/ExposicionAPegada.pdf\" target=\"_blank\" rel=\"noopener\"><span class=\"az01\" lang=\"es\">Exposici\u00f3n \u00abA Pegada Ecol\u00f3xica\u00bb<\/span><\/a><br \/><a class=\"auto-style1\" href=\"http:\/\/caminos.udc.es\/escuela\/archivos\/green\/AhorroAgua.pdf\" target=\"_blank\" rel=\"noopener\"><span class=\"az01\" lang=\"es\">Campa\u00f1a Ahorro de Agua<\/span><\/a><br \/><a class=\"auto-style1\" href=\"http:\/\/caminos.udc.es\/escuela\/archivos\/green\/FormularioAuditoria.xlsx\" target=\"_blank\" rel=\"noopener\"><span class=\"az01\" lang=\"es\">Auditor\u00eda Uso Agua<\/span><\/a><br \/><a class=\"auto-style1\" href=\"http:\/\/caminos.udc.es\/escuela\/archivos\/green\/BuzonQuejas.pdf\" target=\"_blank\" rel=\"noopener\"><span class=\"az01\" lang=\"es\">Nuevo buz\u00f3n de quejas<\/span><\/a><\/p>\t\t\t\t\t\t\t\t<\/div>\n\t\t\t\t<\/div>\n\t\t\t\t\t<\/div>\n\t\t<\/div>\n\t\t\t\t\t<\/div>\n\t\t<\/section>\n\t\t\t\t\t<\/div>\n\t\t<\/div>\n\t\t\t\t\t<\/div>\n\t\t<\/section>\n\t\t\t\t<section class=\"elementor-section elementor-top-section elementor-element elementor-element-3ba7a80 elementor-section-boxed elementor-section-height-default elementor-section-height-default\" data-id=\"3ba7a80\" data-element_type=\"section\" data-e-type=\"section\">\n\t\t\t\t\t\t<div class=\"elementor-container elementor-column-gap-default\">\n\t\t\t\t\t<div class=\"elementor-column elementor-col-100 elementor-top-column elementor-element elementor-element-8f63842\" data-id=\"8f63842\" data-element_type=\"column\" data-e-type=\"column\">\n\t\t\t<div class=\"elementor-widget-wrap elementor-element-populated\">\n\t\t\t\t\t\t<div class=\"elementor-element elementor-element-e0593fe elementor-widget elementor-widget-text-editor\" data-id=\"e0593fe\" data-element_type=\"widget\" data-e-type=\"widget\" data-widget_type=\"text-editor.default\">\n\t\t\t\t<div class=\"elementor-widget-container\">\n\t\t\t\t\t\t\t\t\t<p style=\"text-align: center;\"><strong>Para contactar con el Comit\u00e9 Ambiental de la Escuela de Caminos ponga un mensaje a trav\u00e9s de la secci\u00f3n de Contacto indicando \u201cA la atenci\u00f3n del Comit\u00e9 Ambiental\u00bb.<\/strong><\/p>\t\t\t\t\t\t\t\t<\/div>\n\t\t\t\t<\/div>\n\t\t\t\t\t<\/div>\n\t\t<\/div>\n\t\t\t\t\t<\/div>\n\t\t<\/section>\n\t\t\t\t<section class=\"elementor-section elementor-top-section elementor-element elementor-element-42ff30b elementor-section-boxed elementor-section-height-default elementor-section-height-default\" data-id=\"42ff30b\" data-element_type=\"section\" data-e-type=\"section\">\n\t\t\t\t\t\t<div class=\"elementor-container elementor-column-gap-default\">\n\t\t\t\t\t<div class=\"elementor-column elementor-col-100 elementor-top-column elementor-element elementor-element-430d92c\" data-id=\"430d92c\" data-element_type=\"column\" data-e-type=\"column\">\n\t\t\t<div class=\"elementor-widget-wrap\">\n\t\t\t\t\t\t\t<\/div>\n\t\t<\/div>\n\t\t\t\t\t<\/div>\n\t\t<\/section>\n\t\t\t\t<\/div>\n\t\t","protected":false},"excerpt":{"rendered":"<p>Informaci\u00f3n Previa Green Campus en la UDC\u00a0 \u00a0Informaci\u00f3n \u00a0 Documento base Cuestionario Ecoauditor\u00eda Interna Comit\u00e9 Ambiental Constituci\u00f3n del Comit\u00e9 Ambiental Actas Declaraci\u00f3n Ambiental ETSECCP A Universidade da Coru\u00f1a (UDC) asinou en febreiro de 2014 un convenio de colaboraci\u00f3n coa Asociaci\u00f3n de Educaci\u00f3n Ambiental y del Consumidor (ADEAC), como membro da&#8230; <a class=\"continue-reading-link\" href=\"https:\/\/caminos.udc.es\/hosting\/web\/index.php\/green-campus\/\">Continue reading<\/a><\/p>\n","protected":false},"author":1,"featured_media":0,"parent":0,"menu_order":0,"comment_status":"closed","ping_status":"closed","template":"","meta":{"footnotes":""},"class_list":["post-565","page","type-page","status-publish","hentry"],"yoast_head":"<!-- This site is optimized with the Yoast SEO plugin v25.6 - https:\/\/yoast.com\/wordpress\/plugins\/seo\/ -->\n<title>Green Campus -<\/title>\n<meta name=\"robots\" content=\"index, follow, max-snippet:-1, max-image-preview:large, max-video-preview:-1\" \/>\n<link rel=\"canonical\" href=\"https:\/\/caminos.udc.es\/hosting\/web\/index.php\/green-campus\/\" \/>\n<meta property=\"og:locale\" content=\"es_ES\" \/>\n<meta property=\"og:type\" content=\"article\" \/>\n<meta property=\"og:title\" content=\"Green Campus -\" \/>\n<meta property=\"og:description\" content=\"Informaci\u00f3n Previa Green Campus en la UDC\u00a0 \u00a0Informaci\u00f3n \u00a0 Documento base Cuestionario Ecoauditor\u00eda Interna Comit\u00e9 Ambiental Constituci\u00f3n del Comit\u00e9 Ambiental Actas Declaraci\u00f3n Ambiental ETSECCP A Universidade da Coru\u00f1a (UDC) asinou en febreiro de 2014 un convenio de colaboraci\u00f3n coa Asociaci\u00f3n de Educaci\u00f3n Ambiental y del Consumidor (ADEAC), como membro da... Continue reading\" \/>\n<meta property=\"og:url\" content=\"https:\/\/caminos.udc.es\/hosting\/web\/index.php\/green-campus\/\" \/>\n<meta property=\"article:publisher\" content=\"https:\/\/www.facebook.com\/caminosudc\/\" \/>\n<meta property=\"article:modified_time\" content=\"2024-12-02T09:27:12+00:00\" \/>\n<meta property=\"og:image\" content=\"https:\/\/caminos.udc.es\/hosting\/web\/wp-content\/uploads\/foto-acacia.jpg\" \/>\n\t<meta property=\"og:image:width\" content=\"1538\" \/>\n\t<meta property=\"og:image:height\" content=\"2048\" \/>\n\t<meta property=\"og:image:type\" content=\"image\/jpeg\" \/>\n<meta name=\"twitter:card\" content=\"summary_large_image\" \/>\n<meta name=\"twitter:site\" content=\"@Caminos_UDC\" \/>\n<meta name=\"twitter:label1\" content=\"Tiempo de lectura\" \/>\n\t<meta name=\"twitter:data1\" content=\"1 minuto\" \/>\n<script type=\"application\/ld+json\" class=\"yoast-schema-graph\">{\"@context\":\"https:\/\/schema.org\",\"@graph\":[{\"@type\":\"WebPage\",\"@id\":\"https:\/\/caminos.udc.es\/hosting\/web\/index.php\/green-campus\/\",\"url\":\"https:\/\/caminos.udc.es\/hosting\/web\/index.php\/green-campus\/\",\"name\":\"Green Campus -\",\"isPartOf\":{\"@id\":\"https:\/\/caminos.udc.es\/hosting\/web\/#website\"},\"primaryImageOfPage\":{\"@id\":\"https:\/\/caminos.udc.es\/hosting\/web\/index.php\/green-campus\/#primaryimage\"},\"image\":{\"@id\":\"https:\/\/caminos.udc.es\/hosting\/web\/index.php\/green-campus\/#primaryimage\"},\"thumbnailUrl\":\"https:\/\/caminos.udc.es\/hosting\/web\/wp-content\/uploads\/foto-acacia.jpg\",\"datePublished\":\"2020-06-12T08:26:12+00:00\",\"dateModified\":\"2024-12-02T09:27:12+00:00\",\"breadcrumb\":{\"@id\":\"https:\/\/caminos.udc.es\/hosting\/web\/index.php\/green-campus\/#breadcrumb\"},\"inLanguage\":\"es\",\"potentialAction\":[{\"@type\":\"ReadAction\",\"target\":[\"https:\/\/caminos.udc.es\/hosting\/web\/index.php\/green-campus\/\"]}]},{\"@type\":\"ImageObject\",\"inLanguage\":\"es\",\"@id\":\"https:\/\/caminos.udc.es\/hosting\/web\/index.php\/green-campus\/#primaryimage\",\"url\":\"https:\/\/caminos.udc.es\/hosting\/web\/wp-content\/uploads\/foto-acacia.jpg\",\"contentUrl\":\"https:\/\/caminos.udc.es\/hosting\/web\/wp-content\/uploads\/foto-acacia.jpg\",\"width\":1538,\"height\":2048},{\"@type\":\"BreadcrumbList\",\"@id\":\"https:\/\/caminos.udc.es\/hosting\/web\/index.php\/green-campus\/#breadcrumb\",\"itemListElement\":[{\"@type\":\"ListItem\",\"position\":1,\"name\":\"Portada\",\"item\":\"https:\/\/caminos.udc.es\/hosting\/web\/\"},{\"@type\":\"ListItem\",\"position\":2,\"name\":\"Green Campus\"}]},{\"@type\":\"WebSite\",\"@id\":\"https:\/\/caminos.udc.es\/hosting\/web\/#website\",\"url\":\"https:\/\/caminos.udc.es\/hosting\/web\/\",\"name\":\"Escuela de Caminos UDC\",\"description\":\"\",\"publisher\":{\"@id\":\"https:\/\/caminos.udc.es\/hosting\/web\/#organization\"},\"potentialAction\":[{\"@type\":\"SearchAction\",\"target\":{\"@type\":\"EntryPoint\",\"urlTemplate\":\"https:\/\/caminos.udc.es\/hosting\/web\/?s={search_term_string}\"},\"query-input\":{\"@type\":\"PropertyValueSpecification\",\"valueRequired\":true,\"valueName\":\"search_term_string\"}}],\"inLanguage\":\"es\"},{\"@type\":\"Organization\",\"@id\":\"https:\/\/caminos.udc.es\/hosting\/web\/#organization\",\"name\":\"Escuela de Caminos, Canales y Puertos A Coru\u00f1a\",\"url\":\"https:\/\/caminos.udc.es\/hosting\/web\/\",\"logo\":{\"@type\":\"ImageObject\",\"inLanguage\":\"es\",\"@id\":\"https:\/\/caminos.udc.es\/hosting\/web\/#\/schema\/logo\/image\/\",\"url\":\"https:\/\/caminos.udc.es\/hosting\/web\/wp-content\/uploads\/2020\/08\/Logo-Puente.png\",\"contentUrl\":\"https:\/\/caminos.udc.es\/hosting\/web\/wp-content\/uploads\/2020\/08\/Logo-Puente.png\",\"width\":467,\"height\":120,\"caption\":\"Escuela de Caminos, Canales y Puertos A Coru\u00f1a\"},\"image\":{\"@id\":\"https:\/\/caminos.udc.es\/hosting\/web\/#\/schema\/logo\/image\/\"},\"sameAs\":[\"https:\/\/www.facebook.com\/caminosudc\/\",\"https:\/\/x.com\/Caminos_UDC\",\"https:\/\/es.wikipedia.org\/wiki\/Escuela_T\u00e9cnica_Superior_de_Ingenieros_de_Caminos,_Canales_y_Puertos_de_La_Coru\u00f1a\"]}]}<\/script>\n<!-- \/ Yoast SEO plugin. -->","yoast_head_json":{"title":"Green Campus -","robots":{"index":"index","follow":"follow","max-snippet":"max-snippet:-1","max-image-preview":"max-image-preview:large","max-video-preview":"max-video-preview:-1"},"canonical":"https:\/\/caminos.udc.es\/hosting\/web\/index.php\/green-campus\/","og_locale":"es_ES","og_type":"article","og_title":"Green Campus -","og_description":"Informaci\u00f3n Previa Green Campus en la UDC\u00a0 \u00a0Informaci\u00f3n \u00a0 Documento base Cuestionario Ecoauditor\u00eda Interna Comit\u00e9 Ambiental Constituci\u00f3n del Comit\u00e9 Ambiental Actas Declaraci\u00f3n Ambiental ETSECCP A Universidade da Coru\u00f1a (UDC) asinou en febreiro de 2014 un convenio de colaboraci\u00f3n coa Asociaci\u00f3n de Educaci\u00f3n Ambiental y del Consumidor (ADEAC), como membro da... Continue reading","og_url":"https:\/\/caminos.udc.es\/hosting\/web\/index.php\/green-campus\/","article_publisher":"https:\/\/www.facebook.com\/caminosudc\/","article_modified_time":"2024-12-02T09:27:12+00:00","og_image":[{"width":1538,"height":2048,"url":"https:\/\/caminos.udc.es\/hosting\/web\/wp-content\/uploads\/foto-acacia.jpg","type":"image\/jpeg"}],"twitter_card":"summary_large_image","twitter_site":"@Caminos_UDC","twitter_misc":{"Tiempo de lectura":"1 minuto"},"schema":{"@context":"https:\/\/schema.org","@graph":[{"@type":"WebPage","@id":"https:\/\/caminos.udc.es\/hosting\/web\/index.php\/green-campus\/","url":"https:\/\/caminos.udc.es\/hosting\/web\/index.php\/green-campus\/","name":"Green Campus -","isPartOf":{"@id":"https:\/\/caminos.udc.es\/hosting\/web\/#website"},"primaryImageOfPage":{"@id":"https:\/\/caminos.udc.es\/hosting\/web\/index.php\/green-campus\/#primaryimage"},"image":{"@id":"https:\/\/caminos.udc.es\/hosting\/web\/index.php\/green-campus\/#primaryimage"},"thumbnailUrl":"https:\/\/caminos.udc.es\/hosting\/web\/wp-content\/uploads\/foto-acacia.jpg","datePublished":"2020-06-12T08:26:12+00:00","dateModified":"2024-12-02T09:27:12+00:00","breadcrumb":{"@id":"https:\/\/caminos.udc.es\/hosting\/web\/index.php\/green-campus\/#breadcrumb"},"inLanguage":"es","potentialAction":[{"@type":"ReadAction","target":["https:\/\/caminos.udc.es\/hosting\/web\/index.php\/green-campus\/"]}]},{"@type":"ImageObject","inLanguage":"es","@id":"https:\/\/caminos.udc.es\/hosting\/web\/index.php\/green-campus\/#primaryimage","url":"https:\/\/caminos.udc.es\/hosting\/web\/wp-content\/uploads\/foto-acacia.jpg","contentUrl":"https:\/\/caminos.udc.es\/hosting\/web\/wp-content\/uploads\/foto-acacia.jpg","width":1538,"height":2048},{"@type":"BreadcrumbList","@id":"https:\/\/caminos.udc.es\/hosting\/web\/index.php\/green-campus\/#breadcrumb","itemListElement":[{"@type":"ListItem","position":1,"name":"Portada","item":"https:\/\/caminos.udc.es\/hosting\/web\/"},{"@type":"ListItem","position":2,"name":"Green Campus"}]},{"@type":"WebSite","@id":"https:\/\/caminos.udc.es\/hosting\/web\/#website","url":"https:\/\/caminos.udc.es\/hosting\/web\/","name":"Escuela de Caminos UDC","description":"","publisher":{"@id":"https:\/\/caminos.udc.es\/hosting\/web\/#organization"},"potentialAction":[{"@type":"SearchAction","target":{"@type":"EntryPoint","urlTemplate":"https:\/\/caminos.udc.es\/hosting\/web\/?s={search_term_string}"},"query-input":{"@type":"PropertyValueSpecification","valueRequired":true,"valueName":"search_term_string"}}],"inLanguage":"es"},{"@type":"Organization","@id":"https:\/\/caminos.udc.es\/hosting\/web\/#organization","name":"Escuela de Caminos, Canales y Puertos A Coru\u00f1a","url":"https:\/\/caminos.udc.es\/hosting\/web\/","logo":{"@type":"ImageObject","inLanguage":"es","@id":"https:\/\/caminos.udc.es\/hosting\/web\/#\/schema\/logo\/image\/","url":"https:\/\/caminos.udc.es\/hosting\/web\/wp-content\/uploads\/2020\/08\/Logo-Puente.png","contentUrl":"https:\/\/caminos.udc.es\/hosting\/web\/wp-content\/uploads\/2020\/08\/Logo-Puente.png","width":467,"height":120,"caption":"Escuela de Caminos, Canales y Puertos A Coru\u00f1a"},"image":{"@id":"https:\/\/caminos.udc.es\/hosting\/web\/#\/schema\/logo\/image\/"},"sameAs":["https:\/\/www.facebook.com\/caminosudc\/","https:\/\/x.com\/Caminos_UDC","https:\/\/es.wikipedia.org\/wiki\/Escuela_T\u00e9cnica_Superior_de_Ingenieros_de_Caminos,_Canales_y_Puertos_de_La_Coru\u00f1a"]}]}},"_links":{"self":[{"href":"https:\/\/caminos.udc.es\/hosting\/web\/index.php\/wp-json\/wp\/v2\/pages\/565","targetHints":{"allow":["GET"]}}],"collection":[{"href":"https:\/\/caminos.udc.es\/hosting\/web\/index.php\/wp-json\/wp\/v2\/pages"}],"about":[{"href":"https:\/\/caminos.udc.es\/hosting\/web\/index.php\/wp-json\/wp\/v2\/types\/page"}],"author":[{"embeddable":true,"href":"https:\/\/caminos.udc.es\/hosting\/web\/index.php\/wp-json\/wp\/v2\/users\/1"}],"replies":[{"embeddable":true,"href":"https:\/\/caminos.udc.es\/hosting\/web\/index.php\/wp-json\/wp\/v2\/comments?post=565"}],"version-history":[{"count":12,"href":"https:\/\/caminos.udc.es\/hosting\/web\/index.php\/wp-json\/wp\/v2\/pages\/565\/revisions"}],"predecessor-version":[{"id":5180,"href":"https:\/\/caminos.udc.es\/hosting\/web\/index.php\/wp-json\/wp\/v2\/pages\/565\/revisions\/5180"}],"wp:attachment":[{"href":"https:\/\/caminos.udc.es\/hosting\/web\/index.php\/wp-json\/wp\/v2\/media?parent=565"}],"curies":[{"name":"wp","href":"https:\/\/api.w.org\/{rel}","templated":true}]}}