{"id":5184,"date":"2024-12-04T08:12:14","date_gmt":"2024-12-04T08:12:14","guid":{"rendered":"https:\/\/caminos.udc.es\/hosting\/web\/?page_id=5184"},"modified":"2025-01-02T08:22:44","modified_gmt":"2025-01-02T08:22:44","slug":"solicitudes","status":"publish","type":"page","link":"https:\/\/caminos.udc.es\/hosting\/web\/index.php\/solicitudes\/","title":{"rendered":"Solicitudes"},"content":{"rendered":"\t\t<div data-elementor-type=\"wp-page\" data-elementor-id=\"5184\" class=\"elementor elementor-5184\">\n\t\t\t\t\t\t<section class=\"elementor-section elementor-top-section elementor-element elementor-element-58bfe64e elementor-section-boxed elementor-section-height-default elementor-section-height-default\" data-id=\"58bfe64e\" data-element_type=\"section\" data-e-type=\"section\">\n\t\t\t\t\t\t<div class=\"elementor-container elementor-column-gap-default\">\n\t\t\t\t\t<div class=\"elementor-column elementor-col-100 elementor-top-column elementor-element elementor-element-45930689\" data-id=\"45930689\" data-element_type=\"column\" data-e-type=\"column\">\n\t\t\t<div class=\"elementor-widget-wrap elementor-element-populated\">\n\t\t\t\t\t\t<div class=\"elementor-element elementor-element-ef6d33a elementor-widget elementor-widget-text-editor\" data-id=\"ef6d33a\" data-element_type=\"widget\" data-e-type=\"widget\" data-widget_type=\"text-editor.default\">\n\t\t\t\t<div class=\"elementor-widget-container\">\n\t\t\t\t\t\t\t\t\t\n<p><strong>C\u00f3digo de acceso a la Escuela fuera del horario de apertura<\/strong><\/p>\n<p>S\u00f3lo los alumnos que est\u00e9n cursando la materia TFG o TFM obtendr\u00e1n este tipo de c\u00f3digo de acceso directamente tras realizar una solicitud en el portal <a href=\"https:\/\/axudatic.udc.gal\/\">AxudaTIC<\/a>, que requiere autentificaci\u00f3n, en la secci\u00f3n de \u201c<a href=\"https:\/\/axudatic.udc.gal\/pages\/viewpage.action?pageId=45121559#\">Centros de Docencia e Investigaci\u00f3n<\/a>\u201d indicando nombre completo y DNI.<\/p>\n<p>El resto del personal y estudiantes deben solicitar el acceso a la Direcci\u00f3n de la Escuela mediante la secci\u00f3n <a href=\"https:\/\/caminos.udc.es\/hosting\/web\/index.php\/contacto-3\/\">Contacto<\/a> de esta p\u00e1gina web.<\/p>\n<p><strong>C\u00f3digo de impresi\u00f3n para estudiantes de TFG o TFM<\/strong><\/p>\n<p>S\u00f3lo los alumnos que est\u00e9n cursando la materia TFG o TFM obtendr\u00e1n este tipo de c\u00f3digo para la impresi\u00f3n de planos en la impresora existente en el Aula de Proyectos despu\u00e9s de realizar una solicitud en el portal <a href=\"https:\/\/axudatic.udc.gal\/\">AxudaTIC<\/a> en la secci\u00f3n de \u201c<a href=\"https:\/\/axudatic.udc.gal\/pages\/viewpage.action?pageId=45121559#\">Centros de Docencia e Investigaci\u00f3n<\/a>\u201d indicando su nombre completo y DNI.<\/p>\n\t\t\t\t\t\t\t\t<\/div>\n\t\t\t\t<\/div>\n\t\t\t\t\t<\/div>\n\t\t<\/div>\n\t\t\t\t\t<\/div>\n\t\t<\/section>\n\t\t\t\t<\/div>\n\t\t","protected":false},"excerpt":{"rendered":"<p>C\u00f3digo de acceso a la Escuela fuera del horario de apertura S\u00f3lo los alumnos que est\u00e9n cursando la materia TFG o TFM obtendr\u00e1n este tipo de c\u00f3digo de acceso directamente tras realizar una solicitud en el portal AxudaTIC, que requiere autentificaci\u00f3n, en la secci\u00f3n de \u201cCentros de Docencia e Investigaci\u00f3n\u201d&#8230; <a class=\"continue-reading-link\" href=\"https:\/\/caminos.udc.es\/hosting\/web\/index.php\/solicitudes\/\">Continue reading<\/a><\/p>\n","protected":false},"author":1,"featured_media":0,"parent":0,"menu_order":0,"comment_status":"closed","ping_status":"closed","template":"","meta":{"footnotes":""},"class_list":["post-5184","page","type-page","status-publish","hentry"],"yoast_head":"<!-- This site is optimized with the Yoast SEO plugin v25.6 - https:\/\/yoast.com\/wordpress\/plugins\/seo\/ -->\n<title>Solicitudes -<\/title>\n<meta name=\"robots\" content=\"index, follow, max-snippet:-1, max-image-preview:large, max-video-preview:-1\" \/>\n<link rel=\"canonical\" href=\"https:\/\/caminos.udc.es\/hosting\/web\/index.php\/solicitudes\/\" \/>\n<meta property=\"og:locale\" content=\"es_ES\" \/>\n<meta property=\"og:type\" content=\"article\" \/>\n<meta property=\"og:title\" content=\"Solicitudes -\" \/>\n<meta property=\"og:description\" content=\"C\u00f3digo de acceso a la Escuela fuera del horario de apertura S\u00f3lo los alumnos que est\u00e9n cursando la materia TFG o TFM obtendr\u00e1n este tipo de c\u00f3digo de acceso directamente tras realizar una solicitud en el portal AxudaTIC, que requiere autentificaci\u00f3n, en la secci\u00f3n de \u201cCentros de Docencia e Investigaci\u00f3n\u201d... Continue reading\" \/>\n<meta property=\"og:url\" content=\"https:\/\/caminos.udc.es\/hosting\/web\/index.php\/solicitudes\/\" \/>\n<meta property=\"article:publisher\" content=\"https:\/\/www.facebook.com\/caminosudc\/\" \/>\n<meta property=\"article:modified_time\" content=\"2025-01-02T08:22:44+00:00\" \/>\n<meta name=\"twitter:card\" content=\"summary_large_image\" \/>\n<meta name=\"twitter:site\" content=\"@Caminos_UDC\" \/>\n<meta name=\"twitter:label1\" content=\"Tiempo de lectura\" \/>\n\t<meta name=\"twitter:data1\" content=\"1 minuto\" \/>\n<script type=\"application\/ld+json\" class=\"yoast-schema-graph\">{\"@context\":\"https:\/\/schema.org\",\"@graph\":[{\"@type\":\"WebPage\",\"@id\":\"https:\/\/caminos.udc.es\/hosting\/web\/index.php\/solicitudes\/\",\"url\":\"https:\/\/caminos.udc.es\/hosting\/web\/index.php\/solicitudes\/\",\"name\":\"Solicitudes -\",\"isPartOf\":{\"@id\":\"https:\/\/caminos.udc.es\/hosting\/web\/#website\"},\"datePublished\":\"2024-12-04T08:12:14+00:00\",\"dateModified\":\"2025-01-02T08:22:44+00:00\",\"breadcrumb\":{\"@id\":\"https:\/\/caminos.udc.es\/hosting\/web\/index.php\/solicitudes\/#breadcrumb\"},\"inLanguage\":\"es\",\"potentialAction\":[{\"@type\":\"ReadAction\",\"target\":[\"https:\/\/caminos.udc.es\/hosting\/web\/index.php\/solicitudes\/\"]}]},{\"@type\":\"BreadcrumbList\",\"@id\":\"https:\/\/caminos.udc.es\/hosting\/web\/index.php\/solicitudes\/#breadcrumb\",\"itemListElement\":[{\"@type\":\"ListItem\",\"position\":1,\"name\":\"Portada\",\"item\":\"https:\/\/caminos.udc.es\/hosting\/web\/\"},{\"@type\":\"ListItem\",\"position\":2,\"name\":\"Solicitudes\"}]},{\"@type\":\"WebSite\",\"@id\":\"https:\/\/caminos.udc.es\/hosting\/web\/#website\",\"url\":\"https:\/\/caminos.udc.es\/hosting\/web\/\",\"name\":\"Escuela de Caminos UDC\",\"description\":\"\",\"publisher\":{\"@id\":\"https:\/\/caminos.udc.es\/hosting\/web\/#organization\"},\"potentialAction\":[{\"@type\":\"SearchAction\",\"target\":{\"@type\":\"EntryPoint\",\"urlTemplate\":\"https:\/\/caminos.udc.es\/hosting\/web\/?s={search_term_string}\"},\"query-input\":{\"@type\":\"PropertyValueSpecification\",\"valueRequired\":true,\"valueName\":\"search_term_string\"}}],\"inLanguage\":\"es\"},{\"@type\":\"Organization\",\"@id\":\"https:\/\/caminos.udc.es\/hosting\/web\/#organization\",\"name\":\"Escuela de Caminos, Canales y Puertos A Coru\u00f1a\",\"url\":\"https:\/\/caminos.udc.es\/hosting\/web\/\",\"logo\":{\"@type\":\"ImageObject\",\"inLanguage\":\"es\",\"@id\":\"https:\/\/caminos.udc.es\/hosting\/web\/#\/schema\/logo\/image\/\",\"url\":\"https:\/\/caminos.udc.es\/hosting\/web\/wp-content\/uploads\/2020\/08\/Logo-Puente.png\",\"contentUrl\":\"https:\/\/caminos.udc.es\/hosting\/web\/wp-content\/uploads\/2020\/08\/Logo-Puente.png\",\"width\":467,\"height\":120,\"caption\":\"Escuela de Caminos, Canales y Puertos A Coru\u00f1a\"},\"image\":{\"@id\":\"https:\/\/caminos.udc.es\/hosting\/web\/#\/schema\/logo\/image\/\"},\"sameAs\":[\"https:\/\/www.facebook.com\/caminosudc\/\",\"https:\/\/x.com\/Caminos_UDC\",\"https:\/\/es.wikipedia.org\/wiki\/Escuela_T\u00e9cnica_Superior_de_Ingenieros_de_Caminos,_Canales_y_Puertos_de_La_Coru\u00f1a\"]}]}<\/script>\n<!-- \/ Yoast SEO plugin. -->","yoast_head_json":{"title":"Solicitudes -","robots":{"index":"index","follow":"follow","max-snippet":"max-snippet:-1","max-image-preview":"max-image-preview:large","max-video-preview":"max-video-preview:-1"},"canonical":"https:\/\/caminos.udc.es\/hosting\/web\/index.php\/solicitudes\/","og_locale":"es_ES","og_type":"article","og_title":"Solicitudes -","og_description":"C\u00f3digo de acceso a la Escuela fuera del horario de apertura S\u00f3lo los alumnos que est\u00e9n cursando la materia TFG o TFM obtendr\u00e1n este tipo de c\u00f3digo de acceso directamente tras realizar una solicitud en el portal AxudaTIC, que requiere autentificaci\u00f3n, en la secci\u00f3n de \u201cCentros de Docencia e Investigaci\u00f3n\u201d... Continue reading","og_url":"https:\/\/caminos.udc.es\/hosting\/web\/index.php\/solicitudes\/","article_publisher":"https:\/\/www.facebook.com\/caminosudc\/","article_modified_time":"2025-01-02T08:22:44+00:00","twitter_card":"summary_large_image","twitter_site":"@Caminos_UDC","twitter_misc":{"Tiempo de lectura":"1 minuto"},"schema":{"@context":"https:\/\/schema.org","@graph":[{"@type":"WebPage","@id":"https:\/\/caminos.udc.es\/hosting\/web\/index.php\/solicitudes\/","url":"https:\/\/caminos.udc.es\/hosting\/web\/index.php\/solicitudes\/","name":"Solicitudes -","isPartOf":{"@id":"https:\/\/caminos.udc.es\/hosting\/web\/#website"},"datePublished":"2024-12-04T08:12:14+00:00","dateModified":"2025-01-02T08:22:44+00:00","breadcrumb":{"@id":"https:\/\/caminos.udc.es\/hosting\/web\/index.php\/solicitudes\/#breadcrumb"},"inLanguage":"es","potentialAction":[{"@type":"ReadAction","target":["https:\/\/caminos.udc.es\/hosting\/web\/index.php\/solicitudes\/"]}]},{"@type":"BreadcrumbList","@id":"https:\/\/caminos.udc.es\/hosting\/web\/index.php\/solicitudes\/#breadcrumb","itemListElement":[{"@type":"ListItem","position":1,"name":"Portada","item":"https:\/\/caminos.udc.es\/hosting\/web\/"},{"@type":"ListItem","position":2,"name":"Solicitudes"}]},{"@type":"WebSite","@id":"https:\/\/caminos.udc.es\/hosting\/web\/#website","url":"https:\/\/caminos.udc.es\/hosting\/web\/","name":"Escuela de Caminos UDC","description":"","publisher":{"@id":"https:\/\/caminos.udc.es\/hosting\/web\/#organization"},"potentialAction":[{"@type":"SearchAction","target":{"@type":"EntryPoint","urlTemplate":"https:\/\/caminos.udc.es\/hosting\/web\/?s={search_term_string}"},"query-input":{"@type":"PropertyValueSpecification","valueRequired":true,"valueName":"search_term_string"}}],"inLanguage":"es"},{"@type":"Organization","@id":"https:\/\/caminos.udc.es\/hosting\/web\/#organization","name":"Escuela de Caminos, Canales y Puertos A Coru\u00f1a","url":"https:\/\/caminos.udc.es\/hosting\/web\/","logo":{"@type":"ImageObject","inLanguage":"es","@id":"https:\/\/caminos.udc.es\/hosting\/web\/#\/schema\/logo\/image\/","url":"https:\/\/caminos.udc.es\/hosting\/web\/wp-content\/uploads\/2020\/08\/Logo-Puente.png","contentUrl":"https:\/\/caminos.udc.es\/hosting\/web\/wp-content\/uploads\/2020\/08\/Logo-Puente.png","width":467,"height":120,"caption":"Escuela de Caminos, Canales y Puertos A Coru\u00f1a"},"image":{"@id":"https:\/\/caminos.udc.es\/hosting\/web\/#\/schema\/logo\/image\/"},"sameAs":["https:\/\/www.facebook.com\/caminosudc\/","https:\/\/x.com\/Caminos_UDC","https:\/\/es.wikipedia.org\/wiki\/Escuela_T\u00e9cnica_Superior_de_Ingenieros_de_Caminos,_Canales_y_Puertos_de_La_Coru\u00f1a"]}]}},"_links":{"self":[{"href":"https:\/\/caminos.udc.es\/hosting\/web\/index.php\/wp-json\/wp\/v2\/pages\/5184","targetHints":{"allow":["GET"]}}],"collection":[{"href":"https:\/\/caminos.udc.es\/hosting\/web\/index.php\/wp-json\/wp\/v2\/pages"}],"about":[{"href":"https:\/\/caminos.udc.es\/hosting\/web\/index.php\/wp-json\/wp\/v2\/types\/page"}],"author":[{"embeddable":true,"href":"https:\/\/caminos.udc.es\/hosting\/web\/index.php\/wp-json\/wp\/v2\/users\/1"}],"replies":[{"embeddable":true,"href":"https:\/\/caminos.udc.es\/hosting\/web\/index.php\/wp-json\/wp\/v2\/comments?post=5184"}],"version-history":[{"count":5,"href":"https:\/\/caminos.udc.es\/hosting\/web\/index.php\/wp-json\/wp\/v2\/pages\/5184\/revisions"}],"predecessor-version":[{"id":5237,"href":"https:\/\/caminos.udc.es\/hosting\/web\/index.php\/wp-json\/wp\/v2\/pages\/5184\/revisions\/5237"}],"wp:attachment":[{"href":"https:\/\/caminos.udc.es\/hosting\/web\/index.php\/wp-json\/wp\/v2\/media?parent=5184"}],"curies":[{"name":"wp","href":"https:\/\/api.w.org\/{rel}","templated":true}]}}