{"id":448,"date":"2020-06-03T08:50:33","date_gmt":"2020-06-03T08:50:33","guid":{"rendered":"http:\/\/caminos.udc.es\/hosting\/web\/?page_id=448"},"modified":"2023-12-13T08:30:23","modified_gmt":"2023-12-13T08:30:23","slug":"reconocimientos","status":"publish","type":"page","link":"https:\/\/caminos.udc.es\/hosting\/web\/index.php\/reconocimientos\/","title":{"rendered":"Reconocimientos"},"content":{"rendered":"\t\t<div data-elementor-type=\"wp-page\" data-elementor-id=\"448\" class=\"elementor elementor-448\">\n\t\t\t\t\t\t<section class=\"elementor-section elementor-top-section elementor-element elementor-element-40b9347b elementor-section-boxed elementor-section-height-default elementor-section-height-default\" data-id=\"40b9347b\" data-element_type=\"section\" data-e-type=\"section\">\n\t\t\t\t\t\t<div class=\"elementor-container elementor-column-gap-default\">\n\t\t\t\t\t<div class=\"elementor-column elementor-col-100 elementor-top-column elementor-element elementor-element-565cdcd1\" data-id=\"565cdcd1\" data-element_type=\"column\" data-e-type=\"column\">\n\t\t\t<div class=\"elementor-widget-wrap elementor-element-populated\">\n\t\t\t\t\t\t<div class=\"elementor-element elementor-element-1cf669e5 elementor-widget elementor-widget-text-editor\" data-id=\"1cf669e5\" data-element_type=\"widget\" data-e-type=\"widget\" data-widget_type=\"text-editor.default\">\n\t\t\t\t<div class=\"elementor-widget-container\">\n\t\t\t\t\t\t\t\t\t<p><\/p>\n<p><span style=\"color: #61928c;\"><strong>Tablas de convalidaciones vigentes entre los estudios de la ETSICCP de la UDC<\/strong><\/span><\/p>\n<p><\/p>\n<ul class=\"wp-block-list\">\n<li><a href=\"https:\/\/caminos.udc.es\/hosting\/web\/wp-content\/uploads\/reconocimientos_ICCP_TECIC.pdf\" target=\"_blank\" rel=\"noreferrer noopener\">Ingenier\u00eda de Caminos, Canales y Puertos a Grado en Tecnolog\u00eda de la Ingenier\u00eda Civil<\/a><\/li>\n<li><a href=\"https:\/\/caminos.udc.es\/hosting\/web\/wp-content\/uploads\/reconocimientos_ICCP_IOP.pdf\" target=\"_blank\" rel=\"noreferrer noopener\">Ingenier\u00eda de Caminos, Canales y Puertos a Grado en Ingenier\u00eda de Obras P\u00fablicas<\/a><\/li>\n<li><a href=\"https:\/\/caminos.udc.es\/hosting\/web\/wp-content\/uploads\/reconocimientos_ITOP_IOP.pdf\" target=\"_blank\" rel=\"noreferrer noopener\">Ingenier\u00eda T\u00e9cnica de Obras P\u00fablicas a Grado en Ingenier\u00eda de Obras P\u00fablicas<\/a><\/li>\n<li><a href=\"https:\/\/caminos.udc.es\/hosting\/web\/wp-content\/uploads\/reconocimientos_TECIC2010_TECIC2016.pdf\" target=\"_blank\" rel=\"noreferrer noopener\">Grado en Tecnolog\u00eda de la Ingenier\u00eda Civil (Plan 2010) a Grado en Tecnolog\u00eda de la Ingenier\u00eda Civil (Plan 2016)<\/a><\/li>\n<li><a href=\"https:\/\/caminos.udc.es\/hosting\/web\/wp-content\/uploads\/reconocimientos_TECIC_IOP.pdf\" target=\"_blank\" rel=\"noreferrer noopener\">Grado en Tecnolog\u00eda de la Ingenier\u00eda Civil (Plan 2010) a Grado en Ingenier\u00eda de Obras P\u00fablicas<\/a><\/li>\n<li><a href=\"https:\/\/caminos.udc.es\/hosting\/web\/wp-content\/uploads\/reconocimientos_TECIC16_IOP.pdf\" target=\"_blank\" rel=\"noreferrer noopener\">Grado en Tecnolog\u00eda de la Ingenier\u00eda Civil (Plan 2016) a Grado en Ingenier\u00eda de Obras P\u00fablicas<\/a><\/li>\n<li><a href=\"https:\/\/caminos.udc.es\/hosting\/web\/wp-content\/uploads\/reconocimientos_IOP_TECIC.pdf\" target=\"_blank\" rel=\"noreferrer noopener\">Grado en Ingenier\u00eda de Obras P\u00fablicas a Grado en Tecnolog\u00eda de la Ingenier\u00eda Civil<\/a><\/li>\n<li><a href=\"https:\/\/caminos.udc.es\/hosting\/web\/wp-content\/uploads\/ICCP_a_MICCP.pdf\" target=\"_blank\" rel=\"noreferrer noopener\">Ingenier\u00eda de Caminos, Canales y Puertos a Master en Ingenier\u00eda de Caminos, Canales y Puertos<\/a><\/li>\n<\/ul>\n<p><\/p>\t\t\t\t\t\t\t\t<\/div>\n\t\t\t\t<\/div>\n\t\t\t\t\t<\/div>\n\t\t<\/div>\n\t\t\t\t\t<\/div>\n\t\t<\/section>\n\t\t\t\t<section class=\"elementor-section elementor-top-section elementor-element elementor-element-fecb455 elementor-section-boxed elementor-section-height-default elementor-section-height-default\" data-id=\"fecb455\" data-element_type=\"section\" data-e-type=\"section\">\n\t\t\t\t\t\t<div class=\"elementor-container elementor-column-gap-default\">\n\t\t\t\t\t<div class=\"elementor-column elementor-col-100 elementor-top-column elementor-element elementor-element-60bf028\" data-id=\"60bf028\" data-element_type=\"column\" data-e-type=\"column\">\n\t\t\t<div class=\"elementor-widget-wrap elementor-element-populated\">\n\t\t\t\t\t\t<section class=\"elementor-section elementor-inner-section elementor-element elementor-element-fadfe75 elementor-section-boxed elementor-section-height-default elementor-section-height-default\" data-id=\"fadfe75\" data-element_type=\"section\" data-e-type=\"section\">\n\t\t\t\t\t\t<div class=\"elementor-container elementor-column-gap-default\">\n\t\t\t\t\t<div class=\"elementor-column elementor-col-50 elementor-inner-column elementor-element elementor-element-5f7bda1\" data-id=\"5f7bda1\" data-element_type=\"column\" data-e-type=\"column\">\n\t\t\t<div class=\"elementor-widget-wrap elementor-element-populated\">\n\t\t\t\t\t\t<div class=\"elementor-element elementor-element-780cbba elementor-widget elementor-widget-text-editor\" data-id=\"780cbba\" data-element_type=\"widget\" data-e-type=\"widget\" data-widget_type=\"text-editor.default\">\n\t\t\t\t<div class=\"elementor-widget-container\">\n\t\t\t\t\t\t\t\t\t<p><span style=\"color: #61928c;\"><strong>Tablas orientativas de reconocimientos para alumnos procedentes de titulaciones no pertenecientes a la ETSICCP de la UDC<\/strong><\/span><\/p>\n<ul>\n<li><a href=\"https:\/\/caminos.udc.es\/hosting\/web\/wp-content\/uploads\/reconocimientos_otros_TECIC.pdf\" target=\"_blank\" rel=\"noreferrer noopener\">Tabla orientativa de reconocimientos al Grado en Tecnolog\u00eda de la Ingenier\u00eda Civil<\/a><\/li>\n<li><a href=\"https:\/\/caminos.udc.es\/hosting\/web\/wp-content\/uploads\/reconocimientos_otros_IOP.pdf\" target=\"_blank\" rel=\"noreferrer noopener\">Tabla orientativa de reconocimientos al Grado en Ingenier\u00eda de Obras P\u00fablicas<\/a><\/li>\n<\/ul>\n<p><strong>\u00a0<\/strong><\/p>\t\t\t\t\t\t\t\t<\/div>\n\t\t\t\t<\/div>\n\t\t\t\t\t<\/div>\n\t\t<\/div>\n\t\t\t\t<div class=\"elementor-column elementor-col-50 elementor-inner-column elementor-element elementor-element-f7eff3f\" data-id=\"f7eff3f\" data-element_type=\"column\" data-e-type=\"column\">\n\t\t\t<div class=\"elementor-widget-wrap elementor-element-populated\">\n\t\t\t\t\t\t<div class=\"elementor-element elementor-element-b0d054f elementor-widget elementor-widget-text-editor\" data-id=\"b0d054f\" data-element_type=\"widget\" data-e-type=\"widget\" data-widget_type=\"text-editor.default\">\n\t\t\t\t<div class=\"elementor-widget-container\">\n\t\t\t\t\t\t\t\t\t<p><span style=\"color: #61928c;\"><strong>Reconocimientos de ciclos superiores de FP<\/strong><\/span><\/p>\n<p><!-- \/wp:heading --><!-- wp:list --><\/p>\n<ul>\n<li><a href=\"https:\/\/caminos.udc.es\/hosting\/web\/wp-content\/uploads\/2021\/11\/TablasReconecementos_FP_GEOP.pdf\" target=\"_blank\" rel=\"noreferrer noopener\">Grado en Ingenier\u00eda de Obras P\u00fablicas<\/a><\/li>\n<\/ul>\n<p><!-- \/wp:list --><!-- wp:paragraph --><\/p>\n<p>\u00a0<\/p>\t\t\t\t\t\t\t\t<\/div>\n\t\t\t\t<\/div>\n\t\t\t\t\t<\/div>\n\t\t<\/div>\n\t\t\t\t\t<\/div>\n\t\t<\/section>\n\t\t\t\t\t<\/div>\n\t\t<\/div>\n\t\t\t\t\t<\/div>\n\t\t<\/section>\n\t\t\t\t<\/div>\n\t\t","protected":false},"excerpt":{"rendered":"<p>Tablas de convalidaciones vigentes entre los estudios de la ETSICCP de la UDC Ingenier\u00eda de Caminos, Canales y Puertos a Grado en Tecnolog\u00eda de la Ingenier\u00eda Civil Ingenier\u00eda de Caminos, Canales y Puertos a Grado en Ingenier\u00eda de Obras P\u00fablicas Ingenier\u00eda T\u00e9cnica de Obras P\u00fablicas a Grado en Ingenier\u00eda de&#8230; <a class=\"continue-reading-link\" href=\"https:\/\/caminos.udc.es\/hosting\/web\/index.php\/reconocimientos\/\">Continue reading<\/a><\/p>\n","protected":false},"author":1,"featured_media":0,"parent":0,"menu_order":0,"comment_status":"closed","ping_status":"closed","template":"","meta":{"footnotes":""},"class_list":["post-448","page","type-page","status-publish","hentry"],"yoast_head":"<!-- This site is optimized with the Yoast SEO plugin v25.6 - https:\/\/yoast.com\/wordpress\/plugins\/seo\/ -->\n<title>Reconocimientos -<\/title>\n<meta name=\"robots\" content=\"index, follow, max-snippet:-1, max-image-preview:large, max-video-preview:-1\" \/>\n<link rel=\"canonical\" href=\"https:\/\/caminos.udc.es\/hosting\/web\/index.php\/reconocimientos\/\" \/>\n<meta property=\"og:locale\" content=\"es_ES\" \/>\n<meta property=\"og:type\" content=\"article\" \/>\n<meta property=\"og:title\" content=\"Reconocimientos -\" \/>\n<meta property=\"og:description\" content=\"Tablas de convalidaciones vigentes entre los estudios de la ETSICCP de la UDC Ingenier\u00eda de Caminos, Canales y Puertos a Grado en Tecnolog\u00eda de la Ingenier\u00eda Civil Ingenier\u00eda de Caminos, Canales y Puertos a Grado en Ingenier\u00eda de Obras P\u00fablicas Ingenier\u00eda T\u00e9cnica de Obras P\u00fablicas a Grado en Ingenier\u00eda de... Continue reading\" \/>\n<meta property=\"og:url\" content=\"https:\/\/caminos.udc.es\/hosting\/web\/index.php\/reconocimientos\/\" \/>\n<meta property=\"article:publisher\" content=\"https:\/\/www.facebook.com\/caminosudc\/\" \/>\n<meta property=\"article:modified_time\" content=\"2023-12-13T08:30:23+00:00\" \/>\n<meta name=\"twitter:card\" content=\"summary_large_image\" \/>\n<meta name=\"twitter:site\" content=\"@Caminos_UDC\" \/>\n<meta name=\"twitter:label1\" content=\"Tiempo de lectura\" \/>\n\t<meta name=\"twitter:data1\" content=\"1 minuto\" \/>\n<script type=\"application\/ld+json\" class=\"yoast-schema-graph\">{\"@context\":\"https:\/\/schema.org\",\"@graph\":[{\"@type\":\"WebPage\",\"@id\":\"https:\/\/caminos.udc.es\/hosting\/web\/index.php\/reconocimientos\/\",\"url\":\"https:\/\/caminos.udc.es\/hosting\/web\/index.php\/reconocimientos\/\",\"name\":\"Reconocimientos -\",\"isPartOf\":{\"@id\":\"https:\/\/caminos.udc.es\/hosting\/web\/#website\"},\"datePublished\":\"2020-06-03T08:50:33+00:00\",\"dateModified\":\"2023-12-13T08:30:23+00:00\",\"breadcrumb\":{\"@id\":\"https:\/\/caminos.udc.es\/hosting\/web\/index.php\/reconocimientos\/#breadcrumb\"},\"inLanguage\":\"es\",\"potentialAction\":[{\"@type\":\"ReadAction\",\"target\":[\"https:\/\/caminos.udc.es\/hosting\/web\/index.php\/reconocimientos\/\"]}]},{\"@type\":\"BreadcrumbList\",\"@id\":\"https:\/\/caminos.udc.es\/hosting\/web\/index.php\/reconocimientos\/#breadcrumb\",\"itemListElement\":[{\"@type\":\"ListItem\",\"position\":1,\"name\":\"Portada\",\"item\":\"https:\/\/caminos.udc.es\/hosting\/web\/\"},{\"@type\":\"ListItem\",\"position\":2,\"name\":\"Reconocimientos\"}]},{\"@type\":\"WebSite\",\"@id\":\"https:\/\/caminos.udc.es\/hosting\/web\/#website\",\"url\":\"https:\/\/caminos.udc.es\/hosting\/web\/\",\"name\":\"Escuela de Caminos UDC\",\"description\":\"\",\"publisher\":{\"@id\":\"https:\/\/caminos.udc.es\/hosting\/web\/#organization\"},\"potentialAction\":[{\"@type\":\"SearchAction\",\"target\":{\"@type\":\"EntryPoint\",\"urlTemplate\":\"https:\/\/caminos.udc.es\/hosting\/web\/?s={search_term_string}\"},\"query-input\":{\"@type\":\"PropertyValueSpecification\",\"valueRequired\":true,\"valueName\":\"search_term_string\"}}],\"inLanguage\":\"es\"},{\"@type\":\"Organization\",\"@id\":\"https:\/\/caminos.udc.es\/hosting\/web\/#organization\",\"name\":\"Escuela de Caminos, Canales y Puertos A Coru\u00f1a\",\"url\":\"https:\/\/caminos.udc.es\/hosting\/web\/\",\"logo\":{\"@type\":\"ImageObject\",\"inLanguage\":\"es\",\"@id\":\"https:\/\/caminos.udc.es\/hosting\/web\/#\/schema\/logo\/image\/\",\"url\":\"https:\/\/caminos.udc.es\/hosting\/web\/wp-content\/uploads\/2020\/08\/Logo-Puente.png\",\"contentUrl\":\"https:\/\/caminos.udc.es\/hosting\/web\/wp-content\/uploads\/2020\/08\/Logo-Puente.png\",\"width\":467,\"height\":120,\"caption\":\"Escuela de Caminos, Canales y Puertos A Coru\u00f1a\"},\"image\":{\"@id\":\"https:\/\/caminos.udc.es\/hosting\/web\/#\/schema\/logo\/image\/\"},\"sameAs\":[\"https:\/\/www.facebook.com\/caminosudc\/\",\"https:\/\/x.com\/Caminos_UDC\",\"https:\/\/es.wikipedia.org\/wiki\/Escuela_T\u00e9cnica_Superior_de_Ingenieros_de_Caminos,_Canales_y_Puertos_de_La_Coru\u00f1a\"]}]}<\/script>\n<!-- \/ Yoast SEO plugin. -->","yoast_head_json":{"title":"Reconocimientos -","robots":{"index":"index","follow":"follow","max-snippet":"max-snippet:-1","max-image-preview":"max-image-preview:large","max-video-preview":"max-video-preview:-1"},"canonical":"https:\/\/caminos.udc.es\/hosting\/web\/index.php\/reconocimientos\/","og_locale":"es_ES","og_type":"article","og_title":"Reconocimientos -","og_description":"Tablas de convalidaciones vigentes entre los estudios de la ETSICCP de la UDC Ingenier\u00eda de Caminos, Canales y Puertos a Grado en Tecnolog\u00eda de la Ingenier\u00eda Civil Ingenier\u00eda de Caminos, Canales y Puertos a Grado en Ingenier\u00eda de Obras P\u00fablicas Ingenier\u00eda T\u00e9cnica de Obras P\u00fablicas a Grado en Ingenier\u00eda de... Continue reading","og_url":"https:\/\/caminos.udc.es\/hosting\/web\/index.php\/reconocimientos\/","article_publisher":"https:\/\/www.facebook.com\/caminosudc\/","article_modified_time":"2023-12-13T08:30:23+00:00","twitter_card":"summary_large_image","twitter_site":"@Caminos_UDC","twitter_misc":{"Tiempo de lectura":"1 minuto"},"schema":{"@context":"https:\/\/schema.org","@graph":[{"@type":"WebPage","@id":"https:\/\/caminos.udc.es\/hosting\/web\/index.php\/reconocimientos\/","url":"https:\/\/caminos.udc.es\/hosting\/web\/index.php\/reconocimientos\/","name":"Reconocimientos -","isPartOf":{"@id":"https:\/\/caminos.udc.es\/hosting\/web\/#website"},"datePublished":"2020-06-03T08:50:33+00:00","dateModified":"2023-12-13T08:30:23+00:00","breadcrumb":{"@id":"https:\/\/caminos.udc.es\/hosting\/web\/index.php\/reconocimientos\/#breadcrumb"},"inLanguage":"es","potentialAction":[{"@type":"ReadAction","target":["https:\/\/caminos.udc.es\/hosting\/web\/index.php\/reconocimientos\/"]}]},{"@type":"BreadcrumbList","@id":"https:\/\/caminos.udc.es\/hosting\/web\/index.php\/reconocimientos\/#breadcrumb","itemListElement":[{"@type":"ListItem","position":1,"name":"Portada","item":"https:\/\/caminos.udc.es\/hosting\/web\/"},{"@type":"ListItem","position":2,"name":"Reconocimientos"}]},{"@type":"WebSite","@id":"https:\/\/caminos.udc.es\/hosting\/web\/#website","url":"https:\/\/caminos.udc.es\/hosting\/web\/","name":"Escuela de Caminos UDC","description":"","publisher":{"@id":"https:\/\/caminos.udc.es\/hosting\/web\/#organization"},"potentialAction":[{"@type":"SearchAction","target":{"@type":"EntryPoint","urlTemplate":"https:\/\/caminos.udc.es\/hosting\/web\/?s={search_term_string}"},"query-input":{"@type":"PropertyValueSpecification","valueRequired":true,"valueName":"search_term_string"}}],"inLanguage":"es"},{"@type":"Organization","@id":"https:\/\/caminos.udc.es\/hosting\/web\/#organization","name":"Escuela de Caminos, Canales y Puertos A Coru\u00f1a","url":"https:\/\/caminos.udc.es\/hosting\/web\/","logo":{"@type":"ImageObject","inLanguage":"es","@id":"https:\/\/caminos.udc.es\/hosting\/web\/#\/schema\/logo\/image\/","url":"https:\/\/caminos.udc.es\/hosting\/web\/wp-content\/uploads\/2020\/08\/Logo-Puente.png","contentUrl":"https:\/\/caminos.udc.es\/hosting\/web\/wp-content\/uploads\/2020\/08\/Logo-Puente.png","width":467,"height":120,"caption":"Escuela de Caminos, Canales y Puertos A Coru\u00f1a"},"image":{"@id":"https:\/\/caminos.udc.es\/hosting\/web\/#\/schema\/logo\/image\/"},"sameAs":["https:\/\/www.facebook.com\/caminosudc\/","https:\/\/x.com\/Caminos_UDC","https:\/\/es.wikipedia.org\/wiki\/Escuela_T\u00e9cnica_Superior_de_Ingenieros_de_Caminos,_Canales_y_Puertos_de_La_Coru\u00f1a"]}]}},"_links":{"self":[{"href":"https:\/\/caminos.udc.es\/hosting\/web\/index.php\/wp-json\/wp\/v2\/pages\/448","targetHints":{"allow":["GET"]}}],"collection":[{"href":"https:\/\/caminos.udc.es\/hosting\/web\/index.php\/wp-json\/wp\/v2\/pages"}],"about":[{"href":"https:\/\/caminos.udc.es\/hosting\/web\/index.php\/wp-json\/wp\/v2\/types\/page"}],"author":[{"embeddable":true,"href":"https:\/\/caminos.udc.es\/hosting\/web\/index.php\/wp-json\/wp\/v2\/users\/1"}],"replies":[{"embeddable":true,"href":"https:\/\/caminos.udc.es\/hosting\/web\/index.php\/wp-json\/wp\/v2\/comments?post=448"}],"version-history":[{"count":33,"href":"https:\/\/caminos.udc.es\/hosting\/web\/index.php\/wp-json\/wp\/v2\/pages\/448\/revisions"}],"predecessor-version":[{"id":4582,"href":"https:\/\/caminos.udc.es\/hosting\/web\/index.php\/wp-json\/wp\/v2\/pages\/448\/revisions\/4582"}],"wp:attachment":[{"href":"https:\/\/caminos.udc.es\/hosting\/web\/index.php\/wp-json\/wp\/v2\/media?parent=448"}],"curies":[{"name":"wp","href":"https:\/\/api.w.org\/{rel}","templated":true}]}}