{"id":44,"date":"2019-12-16T11:19:55","date_gmt":"2019-12-16T11:19:55","guid":{"rendered":"http:\/\/caminos.udc.es\/hosting\/web\/?page_id=44"},"modified":"2020-08-21T05:31:16","modified_gmt":"2020-08-21T05:31:16","slug":"archivo","status":"publish","type":"page","link":"https:\/\/caminos.udc.es\/hosting\/web\/index.php\/archivo\/","title":{"rendered":"Enlaces de inter\u00e9s"},"content":{"rendered":"\t\t<div data-elementor-type=\"wp-page\" data-elementor-id=\"44\" class=\"elementor elementor-44\">\n\t\t\t\t\t\t<section class=\"elementor-section elementor-top-section elementor-element elementor-element-d36e99a elementor-section-boxed elementor-section-height-default elementor-section-height-default\" data-id=\"d36e99a\" data-element_type=\"section\" data-e-type=\"section\">\n\t\t\t\t\t\t<div class=\"elementor-container elementor-column-gap-default\">\n\t\t\t\t\t<div class=\"elementor-column elementor-col-100 elementor-top-column elementor-element elementor-element-b809f35\" data-id=\"b809f35\" data-element_type=\"column\" data-e-type=\"column\">\n\t\t\t<div class=\"elementor-widget-wrap elementor-element-populated\">\n\t\t\t\t\t\t<div class=\"elementor-element elementor-element-cfaf681 elementor-widget elementor-widget-heading\" data-id=\"cfaf681\" data-element_type=\"widget\" data-e-type=\"widget\" data-settings=\"{&quot;_animation&quot;:&quot;none&quot;}\" data-widget_type=\"heading.default\">\n\t\t\t\t<div class=\"elementor-widget-container\">\n\t\t\t\t\t<h2 class=\"elementor-heading-title elementor-size-default\">Enlaces de inter\u00e9s<\/h2>\t\t\t\t<\/div>\n\t\t\t\t<\/div>\n\t\t\t\t<div class=\"elementor-element elementor-element-f96e7d2 elementor-tabs-view-horizontal elementor-widget elementor-widget-tabs\" data-id=\"f96e7d2\" data-element_type=\"widget\" data-e-type=\"widget\" data-widget_type=\"tabs.default\">\n\t\t\t\t<div class=\"elementor-widget-container\">\n\t\t\t\t\t\t\t<div class=\"elementor-tabs\">\n\t\t\t<div class=\"elementor-tabs-wrapper\" role=\"tablist\" >\n\t\t\t\t\t\t\t\t\t<div id=\"elementor-tab-title-2611\" class=\"elementor-tab-title elementor-tab-desktop-title\" aria-selected=\"true\" data-tab=\"1\" role=\"tab\" tabindex=\"0\" aria-controls=\"elementor-tab-content-2611\" aria-expanded=\"false\">Ingenier\u00eda Civil<\/div>\n\t\t\t\t\t\t\t\t\t<div id=\"elementor-tab-title-2612\" class=\"elementor-tab-title elementor-tab-desktop-title\" aria-selected=\"false\" data-tab=\"2\" role=\"tab\" tabindex=\"-1\" aria-controls=\"elementor-tab-content-2612\" aria-expanded=\"false\">Universidades<\/div>\n\t\t\t\t\t\t\t<\/div>\n\t\t\t<div class=\"elementor-tabs-content-wrapper\" role=\"tablist\" aria-orientation=\"vertical\">\n\t\t\t\t\t\t\t\t\t<div class=\"elementor-tab-title elementor-tab-mobile-title\" aria-selected=\"true\" data-tab=\"1\" role=\"tab\" tabindex=\"0\" aria-controls=\"elementor-tab-content-2611\" aria-expanded=\"false\">Ingenier\u00eda Civil<\/div>\n\t\t\t\t\t<div id=\"elementor-tab-content-2611\" class=\"elementor-tab-content elementor-clearfix\" data-tab=\"1\" role=\"tabpanel\" aria-labelledby=\"elementor-tab-title-2611\" tabindex=\"0\" hidden=\"false\"><p><a class=\"link_az01\" href=\"http:\/\/www.eps.ua.es\/index.phtml\" target=\"_blank\" rel=\"noopener\">E.P.S. de Alicante<\/p><\/a>\n\n<p><a class=\"link_az01\" href=\"http:\/\/www-camins.upc.es\/\" target=\"_blank\" rel=\"noopener\">E.T.S. d&#8217;Enginyers de Camins, Canals i Ports de Barcelona<\/p><\/a>\n\n<p><a class=\"link_az01\" href=\"http:\/\/www2.ubu.es\/eps\" target=\"_blank\" rel=\"noopener\">E.P.S. de Burgos<\/p><\/a>\n\n<p><a class=\"link_az01\" href=\"http:\/\/www.uclm.es\/cr\/caminos\/\" target=\"_blank\" rel=\"noopener\">E.T.S. de Ingenieros de Caminos, Canales y Puertos de Ciudad Real<\/p><\/a>\n\n<p><a class=\"link_az01\" href=\"http:\/\/www.ugr.es\/~ecaminos\/cpresentacion.htm\" target=\"_blank\" rel=\"noopener\">E.T.S. de Ingenieros de Caminos, Canales y Puertos de Granada<\/p><\/a>\n\n<p><a class=\"link_az01\" href=\"http:\/\/www.caminos.upm.es\/\" target=\"_blank\" rel=\"noopener\">E.T.S. de Ingenieros de Caminos, Canales y Puertos de Madrid<\/p><\/a>\n\n<p><a class=\"link_az01\" href=\"http:\/\/www.unican.es\/Centros\/caminos\/index.htm\" target=\"_blank\" rel=\"noopener\">E.T.S. de Ingenieros de Caminos, Canales y Puertos de Santander<\/p><\/a>\n\n<p><a class=\"link_az01\" href=\"http:\/\/www.iccp.upv.es\/\" target=\"_blank\" rel=\"noopener\">E.T.S. de Ingenieros de Caminos, Canales y Puertos de Valencia<\/p><\/a>\n\n<p><a class=\"link_az01\" href=\"http:\/\/www.uax.es\/oferta_docente\/titulaciones\/caminos.shtml\" target=\"_blank\" rel=\"noopener\">Universidad Alfonso X el Sabio<\/p><\/a>\n\n<p><a href=\"http:\/\/www.uem.es\/web\/esp\/titulaciones\/caminos\/index.html\">Universidad Europea de Madrid<\/p><\/a>\n\n<p><a class=\"link_az01\" href=\"http:\/\/www2.uca.es\/escuela\/politecnica_alg\/\" target=\"_blank\" rel=\"noopener\">E.P.S. de Algeciras<\/p><\/a>\n\n<p><a class=\"link_az01\" href=\"http:\/\/www.eps.ua.es\/frontalEPSAccesible.phtml?frontal=OP\" target=\"_blank\" rel=\"noopener\">E.P.S. de Alicante<\/p><\/a>\n\n<p><a class=\"link_az01\" href=\"http:\/\/web.usal.es\/~epavila\/\" target=\"_blank\" rel=\"noopener\">E.P.S. de \u00c1vila<\/p><\/a>\n\n<p><a class=\"link_az01\" href=\"http:\/\/www.iccp.upv.es\/\" target=\"_blank\" rel=\"noopener\">E.T.S.<\/p><\/a>\n\n<p><a class=\"link_az01\" href=\"http:\/\/www-camins.upc.es\/\" target=\"_blank\" rel=\"noopener\">d&#8217;Enginyers de Camins, Canals i Ports de Barcelona<u><\/u><\/p><\/a>\n\n<u> <\/u>\n\n<p><a class=\"link_az01\" href=\"http:\/\/www.uco.es\/organiza\/centros\/minas\/\" target=\"_blank\" rel=\"noopener\">E.U.P. de B\u00e9lmez<\/p><\/a>\n\n<p><a class=\"link_az01\" href=\"http:\/\/www.ubu.es\/centrosydepar\/index.htm\" target=\"_blank\" rel=\"noopener\">E.P.S. de Burgos<\/p><\/a>\n\n<p><a class=\"link_az01\" href=\"http:\/\/webepcc.unex.es\/indexv4.php\" target=\"_blank\" rel=\"noopener\">E.P. de C\u00e1ceres<\/p><\/a>\n\n<p><a class=\"link_az01\" href=\"http:\/\/www.upct.es\/contenido\/conex\/conn.php?url1=lat-palumno.htm&amp;url2=infoalumno\/centros\/index.html\" target=\"_blank\" rel=\"noopener\">E.U. de Ingenier\u00eda T\u00e9cnica Civil de Cartagena<\/p><\/a>\n\n<p><a class=\"link_az01\" href=\"http:\/\/www.ull.es\/docencia\/TitulacionesOficiales\/it_obraspubhidrologia.html\" target=\"_blank\" rel=\"noopener\">E.T.S. de Ingenier\u00eda Civil e Industrial de La Laguna<\/p><\/a>\n\n<p><a class=\"link_az01\" href=\"http:\/\/www.ulpgc.es\/index.php?pagina=titulaciones&amp;ver=inicio\" target=\"_blank\" rel=\"noopener\">E.U.P. de Las Palmas<\/p><\/a>\n\n<p><a class=\"link_az01\" href=\"http:\/\/www.ucam.edu\/index1024.htm\" target=\"_blank\" rel=\"noopener\">E.U.P. de Murcia<\/p><\/a>\n\n<p><a class=\"link_az01\" href=\"http:\/\/www.usc.es\/ServizosXML\/Plantillas\/Guia_Centros_Tablas\/presentacion\/xsrm_guia_presentacion.xml?Cod_Guia_Formulario_Interno=10&amp;Num_Organizacion_Nodo=312&amp;Num_Sistema_Idioma=9&amp;Contenttype=text\/html\" target=\"_blank\" rel=\"noopener\">E.P.S. de Santiago de Compostela<\/p><\/a>\n\n<p><a class=\"link_az01\" href=\"http:\/\/www.op.upm.es\/\" target=\"_blank\" rel=\"noopener\">E.U. de Ingenier\u00eda T\u00e9cnica de Madrid<\/p><\/a>\n\n<p><a class=\"link_az01\" href=\"http:\/\/www.politeknikoa.ehu.es\/p034-8663\/es\" target=\"_blank\" rel=\"noopener\">E.U.P. de San Sebasti\u00e1n<\/p><\/a>\n\n<p><a class=\"link_az01\" href=\"http:\/\/www.unican.es\/Centros\/caminos\/index.htm\" target=\"_blank\" rel=\"noopener\">E.T.S. de Ingenieros de Caminos, Canales y Puertos de Santander<\/p><\/a>\n\n<p><a class=\"link_az01\" href=\"http:\/\/www.iccp.upv.es\/\" target=\"_blank\" rel=\"noopener\">E.T.S. de Ingenieros de Caminos, Canales y Puertos de Valencia<\/p><\/a>\n\n<p><a class=\"link_az01\" href=\"http:\/\/poliz.usal.es\/politecnica\/index2.htm\" target=\"_blank\" rel=\"noopener\">E.P.S. de Zamora <\/p><\/a><\/div>\n\t\t\t\t\t\t\t\t\t<div class=\"elementor-tab-title elementor-tab-mobile-title\" aria-selected=\"false\" data-tab=\"2\" role=\"tab\" tabindex=\"-1\" aria-controls=\"elementor-tab-content-2612\" aria-expanded=\"false\">Universidades<\/div>\n\t\t\t\t\t<div id=\"elementor-tab-content-2612\" class=\"elementor-tab-content elementor-clearfix\" data-tab=\"2\" role=\"tabpanel\" aria-labelledby=\"elementor-tab-title-2612\" tabindex=\"0\" hidden=\"hidden\"><p><a class=\"link_az01\" href=\"http:\/\/www.uax.es\/indice.htm\" target=\"_blank\" rel=\"noopener\">Universidad Alfonso X el Sabio<\/p><\/a>\n<p><a class=\"link_az01\" href=\"http:\/\/www.uab.es\/servlet\/Satellite?cid=1086256916816&amp;pagename=UAB\/Page\/TemplateHomeUAB\" target=\"_blank\" rel=\"noopener\">Universidad Aut\u00f3noma de Barcelona<\/p><\/a>\n\n\n\n<p><a class=\"link_az01\" href=\"http:\/\/www.uam.es\/\" target=\"_blank\" rel=\"noopener\">Universidad Aut\u00f3noma de Madrid<\/p><\/a>\n\n\n\n<p><a class=\"link_az01\" href=\"http:\/\/www.uc3m.es\/\" target=\"_blank\" rel=\"noopener\">Universidad Carlos III Madrid<\/p><\/a>\n\n\n\n<p><a class=\"link_az01\" href=\"http:\/\/www.ucm.es\/info\/ucmp\/index.php\" target=\"_blank\" rel=\"noopener\">Universidad Complutense de Madrid<\/p><\/a>\n\n\n\n<p><a class=\"link_az01\" href=\"http:\/\/www.uah.es\/\" target=\"_blank\" rel=\"noopener\">Universidad de Alcal\u00e1<\/p><\/a>\n\n\n\n<p><a class=\"link_az01\" href=\"http:\/\/www.uam.es\/\" target=\"_blank\" rel=\"noopener\">Universidad de Almer\u00eda<\/p><\/a>\n\n\n\n<p><a class=\"link_az01\" href=\"http:\/\/www.ubu.es\/\" target=\"_blank\" rel=\"noopener\">Universidad de Burgos<\/p><\/a>\n\n\n\n<p><a class=\"link_az01\" href=\"http:\/\/www.uca.es\/\" target=\"_blank\" rel=\"noopener\">Universidad de C\u00e1diz<\/p><\/a>\n\n\n\n<p><a class=\"link_az01\" href=\"http:\/\/www.unican.es\/WebUC\/Internet\/default.htm\" target=\"_blank\" rel=\"noopener\">Universidad de Cantabria<\/p><\/a>\n\n\n\n<p><a class=\"link_az01\" href=\"http:\/\/www.uclm.es\/\" target=\"_blank\" rel=\"noopener\">Universidad de Castilla-La Mancha<\/p><\/a>\n\n\n\n<p><a class=\"link_az01\" href=\"http:\/\/www.uco.es\/\" target=\"_blank\" rel=\"noopener\">Universidad de C\u00f3rdoba<\/p><\/a>\n\n\n\n<p><a class=\"link_az01\" href=\"http:\/\/www.deusto.es\/servlet\/Satellite?pagename=UniversidadDeusto\/Indice\" target=\"_blank\" rel=\"noopener\">Universidad de Deusto<\/p><\/a>\n\n\n\n<p><a class=\"link_az01\" href=\"http:\/\/www.unex.es\/\" target=\"_blank\" rel=\"noopener\">Universidad de Extremadura<\/p><\/a>\n\n\n\n<p><a class=\"link_az01\" href=\"http:\/\/www.ugr.es\/\" target=\"_blank\" rel=\"noopener\">Universidad de Granada<\/p><\/a>\n\n\n\n<p><a class=\"link_az01\" href=\"http:\/\/www.uhu.es\/\" target=\"_blank\" rel=\"noopener\">Universidad de Huelva<\/p><\/a>\n\n\n\n<p><a class=\"link_az01\" href=\"http:\/\/www.ujaen.es\/\" target=\"_blank\" rel=\"noopener\">Universidad de Ja\u00e9n<\/p><\/a>\n\n\n\n<p><a class=\"link_az01\" href=\"http:\/\/www.ull.es\/\" target=\"_blank\" rel=\"noopener\">Universidad de La Laguna<\/p><\/a>\n\n\n\n<p><a class=\"link_az01\" href=\"http:\/\/www.unirioja.es\/\" target=\"_blank\" rel=\"noopener\">Universidad de La Rioja<\/p><\/a>\n\n\n\n<p><a class=\"link_az01\" href=\"http:\/\/www.ulpgc.es\/index.php?pagina=eventosweb&amp;ver=noencontrado\" target=\"_blank\" rel=\"noopener\">Universidad de Las Palmas de Gran Canaria<\/p><\/a>\n\n\n\n<p><a class=\"link_az01\" href=\"http:\/\/www.uma.es\/inicio.html\" target=\"_blank\" rel=\"noopener\">Universidad de M\u00e1laga<\/p><\/a>\n\n\n\n<p><a class=\"link_az01\" href=\"http:\/\/www.um.es\/\" target=\"_blank\" rel=\"noopener\">Universidad de Murcia<\/p><\/a>\n\n\n\n<p><a class=\"link_az01\" href=\"http:\/\/www.unav.es\/\" target=\"_blank\" rel=\"noopener\">Universidad de Navarra<\/p><\/a>\n\n\n\n<p><a class=\"link_az01\" href=\"http:\/\/www.uniovi.es\/\" target=\"_blank\" rel=\"noopener\">Universidad de Oviedo<\/p><\/a>\n\n\n\n<p><a class=\"link_az01\" href=\"http:\/\/www.usal.es\/web-usal\/\" target=\"_blank\" rel=\"noopener\">Universidad de Salamanca<\/p><\/a>\n\n\n\n<p><a class=\"link_az01\" href=\"http:\/\/www.us.es\/\" target=\"_blank\" rel=\"noopener\">Universidad de Sevilla<\/p><\/a>\n\n\n\n<p><a class=\"link_az01\" href=\"http:\/\/www.uva.es\/\" target=\"_blank\" rel=\"noopener\">Universidad de Valladolid<\/p><\/a>\n\n\n\n<p><a class=\"link_az01\" href=\"http:\/\/www.unizar.es\/\" target=\"_blank\" rel=\"noopener\">Universidad de Zaragoza<\/p><\/a>\n\n\n\n<p><a class=\"link_az01\" href=\"http:\/\/www.ehu.es\/\" target=\"_blank\" rel=\"noopener\">Universidad del Pais Vasco<\/p><\/a>\n\n\n\n<p><a class=\"link_az01\" href=\"http:\/\/www.uimp.es\/\" target=\"_blank\" rel=\"noopener\">Universidad Internacional Men\u00e9ndez Pelayo<\/p><\/a>\n\n\n\n<p><a class=\"link_az01\" href=\"http:\/\/www.umh.es\/\" target=\"_blank\" rel=\"noopener\">Universidad Miguel Hern\u00e1ndez<\/p><\/a>\n\n\n\n<p><a class=\"link_az01\" href=\"http:\/\/www.upo.es\/\" target=\"_blank\" rel=\"noopener\">Universidad Pablo de Olavide<\/p><\/a>\n\n\n\n<p><a class=\"link_az01\" href=\"http:\/\/www.upct.es\/\" target=\"_blank\" rel=\"noopener\">Universidad Polit\u00e9cnica de Cartagena<\/p><\/a>\n\n\n\n<p><a class=\"link_az01\" href=\"http:\/\/www.upm.es\/\" target=\"_blank\" rel=\"noopener\">Universidad Polit\u00e9cnica de Madrid<\/p><\/a>\n\n\n\n<p><a class=\"link_az01\" href=\"http:\/\/www.upco.es\/main\/indexe.asp\" target=\"_blank\" rel=\"noopener\">Universidad Polit\u00e9cnica de Comillas<\/p><\/a>\n\n\n\n<p><a class=\"link_az01\" href=\"http:\/\/www.upsa.es\/Principal\/home.html\" target=\"_blank\" rel=\"noopener\">Universidad Pontificia de Salamanca<\/p><\/a>\n\n\n\n<p><a class=\"link_az01\" href=\"http:\/\/www.unavarra.es\/\" target=\"_blank\" rel=\"noopener\">Universidad P\u00fablica de Navarra<\/p><\/a>\n\n\n\n<p><a class=\"link_az01\" href=\"http:\/\/www.urjc.es\/\" target=\"_blank\" rel=\"noopener\">Universidad Rey Juan Carlos<\/p><\/a>\n\n\n\n<p><a class=\"link_az01\" href=\"http:\/\/www.usc.es\/\" target=\"_blank\" rel=\"noopener\">Universidade de Santiago de Compostela<\/p><\/a>\n\n\n\n<p><a class=\"link_az01\" href=\"http:\/\/www.uvigo.es\/\" target=\"_blank\" rel=\"noopener\">Universidade de Vigo<\/p><\/a>\n\n\n\n<p><a class=\"link_az01\" href=\"http:\/\/www.ua.es\/\" target=\"_blank\" rel=\"noopener\">Universitat d&#8217;Alacant<\/p><\/a>\n\n\n\n<p><a class=\"link_az01\" href=\"http:\/\/www.ub.edu\/homeub\/welcome.html\" target=\"_blank\" rel=\"noopener\">Universitat de Barcelona<\/p><\/a>\n\n\n\n<p><a class=\"link_az01\" href=\"http:\/\/www.udg.es\/\" target=\"_blank\" rel=\"noopener\">Universitat de Girona<\/p><\/a>\n\n\n\n<p><a class=\"link_az01\" href=\"http:\/\/www.uib.es\/\" target=\"_blank\" rel=\"noopener\">Universitat de les Illes Balears<\/p><\/a>\n\n\n\n<p><a class=\"link_az01\" href=\"http:\/\/www.udl.es\/\" target=\"_blank\" rel=\"noopener\">Universitat de LLeida<\/p><\/a>\n\n\n\n<p><a class=\"link_az01\" href=\"http:\/\/www.uv.es\/~webuv\/\" target=\"_blank\" rel=\"noopener\">Universitat de Valencia<\/p><\/a>\n\n\n\n<p><a class=\"link_az01\" href=\"http:\/\/www.uji.es\/\" target=\"_blank\" rel=\"noopener\">Universitat Jaume I<\/p><\/a>\n\n\n\n<p><a class=\"link_az01\" href=\"http:\/\/www.uoc.edu\/\" target=\"_blank\" rel=\"noopener\">Universitat Oberta de Catalunya<\/p><\/a>\n\n\n\n<p><a class=\"link_az01\" href=\"http:\/\/www.upc.es\/\" target=\"_blank\" rel=\"noopener\">Universittd Polit\u00e8cnica de Catalunya<\/p><\/a>\n\n\n\n<p><a class=\"link_az01\" href=\"http:\/\/www.upv.es\/\" target=\"_blank\" rel=\"noopener\">Universitat Polit\u00e8cnica de Valencia<\/p><\/a>\n\n\n\n<p><a class=\"link_az01\" href=\"http:\/\/www.upf.es\/\" target=\"_blank\" rel=\"noopener\">Universidad Pompeu Fabra<\/p><\/a>\n\n\n\n<p><a class=\"link_az01\" href=\"http:\/\/www.urv.es\/\" target=\"_blank\" rel=\"noopener\">Universitat Rovira i Virgil<\/p><\/a>\n\n<\/div>\n\t\t\t\t\t\t\t<\/div>\n\t\t<\/div>\n\t\t\t\t\t\t<\/div>\n\t\t\t\t<\/div>\n\t\t\t\t\t<\/div>\n\t\t<\/div>\n\t\t\t\t\t<\/div>\n\t\t<\/section>\n\t\t\t\t<\/div>\n\t\t","protected":false},"excerpt":{"rendered":"<p>Enlaces de inter\u00e9s Ingenier\u00eda Civil Universidades Ingenier\u00eda Civil E.P.S. de Alicante E.T.S. d&#8217;Enginyers de Camins, Canals i Ports de Barcelona E.P.S. de Burgos E.T.S. de Ingenieros de Caminos, Canales y Puertos de Ciudad Real E.T.S. de Ingenieros de Caminos, Canales y Puertos de Granada E.T.S. de Ingenieros de Caminos, Canales&#8230; <a class=\"continue-reading-link\" href=\"https:\/\/caminos.udc.es\/hosting\/web\/index.php\/archivo\/\">Continue reading<\/a><\/p>\n","protected":false},"author":1,"featured_media":0,"parent":0,"menu_order":0,"comment_status":"closed","ping_status":"closed","template":"","meta":{"footnotes":""},"class_list":["post-44","page","type-page","status-publish","hentry"],"yoast_head":"<!-- This site is optimized with the Yoast SEO plugin v25.6 - https:\/\/yoast.com\/wordpress\/plugins\/seo\/ -->\n<title>Enlaces de inter\u00e9s -<\/title>\n<meta name=\"robots\" content=\"index, follow, max-snippet:-1, max-image-preview:large, max-video-preview:-1\" \/>\n<link rel=\"canonical\" href=\"https:\/\/caminos.udc.es\/hosting\/web\/index.php\/archivo\/\" \/>\n<meta property=\"og:locale\" content=\"es_ES\" \/>\n<meta property=\"og:type\" content=\"article\" \/>\n<meta property=\"og:title\" content=\"Enlaces de inter\u00e9s -\" \/>\n<meta property=\"og:description\" content=\"Enlaces de inter\u00e9s Ingenier\u00eda Civil Universidades Ingenier\u00eda Civil E.P.S. de Alicante E.T.S. d&#8217;Enginyers de Camins, Canals i Ports de Barcelona E.P.S. de Burgos E.T.S. de Ingenieros de Caminos, Canales y Puertos de Ciudad Real E.T.S. de Ingenieros de Caminos, Canales y Puertos de Granada E.T.S. de Ingenieros de Caminos, Canales... Continue reading\" \/>\n<meta property=\"og:url\" content=\"https:\/\/caminos.udc.es\/hosting\/web\/index.php\/archivo\/\" \/>\n<meta property=\"article:publisher\" content=\"https:\/\/www.facebook.com\/caminosudc\/\" \/>\n<meta property=\"article:modified_time\" content=\"2020-08-21T05:31:16+00:00\" \/>\n<meta name=\"twitter:card\" content=\"summary_large_image\" \/>\n<meta name=\"twitter:site\" content=\"@Caminos_UDC\" \/>\n<meta name=\"twitter:label1\" content=\"Tiempo de lectura\" \/>\n\t<meta name=\"twitter:data1\" content=\"2 minutos\" \/>\n<script type=\"application\/ld+json\" class=\"yoast-schema-graph\">{\"@context\":\"https:\/\/schema.org\",\"@graph\":[{\"@type\":\"WebPage\",\"@id\":\"https:\/\/caminos.udc.es\/hosting\/web\/index.php\/archivo\/\",\"url\":\"https:\/\/caminos.udc.es\/hosting\/web\/index.php\/archivo\/\",\"name\":\"Enlaces de inter\u00e9s -\",\"isPartOf\":{\"@id\":\"https:\/\/caminos.udc.es\/hosting\/web\/#website\"},\"datePublished\":\"2019-12-16T11:19:55+00:00\",\"dateModified\":\"2020-08-21T05:31:16+00:00\",\"breadcrumb\":{\"@id\":\"https:\/\/caminos.udc.es\/hosting\/web\/index.php\/archivo\/#breadcrumb\"},\"inLanguage\":\"es\",\"potentialAction\":[{\"@type\":\"ReadAction\",\"target\":[\"https:\/\/caminos.udc.es\/hosting\/web\/index.php\/archivo\/\"]}]},{\"@type\":\"BreadcrumbList\",\"@id\":\"https:\/\/caminos.udc.es\/hosting\/web\/index.php\/archivo\/#breadcrumb\",\"itemListElement\":[{\"@type\":\"ListItem\",\"position\":1,\"name\":\"Portada\",\"item\":\"https:\/\/caminos.udc.es\/hosting\/web\/\"},{\"@type\":\"ListItem\",\"position\":2,\"name\":\"Enlaces de inter\u00e9s\"}]},{\"@type\":\"WebSite\",\"@id\":\"https:\/\/caminos.udc.es\/hosting\/web\/#website\",\"url\":\"https:\/\/caminos.udc.es\/hosting\/web\/\",\"name\":\"Escuela de Caminos UDC\",\"description\":\"\",\"publisher\":{\"@id\":\"https:\/\/caminos.udc.es\/hosting\/web\/#organization\"},\"potentialAction\":[{\"@type\":\"SearchAction\",\"target\":{\"@type\":\"EntryPoint\",\"urlTemplate\":\"https:\/\/caminos.udc.es\/hosting\/web\/?s={search_term_string}\"},\"query-input\":{\"@type\":\"PropertyValueSpecification\",\"valueRequired\":true,\"valueName\":\"search_term_string\"}}],\"inLanguage\":\"es\"},{\"@type\":\"Organization\",\"@id\":\"https:\/\/caminos.udc.es\/hosting\/web\/#organization\",\"name\":\"Escuela de Caminos, Canales y Puertos A Coru\u00f1a\",\"url\":\"https:\/\/caminos.udc.es\/hosting\/web\/\",\"logo\":{\"@type\":\"ImageObject\",\"inLanguage\":\"es\",\"@id\":\"https:\/\/caminos.udc.es\/hosting\/web\/#\/schema\/logo\/image\/\",\"url\":\"https:\/\/caminos.udc.es\/hosting\/web\/wp-content\/uploads\/2020\/08\/Logo-Puente.png\",\"contentUrl\":\"https:\/\/caminos.udc.es\/hosting\/web\/wp-content\/uploads\/2020\/08\/Logo-Puente.png\",\"width\":467,\"height\":120,\"caption\":\"Escuela de Caminos, Canales y Puertos A Coru\u00f1a\"},\"image\":{\"@id\":\"https:\/\/caminos.udc.es\/hosting\/web\/#\/schema\/logo\/image\/\"},\"sameAs\":[\"https:\/\/www.facebook.com\/caminosudc\/\",\"https:\/\/x.com\/Caminos_UDC\",\"https:\/\/es.wikipedia.org\/wiki\/Escuela_T\u00e9cnica_Superior_de_Ingenieros_de_Caminos,_Canales_y_Puertos_de_La_Coru\u00f1a\"]}]}<\/script>\n<!-- \/ Yoast SEO plugin. -->","yoast_head_json":{"title":"Enlaces de inter\u00e9s -","robots":{"index":"index","follow":"follow","max-snippet":"max-snippet:-1","max-image-preview":"max-image-preview:large","max-video-preview":"max-video-preview:-1"},"canonical":"https:\/\/caminos.udc.es\/hosting\/web\/index.php\/archivo\/","og_locale":"es_ES","og_type":"article","og_title":"Enlaces de inter\u00e9s -","og_description":"Enlaces de inter\u00e9s Ingenier\u00eda Civil Universidades Ingenier\u00eda Civil E.P.S. de Alicante E.T.S. d&#8217;Enginyers de Camins, Canals i Ports de Barcelona E.P.S. de Burgos E.T.S. de Ingenieros de Caminos, Canales y Puertos de Ciudad Real E.T.S. de Ingenieros de Caminos, Canales y Puertos de Granada E.T.S. de Ingenieros de Caminos, Canales... Continue reading","og_url":"https:\/\/caminos.udc.es\/hosting\/web\/index.php\/archivo\/","article_publisher":"https:\/\/www.facebook.com\/caminosudc\/","article_modified_time":"2020-08-21T05:31:16+00:00","twitter_card":"summary_large_image","twitter_site":"@Caminos_UDC","twitter_misc":{"Tiempo de lectura":"2 minutos"},"schema":{"@context":"https:\/\/schema.org","@graph":[{"@type":"WebPage","@id":"https:\/\/caminos.udc.es\/hosting\/web\/index.php\/archivo\/","url":"https:\/\/caminos.udc.es\/hosting\/web\/index.php\/archivo\/","name":"Enlaces de inter\u00e9s -","isPartOf":{"@id":"https:\/\/caminos.udc.es\/hosting\/web\/#website"},"datePublished":"2019-12-16T11:19:55+00:00","dateModified":"2020-08-21T05:31:16+00:00","breadcrumb":{"@id":"https:\/\/caminos.udc.es\/hosting\/web\/index.php\/archivo\/#breadcrumb"},"inLanguage":"es","potentialAction":[{"@type":"ReadAction","target":["https:\/\/caminos.udc.es\/hosting\/web\/index.php\/archivo\/"]}]},{"@type":"BreadcrumbList","@id":"https:\/\/caminos.udc.es\/hosting\/web\/index.php\/archivo\/#breadcrumb","itemListElement":[{"@type":"ListItem","position":1,"name":"Portada","item":"https:\/\/caminos.udc.es\/hosting\/web\/"},{"@type":"ListItem","position":2,"name":"Enlaces de inter\u00e9s"}]},{"@type":"WebSite","@id":"https:\/\/caminos.udc.es\/hosting\/web\/#website","url":"https:\/\/caminos.udc.es\/hosting\/web\/","name":"Escuela de Caminos UDC","description":"","publisher":{"@id":"https:\/\/caminos.udc.es\/hosting\/web\/#organization"},"potentialAction":[{"@type":"SearchAction","target":{"@type":"EntryPoint","urlTemplate":"https:\/\/caminos.udc.es\/hosting\/web\/?s={search_term_string}"},"query-input":{"@type":"PropertyValueSpecification","valueRequired":true,"valueName":"search_term_string"}}],"inLanguage":"es"},{"@type":"Organization","@id":"https:\/\/caminos.udc.es\/hosting\/web\/#organization","name":"Escuela de Caminos, Canales y Puertos A Coru\u00f1a","url":"https:\/\/caminos.udc.es\/hosting\/web\/","logo":{"@type":"ImageObject","inLanguage":"es","@id":"https:\/\/caminos.udc.es\/hosting\/web\/#\/schema\/logo\/image\/","url":"https:\/\/caminos.udc.es\/hosting\/web\/wp-content\/uploads\/2020\/08\/Logo-Puente.png","contentUrl":"https:\/\/caminos.udc.es\/hosting\/web\/wp-content\/uploads\/2020\/08\/Logo-Puente.png","width":467,"height":120,"caption":"Escuela de Caminos, Canales y Puertos A Coru\u00f1a"},"image":{"@id":"https:\/\/caminos.udc.es\/hosting\/web\/#\/schema\/logo\/image\/"},"sameAs":["https:\/\/www.facebook.com\/caminosudc\/","https:\/\/x.com\/Caminos_UDC","https:\/\/es.wikipedia.org\/wiki\/Escuela_T\u00e9cnica_Superior_de_Ingenieros_de_Caminos,_Canales_y_Puertos_de_La_Coru\u00f1a"]}]}},"_links":{"self":[{"href":"https:\/\/caminos.udc.es\/hosting\/web\/index.php\/wp-json\/wp\/v2\/pages\/44","targetHints":{"allow":["GET"]}}],"collection":[{"href":"https:\/\/caminos.udc.es\/hosting\/web\/index.php\/wp-json\/wp\/v2\/pages"}],"about":[{"href":"https:\/\/caminos.udc.es\/hosting\/web\/index.php\/wp-json\/wp\/v2\/types\/page"}],"author":[{"embeddable":true,"href":"https:\/\/caminos.udc.es\/hosting\/web\/index.php\/wp-json\/wp\/v2\/users\/1"}],"replies":[{"embeddable":true,"href":"https:\/\/caminos.udc.es\/hosting\/web\/index.php\/wp-json\/wp\/v2\/comments?post=44"}],"version-history":[{"count":16,"href":"https:\/\/caminos.udc.es\/hosting\/web\/index.php\/wp-json\/wp\/v2\/pages\/44\/revisions"}],"predecessor-version":[{"id":1431,"href":"https:\/\/caminos.udc.es\/hosting\/web\/index.php\/wp-json\/wp\/v2\/pages\/44\/revisions\/1431"}],"wp:attachment":[{"href":"https:\/\/caminos.udc.es\/hosting\/web\/index.php\/wp-json\/wp\/v2\/media?parent=44"}],"curies":[{"name":"wp","href":"https:\/\/api.w.org\/{rel}","templated":true}]}}