{"id":3646,"date":"2022-06-08T20:20:43","date_gmt":"2022-06-08T20:20:43","guid":{"rendered":"https:\/\/caminos.udc.es\/hosting\/web\/?page_id=3646"},"modified":"2025-03-31T09:55:49","modified_gmt":"2025-03-31T09:55:49","slug":"memorias-e-informes","status":"publish","type":"page","link":"https:\/\/caminos.udc.es\/hosting\/web\/index.php\/memorias-e-informes\/","title":{"rendered":"Documentaci\u00f3n: Memorias e Informes"},"content":{"rendered":"\t\t<div data-elementor-type=\"wp-page\" data-elementor-id=\"3646\" class=\"elementor elementor-3646\">\n\t\t\t\t\t\t<section class=\"elementor-section elementor-top-section elementor-element elementor-element-60a35f3 elementor-section-boxed elementor-section-height-default elementor-section-height-default\" data-id=\"60a35f3\" data-element_type=\"section\" data-e-type=\"section\">\n\t\t\t\t\t\t<div class=\"elementor-container elementor-column-gap-default\">\n\t\t\t\t\t<div class=\"elementor-column elementor-col-100 elementor-top-column elementor-element elementor-element-5875635\" data-id=\"5875635\" data-element_type=\"column\" data-e-type=\"column\">\n\t\t\t<div class=\"elementor-widget-wrap elementor-element-populated\">\n\t\t\t\t\t\t<section class=\"elementor-section elementor-inner-section elementor-element elementor-element-84d3a6b elementor-section-boxed elementor-section-height-default elementor-section-height-default\" data-id=\"84d3a6b\" data-element_type=\"section\" data-e-type=\"section\">\n\t\t\t\t\t\t<div class=\"elementor-container elementor-column-gap-default\">\n\t\t\t\t\t<div class=\"elementor-column elementor-col-100 elementor-inner-column elementor-element elementor-element-7196fa2\" data-id=\"7196fa2\" data-element_type=\"column\" data-e-type=\"column\">\n\t\t\t<div class=\"elementor-widget-wrap elementor-element-populated\">\n\t\t\t\t\t\t<div class=\"elementor-element elementor-element-563c553 elementor-widget elementor-widget-accordion\" data-id=\"563c553\" data-element_type=\"widget\" data-e-type=\"widget\" data-widget_type=\"accordion.default\">\n\t\t\t\t<div class=\"elementor-widget-container\">\n\t\t\t\t\t\t\t<div class=\"elementor-accordion\">\n\t\t\t\t\t\t\t<div class=\"elementor-accordion-item\">\n\t\t\t\t\t<div id=\"elementor-tab-title-9041\" class=\"elementor-tab-title\" data-tab=\"1\" role=\"button\" aria-controls=\"elementor-tab-content-9041\" aria-expanded=\"false\">\n\t\t\t\t\t\t\t\t\t\t\t\t\t<span class=\"elementor-accordion-icon elementor-accordion-icon-left\" aria-hidden=\"true\">\n\t\t\t\t\t\t\t\t\t\t\t\t\t\t\t<span class=\"elementor-accordion-icon-closed\"><i class=\"fas fa-plus\"><\/i><\/span>\n\t\t\t\t\t\t\t\t<span class=\"elementor-accordion-icon-opened\"><i class=\"fas fa-minus\"><\/i><\/span>\n\t\t\t\t\t\t\t\t\t\t\t\t\t\t<\/span>\n\t\t\t\t\t\t\t\t\t\t\t\t<a class=\"elementor-accordion-title\" tabindex=\"0\">Grado en Ingenier\u00eda de Obras P\u00fablicas (GIOP)<\/a>\n\t\t\t\t\t<\/div>\n\t\t\t\t\t<div id=\"elementor-tab-content-9041\" class=\"elementor-tab-content elementor-clearfix\" data-tab=\"1\" role=\"region\" aria-labelledby=\"elementor-tab-title-9041\"><ul><li style=\"list-style-type: none\"><ul><li><a href=\"https:\/\/caminos.udc.es\/hosting\/web\/wp-content\/uploads\/2022\/06\/02_CALIDAD_DOCUMENTACION_GIOP_Informe_de_evaluacion_de_verificacion_2010.pdf\" target=\"_blank\" rel=\"noreferrer noopener\">Informe de evaluaci\u00f3n de verificaci\u00f3n GIOP<\/a><\/li><li><a href=\"https:\/\/caminos.udc.es\/hosting\/web\/wp-content\/uploads\/02_CALIDAD_DOCUMENTACION_GIOP_Memoria_de_modificacion_2_2014.pdf\">Memoria de modificaci\u00f3n GIOP<\/a><\/li><li><a href=\"https:\/\/caminos.udc.es\/hosting\/web\/wp-content\/uploads\/2022\/06\/02_CALIDAD_DOCUMENTACION_GIOP_Informe_de_evaluacion_de_modificacion_2_2014.pdf\" target=\"_blank\" rel=\"noreferrer noopener\">Informe de evaluaci\u00f3n de modificaci\u00f3n GIOP<\/a><\/li><li><a href=\"https:\/\/caminos.udc.es\/hosting\/web\/wp-content\/uploads\/02_04_Informe-Renovacion-Acreditacion-IOP-2022.pdf\">Informe de acreditaci\u00f3n GIOP<\/a><\/li><li><a href=\"https:\/\/caminos.udc.es\/hosting\/web\/wp-content\/uploads\/02_04_INFORME-FINAL-EURACE_GIOP.pdf\">Informe final sello EURACE<\/a><\/li><\/ul><\/li><\/ul><\/div>\n\t\t\t\t<\/div>\n\t\t\t\t\t\t\t<div class=\"elementor-accordion-item\">\n\t\t\t\t\t<div id=\"elementor-tab-title-9042\" class=\"elementor-tab-title\" data-tab=\"2\" role=\"button\" aria-controls=\"elementor-tab-content-9042\" aria-expanded=\"false\">\n\t\t\t\t\t\t\t\t\t\t\t\t\t<span class=\"elementor-accordion-icon elementor-accordion-icon-left\" aria-hidden=\"true\">\n\t\t\t\t\t\t\t\t\t\t\t\t\t\t\t<span class=\"elementor-accordion-icon-closed\"><i class=\"fas fa-plus\"><\/i><\/span>\n\t\t\t\t\t\t\t\t<span class=\"elementor-accordion-icon-opened\"><i class=\"fas fa-minus\"><\/i><\/span>\n\t\t\t\t\t\t\t\t\t\t\t\t\t\t<\/span>\n\t\t\t\t\t\t\t\t\t\t\t\t<a class=\"elementor-accordion-title\" tabindex=\"0\">Grado en Tecnolog\u00eda de la Ingenier\u00eda Civil (TECIC)<\/a>\n\t\t\t\t\t<\/div>\n\t\t\t\t\t<div id=\"elementor-tab-content-9042\" class=\"elementor-tab-content elementor-clearfix\" data-tab=\"2\" role=\"region\" aria-labelledby=\"elementor-tab-title-9042\"><ul><li style=\"list-style-type: none\"><ul><li><a href=\"https:\/\/caminos.udc.es\/hosting\/web\/wp-content\/uploads\/2022\/06\/02_CALIDAD_DOCUMENTACION_TECIC_Memoria_de_modificacion_1_2015-1.pdf\" target=\"_blank\" rel=\"noopener\">Memoria de modificaci\u00f3n TECIC<\/a><\/li><li><a href=\"https:\/\/caminos.udc.es\/hosting\/web\/wp-content\/uploads\/2022\/06\/02_CALIDAD_DOCUMENTACION_TECIC_-Informe-de-evaluacion-de-modificacion_1_2015.pdf\" target=\"_blank\" rel=\"noreferrer noopener\">Informe de evaluaci\u00f3n de modificaci\u00f3n TECIC<\/a><\/li><li><a href=\"https:\/\/caminos.udc.es\/hosting\/web\/wp-content\/uploads\/02_04_Informe-Renovacion-Acreditacion-TECIC-2022.pdf\">Informe de acreditaci\u00f3n TECIC<\/a><\/li><li><a href=\"https:\/\/caminos.udc.es\/hosting\/web\/wp-content\/uploads\/02_04_INFORME-FINAL-EURACE_TecIC.pdf\">Informe final sello EURACE<\/a><\/li><\/ul><\/li><\/ul><\/div>\n\t\t\t\t<\/div>\n\t\t\t\t\t\t\t<div class=\"elementor-accordion-item\">\n\t\t\t\t\t<div id=\"elementor-tab-title-9043\" class=\"elementor-tab-title\" data-tab=\"3\" role=\"button\" aria-controls=\"elementor-tab-content-9043\" aria-expanded=\"false\">\n\t\t\t\t\t\t\t\t\t\t\t\t\t<span class=\"elementor-accordion-icon elementor-accordion-icon-left\" aria-hidden=\"true\">\n\t\t\t\t\t\t\t\t\t\t\t\t\t\t\t<span class=\"elementor-accordion-icon-closed\"><i class=\"fas fa-plus\"><\/i><\/span>\n\t\t\t\t\t\t\t\t<span class=\"elementor-accordion-icon-opened\"><i class=\"fas fa-minus\"><\/i><\/span>\n\t\t\t\t\t\t\t\t\t\t\t\t\t\t<\/span>\n\t\t\t\t\t\t\t\t\t\t\t\t<a class=\"elementor-accordion-title\" tabindex=\"0\">M\u00e1ster en Ingenier\u00eda de Caminos, Canales y Puertos (MICCP)<\/a>\n\t\t\t\t\t<\/div>\n\t\t\t\t\t<div id=\"elementor-tab-content-9043\" class=\"elementor-tab-content elementor-clearfix\" data-tab=\"3\" role=\"region\" aria-labelledby=\"elementor-tab-title-9043\"><ul><li style=\"list-style-type: none\"><ul><li><a href=\"https:\/\/caminos.udc.es\/hosting\/web\/wp-content\/uploads\/2022\/06\/02_CALIDAD_DOCUMENTACION_MICCP_Memoria_de_verificacion_2014.pdf\" target=\"_blank\" rel=\"noopener\">Memoria de verificaci\u00f3n MICCP<\/a><\/li><li><a href=\"https:\/\/caminos.udc.es\/hosting\/web\/wp-content\/uploads\/2022\/06\/02_CALIDAD_DOCUMENTACION_MICCP_Informe-de-evaluacion-de-verificacion_2014.pdf\" target=\"_blank\" rel=\"noreferrer noopener\">Informe de evaluaci\u00f3n de verificaci\u00f3n MICCP<\/a><\/li><li><a href=\"https:\/\/caminos.udc.es\/hosting\/web\/wp-content\/uploads\/2022\/06\/02_CALIDAD_DOCUMENTACION_MICCP_Informe-de-seguimiento_2016.pdf\" target=\"_blank\" rel=\"noopener\">Informe de seguimiento MICCP<\/a>\u00a02015\/16<\/li><li><a href=\"https:\/\/caminos.udc.es\/hosting\/web\/wp-content\/uploads\/02_04_Informe-Final-de-Seguimiento-MICCP-2022.pdf\">Informe de seguimiento MICCP 2020\/21<\/a><\/li><li><a href=\"https:\/\/caminos.udc.es\/hosting\/web\/wp-content\/uploads\/02_04_ICPAS_-EURACE_MICCP_2023.pdf\" target=\"_blank\" rel=\"noopener\">Informe de cumplimiento de prescripciones sello EUR-ACE MICCP<\/a><\/li><li><a href=\"https:\/\/caminos.udc.es\/hosting\/web\/wp-content\/uploads\/02_04_Informe-Acreditacion-MICCP_-2024.pdf\" target=\"_blank\" rel=\"noopener\">Informe de renovaci\u00f3n de acreditaci\u00f3n MICCP 2024<\/a><\/li><\/ul><\/li><\/ul><\/div>\n\t\t\t\t<\/div>\n\t\t\t\t\t\t\t<div class=\"elementor-accordion-item\">\n\t\t\t\t\t<div id=\"elementor-tab-title-9044\" class=\"elementor-tab-title\" data-tab=\"4\" role=\"button\" aria-controls=\"elementor-tab-content-9044\" aria-expanded=\"false\">\n\t\t\t\t\t\t\t\t\t\t\t\t\t<span class=\"elementor-accordion-icon elementor-accordion-icon-left\" aria-hidden=\"true\">\n\t\t\t\t\t\t\t\t\t\t\t\t\t\t\t<span class=\"elementor-accordion-icon-closed\"><i class=\"fas fa-plus\"><\/i><\/span>\n\t\t\t\t\t\t\t\t<span class=\"elementor-accordion-icon-opened\"><i class=\"fas fa-minus\"><\/i><\/span>\n\t\t\t\t\t\t\t\t\t\t\t\t\t\t<\/span>\n\t\t\t\t\t\t\t\t\t\t\t\t<a class=\"elementor-accordion-title\" tabindex=\"0\">M\u00e1ster Universitario en Gesti\u00f3n Sostenible del Agua (MGSA)<\/a>\n\t\t\t\t\t<\/div>\n\t\t\t\t\t<div id=\"elementor-tab-content-9044\" class=\"elementor-tab-content elementor-clearfix\" data-tab=\"4\" role=\"region\" aria-labelledby=\"elementor-tab-title-9044\"><ul><li><a href=\"https:\/\/caminos.udc.es\/hosting\/web\/wp-content\/uploads\/02_CALIDAD_DOCUMENTACION_Memoria-verificacion-MGSA_2023.pdf\" target=\"_blank\" rel=\"noopener\">Memoria de verificaci\u00f3n MGSA<\/a><\/li><\/ul><\/div>\n\t\t\t\t<\/div>\n\t\t\t\t\t\t\t\t<\/div>\n\t\t\t\t\t\t<\/div>\n\t\t\t\t<\/div>\n\t\t\t\t\t<\/div>\n\t\t<\/div>\n\t\t\t\t\t<\/div>\n\t\t<\/section>\n\t\t\t\t\t<\/div>\n\t\t<\/div>\n\t\t\t\t\t<\/div>\n\t\t<\/section>\n\t\t\t\t<\/div>\n\t\t","protected":false},"excerpt":{"rendered":"<p>Grado en Ingenier\u00eda de Obras P\u00fablicas (GIOP) Informe de evaluaci\u00f3n de verificaci\u00f3n GIOP Memoria de modificaci\u00f3n GIOP Informe de evaluaci\u00f3n de modificaci\u00f3n GIOP Informe de acreditaci\u00f3n GIOP Informe final sello EURACE Grado en Tecnolog\u00eda de la Ingenier\u00eda Civil (TECIC) Memoria de modificaci\u00f3n TECIC Informe de evaluaci\u00f3n de modificaci\u00f3n TECIC Informe&#8230; <a class=\"continue-reading-link\" href=\"https:\/\/caminos.udc.es\/hosting\/web\/index.php\/memorias-e-informes\/\">Continue reading<\/a><\/p>\n","protected":false},"author":2,"featured_media":0,"parent":0,"menu_order":0,"comment_status":"closed","ping_status":"closed","template":"","meta":{"footnotes":""},"class_list":["post-3646","page","type-page","status-publish","hentry"],"yoast_head":"<!-- This site is optimized with the Yoast SEO plugin v25.6 - https:\/\/yoast.com\/wordpress\/plugins\/seo\/ -->\n<title>Documentaci\u00f3n: Memorias e Informes -<\/title>\n<meta name=\"robots\" content=\"index, follow, max-snippet:-1, max-image-preview:large, max-video-preview:-1\" \/>\n<link rel=\"canonical\" href=\"https:\/\/caminos.udc.es\/hosting\/web\/index.php\/memorias-e-informes\/\" \/>\n<meta property=\"og:locale\" content=\"es_ES\" \/>\n<meta property=\"og:type\" content=\"article\" \/>\n<meta property=\"og:title\" content=\"Documentaci\u00f3n: Memorias e Informes -\" \/>\n<meta property=\"og:description\" content=\"Grado en Ingenier\u00eda de Obras P\u00fablicas (GIOP) Informe de evaluaci\u00f3n de verificaci\u00f3n GIOP Memoria de modificaci\u00f3n GIOP Informe de evaluaci\u00f3n de modificaci\u00f3n GIOP Informe de acreditaci\u00f3n GIOP Informe final sello EURACE Grado en Tecnolog\u00eda de la Ingenier\u00eda Civil (TECIC) Memoria de modificaci\u00f3n TECIC Informe de evaluaci\u00f3n de modificaci\u00f3n TECIC Informe... Continue reading\" \/>\n<meta property=\"og:url\" content=\"https:\/\/caminos.udc.es\/hosting\/web\/index.php\/memorias-e-informes\/\" \/>\n<meta property=\"article:publisher\" content=\"https:\/\/www.facebook.com\/caminosudc\/\" \/>\n<meta property=\"article:modified_time\" content=\"2025-03-31T09:55:49+00:00\" \/>\n<meta name=\"twitter:card\" content=\"summary_large_image\" \/>\n<meta name=\"twitter:site\" content=\"@Caminos_UDC\" \/>\n<meta name=\"twitter:label1\" content=\"Tiempo de lectura\" \/>\n\t<meta name=\"twitter:data1\" content=\"1 minuto\" \/>\n<script type=\"application\/ld+json\" class=\"yoast-schema-graph\">{\"@context\":\"https:\/\/schema.org\",\"@graph\":[{\"@type\":\"WebPage\",\"@id\":\"https:\/\/caminos.udc.es\/hosting\/web\/index.php\/memorias-e-informes\/\",\"url\":\"https:\/\/caminos.udc.es\/hosting\/web\/index.php\/memorias-e-informes\/\",\"name\":\"Documentaci\u00f3n: Memorias e Informes -\",\"isPartOf\":{\"@id\":\"https:\/\/caminos.udc.es\/hosting\/web\/#website\"},\"datePublished\":\"2022-06-08T20:20:43+00:00\",\"dateModified\":\"2025-03-31T09:55:49+00:00\",\"breadcrumb\":{\"@id\":\"https:\/\/caminos.udc.es\/hosting\/web\/index.php\/memorias-e-informes\/#breadcrumb\"},\"inLanguage\":\"es\",\"potentialAction\":[{\"@type\":\"ReadAction\",\"target\":[\"https:\/\/caminos.udc.es\/hosting\/web\/index.php\/memorias-e-informes\/\"]}]},{\"@type\":\"BreadcrumbList\",\"@id\":\"https:\/\/caminos.udc.es\/hosting\/web\/index.php\/memorias-e-informes\/#breadcrumb\",\"itemListElement\":[{\"@type\":\"ListItem\",\"position\":1,\"name\":\"Portada\",\"item\":\"https:\/\/caminos.udc.es\/hosting\/web\/\"},{\"@type\":\"ListItem\",\"position\":2,\"name\":\"Documentaci\u00f3n: Memorias e Informes\"}]},{\"@type\":\"WebSite\",\"@id\":\"https:\/\/caminos.udc.es\/hosting\/web\/#website\",\"url\":\"https:\/\/caminos.udc.es\/hosting\/web\/\",\"name\":\"Escuela de Caminos UDC\",\"description\":\"\",\"publisher\":{\"@id\":\"https:\/\/caminos.udc.es\/hosting\/web\/#organization\"},\"potentialAction\":[{\"@type\":\"SearchAction\",\"target\":{\"@type\":\"EntryPoint\",\"urlTemplate\":\"https:\/\/caminos.udc.es\/hosting\/web\/?s={search_term_string}\"},\"query-input\":{\"@type\":\"PropertyValueSpecification\",\"valueRequired\":true,\"valueName\":\"search_term_string\"}}],\"inLanguage\":\"es\"},{\"@type\":\"Organization\",\"@id\":\"https:\/\/caminos.udc.es\/hosting\/web\/#organization\",\"name\":\"Escuela de Caminos, Canales y Puertos A Coru\u00f1a\",\"url\":\"https:\/\/caminos.udc.es\/hosting\/web\/\",\"logo\":{\"@type\":\"ImageObject\",\"inLanguage\":\"es\",\"@id\":\"https:\/\/caminos.udc.es\/hosting\/web\/#\/schema\/logo\/image\/\",\"url\":\"https:\/\/caminos.udc.es\/hosting\/web\/wp-content\/uploads\/2020\/08\/Logo-Puente.png\",\"contentUrl\":\"https:\/\/caminos.udc.es\/hosting\/web\/wp-content\/uploads\/2020\/08\/Logo-Puente.png\",\"width\":467,\"height\":120,\"caption\":\"Escuela de Caminos, Canales y Puertos A Coru\u00f1a\"},\"image\":{\"@id\":\"https:\/\/caminos.udc.es\/hosting\/web\/#\/schema\/logo\/image\/\"},\"sameAs\":[\"https:\/\/www.facebook.com\/caminosudc\/\",\"https:\/\/x.com\/Caminos_UDC\",\"https:\/\/es.wikipedia.org\/wiki\/Escuela_T\u00e9cnica_Superior_de_Ingenieros_de_Caminos,_Canales_y_Puertos_de_La_Coru\u00f1a\"]}]}<\/script>\n<!-- \/ Yoast SEO plugin. -->","yoast_head_json":{"title":"Documentaci\u00f3n: Memorias e Informes -","robots":{"index":"index","follow":"follow","max-snippet":"max-snippet:-1","max-image-preview":"max-image-preview:large","max-video-preview":"max-video-preview:-1"},"canonical":"https:\/\/caminos.udc.es\/hosting\/web\/index.php\/memorias-e-informes\/","og_locale":"es_ES","og_type":"article","og_title":"Documentaci\u00f3n: Memorias e Informes -","og_description":"Grado en Ingenier\u00eda de Obras P\u00fablicas (GIOP) Informe de evaluaci\u00f3n de verificaci\u00f3n GIOP Memoria de modificaci\u00f3n GIOP Informe de evaluaci\u00f3n de modificaci\u00f3n GIOP Informe de acreditaci\u00f3n GIOP Informe final sello EURACE Grado en Tecnolog\u00eda de la Ingenier\u00eda Civil (TECIC) Memoria de modificaci\u00f3n TECIC Informe de evaluaci\u00f3n de modificaci\u00f3n TECIC Informe... Continue reading","og_url":"https:\/\/caminos.udc.es\/hosting\/web\/index.php\/memorias-e-informes\/","article_publisher":"https:\/\/www.facebook.com\/caminosudc\/","article_modified_time":"2025-03-31T09:55:49+00:00","twitter_card":"summary_large_image","twitter_site":"@Caminos_UDC","twitter_misc":{"Tiempo de lectura":"1 minuto"},"schema":{"@context":"https:\/\/schema.org","@graph":[{"@type":"WebPage","@id":"https:\/\/caminos.udc.es\/hosting\/web\/index.php\/memorias-e-informes\/","url":"https:\/\/caminos.udc.es\/hosting\/web\/index.php\/memorias-e-informes\/","name":"Documentaci\u00f3n: Memorias e Informes -","isPartOf":{"@id":"https:\/\/caminos.udc.es\/hosting\/web\/#website"},"datePublished":"2022-06-08T20:20:43+00:00","dateModified":"2025-03-31T09:55:49+00:00","breadcrumb":{"@id":"https:\/\/caminos.udc.es\/hosting\/web\/index.php\/memorias-e-informes\/#breadcrumb"},"inLanguage":"es","potentialAction":[{"@type":"ReadAction","target":["https:\/\/caminos.udc.es\/hosting\/web\/index.php\/memorias-e-informes\/"]}]},{"@type":"BreadcrumbList","@id":"https:\/\/caminos.udc.es\/hosting\/web\/index.php\/memorias-e-informes\/#breadcrumb","itemListElement":[{"@type":"ListItem","position":1,"name":"Portada","item":"https:\/\/caminos.udc.es\/hosting\/web\/"},{"@type":"ListItem","position":2,"name":"Documentaci\u00f3n: Memorias e Informes"}]},{"@type":"WebSite","@id":"https:\/\/caminos.udc.es\/hosting\/web\/#website","url":"https:\/\/caminos.udc.es\/hosting\/web\/","name":"Escuela de Caminos UDC","description":"","publisher":{"@id":"https:\/\/caminos.udc.es\/hosting\/web\/#organization"},"potentialAction":[{"@type":"SearchAction","target":{"@type":"EntryPoint","urlTemplate":"https:\/\/caminos.udc.es\/hosting\/web\/?s={search_term_string}"},"query-input":{"@type":"PropertyValueSpecification","valueRequired":true,"valueName":"search_term_string"}}],"inLanguage":"es"},{"@type":"Organization","@id":"https:\/\/caminos.udc.es\/hosting\/web\/#organization","name":"Escuela de Caminos, Canales y Puertos A Coru\u00f1a","url":"https:\/\/caminos.udc.es\/hosting\/web\/","logo":{"@type":"ImageObject","inLanguage":"es","@id":"https:\/\/caminos.udc.es\/hosting\/web\/#\/schema\/logo\/image\/","url":"https:\/\/caminos.udc.es\/hosting\/web\/wp-content\/uploads\/2020\/08\/Logo-Puente.png","contentUrl":"https:\/\/caminos.udc.es\/hosting\/web\/wp-content\/uploads\/2020\/08\/Logo-Puente.png","width":467,"height":120,"caption":"Escuela de Caminos, Canales y Puertos A Coru\u00f1a"},"image":{"@id":"https:\/\/caminos.udc.es\/hosting\/web\/#\/schema\/logo\/image\/"},"sameAs":["https:\/\/www.facebook.com\/caminosudc\/","https:\/\/x.com\/Caminos_UDC","https:\/\/es.wikipedia.org\/wiki\/Escuela_T\u00e9cnica_Superior_de_Ingenieros_de_Caminos,_Canales_y_Puertos_de_La_Coru\u00f1a"]}]}},"_links":{"self":[{"href":"https:\/\/caminos.udc.es\/hosting\/web\/index.php\/wp-json\/wp\/v2\/pages\/3646","targetHints":{"allow":["GET"]}}],"collection":[{"href":"https:\/\/caminos.udc.es\/hosting\/web\/index.php\/wp-json\/wp\/v2\/pages"}],"about":[{"href":"https:\/\/caminos.udc.es\/hosting\/web\/index.php\/wp-json\/wp\/v2\/types\/page"}],"author":[{"embeddable":true,"href":"https:\/\/caminos.udc.es\/hosting\/web\/index.php\/wp-json\/wp\/v2\/users\/2"}],"replies":[{"embeddable":true,"href":"https:\/\/caminos.udc.es\/hosting\/web\/index.php\/wp-json\/wp\/v2\/comments?post=3646"}],"version-history":[{"count":47,"href":"https:\/\/caminos.udc.es\/hosting\/web\/index.php\/wp-json\/wp\/v2\/pages\/3646\/revisions"}],"predecessor-version":[{"id":5411,"href":"https:\/\/caminos.udc.es\/hosting\/web\/index.php\/wp-json\/wp\/v2\/pages\/3646\/revisions\/5411"}],"wp:attachment":[{"href":"https:\/\/caminos.udc.es\/hosting\/web\/index.php\/wp-json\/wp\/v2\/media?parent=3646"}],"curies":[{"name":"wp","href":"https:\/\/api.w.org\/{rel}","templated":true}]}}