{"id":2578,"date":"2021-08-19T20:18:35","date_gmt":"2021-08-19T20:18:35","guid":{"rendered":"https:\/\/caminos.udc.es\/hosting\/web\/?page_id=2578"},"modified":"2026-01-20T10:40:32","modified_gmt":"2026-01-20T10:40:32","slug":"grado-en-tecnologia-de-la-ingenieria-civil-horarios-y-examenes","status":"publish","type":"page","link":"https:\/\/caminos.udc.es\/hosting\/web\/index.php\/grado-en-tecnologia-de-la-ingenieria-civil-horarios-y-examenes\/","title":{"rendered":"Grado en Tecnolog\u00eda de la Ingenier\u00eda Civil. Horarios y ex\u00e1menes"},"content":{"rendered":"\t\t<div data-elementor-type=\"wp-page\" data-elementor-id=\"2578\" class=\"elementor elementor-2578\">\n\t\t\t\t\t\t<section class=\"elementor-section elementor-top-section elementor-element elementor-element-a767c0b elementor-section-boxed elementor-section-height-default elementor-section-height-default\" data-id=\"a767c0b\" data-element_type=\"section\" data-e-type=\"section\">\n\t\t\t\t\t\t<div class=\"elementor-container elementor-column-gap-default\">\n\t\t\t\t\t<div class=\"elementor-column elementor-col-100 elementor-top-column elementor-element elementor-element-416cef4\" data-id=\"416cef4\" data-element_type=\"column\" data-e-type=\"column\">\n\t\t\t<div class=\"elementor-widget-wrap elementor-element-populated\">\n\t\t\t\t\t\t<div class=\"elementor-element elementor-element-2b531c2 elementor-widget elementor-widget-spacer\" data-id=\"2b531c2\" data-element_type=\"widget\" data-e-type=\"widget\" data-widget_type=\"spacer.default\">\n\t\t\t\t<div class=\"elementor-widget-container\">\n\t\t\t\t\t\t\t<div class=\"elementor-spacer\">\n\t\t\t<div class=\"elementor-spacer-inner\"><\/div>\n\t\t<\/div>\n\t\t\t\t\t\t<\/div>\n\t\t\t\t<\/div>\n\t\t\t\t<div class=\"elementor-element elementor-element-5f0cc94 elementor-icon-list--layout-traditional elementor-list-item-link-full_width elementor-widget elementor-widget-icon-list\" data-id=\"5f0cc94\" data-element_type=\"widget\" data-e-type=\"widget\" data-widget_type=\"icon-list.default\">\n\t\t\t\t<div class=\"elementor-widget-container\">\n\t\t\t\t\t\t\t<ul class=\"elementor-icon-list-items\">\n\t\t\t\t\t\t\t<li class=\"elementor-icon-list-item\">\n\t\t\t\t\t\t\t\t\t\t\t<a href=\"https:\/\/caminos.udc.es\/hosting\/web\/wp-content\/uploads\/25_26_GTECIC_grupo2-2.pdf\" target=\"_blank\">\n\n\t\t\t\t\t\t\t\t\t\t\t\t<span class=\"elementor-icon-list-icon\">\n\t\t\t\t\t\t\t<i aria-hidden=\"true\" class=\"fas fa-calendar-alt\"><\/i>\t\t\t\t\t\t<\/span>\n\t\t\t\t\t\t\t\t\t\t<span class=\"elementor-icon-list-text\">Descargar Horarios TECIC (pdf)<\/span>\n\t\t\t\t\t\t\t\t\t\t\t<\/a>\n\t\t\t\t\t\t\t\t\t<\/li>\n\t\t\t\t\t\t\t\t<li class=\"elementor-icon-list-item\">\n\t\t\t\t\t\t\t\t\t\t\t<a href=\"https:\/\/caminos.udc.es\/hosting\/web\/wp-content\/uploads\/GTECIC25_26_EXAMENES_POR_CONVOCATORIA-1.pdf\" target=\"_blank\">\n\n\t\t\t\t\t\t\t\t\t\t\t\t<span class=\"elementor-icon-list-icon\">\n\t\t\t\t\t\t\t<i aria-hidden=\"true\" class=\"fas fa-calendar-plus\"><\/i>\t\t\t\t\t\t<\/span>\n\t\t\t\t\t\t\t\t\t\t<span class=\"elementor-icon-list-text\">Descargar Calendario Ex\u00e1menes TECIC por convocatoria (pdf)<\/span>\n\t\t\t\t\t\t\t\t\t\t\t<\/a>\n\t\t\t\t\t\t\t\t\t<\/li>\n\t\t\t\t\t\t<\/ul>\n\t\t\t\t\t\t<\/div>\n\t\t\t\t<\/div>\n\t\t\t\t<div class=\"elementor-element elementor-element-bd505aa elementor-tabs-view-horizontal elementor-widget elementor-widget-tabs\" data-id=\"bd505aa\" data-element_type=\"widget\" data-e-type=\"widget\" data-widget_type=\"tabs.default\">\n\t\t\t\t<div class=\"elementor-widget-container\">\n\t\t\t\t\t\t\t<div class=\"elementor-tabs\">\n\t\t\t<div class=\"elementor-tabs-wrapper\" role=\"tablist\" >\n\t\t\t\t\t\t\t\t\t<div id=\"elementor-tab-title-1981\" class=\"elementor-tab-title elementor-tab-desktop-title\" aria-selected=\"true\" data-tab=\"1\" role=\"tab\" tabindex=\"0\" aria-controls=\"elementor-tab-content-1981\" aria-expanded=\"false\">1\u00ba CURSO<\/div>\n\t\t\t\t\t\t\t\t\t<div id=\"elementor-tab-title-1982\" class=\"elementor-tab-title elementor-tab-desktop-title\" aria-selected=\"false\" data-tab=\"2\" role=\"tab\" tabindex=\"-1\" aria-controls=\"elementor-tab-content-1982\" aria-expanded=\"false\">2\u00ba CURSO<\/div>\n\t\t\t\t\t\t\t\t\t<div id=\"elementor-tab-title-1983\" class=\"elementor-tab-title elementor-tab-desktop-title\" aria-selected=\"false\" data-tab=\"3\" role=\"tab\" tabindex=\"-1\" aria-controls=\"elementor-tab-content-1983\" aria-expanded=\"false\">3\u00ba CURSO<\/div>\n\t\t\t\t\t\t\t\t\t<div id=\"elementor-tab-title-1984\" class=\"elementor-tab-title elementor-tab-desktop-title\" aria-selected=\"false\" data-tab=\"4\" role=\"tab\" tabindex=\"-1\" aria-controls=\"elementor-tab-content-1984\" aria-expanded=\"false\">4\u00ba CURSO<\/div>\n\t\t\t\t\t\t\t<\/div>\n\t\t\t<div class=\"elementor-tabs-content-wrapper\" role=\"tablist\" aria-orientation=\"vertical\">\n\t\t\t\t\t\t\t\t\t<div class=\"elementor-tab-title elementor-tab-mobile-title\" aria-selected=\"true\" data-tab=\"1\" role=\"tab\" tabindex=\"0\" aria-controls=\"elementor-tab-content-1981\" aria-expanded=\"false\">1\u00ba CURSO<\/div>\n\t\t\t\t\t<div id=\"elementor-tab-content-1981\" class=\"elementor-tab-content elementor-clearfix\" data-tab=\"1\" role=\"tabpanel\" aria-labelledby=\"elementor-tab-title-1981\" tabindex=\"0\" hidden=\"false\"><h2 style=\"text-align: left;\"><strong><span style=\"color: #61928c;\">HORARIOS<\/span><\/strong><\/h2><p><img decoding=\"async\" src=\"https:\/\/caminos.udc.es\/hosting\/web\/wp-content\/uploads\/GTECIC_1.png\" alt=\"\" \/><\/p><h2 style=\"text-align: left;\"><strong><span style=\"color: #61928c;\">EX\u00c1MENES<\/span><\/strong><\/h2><div>\u00a0<\/div><p><img decoding=\"async\" class=\"\" src=\"https:\/\/caminos.udc.es\/hosting\/web\/wp-content\/uploads\/GTECIC_1_E.png\" alt=\"\" width=\"688\" \/><\/p><\/div>\n\t\t\t\t\t\t\t\t\t<div class=\"elementor-tab-title elementor-tab-mobile-title\" aria-selected=\"false\" data-tab=\"2\" role=\"tab\" tabindex=\"-1\" aria-controls=\"elementor-tab-content-1982\" aria-expanded=\"false\">2\u00ba CURSO<\/div>\n\t\t\t\t\t<div id=\"elementor-tab-content-1982\" class=\"elementor-tab-content elementor-clearfix\" data-tab=\"2\" role=\"tabpanel\" aria-labelledby=\"elementor-tab-title-1982\" tabindex=\"0\" hidden=\"hidden\"><h2 style=\"text-align: left;\"><strong><span style=\"color: #61928c;\">HORARIOS<\/span><\/strong><\/h2>\n<img decoding=\"async\" src=\"https:\/\/caminos.udc.es\/hosting\/web\/wp-content\/uploads\/GTECIC_2_grupo2-1.png\" alt=\"\" \/>\n<h2 style=\"text-align: left;\"><strong><span style=\"color: #61928c;\">EX\u00c1MENES<\/span><\/strong><\/h2>\n<div><\/div>\n<img decoding=\"async\" class=\"\" src=\"https:\/\/caminos.udc.es\/hosting\/web\/wp-content\/uploads\/GTECIC_2_E.png\" alt=\"\" width=\"688\" \/><\/div>\n\t\t\t\t\t\t\t\t\t<div class=\"elementor-tab-title elementor-tab-mobile-title\" aria-selected=\"false\" data-tab=\"3\" role=\"tab\" tabindex=\"-1\" aria-controls=\"elementor-tab-content-1983\" aria-expanded=\"false\">3\u00ba CURSO<\/div>\n\t\t\t\t\t<div id=\"elementor-tab-content-1983\" class=\"elementor-tab-content elementor-clearfix\" data-tab=\"3\" role=\"tabpanel\" aria-labelledby=\"elementor-tab-title-1983\" tabindex=\"0\" hidden=\"hidden\"><h2 style=\"text-align: left;\"><strong><span style=\"color: #61928c;\">HORARIOS<\/span><\/strong><\/h2><p><img decoding=\"async\" src=\"https:\/\/caminos.udc.es\/hosting\/web\/wp-content\/uploads\/GTECIC_3.png\" alt=\"\" \/><\/p><h2 style=\"text-align: left;\"><strong><span style=\"color: #61928c;\">EX\u00c1MENES<\/span><\/strong><\/h2><p><img fetchpriority=\"high\" decoding=\"async\" width=\"2000\" height=\"2443\" class=\"alignnone wp-image-6010\" src=\"https:\/\/caminos.udc.es\/hosting\/web\/wp-content\/uploads\/GTECIC_3_E-2.png\" alt=\"\" srcset=\"https:\/\/caminos.udc.es\/hosting\/web\/wp-content\/uploads\/GTECIC_3_E-2.png 2000w, https:\/\/caminos.udc.es\/hosting\/web\/wp-content\/uploads\/GTECIC_3_E-2-246x300.png 246w, https:\/\/caminos.udc.es\/hosting\/web\/wp-content\/uploads\/GTECIC_3_E-2-838x1024.png 838w, https:\/\/caminos.udc.es\/hosting\/web\/wp-content\/uploads\/GTECIC_3_E-2-768x938.png 768w, https:\/\/caminos.udc.es\/hosting\/web\/wp-content\/uploads\/GTECIC_3_E-2-1257x1536.png 1257w, https:\/\/caminos.udc.es\/hosting\/web\/wp-content\/uploads\/GTECIC_3_E-2-1677x2048.png 1677w, https:\/\/caminos.udc.es\/hosting\/web\/wp-content\/uploads\/GTECIC_3_E-2-287x350.png 287w, https:\/\/caminos.udc.es\/hosting\/web\/wp-content\/uploads\/GTECIC_3_E-2-123x150.png 123w\" sizes=\"(max-width: 2000px) 100vw, 2000px\" \/><\/p><p>\u00a0<\/p><\/div>\n\t\t\t\t\t\t\t\t\t<div class=\"elementor-tab-title elementor-tab-mobile-title\" aria-selected=\"false\" data-tab=\"4\" role=\"tab\" tabindex=\"-1\" aria-controls=\"elementor-tab-content-1984\" aria-expanded=\"false\">4\u00ba CURSO<\/div>\n\t\t\t\t\t<div id=\"elementor-tab-content-1984\" class=\"elementor-tab-content elementor-clearfix\" data-tab=\"4\" role=\"tabpanel\" aria-labelledby=\"elementor-tab-title-1984\" tabindex=\"0\" hidden=\"hidden\"><h2 style=\"text-align: left;\"><strong><span style=\"color: #61928c;\">HORARIOS<\/span><\/strong><\/h2><p><img decoding=\"async\" src=\"https:\/\/caminos.udc.es\/hosting\/web\/wp-content\/uploads\/GTECIC_4.png\" alt=\"\" \/><\/p><h2 style=\"text-align: left;\"><strong><span style=\"color: #61928c;\">EX\u00c1MENES<\/span><\/strong><\/h2><div>\u00a0<\/div><p><img decoding=\"async\" class=\"\" src=\"https:\/\/caminos.udc.es\/hosting\/web\/wp-content\/uploads\/GTECIC_4_E.png\" alt=\"\" width=\"688\" \/><\/p><\/div>\n\t\t\t\t\t\t\t<\/div>\n\t\t<\/div>\n\t\t\t\t\t\t<\/div>\n\t\t\t\t<\/div>\n\t\t\t\t\t<\/div>\n\t\t<\/div>\n\t\t\t\t\t<\/div>\n\t\t<\/section>\n\t\t\t\t<\/div>\n\t\t","protected":false},"excerpt":{"rendered":"<p>Descargar Horarios TECIC (pdf) Descargar Calendario Ex\u00e1menes TECIC por convocatoria (pdf) 1\u00ba CURSO 2\u00ba CURSO 3\u00ba CURSO 4\u00ba CURSO 1\u00ba CURSO HORARIOS EX\u00c1MENES \u00a0 2\u00ba CURSO HORARIOS EX\u00c1MENES 3\u00ba CURSO HORARIOS EX\u00c1MENES \u00a0 4\u00ba CURSO HORARIOS EX\u00c1MENES \u00a0 <a class=\"continue-reading-link\" href=\"https:\/\/caminos.udc.es\/hosting\/web\/index.php\/grado-en-tecnologia-de-la-ingenieria-civil-horarios-y-examenes\/\">Continue reading<\/a><\/p>\n","protected":false},"author":2,"featured_media":0,"parent":0,"menu_order":0,"comment_status":"closed","ping_status":"closed","template":"","meta":{"footnotes":""},"class_list":["post-2578","page","type-page","status-publish","hentry"],"yoast_head":"<!-- This site is optimized with the Yoast SEO plugin v25.6 - https:\/\/yoast.com\/wordpress\/plugins\/seo\/ -->\n<title>Grado en Tecnolog\u00eda de la Ingenier\u00eda Civil. Horarios y ex\u00e1menes -<\/title>\n<meta name=\"robots\" content=\"index, follow, max-snippet:-1, max-image-preview:large, max-video-preview:-1\" \/>\n<link rel=\"canonical\" href=\"https:\/\/caminos.udc.es\/hosting\/web\/index.php\/grado-en-tecnologia-de-la-ingenieria-civil-horarios-y-examenes\/\" \/>\n<meta property=\"og:locale\" content=\"es_ES\" \/>\n<meta property=\"og:type\" content=\"article\" \/>\n<meta property=\"og:title\" content=\"Grado en Tecnolog\u00eda de la Ingenier\u00eda Civil. Horarios y ex\u00e1menes -\" \/>\n<meta property=\"og:description\" content=\"Descargar Horarios TECIC (pdf) Descargar Calendario Ex\u00e1menes TECIC por convocatoria (pdf) 1\u00ba CURSO 2\u00ba CURSO 3\u00ba CURSO 4\u00ba CURSO 1\u00ba CURSO HORARIOS EX\u00c1MENES \u00a0 2\u00ba CURSO HORARIOS EX\u00c1MENES 3\u00ba CURSO HORARIOS EX\u00c1MENES \u00a0 4\u00ba CURSO HORARIOS EX\u00c1MENES \u00a0 Continue reading\" \/>\n<meta property=\"og:url\" content=\"https:\/\/caminos.udc.es\/hosting\/web\/index.php\/grado-en-tecnologia-de-la-ingenieria-civil-horarios-y-examenes\/\" \/>\n<meta property=\"article:publisher\" content=\"https:\/\/www.facebook.com\/caminosudc\/\" \/>\n<meta property=\"article:modified_time\" content=\"2026-01-20T10:40:32+00:00\" \/>\n<meta property=\"og:image\" content=\"https:\/\/caminos.udc.es\/hosting\/web\/wp-content\/uploads\/GTECIC_1.png\" \/>\n<meta name=\"twitter:card\" content=\"summary_large_image\" \/>\n<meta name=\"twitter:site\" content=\"@Caminos_UDC\" \/>\n<meta name=\"twitter:label1\" content=\"Tiempo de lectura\" \/>\n\t<meta name=\"twitter:data1\" content=\"2 minutos\" \/>\n<script type=\"application\/ld+json\" class=\"yoast-schema-graph\">{\"@context\":\"https:\/\/schema.org\",\"@graph\":[{\"@type\":\"WebPage\",\"@id\":\"https:\/\/caminos.udc.es\/hosting\/web\/index.php\/grado-en-tecnologia-de-la-ingenieria-civil-horarios-y-examenes\/\",\"url\":\"https:\/\/caminos.udc.es\/hosting\/web\/index.php\/grado-en-tecnologia-de-la-ingenieria-civil-horarios-y-examenes\/\",\"name\":\"Grado en Tecnolog\u00eda de la Ingenier\u00eda Civil. Horarios y ex\u00e1menes -\",\"isPartOf\":{\"@id\":\"https:\/\/caminos.udc.es\/hosting\/web\/#website\"},\"primaryImageOfPage\":{\"@id\":\"https:\/\/caminos.udc.es\/hosting\/web\/index.php\/grado-en-tecnologia-de-la-ingenieria-civil-horarios-y-examenes\/#primaryimage\"},\"image\":{\"@id\":\"https:\/\/caminos.udc.es\/hosting\/web\/index.php\/grado-en-tecnologia-de-la-ingenieria-civil-horarios-y-examenes\/#primaryimage\"},\"thumbnailUrl\":\"https:\/\/caminos.udc.es\/hosting\/web\/wp-content\/uploads\/GTECIC_1.png\",\"datePublished\":\"2021-08-19T20:18:35+00:00\",\"dateModified\":\"2026-01-20T10:40:32+00:00\",\"breadcrumb\":{\"@id\":\"https:\/\/caminos.udc.es\/hosting\/web\/index.php\/grado-en-tecnologia-de-la-ingenieria-civil-horarios-y-examenes\/#breadcrumb\"},\"inLanguage\":\"es\",\"potentialAction\":[{\"@type\":\"ReadAction\",\"target\":[\"https:\/\/caminos.udc.es\/hosting\/web\/index.php\/grado-en-tecnologia-de-la-ingenieria-civil-horarios-y-examenes\/\"]}]},{\"@type\":\"ImageObject\",\"inLanguage\":\"es\",\"@id\":\"https:\/\/caminos.udc.es\/hosting\/web\/index.php\/grado-en-tecnologia-de-la-ingenieria-civil-horarios-y-examenes\/#primaryimage\",\"url\":\"https:\/\/caminos.udc.es\/hosting\/web\/wp-content\/uploads\/GTECIC_1.png\",\"contentUrl\":\"https:\/\/caminos.udc.es\/hosting\/web\/wp-content\/uploads\/GTECIC_1.png\",\"width\":1224,\"height\":1493},{\"@type\":\"BreadcrumbList\",\"@id\":\"https:\/\/caminos.udc.es\/hosting\/web\/index.php\/grado-en-tecnologia-de-la-ingenieria-civil-horarios-y-examenes\/#breadcrumb\",\"itemListElement\":[{\"@type\":\"ListItem\",\"position\":1,\"name\":\"Portada\",\"item\":\"https:\/\/caminos.udc.es\/hosting\/web\/\"},{\"@type\":\"ListItem\",\"position\":2,\"name\":\"Grado en Tecnolog\u00eda de la Ingenier\u00eda Civil. Horarios y ex\u00e1menes\"}]},{\"@type\":\"WebSite\",\"@id\":\"https:\/\/caminos.udc.es\/hosting\/web\/#website\",\"url\":\"https:\/\/caminos.udc.es\/hosting\/web\/\",\"name\":\"Escuela de Caminos UDC\",\"description\":\"\",\"publisher\":{\"@id\":\"https:\/\/caminos.udc.es\/hosting\/web\/#organization\"},\"potentialAction\":[{\"@type\":\"SearchAction\",\"target\":{\"@type\":\"EntryPoint\",\"urlTemplate\":\"https:\/\/caminos.udc.es\/hosting\/web\/?s={search_term_string}\"},\"query-input\":{\"@type\":\"PropertyValueSpecification\",\"valueRequired\":true,\"valueName\":\"search_term_string\"}}],\"inLanguage\":\"es\"},{\"@type\":\"Organization\",\"@id\":\"https:\/\/caminos.udc.es\/hosting\/web\/#organization\",\"name\":\"Escuela de Caminos, Canales y Puertos A Coru\u00f1a\",\"url\":\"https:\/\/caminos.udc.es\/hosting\/web\/\",\"logo\":{\"@type\":\"ImageObject\",\"inLanguage\":\"es\",\"@id\":\"https:\/\/caminos.udc.es\/hosting\/web\/#\/schema\/logo\/image\/\",\"url\":\"https:\/\/caminos.udc.es\/hosting\/web\/wp-content\/uploads\/2020\/08\/Logo-Puente.png\",\"contentUrl\":\"https:\/\/caminos.udc.es\/hosting\/web\/wp-content\/uploads\/2020\/08\/Logo-Puente.png\",\"width\":467,\"height\":120,\"caption\":\"Escuela de Caminos, Canales y Puertos A Coru\u00f1a\"},\"image\":{\"@id\":\"https:\/\/caminos.udc.es\/hosting\/web\/#\/schema\/logo\/image\/\"},\"sameAs\":[\"https:\/\/www.facebook.com\/caminosudc\/\",\"https:\/\/x.com\/Caminos_UDC\",\"https:\/\/es.wikipedia.org\/wiki\/Escuela_T\u00e9cnica_Superior_de_Ingenieros_de_Caminos,_Canales_y_Puertos_de_La_Coru\u00f1a\"]}]}<\/script>\n<!-- \/ Yoast SEO plugin. -->","yoast_head_json":{"title":"Grado en Tecnolog\u00eda de la Ingenier\u00eda Civil. Horarios y ex\u00e1menes -","robots":{"index":"index","follow":"follow","max-snippet":"max-snippet:-1","max-image-preview":"max-image-preview:large","max-video-preview":"max-video-preview:-1"},"canonical":"https:\/\/caminos.udc.es\/hosting\/web\/index.php\/grado-en-tecnologia-de-la-ingenieria-civil-horarios-y-examenes\/","og_locale":"es_ES","og_type":"article","og_title":"Grado en Tecnolog\u00eda de la Ingenier\u00eda Civil. Horarios y ex\u00e1menes -","og_description":"Descargar Horarios TECIC (pdf) Descargar Calendario Ex\u00e1menes TECIC por convocatoria (pdf) 1\u00ba CURSO 2\u00ba CURSO 3\u00ba CURSO 4\u00ba CURSO 1\u00ba CURSO HORARIOS EX\u00c1MENES \u00a0 2\u00ba CURSO HORARIOS EX\u00c1MENES 3\u00ba CURSO HORARIOS EX\u00c1MENES \u00a0 4\u00ba CURSO HORARIOS EX\u00c1MENES \u00a0 Continue reading","og_url":"https:\/\/caminos.udc.es\/hosting\/web\/index.php\/grado-en-tecnologia-de-la-ingenieria-civil-horarios-y-examenes\/","article_publisher":"https:\/\/www.facebook.com\/caminosudc\/","article_modified_time":"2026-01-20T10:40:32+00:00","og_image":[{"url":"https:\/\/caminos.udc.es\/hosting\/web\/wp-content\/uploads\/GTECIC_1.png","type":"","width":"","height":""}],"twitter_card":"summary_large_image","twitter_site":"@Caminos_UDC","twitter_misc":{"Tiempo de lectura":"2 minutos"},"schema":{"@context":"https:\/\/schema.org","@graph":[{"@type":"WebPage","@id":"https:\/\/caminos.udc.es\/hosting\/web\/index.php\/grado-en-tecnologia-de-la-ingenieria-civil-horarios-y-examenes\/","url":"https:\/\/caminos.udc.es\/hosting\/web\/index.php\/grado-en-tecnologia-de-la-ingenieria-civil-horarios-y-examenes\/","name":"Grado en Tecnolog\u00eda de la Ingenier\u00eda Civil. Horarios y ex\u00e1menes -","isPartOf":{"@id":"https:\/\/caminos.udc.es\/hosting\/web\/#website"},"primaryImageOfPage":{"@id":"https:\/\/caminos.udc.es\/hosting\/web\/index.php\/grado-en-tecnologia-de-la-ingenieria-civil-horarios-y-examenes\/#primaryimage"},"image":{"@id":"https:\/\/caminos.udc.es\/hosting\/web\/index.php\/grado-en-tecnologia-de-la-ingenieria-civil-horarios-y-examenes\/#primaryimage"},"thumbnailUrl":"https:\/\/caminos.udc.es\/hosting\/web\/wp-content\/uploads\/GTECIC_1.png","datePublished":"2021-08-19T20:18:35+00:00","dateModified":"2026-01-20T10:40:32+00:00","breadcrumb":{"@id":"https:\/\/caminos.udc.es\/hosting\/web\/index.php\/grado-en-tecnologia-de-la-ingenieria-civil-horarios-y-examenes\/#breadcrumb"},"inLanguage":"es","potentialAction":[{"@type":"ReadAction","target":["https:\/\/caminos.udc.es\/hosting\/web\/index.php\/grado-en-tecnologia-de-la-ingenieria-civil-horarios-y-examenes\/"]}]},{"@type":"ImageObject","inLanguage":"es","@id":"https:\/\/caminos.udc.es\/hosting\/web\/index.php\/grado-en-tecnologia-de-la-ingenieria-civil-horarios-y-examenes\/#primaryimage","url":"https:\/\/caminos.udc.es\/hosting\/web\/wp-content\/uploads\/GTECIC_1.png","contentUrl":"https:\/\/caminos.udc.es\/hosting\/web\/wp-content\/uploads\/GTECIC_1.png","width":1224,"height":1493},{"@type":"BreadcrumbList","@id":"https:\/\/caminos.udc.es\/hosting\/web\/index.php\/grado-en-tecnologia-de-la-ingenieria-civil-horarios-y-examenes\/#breadcrumb","itemListElement":[{"@type":"ListItem","position":1,"name":"Portada","item":"https:\/\/caminos.udc.es\/hosting\/web\/"},{"@type":"ListItem","position":2,"name":"Grado en Tecnolog\u00eda de la Ingenier\u00eda Civil. Horarios y ex\u00e1menes"}]},{"@type":"WebSite","@id":"https:\/\/caminos.udc.es\/hosting\/web\/#website","url":"https:\/\/caminos.udc.es\/hosting\/web\/","name":"Escuela de Caminos UDC","description":"","publisher":{"@id":"https:\/\/caminos.udc.es\/hosting\/web\/#organization"},"potentialAction":[{"@type":"SearchAction","target":{"@type":"EntryPoint","urlTemplate":"https:\/\/caminos.udc.es\/hosting\/web\/?s={search_term_string}"},"query-input":{"@type":"PropertyValueSpecification","valueRequired":true,"valueName":"search_term_string"}}],"inLanguage":"es"},{"@type":"Organization","@id":"https:\/\/caminos.udc.es\/hosting\/web\/#organization","name":"Escuela de Caminos, Canales y Puertos A Coru\u00f1a","url":"https:\/\/caminos.udc.es\/hosting\/web\/","logo":{"@type":"ImageObject","inLanguage":"es","@id":"https:\/\/caminos.udc.es\/hosting\/web\/#\/schema\/logo\/image\/","url":"https:\/\/caminos.udc.es\/hosting\/web\/wp-content\/uploads\/2020\/08\/Logo-Puente.png","contentUrl":"https:\/\/caminos.udc.es\/hosting\/web\/wp-content\/uploads\/2020\/08\/Logo-Puente.png","width":467,"height":120,"caption":"Escuela de Caminos, Canales y Puertos A Coru\u00f1a"},"image":{"@id":"https:\/\/caminos.udc.es\/hosting\/web\/#\/schema\/logo\/image\/"},"sameAs":["https:\/\/www.facebook.com\/caminosudc\/","https:\/\/x.com\/Caminos_UDC","https:\/\/es.wikipedia.org\/wiki\/Escuela_T\u00e9cnica_Superior_de_Ingenieros_de_Caminos,_Canales_y_Puertos_de_La_Coru\u00f1a"]}]}},"_links":{"self":[{"href":"https:\/\/caminos.udc.es\/hosting\/web\/index.php\/wp-json\/wp\/v2\/pages\/2578","targetHints":{"allow":["GET"]}}],"collection":[{"href":"https:\/\/caminos.udc.es\/hosting\/web\/index.php\/wp-json\/wp\/v2\/pages"}],"about":[{"href":"https:\/\/caminos.udc.es\/hosting\/web\/index.php\/wp-json\/wp\/v2\/types\/page"}],"author":[{"embeddable":true,"href":"https:\/\/caminos.udc.es\/hosting\/web\/index.php\/wp-json\/wp\/v2\/users\/2"}],"replies":[{"embeddable":true,"href":"https:\/\/caminos.udc.es\/hosting\/web\/index.php\/wp-json\/wp\/v2\/comments?post=2578"}],"version-history":[{"count":128,"href":"https:\/\/caminos.udc.es\/hosting\/web\/index.php\/wp-json\/wp\/v2\/pages\/2578\/revisions"}],"predecessor-version":[{"id":6339,"href":"https:\/\/caminos.udc.es\/hosting\/web\/index.php\/wp-json\/wp\/v2\/pages\/2578\/revisions\/6339"}],"wp:attachment":[{"href":"https:\/\/caminos.udc.es\/hosting\/web\/index.php\/wp-json\/wp\/v2\/media?parent=2578"}],"curies":[{"name":"wp","href":"https:\/\/api.w.org\/{rel}","templated":true}]}}