{"id":2371,"date":"2021-08-19T00:26:46","date_gmt":"2021-08-19T00:26:46","guid":{"rendered":"https:\/\/caminos.udc.es\/hosting\/web\/?page_id=2371"},"modified":"2025-10-17T08:33:25","modified_gmt":"2025-10-17T08:33:25","slug":"calendarios-academicos","status":"publish","type":"page","link":"https:\/\/caminos.udc.es\/hosting\/web\/index.php\/calendarios-academicos\/","title":{"rendered":"Calendarios acad\u00e9micos. Horarios de clases. Ex\u00e1menes"},"content":{"rendered":"\t\t<div data-elementor-type=\"wp-page\" data-elementor-id=\"2371\" class=\"elementor elementor-2371\">\n\t\t\t\t\t\t<section class=\"elementor-section elementor-top-section elementor-element elementor-element-b338488 elementor-section-boxed elementor-section-height-default elementor-section-height-default\" data-id=\"b338488\" data-element_type=\"section\" data-e-type=\"section\">\n\t\t\t\t\t\t\t<div class=\"elementor-background-overlay\"><\/div>\n\t\t\t\t\t\t\t<div class=\"elementor-container elementor-column-gap-default\">\n\t\t\t\t\t<div class=\"elementor-column elementor-col-100 elementor-top-column elementor-element elementor-element-bf6211f\" data-id=\"bf6211f\" data-element_type=\"column\" data-e-type=\"column\" data-settings=\"{&quot;background_background&quot;:&quot;gradient&quot;}\">\n\t\t\t<div class=\"elementor-widget-wrap elementor-element-populated\">\n\t\t\t\t\t\t<div class=\"elementor-element elementor-element-6ce77a8 elementor-widget elementor-widget-text-editor\" data-id=\"6ce77a8\" data-element_type=\"widget\" data-e-type=\"widget\" data-widget_type=\"text-editor.default\">\n\t\t\t\t<div class=\"elementor-widget-container\">\n\t\t\t\t\t\t\t\t\t<h3 class=\"elementor-heading-title elementor-size-default elementor-inline-editing pen\" data-elementor-setting-key=\"title\" data-pen-placeholder=\"Teclea aqu\u00ed...\">Horarios y fechas de ex\u00e1menes<\/h3><ul><li style=\"list-style-type: none;\"><ul><li><a href=\"https:\/\/caminos.udc.es\/hosting\/web\/index.php\/grado-en-tecnologia-de-la-ingenieria-civil-horarios-y-examenes\/\"><span style=\"color: #61928c;\">Grado en Tecnolog\u00eda de la ingenier\u00eda Civil<\/span><\/a><\/li><li><a href=\"https:\/\/caminos.udc.es\/hosting\/web\/index.php\/grado-en-ingenieria-de-obras-publicas\"><span style=\"color: #61928c;\">Grado en Ingenier\u00eda de Obras P\u00fablicas<\/span><\/a><\/li><li><a href=\"https:\/\/caminos.udc.es\/hosting\/web\/index.php\/master-en-ingenieria-de-caminos-canales-y-puertos-horarios-y-examenes\/\"><span style=\"color: #61928c;\">M\u00e1ster en Ingenier\u00eda de Caminos, Canales y Puertos<\/span><\/a><\/li><li><a href=\"https:\/\/caminos.udc.es\/hosting\/web\/index.php\/master-universitario-de-gestion-sostenible-del-agua\"><span style=\"color: #61928c;\">M\u00e1ster Universitario en Gesti\u00f3n Sostenible del Agua<\/span><\/a><\/li><\/ul><\/li><\/ul>\t\t\t\t\t\t\t\t<\/div>\n\t\t\t\t<\/div>\n\t\t\t\t<div class=\"elementor-element elementor-element-fad36d2 elementor-widget elementor-widget-text-editor\" data-id=\"fad36d2\" data-element_type=\"widget\" data-e-type=\"widget\" data-widget_type=\"text-editor.default\">\n\t\t\t\t<div class=\"elementor-widget-container\">\n\t\t\t\t\t\t\t\t\t<h3 class=\"elementor-heading-title elementor-size-default elementor-inline-editing pen\" data-elementor-setting-key=\"title\" data-pen-placeholder=\"Teclea aqu\u00ed...\">Convocatorias adelantadas<\/h3><ul><li style=\"list-style-type: none;\"><ul><li><a href=\"https:\/\/caminos.udc.es\/hosting\/web\/wp-content\/uploads\/Convocatoria_adelantada_2526.pdf\">17 de noviembre &#8211; 5 de diciembre: Fechas de ex\u00e1menes<\/a><\/li><\/ul><\/li><\/ul>\t\t\t\t\t\t\t\t<\/div>\n\t\t\t\t<\/div>\n\t\t\t\t<div class=\"elementor-element elementor-element-e539a4a elementor-widget elementor-widget-image\" data-id=\"e539a4a\" data-element_type=\"widget\" data-e-type=\"widget\" data-widget_type=\"image.default\">\n\t\t\t\t<div class=\"elementor-widget-container\">\n\t\t\t\t\t\t\t\t\t\t\t\t\t\t\t<img fetchpriority=\"high\" decoding=\"async\" width=\"779\" height=\"1024\" src=\"https:\/\/caminos.udc.es\/hosting\/web\/wp-content\/uploads\/calendario-779x1024.png\" class=\"attachment-large size-large wp-image-5711\" alt=\"\" srcset=\"https:\/\/caminos.udc.es\/hosting\/web\/wp-content\/uploads\/calendario-779x1024.png 779w, https:\/\/caminos.udc.es\/hosting\/web\/wp-content\/uploads\/calendario-228x300.png 228w, https:\/\/caminos.udc.es\/hosting\/web\/wp-content\/uploads\/calendario-768x1010.png 768w, https:\/\/caminos.udc.es\/hosting\/web\/wp-content\/uploads\/calendario-266x350.png 266w, https:\/\/caminos.udc.es\/hosting\/web\/wp-content\/uploads\/calendario-114x150.png 114w, https:\/\/caminos.udc.es\/hosting\/web\/wp-content\/uploads\/calendario.png 869w\" sizes=\"(max-width: 779px) 100vw, 779px\" \/>\t\t\t\t\t\t\t\t\t\t\t\t\t\t\t<\/div>\n\t\t\t\t<\/div>\n\t\t\t\t<div class=\"elementor-element elementor-element-8dd996d elementor-widget elementor-widget-image\" data-id=\"8dd996d\" data-element_type=\"widget\" data-e-type=\"widget\" data-widget_type=\"image.default\">\n\t\t\t\t<div class=\"elementor-widget-container\">\n\t\t\t\t\t\t\t\t\t\t\t\t\t\t\t<img decoding=\"async\" width=\"901\" height=\"966\" src=\"https:\/\/caminos.udc.es\/hosting\/web\/wp-content\/uploads\/periodos.png\" class=\"attachment-large size-large wp-image-5712\" alt=\"\" srcset=\"https:\/\/caminos.udc.es\/hosting\/web\/wp-content\/uploads\/periodos.png 901w, https:\/\/caminos.udc.es\/hosting\/web\/wp-content\/uploads\/periodos-280x300.png 280w, https:\/\/caminos.udc.es\/hosting\/web\/wp-content\/uploads\/periodos-768x823.png 768w, https:\/\/caminos.udc.es\/hosting\/web\/wp-content\/uploads\/periodos-326x350.png 326w, https:\/\/caminos.udc.es\/hosting\/web\/wp-content\/uploads\/periodos-140x150.png 140w\" sizes=\"(max-width: 901px) 100vw, 901px\" \/>\t\t\t\t\t\t\t\t\t\t\t\t\t\t\t<\/div>\n\t\t\t\t<\/div>\n\t\t\t\t\t<\/div>\n\t\t<\/div>\n\t\t\t\t\t<\/div>\n\t\t<\/section>\n\t\t\t\t<\/div>\n\t\t","protected":false},"excerpt":{"rendered":"<p>Horarios y fechas de ex\u00e1menes Grado en Tecnolog\u00eda de la ingenier\u00eda Civil Grado en Ingenier\u00eda de Obras P\u00fablicas M\u00e1ster en Ingenier\u00eda de Caminos, Canales y Puertos M\u00e1ster Universitario en Gesti\u00f3n Sostenible del Agua Convocatorias adelantadas 17 de noviembre &#8211; 5 de diciembre: Fechas de ex\u00e1menes <a class=\"continue-reading-link\" href=\"https:\/\/caminos.udc.es\/hosting\/web\/index.php\/calendarios-academicos\/\">Continue reading<\/a><\/p>\n","protected":false},"author":2,"featured_media":0,"parent":0,"menu_order":0,"comment_status":"closed","ping_status":"closed","template":"","meta":{"footnotes":""},"class_list":["post-2371","page","type-page","status-publish","hentry"],"yoast_head":"<!-- This site is optimized with the Yoast SEO plugin v25.6 - https:\/\/yoast.com\/wordpress\/plugins\/seo\/ -->\n<title>Calendarios acad\u00e9micos. Horarios de clases. Ex\u00e1menes -<\/title>\n<meta name=\"robots\" content=\"index, follow, max-snippet:-1, max-image-preview:large, max-video-preview:-1\" \/>\n<link rel=\"canonical\" href=\"https:\/\/caminos.udc.es\/hosting\/web\/index.php\/calendarios-academicos\/\" \/>\n<meta property=\"og:locale\" content=\"es_ES\" \/>\n<meta property=\"og:type\" content=\"article\" \/>\n<meta property=\"og:title\" content=\"Calendarios acad\u00e9micos. Horarios de clases. Ex\u00e1menes -\" \/>\n<meta property=\"og:description\" content=\"Horarios y fechas de ex\u00e1menes Grado en Tecnolog\u00eda de la ingenier\u00eda Civil Grado en Ingenier\u00eda de Obras P\u00fablicas M\u00e1ster en Ingenier\u00eda de Caminos, Canales y Puertos M\u00e1ster Universitario en Gesti\u00f3n Sostenible del Agua Convocatorias adelantadas 17 de noviembre &#8211; 5 de diciembre: Fechas de ex\u00e1menes Continue reading\" \/>\n<meta property=\"og:url\" content=\"https:\/\/caminos.udc.es\/hosting\/web\/index.php\/calendarios-academicos\/\" \/>\n<meta property=\"article:publisher\" content=\"https:\/\/www.facebook.com\/caminosudc\/\" \/>\n<meta property=\"article:modified_time\" content=\"2025-10-17T08:33:25+00:00\" \/>\n<meta property=\"og:image\" content=\"https:\/\/caminos.udc.es\/hosting\/web\/wp-content\/uploads\/calendario.png\" \/>\n\t<meta property=\"og:image:width\" content=\"869\" \/>\n\t<meta property=\"og:image:height\" content=\"1143\" \/>\n\t<meta property=\"og:image:type\" content=\"image\/png\" \/>\n<meta name=\"twitter:card\" content=\"summary_large_image\" \/>\n<meta name=\"twitter:site\" content=\"@Caminos_UDC\" \/>\n<meta name=\"twitter:label1\" content=\"Tiempo de lectura\" \/>\n\t<meta name=\"twitter:data1\" content=\"1 minuto\" \/>\n<script type=\"application\/ld+json\" class=\"yoast-schema-graph\">{\"@context\":\"https:\/\/schema.org\",\"@graph\":[{\"@type\":\"WebPage\",\"@id\":\"https:\/\/caminos.udc.es\/hosting\/web\/index.php\/calendarios-academicos\/\",\"url\":\"https:\/\/caminos.udc.es\/hosting\/web\/index.php\/calendarios-academicos\/\",\"name\":\"Calendarios acad\u00e9micos. Horarios de clases. Ex\u00e1menes -\",\"isPartOf\":{\"@id\":\"https:\/\/caminos.udc.es\/hosting\/web\/#website\"},\"primaryImageOfPage\":{\"@id\":\"https:\/\/caminos.udc.es\/hosting\/web\/index.php\/calendarios-academicos\/#primaryimage\"},\"image\":{\"@id\":\"https:\/\/caminos.udc.es\/hosting\/web\/index.php\/calendarios-academicos\/#primaryimage\"},\"thumbnailUrl\":\"https:\/\/caminos.udc.es\/hosting\/web\/wp-content\/uploads\/calendario-779x1024.png\",\"datePublished\":\"2021-08-19T00:26:46+00:00\",\"dateModified\":\"2025-10-17T08:33:25+00:00\",\"breadcrumb\":{\"@id\":\"https:\/\/caminos.udc.es\/hosting\/web\/index.php\/calendarios-academicos\/#breadcrumb\"},\"inLanguage\":\"es\",\"potentialAction\":[{\"@type\":\"ReadAction\",\"target\":[\"https:\/\/caminos.udc.es\/hosting\/web\/index.php\/calendarios-academicos\/\"]}]},{\"@type\":\"ImageObject\",\"inLanguage\":\"es\",\"@id\":\"https:\/\/caminos.udc.es\/hosting\/web\/index.php\/calendarios-academicos\/#primaryimage\",\"url\":\"https:\/\/caminos.udc.es\/hosting\/web\/wp-content\/uploads\/calendario.png\",\"contentUrl\":\"https:\/\/caminos.udc.es\/hosting\/web\/wp-content\/uploads\/calendario.png\",\"width\":869,\"height\":1143},{\"@type\":\"BreadcrumbList\",\"@id\":\"https:\/\/caminos.udc.es\/hosting\/web\/index.php\/calendarios-academicos\/#breadcrumb\",\"itemListElement\":[{\"@type\":\"ListItem\",\"position\":1,\"name\":\"Portada\",\"item\":\"https:\/\/caminos.udc.es\/hosting\/web\/\"},{\"@type\":\"ListItem\",\"position\":2,\"name\":\"Calendarios acad\u00e9micos. Horarios de clases. Ex\u00e1menes\"}]},{\"@type\":\"WebSite\",\"@id\":\"https:\/\/caminos.udc.es\/hosting\/web\/#website\",\"url\":\"https:\/\/caminos.udc.es\/hosting\/web\/\",\"name\":\"Escuela de Caminos UDC\",\"description\":\"\",\"publisher\":{\"@id\":\"https:\/\/caminos.udc.es\/hosting\/web\/#organization\"},\"potentialAction\":[{\"@type\":\"SearchAction\",\"target\":{\"@type\":\"EntryPoint\",\"urlTemplate\":\"https:\/\/caminos.udc.es\/hosting\/web\/?s={search_term_string}\"},\"query-input\":{\"@type\":\"PropertyValueSpecification\",\"valueRequired\":true,\"valueName\":\"search_term_string\"}}],\"inLanguage\":\"es\"},{\"@type\":\"Organization\",\"@id\":\"https:\/\/caminos.udc.es\/hosting\/web\/#organization\",\"name\":\"Escuela de Caminos, Canales y Puertos A Coru\u00f1a\",\"url\":\"https:\/\/caminos.udc.es\/hosting\/web\/\",\"logo\":{\"@type\":\"ImageObject\",\"inLanguage\":\"es\",\"@id\":\"https:\/\/caminos.udc.es\/hosting\/web\/#\/schema\/logo\/image\/\",\"url\":\"https:\/\/caminos.udc.es\/hosting\/web\/wp-content\/uploads\/2020\/08\/Logo-Puente.png\",\"contentUrl\":\"https:\/\/caminos.udc.es\/hosting\/web\/wp-content\/uploads\/2020\/08\/Logo-Puente.png\",\"width\":467,\"height\":120,\"caption\":\"Escuela de Caminos, Canales y Puertos A Coru\u00f1a\"},\"image\":{\"@id\":\"https:\/\/caminos.udc.es\/hosting\/web\/#\/schema\/logo\/image\/\"},\"sameAs\":[\"https:\/\/www.facebook.com\/caminosudc\/\",\"https:\/\/x.com\/Caminos_UDC\",\"https:\/\/es.wikipedia.org\/wiki\/Escuela_T\u00e9cnica_Superior_de_Ingenieros_de_Caminos,_Canales_y_Puertos_de_La_Coru\u00f1a\"]}]}<\/script>\n<!-- \/ Yoast SEO plugin. -->","yoast_head_json":{"title":"Calendarios acad\u00e9micos. Horarios de clases. Ex\u00e1menes -","robots":{"index":"index","follow":"follow","max-snippet":"max-snippet:-1","max-image-preview":"max-image-preview:large","max-video-preview":"max-video-preview:-1"},"canonical":"https:\/\/caminos.udc.es\/hosting\/web\/index.php\/calendarios-academicos\/","og_locale":"es_ES","og_type":"article","og_title":"Calendarios acad\u00e9micos. Horarios de clases. Ex\u00e1menes -","og_description":"Horarios y fechas de ex\u00e1menes Grado en Tecnolog\u00eda de la ingenier\u00eda Civil Grado en Ingenier\u00eda de Obras P\u00fablicas M\u00e1ster en Ingenier\u00eda de Caminos, Canales y Puertos M\u00e1ster Universitario en Gesti\u00f3n Sostenible del Agua Convocatorias adelantadas 17 de noviembre &#8211; 5 de diciembre: Fechas de ex\u00e1menes Continue reading","og_url":"https:\/\/caminos.udc.es\/hosting\/web\/index.php\/calendarios-academicos\/","article_publisher":"https:\/\/www.facebook.com\/caminosudc\/","article_modified_time":"2025-10-17T08:33:25+00:00","og_image":[{"width":869,"height":1143,"url":"https:\/\/caminos.udc.es\/hosting\/web\/wp-content\/uploads\/calendario.png","type":"image\/png"}],"twitter_card":"summary_large_image","twitter_site":"@Caminos_UDC","twitter_misc":{"Tiempo de lectura":"1 minuto"},"schema":{"@context":"https:\/\/schema.org","@graph":[{"@type":"WebPage","@id":"https:\/\/caminos.udc.es\/hosting\/web\/index.php\/calendarios-academicos\/","url":"https:\/\/caminos.udc.es\/hosting\/web\/index.php\/calendarios-academicos\/","name":"Calendarios acad\u00e9micos. Horarios de clases. Ex\u00e1menes -","isPartOf":{"@id":"https:\/\/caminos.udc.es\/hosting\/web\/#website"},"primaryImageOfPage":{"@id":"https:\/\/caminos.udc.es\/hosting\/web\/index.php\/calendarios-academicos\/#primaryimage"},"image":{"@id":"https:\/\/caminos.udc.es\/hosting\/web\/index.php\/calendarios-academicos\/#primaryimage"},"thumbnailUrl":"https:\/\/caminos.udc.es\/hosting\/web\/wp-content\/uploads\/calendario-779x1024.png","datePublished":"2021-08-19T00:26:46+00:00","dateModified":"2025-10-17T08:33:25+00:00","breadcrumb":{"@id":"https:\/\/caminos.udc.es\/hosting\/web\/index.php\/calendarios-academicos\/#breadcrumb"},"inLanguage":"es","potentialAction":[{"@type":"ReadAction","target":["https:\/\/caminos.udc.es\/hosting\/web\/index.php\/calendarios-academicos\/"]}]},{"@type":"ImageObject","inLanguage":"es","@id":"https:\/\/caminos.udc.es\/hosting\/web\/index.php\/calendarios-academicos\/#primaryimage","url":"https:\/\/caminos.udc.es\/hosting\/web\/wp-content\/uploads\/calendario.png","contentUrl":"https:\/\/caminos.udc.es\/hosting\/web\/wp-content\/uploads\/calendario.png","width":869,"height":1143},{"@type":"BreadcrumbList","@id":"https:\/\/caminos.udc.es\/hosting\/web\/index.php\/calendarios-academicos\/#breadcrumb","itemListElement":[{"@type":"ListItem","position":1,"name":"Portada","item":"https:\/\/caminos.udc.es\/hosting\/web\/"},{"@type":"ListItem","position":2,"name":"Calendarios acad\u00e9micos. Horarios de clases. Ex\u00e1menes"}]},{"@type":"WebSite","@id":"https:\/\/caminos.udc.es\/hosting\/web\/#website","url":"https:\/\/caminos.udc.es\/hosting\/web\/","name":"Escuela de Caminos UDC","description":"","publisher":{"@id":"https:\/\/caminos.udc.es\/hosting\/web\/#organization"},"potentialAction":[{"@type":"SearchAction","target":{"@type":"EntryPoint","urlTemplate":"https:\/\/caminos.udc.es\/hosting\/web\/?s={search_term_string}"},"query-input":{"@type":"PropertyValueSpecification","valueRequired":true,"valueName":"search_term_string"}}],"inLanguage":"es"},{"@type":"Organization","@id":"https:\/\/caminos.udc.es\/hosting\/web\/#organization","name":"Escuela de Caminos, Canales y Puertos A Coru\u00f1a","url":"https:\/\/caminos.udc.es\/hosting\/web\/","logo":{"@type":"ImageObject","inLanguage":"es","@id":"https:\/\/caminos.udc.es\/hosting\/web\/#\/schema\/logo\/image\/","url":"https:\/\/caminos.udc.es\/hosting\/web\/wp-content\/uploads\/2020\/08\/Logo-Puente.png","contentUrl":"https:\/\/caminos.udc.es\/hosting\/web\/wp-content\/uploads\/2020\/08\/Logo-Puente.png","width":467,"height":120,"caption":"Escuela de Caminos, Canales y Puertos A Coru\u00f1a"},"image":{"@id":"https:\/\/caminos.udc.es\/hosting\/web\/#\/schema\/logo\/image\/"},"sameAs":["https:\/\/www.facebook.com\/caminosudc\/","https:\/\/x.com\/Caminos_UDC","https:\/\/es.wikipedia.org\/wiki\/Escuela_T\u00e9cnica_Superior_de_Ingenieros_de_Caminos,_Canales_y_Puertos_de_La_Coru\u00f1a"]}]}},"_links":{"self":[{"href":"https:\/\/caminos.udc.es\/hosting\/web\/index.php\/wp-json\/wp\/v2\/pages\/2371","targetHints":{"allow":["GET"]}}],"collection":[{"href":"https:\/\/caminos.udc.es\/hosting\/web\/index.php\/wp-json\/wp\/v2\/pages"}],"about":[{"href":"https:\/\/caminos.udc.es\/hosting\/web\/index.php\/wp-json\/wp\/v2\/types\/page"}],"author":[{"embeddable":true,"href":"https:\/\/caminos.udc.es\/hosting\/web\/index.php\/wp-json\/wp\/v2\/users\/2"}],"replies":[{"embeddable":true,"href":"https:\/\/caminos.udc.es\/hosting\/web\/index.php\/wp-json\/wp\/v2\/comments?post=2371"}],"version-history":[{"count":150,"href":"https:\/\/caminos.udc.es\/hosting\/web\/index.php\/wp-json\/wp\/v2\/pages\/2371\/revisions"}],"predecessor-version":[{"id":6001,"href":"https:\/\/caminos.udc.es\/hosting\/web\/index.php\/wp-json\/wp\/v2\/pages\/2371\/revisions\/6001"}],"wp:attachment":[{"href":"https:\/\/caminos.udc.es\/hosting\/web\/index.php\/wp-json\/wp\/v2\/media?parent=2371"}],"curies":[{"name":"wp","href":"https:\/\/api.w.org\/{rel}","templated":true}]}}