{"id":2307,"date":"2021-08-18T21:51:07","date_gmt":"2021-08-18T21:51:07","guid":{"rendered":"https:\/\/caminos.udc.es\/hosting\/web\/?page_id=2307"},"modified":"2025-06-20T07:29:54","modified_gmt":"2025-06-20T07:29:54","slug":"equipo-directivo","status":"publish","type":"page","link":"https:\/\/caminos.udc.es\/hosting\/web\/index.php\/equipo-directivo\/","title":{"rendered":"Equipo directivo"},"content":{"rendered":"\t\t<div data-elementor-type=\"wp-page\" data-elementor-id=\"2307\" class=\"elementor elementor-2307\">\n\t\t\t\t\t\t<section class=\"elementor-section elementor-top-section elementor-element elementor-element-8824a7b elementor-section-boxed elementor-section-height-default elementor-section-height-default\" data-id=\"8824a7b\" data-element_type=\"section\" data-e-type=\"section\">\n\t\t\t\t\t\t<div class=\"elementor-container elementor-column-gap-default\">\n\t\t\t\t\t<div class=\"elementor-column elementor-col-100 elementor-top-column elementor-element elementor-element-05ec4ba\" data-id=\"05ec4ba\" data-element_type=\"column\" data-e-type=\"column\">\n\t\t\t<div class=\"elementor-widget-wrap elementor-element-populated\">\n\t\t\t\t\t\t<section class=\"elementor-section elementor-inner-section elementor-element elementor-element-44a58e4 elementor-section-boxed elementor-section-height-default elementor-section-height-default\" data-id=\"44a58e4\" data-element_type=\"section\" data-e-type=\"section\">\n\t\t\t\t\t\t<div class=\"elementor-container elementor-column-gap-default\">\n\t\t\t\t\t<div class=\"elementor-column elementor-col-50 elementor-inner-column elementor-element elementor-element-6dd4edf\" data-id=\"6dd4edf\" data-element_type=\"column\" data-e-type=\"column\">\n\t\t\t<div class=\"elementor-widget-wrap elementor-element-populated\">\n\t\t\t\t\t\t<div class=\"elementor-element elementor-element-5d065cc elementor-widget elementor-widget-text-editor\" data-id=\"5d065cc\" data-element_type=\"widget\" data-e-type=\"widget\" data-settings=\"{&quot;_animation&quot;:&quot;none&quot;}\" data-widget_type=\"text-editor.default\">\n\t\t\t\t<div class=\"elementor-widget-container\">\n\t\t\t\t\t\t\t\t\t<table style=\"width: 100%;\"><tbody><tr><td style=\"width: 84px;\"><img decoding=\"async\" src=\"https:\/\/caminos.udc.es\/hosting\/web\/wp-content\/uploads\/Luis_Ramirez.jpg\" width=\"60\" height=\"84\" \/><\/td><td><p><span style=\"color: #61928c;\"><strong>Director<\/strong><\/span><br \/><b><span lang=\"es\">Luis Ram\u00edrez Palacios\u00a0\u00a0<\/span><\/b><b><span lang=\"es\"><a href=\"mailto:direccion.caminos@udc.es\" target=\"_newtab\"><img decoding=\"async\" src=\"https:\/\/caminos.udc.es\/hosting\/web\/wp-content\/uploads\/2021\/11\/email_blue_23344.png\" width=\"23\" height=\"23\" \/><\/a><\/span><\/b><\/p><p><img decoding=\"async\" style=\"font-size: 13px;\" src=\"https:\/\/caminos.udc.es\/hosting\/web\/wp-content\/uploads\/2021\/11\/phone_14402.png\" width=\"18\" height=\"18\" \/><span style=\"font-size: 13px;\">\u00a0881011499<\/span><\/p><\/td><\/tr><tr><td style=\"width: 84px;\"><img loading=\"lazy\" decoding=\"async\" src=\"https:\/\/caminos.udc.es\/hosting\/web\/wp-content\/uploads\/Jordi_Delgado.png\" width=\"60\" height=\"84\" \/><\/td><td><p><span style=\"color: #61928c;\"><strong>Subdirector<\/strong><\/span><br \/><strong>Jordi Delgado Mart\u00edn <b><span lang=\"es\">\u00a0<a href=\"mailto: jorge.delgado@udc.es\" target=\"_newtab\"><img loading=\"lazy\" decoding=\"async\" class=\"\" src=\"https:\/\/caminos.udc.es\/hosting\/web\/wp-content\/uploads\/2021\/11\/email_blue_23344.png\" width=\"25\" height=\"25\" \/><\/a><\/span><\/b><\/strong><\/p><p><img loading=\"lazy\" decoding=\"async\" src=\"https:\/\/caminos.udc.es\/hosting\/web\/wp-content\/uploads\/2021\/11\/phone_14402.png\" width=\"18\" height=\"18\" \/> 881011429<\/p><\/td><\/tr><\/tbody><\/table>\t\t\t\t\t\t\t\t<\/div>\n\t\t\t\t<\/div>\n\t\t\t\t\t<\/div>\n\t\t<\/div>\n\t\t\t\t<div class=\"elementor-column elementor-col-50 elementor-inner-column elementor-element elementor-element-b85ffd2\" data-id=\"b85ffd2\" data-element_type=\"column\" data-e-type=\"column\">\n\t\t\t<div class=\"elementor-widget-wrap elementor-element-populated\">\n\t\t\t\t\t\t<div class=\"elementor-element elementor-element-b40e5ee elementor-widget elementor-widget-text-editor\" data-id=\"b40e5ee\" data-element_type=\"widget\" data-e-type=\"widget\" data-settings=\"{&quot;_animation&quot;:&quot;none&quot;}\" data-widget_type=\"text-editor.default\">\n\t\t\t\t<div class=\"elementor-widget-container\">\n\t\t\t\t\t\t\t\t\t<table style=\"width: 100%;\"><tbody><tr><td style=\"width: 84px;\"><img loading=\"lazy\" decoding=\"async\" src=\"https:\/\/caminos.udc.es\/hosting\/web\/wp-content\/uploads\/Ivan_Couceiro.jpg\" width=\"60\" height=\"84\" \/><\/td><td><span style=\"color: #61928c;\"><strong>Jefe de Estudios<\/strong><\/span><br \/><b><span lang=\"es\">Iv\u00e1n Couceiro Aguiar <strong><a href=\"mailto:ivan.couceiro.aguiar@udc.es\" target=\"_blank\" rel=\"noopener\"><img loading=\"lazy\" decoding=\"async\" class=\"\" src=\"https:\/\/caminos.udc.es\/hosting\/web\/wp-content\/uploads\/2021\/11\/email_blue_23344.png\" width=\"23\" height=\"23\" data-wp-editing=\"1\" \/><\/a><\/strong><\/span><\/b><p><img loading=\"lazy\" decoding=\"async\" src=\"https:\/\/caminos.udc.es\/hosting\/web\/wp-content\/uploads\/2021\/11\/phone_14402.png\" width=\"18\" height=\"18\" \/> 881011411<\/p><\/td><\/tr><tr><td style=\"width: 84px;\"><img loading=\"lazy\" decoding=\"async\" src=\"https:\/\/caminos.udc.es\/hosting\/web\/wp-content\/uploads\/Arturo_Fontan.jpg\" width=\"70\" height=\"91\" \/><\/td><td><strong><span style=\"color: #61928c;\">Secretario acad\u00e9mico<\/span><br \/>Arturo Norberto Font\u00e1n P\u00e9rez \u00a0<a href=\"mailto:arturo.fontan@udc.es\" target=\"_blank\" rel=\"noopener\"><img loading=\"lazy\" decoding=\"async\" class=\"\" src=\"https:\/\/caminos.udc.es\/hosting\/web\/wp-content\/uploads\/2021\/11\/email_blue_23344.png\" width=\"23\" height=\"23\" \/><\/a><\/strong><p><img loading=\"lazy\" decoding=\"async\" src=\"https:\/\/caminos.udc.es\/hosting\/web\/wp-content\/uploads\/2021\/11\/phone_14402.png\" width=\"18\" height=\"18\" \/> 881011478<\/p><\/td><\/tr><\/tbody><\/table>\t\t\t\t\t\t\t\t<\/div>\n\t\t\t\t<\/div>\n\t\t\t\t\t<\/div>\n\t\t<\/div>\n\t\t\t\t\t<\/div>\n\t\t<\/section>\n\t\t\t\t\t<\/div>\n\t\t<\/div>\n\t\t\t\t\t<\/div>\n\t\t<\/section>\n\t\t\t\t<\/div>\n\t\t","protected":false},"excerpt":{"rendered":"<p>DirectorLuis Ram\u00edrez Palacios\u00a0\u00a0 \u00a0881011499 SubdirectorJordi Delgado Mart\u00edn \u00a0 881011429 Jefe de EstudiosIv\u00e1n Couceiro Aguiar 881011411 Secretario acad\u00e9micoArturo Norberto Font\u00e1n P\u00e9rez \u00a0 881011478 <a class=\"continue-reading-link\" href=\"https:\/\/caminos.udc.es\/hosting\/web\/index.php\/equipo-directivo\/\">Continue reading<\/a><\/p>\n","protected":false},"author":1,"featured_media":0,"parent":0,"menu_order":0,"comment_status":"closed","ping_status":"closed","template":"","meta":{"footnotes":""},"class_list":["post-2307","page","type-page","status-publish","hentry"],"yoast_head":"<!-- This site is optimized with the Yoast SEO plugin v25.6 - https:\/\/yoast.com\/wordpress\/plugins\/seo\/ -->\n<title>Equipo directivo -<\/title>\n<meta name=\"robots\" content=\"index, follow, max-snippet:-1, max-image-preview:large, max-video-preview:-1\" \/>\n<link rel=\"canonical\" href=\"https:\/\/caminos.udc.es\/hosting\/web\/index.php\/equipo-directivo\/\" \/>\n<meta property=\"og:locale\" content=\"es_ES\" \/>\n<meta property=\"og:type\" content=\"article\" \/>\n<meta property=\"og:title\" content=\"Equipo directivo -\" \/>\n<meta property=\"og:description\" content=\"DirectorLuis Ram\u00edrez Palacios\u00a0\u00a0 \u00a0881011499 SubdirectorJordi Delgado Mart\u00edn \u00a0 881011429 Jefe de EstudiosIv\u00e1n Couceiro Aguiar 881011411 Secretario acad\u00e9micoArturo Norberto Font\u00e1n P\u00e9rez \u00a0 881011478 Continue reading\" \/>\n<meta property=\"og:url\" content=\"https:\/\/caminos.udc.es\/hosting\/web\/index.php\/equipo-directivo\/\" \/>\n<meta property=\"article:publisher\" content=\"https:\/\/www.facebook.com\/caminosudc\/\" \/>\n<meta property=\"article:modified_time\" content=\"2025-06-20T07:29:54+00:00\" \/>\n<meta property=\"og:image\" content=\"https:\/\/caminos.udc.es\/hosting\/web\/wp-content\/uploads\/Luis_Ramirez.jpg\" \/>\n<meta name=\"twitter:card\" content=\"summary_large_image\" \/>\n<meta name=\"twitter:site\" content=\"@Caminos_UDC\" \/>\n<meta name=\"twitter:label1\" content=\"Tiempo de lectura\" \/>\n\t<meta name=\"twitter:data1\" content=\"3 minutos\" \/>\n<script type=\"application\/ld+json\" class=\"yoast-schema-graph\">{\"@context\":\"https:\/\/schema.org\",\"@graph\":[{\"@type\":\"WebPage\",\"@id\":\"https:\/\/caminos.udc.es\/hosting\/web\/index.php\/equipo-directivo\/\",\"url\":\"https:\/\/caminos.udc.es\/hosting\/web\/index.php\/equipo-directivo\/\",\"name\":\"Equipo directivo -\",\"isPartOf\":{\"@id\":\"https:\/\/caminos.udc.es\/hosting\/web\/#website\"},\"primaryImageOfPage\":{\"@id\":\"https:\/\/caminos.udc.es\/hosting\/web\/index.php\/equipo-directivo\/#primaryimage\"},\"image\":{\"@id\":\"https:\/\/caminos.udc.es\/hosting\/web\/index.php\/equipo-directivo\/#primaryimage\"},\"thumbnailUrl\":\"https:\/\/caminos.udc.es\/hosting\/web\/wp-content\/uploads\/Luis_Ramirez.jpg\",\"datePublished\":\"2021-08-18T21:51:07+00:00\",\"dateModified\":\"2025-06-20T07:29:54+00:00\",\"breadcrumb\":{\"@id\":\"https:\/\/caminos.udc.es\/hosting\/web\/index.php\/equipo-directivo\/#breadcrumb\"},\"inLanguage\":\"es\",\"potentialAction\":[{\"@type\":\"ReadAction\",\"target\":[\"https:\/\/caminos.udc.es\/hosting\/web\/index.php\/equipo-directivo\/\"]}]},{\"@type\":\"ImageObject\",\"inLanguage\":\"es\",\"@id\":\"https:\/\/caminos.udc.es\/hosting\/web\/index.php\/equipo-directivo\/#primaryimage\",\"url\":\"https:\/\/caminos.udc.es\/hosting\/web\/wp-content\/uploads\/Luis_Ramirez.jpg\",\"contentUrl\":\"https:\/\/caminos.udc.es\/hosting\/web\/wp-content\/uploads\/Luis_Ramirez.jpg\",\"width\":958,\"height\":1177},{\"@type\":\"BreadcrumbList\",\"@id\":\"https:\/\/caminos.udc.es\/hosting\/web\/index.php\/equipo-directivo\/#breadcrumb\",\"itemListElement\":[{\"@type\":\"ListItem\",\"position\":1,\"name\":\"Portada\",\"item\":\"https:\/\/caminos.udc.es\/hosting\/web\/\"},{\"@type\":\"ListItem\",\"position\":2,\"name\":\"Equipo directivo\"}]},{\"@type\":\"WebSite\",\"@id\":\"https:\/\/caminos.udc.es\/hosting\/web\/#website\",\"url\":\"https:\/\/caminos.udc.es\/hosting\/web\/\",\"name\":\"Escuela de Caminos UDC\",\"description\":\"\",\"publisher\":{\"@id\":\"https:\/\/caminos.udc.es\/hosting\/web\/#organization\"},\"potentialAction\":[{\"@type\":\"SearchAction\",\"target\":{\"@type\":\"EntryPoint\",\"urlTemplate\":\"https:\/\/caminos.udc.es\/hosting\/web\/?s={search_term_string}\"},\"query-input\":{\"@type\":\"PropertyValueSpecification\",\"valueRequired\":true,\"valueName\":\"search_term_string\"}}],\"inLanguage\":\"es\"},{\"@type\":\"Organization\",\"@id\":\"https:\/\/caminos.udc.es\/hosting\/web\/#organization\",\"name\":\"Escuela de Caminos, Canales y Puertos A Coru\u00f1a\",\"url\":\"https:\/\/caminos.udc.es\/hosting\/web\/\",\"logo\":{\"@type\":\"ImageObject\",\"inLanguage\":\"es\",\"@id\":\"https:\/\/caminos.udc.es\/hosting\/web\/#\/schema\/logo\/image\/\",\"url\":\"https:\/\/caminos.udc.es\/hosting\/web\/wp-content\/uploads\/2020\/08\/Logo-Puente.png\",\"contentUrl\":\"https:\/\/caminos.udc.es\/hosting\/web\/wp-content\/uploads\/2020\/08\/Logo-Puente.png\",\"width\":467,\"height\":120,\"caption\":\"Escuela de Caminos, Canales y Puertos A Coru\u00f1a\"},\"image\":{\"@id\":\"https:\/\/caminos.udc.es\/hosting\/web\/#\/schema\/logo\/image\/\"},\"sameAs\":[\"https:\/\/www.facebook.com\/caminosudc\/\",\"https:\/\/x.com\/Caminos_UDC\",\"https:\/\/es.wikipedia.org\/wiki\/Escuela_T\u00e9cnica_Superior_de_Ingenieros_de_Caminos,_Canales_y_Puertos_de_La_Coru\u00f1a\"]}]}<\/script>\n<!-- \/ Yoast SEO plugin. -->","yoast_head_json":{"title":"Equipo directivo -","robots":{"index":"index","follow":"follow","max-snippet":"max-snippet:-1","max-image-preview":"max-image-preview:large","max-video-preview":"max-video-preview:-1"},"canonical":"https:\/\/caminos.udc.es\/hosting\/web\/index.php\/equipo-directivo\/","og_locale":"es_ES","og_type":"article","og_title":"Equipo directivo -","og_description":"DirectorLuis Ram\u00edrez Palacios\u00a0\u00a0 \u00a0881011499 SubdirectorJordi Delgado Mart\u00edn \u00a0 881011429 Jefe de EstudiosIv\u00e1n Couceiro Aguiar 881011411 Secretario acad\u00e9micoArturo Norberto Font\u00e1n P\u00e9rez \u00a0 881011478 Continue reading","og_url":"https:\/\/caminos.udc.es\/hosting\/web\/index.php\/equipo-directivo\/","article_publisher":"https:\/\/www.facebook.com\/caminosudc\/","article_modified_time":"2025-06-20T07:29:54+00:00","og_image":[{"url":"https:\/\/caminos.udc.es\/hosting\/web\/wp-content\/uploads\/Luis_Ramirez.jpg","type":"","width":"","height":""}],"twitter_card":"summary_large_image","twitter_site":"@Caminos_UDC","twitter_misc":{"Tiempo de lectura":"3 minutos"},"schema":{"@context":"https:\/\/schema.org","@graph":[{"@type":"WebPage","@id":"https:\/\/caminos.udc.es\/hosting\/web\/index.php\/equipo-directivo\/","url":"https:\/\/caminos.udc.es\/hosting\/web\/index.php\/equipo-directivo\/","name":"Equipo directivo -","isPartOf":{"@id":"https:\/\/caminos.udc.es\/hosting\/web\/#website"},"primaryImageOfPage":{"@id":"https:\/\/caminos.udc.es\/hosting\/web\/index.php\/equipo-directivo\/#primaryimage"},"image":{"@id":"https:\/\/caminos.udc.es\/hosting\/web\/index.php\/equipo-directivo\/#primaryimage"},"thumbnailUrl":"https:\/\/caminos.udc.es\/hosting\/web\/wp-content\/uploads\/Luis_Ramirez.jpg","datePublished":"2021-08-18T21:51:07+00:00","dateModified":"2025-06-20T07:29:54+00:00","breadcrumb":{"@id":"https:\/\/caminos.udc.es\/hosting\/web\/index.php\/equipo-directivo\/#breadcrumb"},"inLanguage":"es","potentialAction":[{"@type":"ReadAction","target":["https:\/\/caminos.udc.es\/hosting\/web\/index.php\/equipo-directivo\/"]}]},{"@type":"ImageObject","inLanguage":"es","@id":"https:\/\/caminos.udc.es\/hosting\/web\/index.php\/equipo-directivo\/#primaryimage","url":"https:\/\/caminos.udc.es\/hosting\/web\/wp-content\/uploads\/Luis_Ramirez.jpg","contentUrl":"https:\/\/caminos.udc.es\/hosting\/web\/wp-content\/uploads\/Luis_Ramirez.jpg","width":958,"height":1177},{"@type":"BreadcrumbList","@id":"https:\/\/caminos.udc.es\/hosting\/web\/index.php\/equipo-directivo\/#breadcrumb","itemListElement":[{"@type":"ListItem","position":1,"name":"Portada","item":"https:\/\/caminos.udc.es\/hosting\/web\/"},{"@type":"ListItem","position":2,"name":"Equipo directivo"}]},{"@type":"WebSite","@id":"https:\/\/caminos.udc.es\/hosting\/web\/#website","url":"https:\/\/caminos.udc.es\/hosting\/web\/","name":"Escuela de Caminos UDC","description":"","publisher":{"@id":"https:\/\/caminos.udc.es\/hosting\/web\/#organization"},"potentialAction":[{"@type":"SearchAction","target":{"@type":"EntryPoint","urlTemplate":"https:\/\/caminos.udc.es\/hosting\/web\/?s={search_term_string}"},"query-input":{"@type":"PropertyValueSpecification","valueRequired":true,"valueName":"search_term_string"}}],"inLanguage":"es"},{"@type":"Organization","@id":"https:\/\/caminos.udc.es\/hosting\/web\/#organization","name":"Escuela de Caminos, Canales y Puertos A Coru\u00f1a","url":"https:\/\/caminos.udc.es\/hosting\/web\/","logo":{"@type":"ImageObject","inLanguage":"es","@id":"https:\/\/caminos.udc.es\/hosting\/web\/#\/schema\/logo\/image\/","url":"https:\/\/caminos.udc.es\/hosting\/web\/wp-content\/uploads\/2020\/08\/Logo-Puente.png","contentUrl":"https:\/\/caminos.udc.es\/hosting\/web\/wp-content\/uploads\/2020\/08\/Logo-Puente.png","width":467,"height":120,"caption":"Escuela de Caminos, Canales y Puertos A Coru\u00f1a"},"image":{"@id":"https:\/\/caminos.udc.es\/hosting\/web\/#\/schema\/logo\/image\/"},"sameAs":["https:\/\/www.facebook.com\/caminosudc\/","https:\/\/x.com\/Caminos_UDC","https:\/\/es.wikipedia.org\/wiki\/Escuela_T\u00e9cnica_Superior_de_Ingenieros_de_Caminos,_Canales_y_Puertos_de_La_Coru\u00f1a"]}]}},"_links":{"self":[{"href":"https:\/\/caminos.udc.es\/hosting\/web\/index.php\/wp-json\/wp\/v2\/pages\/2307","targetHints":{"allow":["GET"]}}],"collection":[{"href":"https:\/\/caminos.udc.es\/hosting\/web\/index.php\/wp-json\/wp\/v2\/pages"}],"about":[{"href":"https:\/\/caminos.udc.es\/hosting\/web\/index.php\/wp-json\/wp\/v2\/types\/page"}],"author":[{"embeddable":true,"href":"https:\/\/caminos.udc.es\/hosting\/web\/index.php\/wp-json\/wp\/v2\/users\/1"}],"replies":[{"embeddable":true,"href":"https:\/\/caminos.udc.es\/hosting\/web\/index.php\/wp-json\/wp\/v2\/comments?post=2307"}],"version-history":[{"count":145,"href":"https:\/\/caminos.udc.es\/hosting\/web\/index.php\/wp-json\/wp\/v2\/pages\/2307\/revisions"}],"predecessor-version":[{"id":5668,"href":"https:\/\/caminos.udc.es\/hosting\/web\/index.php\/wp-json\/wp\/v2\/pages\/2307\/revisions\/5668"}],"wp:attachment":[{"href":"https:\/\/caminos.udc.es\/hosting\/web\/index.php\/wp-json\/wp\/v2\/media?parent=2307"}],"curies":[{"name":"wp","href":"https:\/\/api.w.org\/{rel}","templated":true}]}}