{"id":210,"date":"2020-04-29T09:19:30","date_gmt":"2020-04-29T09:19:30","guid":{"rendered":"http:\/\/caminos.udc.es\/hosting\/web\/?page_id=210"},"modified":"2021-04-20T11:38:15","modified_gmt":"2021-04-20T11:38:15","slug":"departamentos","status":"publish","type":"page","link":"https:\/\/caminos.udc.es\/hosting\/web\/index.php\/departamentos\/","title":{"rendered":"Investigaci\u00f3n"},"content":{"rendered":"\t\t<div data-elementor-type=\"wp-page\" data-elementor-id=\"210\" class=\"elementor elementor-210\">\n\t\t\t\t\t\t<section class=\"elementor-section elementor-top-section elementor-element elementor-element-eca78f8 elementor-section-boxed elementor-section-height-default elementor-section-height-default\" data-id=\"eca78f8\" data-element_type=\"section\" data-e-type=\"section\">\n\t\t\t\t\t\t<div class=\"elementor-container elementor-column-gap-default\">\n\t\t\t\t\t<div class=\"elementor-column elementor-col-100 elementor-top-column elementor-element elementor-element-d2c2a5b\" data-id=\"d2c2a5b\" data-element_type=\"column\" data-e-type=\"column\">\n\t\t\t<div class=\"elementor-widget-wrap elementor-element-populated\">\n\t\t\t\t\t\t<div class=\"elementor-element elementor-element-15777ba elementor-widget elementor-widget-text-editor\" data-id=\"15777ba\" data-element_type=\"widget\" data-e-type=\"widget\" data-widget_type=\"text-editor.default\">\n\t\t\t\t<div class=\"elementor-widget-container\">\n\t\t\t\t\t\t\t\t\t<p>Los siguientes departamentos universitarios imparten <b>docencia <\/b>y realizan <b>investigaci\u00f3n <\/b>en la Escuela, siendo los dos primeros a los que est\u00e1n adscritos la mayor parte de los profesores del centro.<\/p>\t\t\t\t\t\t\t\t<\/div>\n\t\t\t\t<\/div>\n\t\t\t\t<section class=\"elementor-section elementor-inner-section elementor-element elementor-element-5303a2d elementor-section-boxed elementor-section-height-default elementor-section-height-default\" data-id=\"5303a2d\" data-element_type=\"section\" data-e-type=\"section\">\n\t\t\t\t\t\t<div class=\"elementor-container elementor-column-gap-default\">\n\t\t\t\t\t<div class=\"elementor-column elementor-col-50 elementor-inner-column elementor-element elementor-element-e0aadec\" data-id=\"e0aadec\" data-element_type=\"column\" data-e-type=\"column\">\n\t\t\t<div class=\"elementor-widget-wrap elementor-element-populated\">\n\t\t\t\t\t\t<div class=\"elementor-element elementor-element-3f3bfcf elementor-widget elementor-widget-text-editor\" data-id=\"3f3bfcf\" data-element_type=\"widget\" data-e-type=\"widget\" data-settings=\"{&quot;_animation&quot;:&quot;none&quot;}\" data-widget_type=\"text-editor.default\">\n\t\t\t\t<div class=\"elementor-widget-container\">\n\t\t\t\t\t\t\t\t\t<p style=\"color: #466a66; font-size: 24px;\"><b>Departamentos<\/b><\/p><ul><li><a href=\"https:\/\/caminos.udc.es\/hosting\/web\/index.php\/depart_dmmr\/\" target=\"_blank\" rel=\"noopener\"> M\u00e9todos Matem\u00e1ticos y de Representaci\u00f3n<\/a><\/li><li><a href=\"http:\/\/www.icudc.es\">Ingenier\u00eda Civil<\/a><\/li><li><a href=\"https:\/\/www.udc.es\/centros_departamentos_servizos\/departamentos\/detalleDepartamento\/?codigo=D120\" target=\"_blank\" rel=\"noopener\"> Proyectos Arquitect\u00f3nicos y Urbanismo<\/a><\/li><li><a href=\"http:\/\/www.udc.es\/dep\/enerxiaepropulsion\/\" target=\"_blank\" rel=\"noopener\"> Energ\u00eda y Propulsi\u00f3n Marina<\/a><\/li><li>Composici\u00f3n<\/li><li><a href=\"http:\/\/www.dc.fi.udc.es\/\" target=\"_blank\" rel=\"noopener\"> Computaci\u00f3n<\/a><\/li><li><a href=\"http:\/\/www.dii.udc.es\/\" target=\"_blank\" rel=\"noopener\"> Ingenier\u00eda Industrial<\/a><\/li><li>Filolog\u00eda Inglesa<\/li><li><a href=\"http:\/\/www.udc.es\/dep\/fgp\/\" target=\"_blank\" rel=\"noopener\"> Gallego-Portugu\u00e9s, Franc\u00e9s y Ling\u00fc\u00edstica<\/a><\/li><li><a href=\"http:\/\/ecoapli1.udc.es\/\" target=\"_blank\" rel=\"noopener\"> Econom\u00eda Aplicada I<\/a><\/li><\/ul>\t\t\t\t\t\t\t\t<\/div>\n\t\t\t\t<\/div>\n\t\t\t\t\t<\/div>\n\t\t<\/div>\n\t\t\t\t<div class=\"elementor-column elementor-col-50 elementor-inner-column elementor-element elementor-element-6f6e0db\" data-id=\"6f6e0db\" data-element_type=\"column\" data-e-type=\"column\">\n\t\t\t<div class=\"elementor-widget-wrap elementor-element-populated\">\n\t\t\t\t\t\t<div class=\"elementor-element elementor-element-d170def elementor-invisible elementor-widget elementor-widget-text-editor\" data-id=\"d170def\" data-element_type=\"widget\" data-e-type=\"widget\" data-settings=\"{&quot;_animation&quot;:&quot;lightSpeedIn&quot;}\" data-widget_type=\"text-editor.default\">\n\t\t\t\t<div class=\"elementor-widget-container\">\n\t\t\t\t\t\t\t\t\t<p style=\"color: #466a66; font-size: 24px;\"><b>Grupos de Investigaci\u00f3n<\/b><\/p><ul><li><a href=\"http:\/\/www.gcons.udc.es\" target=\"_blank\" rel=\"noopener\">Grupo de Construcci\u00f3n<\/a><\/li><li><a href=\"http:\/\/www.geama.info\/\" target=\"_blank\" rel=\"noopener\">Ingenier\u00eda del Agua y del Medio Ambiente<\/a><\/li><li><a href=\"http:\/\/caminos.udc.es\/hosting\/ferroca\/index.html\" target=\"_blank\" rel=\"noopener\">Ferrocarriles y Transportes<\/a><\/li><li><a href=\"http:\/\/caminos.udc.es\/gmni\/index.html\">M\u00e9todos Num\u00e9ricos en Ingenier\u00eda<\/a><\/li><li><a href=\"http:\/\/videalab.udc.es\/\" target=\"_blank\" rel=\"noopener\">Visualizaci\u00f3n Avanzada<\/a><\/li><li><a target=\"_blank\">Hidrolog\u00eda (Superficial y del Subsuelo)<\/a><\/li><li><a href=\"http:\/\/gme.udc.es\/\" target=\"_blank\" rel=\"noopener\">Mec\u00e1nica de Estructura<\/a><\/li><li>Urbanismo y Ordenaci\u00f3n del Territorio<\/li><li><a href=\"http:\/\/cartolab.udc.es\/\" target=\"_blank\" rel=\"noopener\">Ingenier\u00eda Cartogr\u00e1fica<\/a><\/li><li><a href=\"http:\/\/caminos.udc.es\/hosting\/cgm\" target=\"_blank\" rel=\"noopener\"><span lang=\"es\">Carreteras, Geotecnia y Materiales<\/span><\/a><\/li><\/ul>\t\t\t\t\t\t\t\t<\/div>\n\t\t\t\t<\/div>\n\t\t\t\t\t<\/div>\n\t\t<\/div>\n\t\t\t\t\t<\/div>\n\t\t<\/section>\n\t\t\t\t\t<\/div>\n\t\t<\/div>\n\t\t\t\t\t<\/div>\n\t\t<\/section>\n\t\t\t\t<section class=\"elementor-section elementor-top-section elementor-element elementor-element-8eac106 elementor-section-boxed elementor-section-height-default elementor-section-height-default\" data-id=\"8eac106\" data-element_type=\"section\" data-e-type=\"section\">\n\t\t\t\t\t\t<div class=\"elementor-container elementor-column-gap-default\">\n\t\t\t\t\t<div class=\"elementor-column elementor-col-100 elementor-top-column elementor-element elementor-element-197da47\" data-id=\"197da47\" data-element_type=\"column\" data-e-type=\"column\">\n\t\t\t<div class=\"elementor-widget-wrap elementor-element-populated\">\n\t\t\t\t\t\t<div class=\"elementor-element elementor-element-c84e00e elementor-invisible elementor-widget elementor-widget-text-editor\" data-id=\"c84e00e\" data-element_type=\"widget\" data-e-type=\"widget\" data-settings=\"{&quot;_animation&quot;:&quot;slideInRight&quot;}\" data-widget_type=\"text-editor.default\">\n\t\t\t\t<div class=\"elementor-widget-container\">\n\t\t\t\t\t\t\t\t\t<div id=\"metaslider-id-681\" style=\"max-width: 425px; margin: 0 auto;\" class=\"ml-slider-3-106-0 metaslider metaslider-flex metaslider-681 ml-slider ms-theme-bubble nav-hidden\" role=\"region\" aria-label=\"Widget1\" data-height=\"200\" data-width=\"425\">\n    <div id=\"metaslider_container_681\">\n        <div id=\"metaslider_681\">\n            <ul class='slides'>\n                <li style=\"display: block; width: 100%;\" class=\"slide-682 ms-image \" aria-roledescription=\"slide\" data-date=\"2020-06-23 08:56:31\" data-filename=\"ot18-425x200.png\" data-slide-type=\"image\"><img fetchpriority=\"high\" decoding=\"async\" src=\"https:\/\/caminos.udc.es\/hosting\/web\/wp-content\/uploads\/2020\/06\/ot18-425x200.png\" height=\"200\" width=\"425\" alt=\"\" class=\"slider-681 slide-682 msDefaultImage\" title=\"ot18\" \/><\/li>\n                <li style=\"display: none; width: 100%;\" class=\"slide-683 ms-image \" aria-roledescription=\"slide\" data-date=\"2020-06-23 08:56:31\" data-filename=\"ot16-425x200.png\" data-slide-type=\"image\"><img decoding=\"async\" src=\"https:\/\/caminos.udc.es\/hosting\/web\/wp-content\/uploads\/2020\/06\/ot16-425x200.png\" height=\"200\" width=\"425\" alt=\"\" class=\"slider-681 slide-683 msDefaultImage\" title=\"ot16\" \/><\/li>\n                <li style=\"display: none; width: 100%;\" class=\"slide-684 ms-image \" aria-roledescription=\"slide\" data-date=\"2020-06-23 08:56:31\" data-filename=\"ot17-425x200.png\" data-slide-type=\"image\"><img decoding=\"async\" src=\"https:\/\/caminos.udc.es\/hosting\/web\/wp-content\/uploads\/2020\/06\/ot17-425x200.png\" height=\"200\" width=\"425\" alt=\"\" class=\"slider-681 slide-684 msDefaultImage\" title=\"ot17\" \/><\/li>\n                <li style=\"display: none; width: 100%;\" class=\"slide-685 ms-image \" aria-roledescription=\"slide\" data-date=\"2020-06-23 08:56:31\" data-filename=\"ot15-425x200.png\" data-slide-type=\"image\"><img loading=\"lazy\" decoding=\"async\" src=\"https:\/\/caminos.udc.es\/hosting\/web\/wp-content\/uploads\/2020\/06\/ot15-425x200.png\" height=\"200\" width=\"425\" alt=\"\" class=\"slider-681 slide-685 msDefaultImage\" title=\"ot15\" \/><\/li>\n                <li style=\"display: none; width: 100%;\" class=\"slide-686 ms-image \" aria-roledescription=\"slide\" data-date=\"2020-06-23 08:56:31\" data-filename=\"ot14-425x200.png\" data-slide-type=\"image\"><img loading=\"lazy\" decoding=\"async\" src=\"https:\/\/caminos.udc.es\/hosting\/web\/wp-content\/uploads\/2020\/06\/ot14-425x200.png\" height=\"200\" width=\"425\" alt=\"\" class=\"slider-681 slide-686 msDefaultImage\" title=\"ot14\" \/><\/li>\n                <li style=\"display: none; width: 100%;\" class=\"slide-687 ms-image \" aria-roledescription=\"slide\" data-date=\"2020-06-23 08:56:32\" data-filename=\"ot13-425x200.png\" data-slide-type=\"image\"><img loading=\"lazy\" decoding=\"async\" src=\"https:\/\/caminos.udc.es\/hosting\/web\/wp-content\/uploads\/2020\/06\/ot13-425x200.png\" height=\"200\" width=\"425\" alt=\"\" class=\"slider-681 slide-687 msDefaultImage\" title=\"ot13\" \/><\/li>\n                <li style=\"display: none; width: 100%;\" class=\"slide-688 ms-image \" aria-roledescription=\"slide\" data-date=\"2020-06-23 08:56:32\" data-filename=\"0t11-425x200.png\" data-slide-type=\"image\"><img loading=\"lazy\" decoding=\"async\" src=\"https:\/\/caminos.udc.es\/hosting\/web\/wp-content\/uploads\/2020\/06\/0t11-425x200.png\" height=\"200\" width=\"425\" alt=\"\" class=\"slider-681 slide-688 msDefaultImage\" title=\"0t11\" \/><\/li>\n                <li style=\"display: none; width: 100%;\" class=\"slide-689 ms-image \" aria-roledescription=\"slide\" data-date=\"2020-06-23 08:56:32\" data-filename=\"ot12-425x200.png\" data-slide-type=\"image\"><img loading=\"lazy\" decoding=\"async\" src=\"https:\/\/caminos.udc.es\/hosting\/web\/wp-content\/uploads\/2020\/06\/ot12-425x200.png\" height=\"200\" width=\"425\" alt=\"\" class=\"slider-681 slide-689 msDefaultImage\" title=\"ot12\" \/><\/li>\n                <li style=\"display: none; width: 100%;\" class=\"slide-690 ms-image \" aria-roledescription=\"slide\" data-date=\"2020-06-23 08:56:33\" data-filename=\"ot8-425x200.png\" data-slide-type=\"image\"><img loading=\"lazy\" decoding=\"async\" src=\"https:\/\/caminos.udc.es\/hosting\/web\/wp-content\/uploads\/2020\/06\/ot8-425x200.png\" height=\"200\" width=\"425\" alt=\"\" class=\"slider-681 slide-690 msDefaultImage\" title=\"ot8\" \/><\/li>\n                <li style=\"display: none; width: 100%;\" class=\"slide-691 ms-image \" aria-roledescription=\"slide\" data-date=\"2020-06-23 08:56:33\" data-filename=\"ot7-425x200.png\" data-slide-type=\"image\"><img loading=\"lazy\" decoding=\"async\" src=\"https:\/\/caminos.udc.es\/hosting\/web\/wp-content\/uploads\/2020\/06\/ot7-425x200.png\" height=\"200\" width=\"425\" alt=\"\" class=\"slider-681 slide-691 msDefaultImage\" title=\"ot7\" \/><\/li>\n                <li style=\"display: none; width: 100%;\" class=\"slide-692 ms-image \" aria-roledescription=\"slide\" data-date=\"2020-06-23 08:56:33\" data-filename=\"ot6-425x200.png\" data-slide-type=\"image\"><img loading=\"lazy\" decoding=\"async\" src=\"https:\/\/caminos.udc.es\/hosting\/web\/wp-content\/uploads\/2020\/06\/ot6-425x200.png\" height=\"200\" width=\"425\" alt=\"\" class=\"slider-681 slide-692 msDefaultImage\" title=\"ot6\" \/><\/li>\n                <li style=\"display: none; width: 100%;\" class=\"slide-693 ms-image \" aria-roledescription=\"slide\" data-date=\"2020-06-23 08:56:33\" data-filename=\"ot5-425x200.png\" data-slide-type=\"image\"><img loading=\"lazy\" decoding=\"async\" src=\"https:\/\/caminos.udc.es\/hosting\/web\/wp-content\/uploads\/2020\/06\/ot5-425x200.png\" height=\"200\" width=\"425\" alt=\"\" class=\"slider-681 slide-693 msDefaultImage\" title=\"ot5\" \/><\/li>\n                <li style=\"display: none; width: 100%;\" class=\"slide-694 ms-image \" aria-roledescription=\"slide\" data-date=\"2020-06-23 08:56:34\" data-filename=\"ot4-425x200.png\" data-slide-type=\"image\"><img loading=\"lazy\" decoding=\"async\" src=\"https:\/\/caminos.udc.es\/hosting\/web\/wp-content\/uploads\/2020\/06\/ot4-425x200.png\" height=\"200\" width=\"425\" alt=\"\" class=\"slider-681 slide-694 msDefaultImage\" title=\"ot4\" \/><\/li>\n                <li style=\"display: none; width: 100%;\" class=\"slide-695 ms-image \" aria-roledescription=\"slide\" data-date=\"2020-06-23 08:56:34\" data-filename=\"ot3-425x200.png\" data-slide-type=\"image\"><img loading=\"lazy\" decoding=\"async\" src=\"https:\/\/caminos.udc.es\/hosting\/web\/wp-content\/uploads\/2020\/06\/ot3-425x200.png\" height=\"200\" width=\"425\" alt=\"\" class=\"slider-681 slide-695 msDefaultImage\" title=\"ot3\" \/><\/li>\n                <li style=\"display: none; width: 100%;\" class=\"slide-696 ms-image \" aria-roledescription=\"slide\" data-date=\"2020-06-23 08:56:34\" data-filename=\"ot2-425x200.png\" data-slide-type=\"image\"><img loading=\"lazy\" decoding=\"async\" src=\"https:\/\/caminos.udc.es\/hosting\/web\/wp-content\/uploads\/2020\/06\/ot2-425x200.png\" height=\"200\" width=\"425\" alt=\"\" class=\"slider-681 slide-696 msDefaultImage\" title=\"ot2\" \/><\/li>\n                <li style=\"display: none; width: 100%;\" class=\"slide-697 ms-image \" aria-roledescription=\"slide\" data-date=\"2020-06-23 08:56:34\" data-filename=\"ot1-425x200.png\" data-slide-type=\"image\"><img loading=\"lazy\" decoding=\"async\" src=\"https:\/\/caminos.udc.es\/hosting\/web\/wp-content\/uploads\/2020\/06\/ot1-425x200.png\" height=\"200\" width=\"425\" alt=\"\" class=\"slider-681 slide-697 msDefaultImage\" title=\"ot1\" \/><\/li>\n                <li style=\"display: none; width: 100%;\" class=\"slide-698 ms-image \" aria-roledescription=\"slide\" data-date=\"2020-06-23 08:56:35\" data-filename=\"ot10-425x200.png\" data-slide-type=\"image\"><img loading=\"lazy\" decoding=\"async\" src=\"https:\/\/caminos.udc.es\/hosting\/web\/wp-content\/uploads\/2020\/06\/ot10-425x200.png\" height=\"200\" width=\"425\" alt=\"\" class=\"slider-681 slide-698 msDefaultImage\" title=\"ot10\" \/><\/li>\n                <li style=\"display: none; width: 100%;\" class=\"slide-699 ms-image \" aria-roledescription=\"slide\" data-date=\"2020-06-23 08:56:35\" data-filename=\"ot9-425x200.png\" data-slide-type=\"image\"><img loading=\"lazy\" decoding=\"async\" src=\"https:\/\/caminos.udc.es\/hosting\/web\/wp-content\/uploads\/2020\/06\/ot9-425x200.png\" height=\"200\" width=\"425\" alt=\"\" class=\"slider-681 slide-699 msDefaultImage\" title=\"ot9\" \/><\/li>\n            <\/ul>\n        <\/div>\n        \n    <\/div>\n<\/div>\t\t\t\t\t\t\t\t<\/div>\n\t\t\t\t<\/div>\n\t\t\t\t\t<\/div>\n\t\t<\/div>\n\t\t\t\t\t<\/div>\n\t\t<\/section>\n\t\t\t\t<\/div>\n\t\t","protected":false},"excerpt":{"rendered":"<p>Los siguientes departamentos universitarios imparten docencia y realizan investigaci\u00f3n en la Escuela, siendo los dos primeros a los que est\u00e1n adscritos la mayor parte de los profesores del centro. Departamentos M\u00e9todos Matem\u00e1ticos y de Representaci\u00f3n Ingenier\u00eda Civil Proyectos Arquitect\u00f3nicos y Urbanismo Energ\u00eda y Propulsi\u00f3n Marina Composici\u00f3n Computaci\u00f3n Ingenier\u00eda Industrial Filolog\u00eda&#8230; <a class=\"continue-reading-link\" href=\"https:\/\/caminos.udc.es\/hosting\/web\/index.php\/departamentos\/\">Continue reading<\/a><\/p>\n","protected":false},"author":1,"featured_media":0,"parent":0,"menu_order":0,"comment_status":"closed","ping_status":"closed","template":"","meta":{"footnotes":""},"class_list":["post-210","page","type-page","status-publish","hentry"],"yoast_head":"<!-- This site is optimized with the Yoast SEO plugin v25.6 - https:\/\/yoast.com\/wordpress\/plugins\/seo\/ -->\n<title>Investigaci\u00f3n -<\/title>\n<meta name=\"robots\" content=\"index, follow, max-snippet:-1, max-image-preview:large, max-video-preview:-1\" \/>\n<link rel=\"canonical\" href=\"https:\/\/caminos.udc.es\/hosting\/web\/index.php\/departamentos\/\" \/>\n<meta property=\"og:locale\" content=\"es_ES\" \/>\n<meta property=\"og:type\" content=\"article\" \/>\n<meta property=\"og:title\" content=\"Investigaci\u00f3n -\" \/>\n<meta property=\"og:description\" content=\"Los siguientes departamentos universitarios imparten docencia y realizan investigaci\u00f3n en la Escuela, siendo los dos primeros a los que est\u00e1n adscritos la mayor parte de los profesores del centro. Departamentos M\u00e9todos Matem\u00e1ticos y de Representaci\u00f3n Ingenier\u00eda Civil Proyectos Arquitect\u00f3nicos y Urbanismo Energ\u00eda y Propulsi\u00f3n Marina Composici\u00f3n Computaci\u00f3n Ingenier\u00eda Industrial Filolog\u00eda... Continue reading\" \/>\n<meta property=\"og:url\" content=\"https:\/\/caminos.udc.es\/hosting\/web\/index.php\/departamentos\/\" \/>\n<meta property=\"article:publisher\" content=\"https:\/\/www.facebook.com\/caminosudc\/\" \/>\n<meta property=\"article:modified_time\" content=\"2021-04-20T11:38:15+00:00\" \/>\n<meta name=\"twitter:card\" content=\"summary_large_image\" \/>\n<meta name=\"twitter:site\" content=\"@Caminos_UDC\" \/>\n<meta name=\"twitter:label1\" content=\"Tiempo de lectura\" \/>\n\t<meta name=\"twitter:data1\" content=\"5 minutos\" \/>\n<script type=\"application\/ld+json\" class=\"yoast-schema-graph\">{\"@context\":\"https:\/\/schema.org\",\"@graph\":[{\"@type\":\"WebPage\",\"@id\":\"https:\/\/caminos.udc.es\/hosting\/web\/index.php\/departamentos\/\",\"url\":\"https:\/\/caminos.udc.es\/hosting\/web\/index.php\/departamentos\/\",\"name\":\"Investigaci\u00f3n -\",\"isPartOf\":{\"@id\":\"https:\/\/caminos.udc.es\/hosting\/web\/#website\"},\"datePublished\":\"2020-04-29T09:19:30+00:00\",\"dateModified\":\"2021-04-20T11:38:15+00:00\",\"breadcrumb\":{\"@id\":\"https:\/\/caminos.udc.es\/hosting\/web\/index.php\/departamentos\/#breadcrumb\"},\"inLanguage\":\"es\",\"potentialAction\":[{\"@type\":\"ReadAction\",\"target\":[\"https:\/\/caminos.udc.es\/hosting\/web\/index.php\/departamentos\/\"]}]},{\"@type\":\"BreadcrumbList\",\"@id\":\"https:\/\/caminos.udc.es\/hosting\/web\/index.php\/departamentos\/#breadcrumb\",\"itemListElement\":[{\"@type\":\"ListItem\",\"position\":1,\"name\":\"Portada\",\"item\":\"https:\/\/caminos.udc.es\/hosting\/web\/\"},{\"@type\":\"ListItem\",\"position\":2,\"name\":\"Investigaci\u00f3n\"}]},{\"@type\":\"WebSite\",\"@id\":\"https:\/\/caminos.udc.es\/hosting\/web\/#website\",\"url\":\"https:\/\/caminos.udc.es\/hosting\/web\/\",\"name\":\"Escuela de Caminos UDC\",\"description\":\"\",\"publisher\":{\"@id\":\"https:\/\/caminos.udc.es\/hosting\/web\/#organization\"},\"potentialAction\":[{\"@type\":\"SearchAction\",\"target\":{\"@type\":\"EntryPoint\",\"urlTemplate\":\"https:\/\/caminos.udc.es\/hosting\/web\/?s={search_term_string}\"},\"query-input\":{\"@type\":\"PropertyValueSpecification\",\"valueRequired\":true,\"valueName\":\"search_term_string\"}}],\"inLanguage\":\"es\"},{\"@type\":\"Organization\",\"@id\":\"https:\/\/caminos.udc.es\/hosting\/web\/#organization\",\"name\":\"Escuela de Caminos, Canales y Puertos A Coru\u00f1a\",\"url\":\"https:\/\/caminos.udc.es\/hosting\/web\/\",\"logo\":{\"@type\":\"ImageObject\",\"inLanguage\":\"es\",\"@id\":\"https:\/\/caminos.udc.es\/hosting\/web\/#\/schema\/logo\/image\/\",\"url\":\"https:\/\/caminos.udc.es\/hosting\/web\/wp-content\/uploads\/2020\/08\/Logo-Puente.png\",\"contentUrl\":\"https:\/\/caminos.udc.es\/hosting\/web\/wp-content\/uploads\/2020\/08\/Logo-Puente.png\",\"width\":467,\"height\":120,\"caption\":\"Escuela de Caminos, Canales y Puertos A Coru\u00f1a\"},\"image\":{\"@id\":\"https:\/\/caminos.udc.es\/hosting\/web\/#\/schema\/logo\/image\/\"},\"sameAs\":[\"https:\/\/www.facebook.com\/caminosudc\/\",\"https:\/\/x.com\/Caminos_UDC\",\"https:\/\/es.wikipedia.org\/wiki\/Escuela_T\u00e9cnica_Superior_de_Ingenieros_de_Caminos,_Canales_y_Puertos_de_La_Coru\u00f1a\"]}]}<\/script>\n<!-- \/ Yoast SEO plugin. -->","yoast_head_json":{"title":"Investigaci\u00f3n -","robots":{"index":"index","follow":"follow","max-snippet":"max-snippet:-1","max-image-preview":"max-image-preview:large","max-video-preview":"max-video-preview:-1"},"canonical":"https:\/\/caminos.udc.es\/hosting\/web\/index.php\/departamentos\/","og_locale":"es_ES","og_type":"article","og_title":"Investigaci\u00f3n -","og_description":"Los siguientes departamentos universitarios imparten docencia y realizan investigaci\u00f3n en la Escuela, siendo los dos primeros a los que est\u00e1n adscritos la mayor parte de los profesores del centro. Departamentos M\u00e9todos Matem\u00e1ticos y de Representaci\u00f3n Ingenier\u00eda Civil Proyectos Arquitect\u00f3nicos y Urbanismo Energ\u00eda y Propulsi\u00f3n Marina Composici\u00f3n Computaci\u00f3n Ingenier\u00eda Industrial Filolog\u00eda... Continue reading","og_url":"https:\/\/caminos.udc.es\/hosting\/web\/index.php\/departamentos\/","article_publisher":"https:\/\/www.facebook.com\/caminosudc\/","article_modified_time":"2021-04-20T11:38:15+00:00","twitter_card":"summary_large_image","twitter_site":"@Caminos_UDC","twitter_misc":{"Tiempo de lectura":"5 minutos"},"schema":{"@context":"https:\/\/schema.org","@graph":[{"@type":"WebPage","@id":"https:\/\/caminos.udc.es\/hosting\/web\/index.php\/departamentos\/","url":"https:\/\/caminos.udc.es\/hosting\/web\/index.php\/departamentos\/","name":"Investigaci\u00f3n -","isPartOf":{"@id":"https:\/\/caminos.udc.es\/hosting\/web\/#website"},"datePublished":"2020-04-29T09:19:30+00:00","dateModified":"2021-04-20T11:38:15+00:00","breadcrumb":{"@id":"https:\/\/caminos.udc.es\/hosting\/web\/index.php\/departamentos\/#breadcrumb"},"inLanguage":"es","potentialAction":[{"@type":"ReadAction","target":["https:\/\/caminos.udc.es\/hosting\/web\/index.php\/departamentos\/"]}]},{"@type":"BreadcrumbList","@id":"https:\/\/caminos.udc.es\/hosting\/web\/index.php\/departamentos\/#breadcrumb","itemListElement":[{"@type":"ListItem","position":1,"name":"Portada","item":"https:\/\/caminos.udc.es\/hosting\/web\/"},{"@type":"ListItem","position":2,"name":"Investigaci\u00f3n"}]},{"@type":"WebSite","@id":"https:\/\/caminos.udc.es\/hosting\/web\/#website","url":"https:\/\/caminos.udc.es\/hosting\/web\/","name":"Escuela de Caminos UDC","description":"","publisher":{"@id":"https:\/\/caminos.udc.es\/hosting\/web\/#organization"},"potentialAction":[{"@type":"SearchAction","target":{"@type":"EntryPoint","urlTemplate":"https:\/\/caminos.udc.es\/hosting\/web\/?s={search_term_string}"},"query-input":{"@type":"PropertyValueSpecification","valueRequired":true,"valueName":"search_term_string"}}],"inLanguage":"es"},{"@type":"Organization","@id":"https:\/\/caminos.udc.es\/hosting\/web\/#organization","name":"Escuela de Caminos, Canales y Puertos A Coru\u00f1a","url":"https:\/\/caminos.udc.es\/hosting\/web\/","logo":{"@type":"ImageObject","inLanguage":"es","@id":"https:\/\/caminos.udc.es\/hosting\/web\/#\/schema\/logo\/image\/","url":"https:\/\/caminos.udc.es\/hosting\/web\/wp-content\/uploads\/2020\/08\/Logo-Puente.png","contentUrl":"https:\/\/caminos.udc.es\/hosting\/web\/wp-content\/uploads\/2020\/08\/Logo-Puente.png","width":467,"height":120,"caption":"Escuela de Caminos, Canales y Puertos A Coru\u00f1a"},"image":{"@id":"https:\/\/caminos.udc.es\/hosting\/web\/#\/schema\/logo\/image\/"},"sameAs":["https:\/\/www.facebook.com\/caminosudc\/","https:\/\/x.com\/Caminos_UDC","https:\/\/es.wikipedia.org\/wiki\/Escuela_T\u00e9cnica_Superior_de_Ingenieros_de_Caminos,_Canales_y_Puertos_de_La_Coru\u00f1a"]}]}},"_links":{"self":[{"href":"https:\/\/caminos.udc.es\/hosting\/web\/index.php\/wp-json\/wp\/v2\/pages\/210","targetHints":{"allow":["GET"]}}],"collection":[{"href":"https:\/\/caminos.udc.es\/hosting\/web\/index.php\/wp-json\/wp\/v2\/pages"}],"about":[{"href":"https:\/\/caminos.udc.es\/hosting\/web\/index.php\/wp-json\/wp\/v2\/types\/page"}],"author":[{"embeddable":true,"href":"https:\/\/caminos.udc.es\/hosting\/web\/index.php\/wp-json\/wp\/v2\/users\/1"}],"replies":[{"embeddable":true,"href":"https:\/\/caminos.udc.es\/hosting\/web\/index.php\/wp-json\/wp\/v2\/comments?post=210"}],"version-history":[{"count":81,"href":"https:\/\/caminos.udc.es\/hosting\/web\/index.php\/wp-json\/wp\/v2\/pages\/210\/revisions"}],"predecessor-version":[{"id":2132,"href":"https:\/\/caminos.udc.es\/hosting\/web\/index.php\/wp-json\/wp\/v2\/pages\/210\/revisions\/2132"}],"wp:attachment":[{"href":"https:\/\/caminos.udc.es\/hosting\/web\/index.php\/wp-json\/wp\/v2\/media?parent=210"}],"curies":[{"name":"wp","href":"https:\/\/api.w.org\/{rel}","templated":true}]}}