{"id":1968,"date":"2021-02-02T08:48:04","date_gmt":"2021-02-02T08:48:04","guid":{"rendered":"https:\/\/caminos.udc.es\/hosting\/web\/?page_id=1968"},"modified":"2025-02-25T11:52:07","modified_gmt":"2025-02-25T11:52:07","slug":"tc_doctorado","status":"publish","type":"page","link":"https:\/\/caminos.udc.es\/hosting\/web\/index.php\/tc_doctorado\/","title":{"rendered":"tc_doctorado"},"content":{"rendered":"\t\t<div data-elementor-type=\"wp-page\" data-elementor-id=\"1968\" class=\"elementor elementor-1968\">\n\t\t\t\t\t\t<section class=\"elementor-section elementor-top-section elementor-element elementor-element-80a7c80 elementor-section-boxed elementor-section-height-default elementor-section-height-default\" data-id=\"80a7c80\" data-element_type=\"section\" data-e-type=\"section\">\n\t\t\t\t\t\t<div class=\"elementor-container elementor-column-gap-default\">\n\t\t\t\t\t<div class=\"elementor-column elementor-col-100 elementor-top-column elementor-element elementor-element-39fc992\" data-id=\"39fc992\" data-element_type=\"column\" data-e-type=\"column\">\n\t\t\t<div class=\"elementor-widget-wrap elementor-element-populated\">\n\t\t\t\t\t\t<div class=\"elementor-element elementor-element-7005e26 elementor-widget elementor-widget-heading\" data-id=\"7005e26\" data-element_type=\"widget\" data-e-type=\"widget\" data-widget_type=\"heading.default\">\n\t\t\t\t<div class=\"elementor-widget-container\">\n\t\t\t\t\t<h2 class=\"elementor-heading-title elementor-size-default\">Programa de Doutoramento \"Enxe\u00f1ar\u00eda Civil\"<\/h2>\t\t\t\t<\/div>\n\t\t\t\t<\/div>\n\t\t\t\t<div class=\"elementor-element elementor-element-32eb9cf elementor-widget-divider--view-line elementor-widget elementor-widget-divider\" data-id=\"32eb9cf\" data-element_type=\"widget\" data-e-type=\"widget\" data-widget_type=\"divider.default\">\n\t\t\t\t<div class=\"elementor-widget-container\">\n\t\t\t\t\t\t\t<div class=\"elementor-divider\">\n\t\t\t<span class=\"elementor-divider-separator\">\n\t\t\t\t\t\t<\/span>\n\t\t<\/div>\n\t\t\t\t\t\t<\/div>\n\t\t\t\t<\/div>\n\t\t\t\t<div class=\"elementor-element elementor-element-4aee769 elementor-widget elementor-widget-text-editor\" data-id=\"4aee769\" data-element_type=\"widget\" data-e-type=\"widget\" data-widget_type=\"text-editor.default\">\n\t\t\t\t<div class=\"elementor-widget-container\">\n\t\t\t\t\t\t\t\t\t<p>El Programa de Doctorado \u00abIngenier\u00eda Civil\u00bb est\u00e1 organizado por la&nbsp;<a href=\"http:\/\/caminos.udc.es\/\">E. T. S. de Ingenier\u00eda de Caminos, Canales y Puertos<\/a>&nbsp;de la&nbsp;<a href=\"http:\/\/www.udc.es\/\">Universidade da Coru\u00f1a.<\/a><\/p>\n<p>Sustituye al programa del mismo nombre regido por el RD 1393\/2007, que fue distinguido con la menci\u00f3n hacia la excelencia por la Secretar\u00eda General de Universidades, en su resoluci\u00f3n del 6 de octubre de 2011, con per\u00edodo de validez de 2011\/2012 a 2013\/2014.<\/p>\t\t\t\t\t\t\t\t<\/div>\n\t\t\t\t<\/div>\n\t\t\t\t<section class=\"elementor-section elementor-inner-section elementor-element elementor-element-134e035 elementor-section-boxed elementor-section-height-default elementor-section-height-default\" data-id=\"134e035\" data-element_type=\"section\" data-e-type=\"section\">\n\t\t\t\t\t\t<div class=\"elementor-container elementor-column-gap-default\">\n\t\t\t\t\t<div class=\"elementor-column elementor-col-50 elementor-inner-column elementor-element elementor-element-384b662\" data-id=\"384b662\" data-element_type=\"column\" data-e-type=\"column\">\n\t\t\t<div class=\"elementor-widget-wrap elementor-element-populated\">\n\t\t\t\t\t\t<div class=\"elementor-element elementor-element-ed497fe elementor-widget elementor-widget-text-editor\" data-id=\"ed497fe\" data-element_type=\"widget\" data-e-type=\"widget\" data-widget_type=\"text-editor.default\">\n\t\t\t\t<div class=\"elementor-widget-container\">\n\t\t\t\t\t\t\t\t\t<header><h1>Actualidad<\/h1><\/header><div><ul><li><strong>Relaci\u00f3n definitiva de admitidos y excluidos del Programa de doctorado de Ingenier\u00eda Civil curso 2024\/2025 1\u00ba Plazo Ordinario<\/strong><p><a href=\"https:\/\/caminos.udc.es\/hosting\/web\/wp-content\/uploads\/05_03_Doctorado_Lista-DEFINITIVA-admitidos-excluidos-1-prazo-24-25.pdf\">Enlace al documento<\/a><\/p><\/li><li><strong>Relaci\u00f3n definitiva de admitidos y excluidos del Programa de doctorado de Ingenier\u00eda Civil curso 2024\/2025 2\u00ba Plazo Ordinario<\/strong><p><a href=\"https:\/\/caminos.udc.es\/hosting\/web\/wp-content\/uploads\/04.03-Lista-DEFINITIVA-admitidos-excluidos-2-prazo-ordinario.report.pdf\">Enlace al documento<\/a><\/p><\/li><li><strong>Publicado el calendario del curso 2024-2025<\/strong><p><a href=\"https:\/\/caminos.udc.es\/hosting\/web\/wp-content\/uploads\/05_03_Calendario-de-doctorado-admision-e-matricula-24-25.pdf\">Enlace al documento<\/a><\/p><\/li><li><strong>Defensa de Tesis<\/strong><\/li><\/ul><p><b>Titulo<\/b>: NOVEL DATA-DRIVEN APPROACHES FOR THE ANALYSIS<br \/>AND ENHANCEMENT OF URBAN BUS SYSTEM<br \/>OPERATIONS AND STOP DEMAND<\/p><p><b>Autora<\/b>: Yaiza Montero Lamas<br \/>Direcci\u00f3n:\u00a0Margarita Novales Ordax ; Alfonso Orro Arcay<\/p><p><b>Fecha<\/b>:\u00a0 21 de enero de 2025. Hora: 11:30 h<br \/><b>Lugar<\/b>: sala de visualizaci\u00f3n del Centro Tecnol\u00f3gico en Edificaci\u00f3n e Ingenier\u00eda Civil (CITEEC)<\/p><\/div>\t\t\t\t\t\t\t\t<\/div>\n\t\t\t\t<\/div>\n\t\t\t\t<div class=\"elementor-element elementor-element-81516f7 elementor-widget elementor-widget-text-editor\" data-id=\"81516f7\" data-element_type=\"widget\" data-e-type=\"widget\" data-widget_type=\"text-editor.default\">\n\t\t\t\t<div class=\"elementor-widget-container\">\n\t\t\t\t\t\t\t\t\t<header><h1>Actualidad<\/h1><\/header><div><ul><li><strong>Relaci\u00f3n definitiva de admitidos y excluidos del Programa de doctorado de Ingenier\u00eda Civil curso 2024\/2025 1\u00ba Plazo Ordinario<\/strong><p><a href=\"https:\/\/caminos.udc.es\/hosting\/web\/wp-content\/uploads\/05_03_Doctorado_Lista-DEFINITIVA-admitidos-excluidos-1-prazo-24-25.pdf\">Enlace al documento<\/a><\/p><\/li><li><strong>Relaci\u00f3n definitiva de admitidos y excluidos del Programa de doctorado de Ingenier\u00eda Civil curso 2023\/2024 2\u00ba Plazo Ordinario<\/strong><p><a href=\"https:\/\/caminos.udc.es\/hosting\/web\/wp-content\/uploads\/Lista-DEF-admitidos-excluidos-2-prazo-ordinario-DOCTORADO-report.pdf\">Enlace al documento<\/a><\/p><\/li><li><strong>Publicado el calendario del curso 2024-2025<\/strong><p><a href=\"https:\/\/caminos.udc.es\/hosting\/web\/wp-content\/uploads\/05_03_Calendario-de-doctorado-admision-e-matricula-24-25.pdf\">Enlace al documento<\/a><\/p><\/li><li><strong>Defensa de Tesis<\/strong><\/li><\/ul><p><b>Titulo<\/b>: An\u00e1lisis de la accesibilidad peatonal a partir de la caracterizaci\u00f3n de caminos potenciales mediante tecnolog\u00edas de captura masiva de datos<\/p><p><b>Autor<\/b>: David Fern\u00e1ndez Arango<br \/>Direcci\u00f3n: Francisco Alberto Varela Garc\u00eda<\/p><p><b>Fecha<\/b>:\u00a0 27 de noviembre de 2024. Hora: 11:00 h<br \/><b>Lugar<\/b>: sala de visualizaci\u00f3n del Centro Tecnol\u00f3gico en Edificaci\u00f3n e Ingenier\u00eda Civil (CITEEC)<\/p><p>&#8212;&#8212;&#8212;&#8212;&#8212;&#8212;&#8212;&#8212;&#8212;&#8212;&#8212;&#8212;&#8212;&#8212;&#8212;&#8212;&#8212;&#8212;&#8212;&#8212;&#8212;&#8212;&#8212;&#8212;&#8212;-<\/p><p>\u00a0<\/p><p>\u00a0<\/p><\/div>\t\t\t\t\t\t\t\t<\/div>\n\t\t\t\t<\/div>\n\t\t\t\t\t<\/div>\n\t\t<\/div>\n\t\t\t\t<div class=\"elementor-column elementor-col-50 elementor-inner-column elementor-element elementor-element-75a044b\" data-id=\"75a044b\" data-element_type=\"column\" data-e-type=\"column\">\n\t\t\t<div class=\"elementor-widget-wrap elementor-element-populated\">\n\t\t\t\t\t\t<div class=\"elementor-element elementor-element-66d8c7d elementor-widget elementor-widget-text-editor\" data-id=\"66d8c7d\" data-element_type=\"widget\" data-e-type=\"widget\" data-widget_type=\"text-editor.default\">\n\t\t\t\t<div class=\"elementor-widget-container\">\n\t\t\t\t\t\t\t\t\t<header class=\"entry-header\"><h1 class=\"entry-title\">Legislaci\u00f3n y normativa<\/h1><\/header><div class=\"entry-content\"><ul><li><a href=\"https:\/\/www.udc.es\/gl\/eid\/normativa\/\">Enlace a la normativa vigente<\/a><\/li><\/ul><div><header class=\"entry-header\"><\/header><div class=\"entry-content\"><h1 class=\"entry-title\">Enlaces de inter\u00e9s<\/h1><ul><li><a href=\"http:\/\/www.udc.es\/eid\/\">Escola Internacional de\u00a0 Doutoramento da UDC<\/a><\/li><li><a href=\"http:\/\/estudos.udc.es\/gl\/study\/start\/5011V01\/\">P\u00e1gina del Programa de Doctorado \u00abEnxe\u00f1ar\u00eda Civil\u00bb en la web de Estudos UDC<\/a><\/li><li><a href=\"https:\/\/www.udc.es\/gl\/eid\/impresos\/\">Formularios \/ Solicitudes<\/a><\/li><\/ul><\/div><\/div><\/div>\t\t\t\t\t\t\t\t<\/div>\n\t\t\t\t<\/div>\n\t\t\t\t\t<\/div>\n\t\t<\/div>\n\t\t\t\t\t<\/div>\n\t\t<\/section>\n\t\t\t\t\t<\/div>\n\t\t<\/div>\n\t\t\t\t\t<\/div>\n\t\t<\/section>\n\t\t\t\t<\/div>\n\t\t","protected":false},"excerpt":{"rendered":"<p>Programa de Doutoramento \u00abEnxe\u00f1ar\u00eda Civil\u00bb El Programa de Doctorado \u00abIngenier\u00eda Civil\u00bb est\u00e1 organizado por la&nbsp;E. T. S. de Ingenier\u00eda de Caminos, Canales y Puertos&nbsp;de la&nbsp;Universidade da Coru\u00f1a. Sustituye al programa del mismo nombre regido por el RD 1393\/2007, que fue distinguido con la menci\u00f3n hacia la excelencia por la Secretar\u00eda&#8230; <a class=\"continue-reading-link\" href=\"https:\/\/caminos.udc.es\/hosting\/web\/index.php\/tc_doctorado\/\">Continue reading<\/a><\/p>\n","protected":false},"author":2,"featured_media":0,"parent":0,"menu_order":0,"comment_status":"closed","ping_status":"closed","template":"","meta":{"footnotes":""},"class_list":["post-1968","page","type-page","status-publish","hentry"],"yoast_head":"<!-- This site is optimized with the Yoast SEO plugin v25.6 - https:\/\/yoast.com\/wordpress\/plugins\/seo\/ -->\n<title>tc_doctorado -<\/title>\n<meta name=\"robots\" content=\"index, follow, max-snippet:-1, max-image-preview:large, max-video-preview:-1\" \/>\n<link rel=\"canonical\" href=\"https:\/\/caminos.udc.es\/hosting\/web\/index.php\/tc_doctorado\/\" \/>\n<meta property=\"og:locale\" content=\"es_ES\" \/>\n<meta property=\"og:type\" content=\"article\" \/>\n<meta property=\"og:title\" content=\"tc_doctorado -\" \/>\n<meta property=\"og:description\" content=\"Programa de Doutoramento \u00abEnxe\u00f1ar\u00eda Civil\u00bb El Programa de Doctorado \u00abIngenier\u00eda Civil\u00bb est\u00e1 organizado por la&nbsp;E. T. S. de Ingenier\u00eda de Caminos, Canales y Puertos&nbsp;de la&nbsp;Universidade da Coru\u00f1a. Sustituye al programa del mismo nombre regido por el RD 1393\/2007, que fue distinguido con la menci\u00f3n hacia la excelencia por la Secretar\u00eda... Continue reading\" \/>\n<meta property=\"og:url\" content=\"https:\/\/caminos.udc.es\/hosting\/web\/index.php\/tc_doctorado\/\" \/>\n<meta property=\"article:publisher\" content=\"https:\/\/www.facebook.com\/caminosudc\/\" \/>\n<meta property=\"article:modified_time\" content=\"2025-02-25T11:52:07+00:00\" \/>\n<meta name=\"twitter:card\" content=\"summary_large_image\" \/>\n<meta name=\"twitter:site\" content=\"@Caminos_UDC\" \/>\n<meta name=\"twitter:label1\" content=\"Tiempo de lectura\" \/>\n\t<meta name=\"twitter:data1\" content=\"2 minutos\" \/>\n<script type=\"application\/ld+json\" class=\"yoast-schema-graph\">{\"@context\":\"https:\/\/schema.org\",\"@graph\":[{\"@type\":\"WebPage\",\"@id\":\"https:\/\/caminos.udc.es\/hosting\/web\/index.php\/tc_doctorado\/\",\"url\":\"https:\/\/caminos.udc.es\/hosting\/web\/index.php\/tc_doctorado\/\",\"name\":\"tc_doctorado -\",\"isPartOf\":{\"@id\":\"https:\/\/caminos.udc.es\/hosting\/web\/#website\"},\"datePublished\":\"2021-02-02T08:48:04+00:00\",\"dateModified\":\"2025-02-25T11:52:07+00:00\",\"breadcrumb\":{\"@id\":\"https:\/\/caminos.udc.es\/hosting\/web\/index.php\/tc_doctorado\/#breadcrumb\"},\"inLanguage\":\"es\",\"potentialAction\":[{\"@type\":\"ReadAction\",\"target\":[\"https:\/\/caminos.udc.es\/hosting\/web\/index.php\/tc_doctorado\/\"]}]},{\"@type\":\"BreadcrumbList\",\"@id\":\"https:\/\/caminos.udc.es\/hosting\/web\/index.php\/tc_doctorado\/#breadcrumb\",\"itemListElement\":[{\"@type\":\"ListItem\",\"position\":1,\"name\":\"Portada\",\"item\":\"https:\/\/caminos.udc.es\/hosting\/web\/\"},{\"@type\":\"ListItem\",\"position\":2,\"name\":\"tc_doctorado\"}]},{\"@type\":\"WebSite\",\"@id\":\"https:\/\/caminos.udc.es\/hosting\/web\/#website\",\"url\":\"https:\/\/caminos.udc.es\/hosting\/web\/\",\"name\":\"Escuela de Caminos UDC\",\"description\":\"\",\"publisher\":{\"@id\":\"https:\/\/caminos.udc.es\/hosting\/web\/#organization\"},\"potentialAction\":[{\"@type\":\"SearchAction\",\"target\":{\"@type\":\"EntryPoint\",\"urlTemplate\":\"https:\/\/caminos.udc.es\/hosting\/web\/?s={search_term_string}\"},\"query-input\":{\"@type\":\"PropertyValueSpecification\",\"valueRequired\":true,\"valueName\":\"search_term_string\"}}],\"inLanguage\":\"es\"},{\"@type\":\"Organization\",\"@id\":\"https:\/\/caminos.udc.es\/hosting\/web\/#organization\",\"name\":\"Escuela de Caminos, Canales y Puertos A Coru\u00f1a\",\"url\":\"https:\/\/caminos.udc.es\/hosting\/web\/\",\"logo\":{\"@type\":\"ImageObject\",\"inLanguage\":\"es\",\"@id\":\"https:\/\/caminos.udc.es\/hosting\/web\/#\/schema\/logo\/image\/\",\"url\":\"https:\/\/caminos.udc.es\/hosting\/web\/wp-content\/uploads\/2020\/08\/Logo-Puente.png\",\"contentUrl\":\"https:\/\/caminos.udc.es\/hosting\/web\/wp-content\/uploads\/2020\/08\/Logo-Puente.png\",\"width\":467,\"height\":120,\"caption\":\"Escuela de Caminos, Canales y Puertos A Coru\u00f1a\"},\"image\":{\"@id\":\"https:\/\/caminos.udc.es\/hosting\/web\/#\/schema\/logo\/image\/\"},\"sameAs\":[\"https:\/\/www.facebook.com\/caminosudc\/\",\"https:\/\/x.com\/Caminos_UDC\",\"https:\/\/es.wikipedia.org\/wiki\/Escuela_T\u00e9cnica_Superior_de_Ingenieros_de_Caminos,_Canales_y_Puertos_de_La_Coru\u00f1a\"]}]}<\/script>\n<!-- \/ Yoast SEO plugin. -->","yoast_head_json":{"title":"tc_doctorado -","robots":{"index":"index","follow":"follow","max-snippet":"max-snippet:-1","max-image-preview":"max-image-preview:large","max-video-preview":"max-video-preview:-1"},"canonical":"https:\/\/caminos.udc.es\/hosting\/web\/index.php\/tc_doctorado\/","og_locale":"es_ES","og_type":"article","og_title":"tc_doctorado -","og_description":"Programa de Doutoramento \u00abEnxe\u00f1ar\u00eda Civil\u00bb El Programa de Doctorado \u00abIngenier\u00eda Civil\u00bb est\u00e1 organizado por la&nbsp;E. T. S. de Ingenier\u00eda de Caminos, Canales y Puertos&nbsp;de la&nbsp;Universidade da Coru\u00f1a. Sustituye al programa del mismo nombre regido por el RD 1393\/2007, que fue distinguido con la menci\u00f3n hacia la excelencia por la Secretar\u00eda... Continue reading","og_url":"https:\/\/caminos.udc.es\/hosting\/web\/index.php\/tc_doctorado\/","article_publisher":"https:\/\/www.facebook.com\/caminosudc\/","article_modified_time":"2025-02-25T11:52:07+00:00","twitter_card":"summary_large_image","twitter_site":"@Caminos_UDC","twitter_misc":{"Tiempo de lectura":"2 minutos"},"schema":{"@context":"https:\/\/schema.org","@graph":[{"@type":"WebPage","@id":"https:\/\/caminos.udc.es\/hosting\/web\/index.php\/tc_doctorado\/","url":"https:\/\/caminos.udc.es\/hosting\/web\/index.php\/tc_doctorado\/","name":"tc_doctorado -","isPartOf":{"@id":"https:\/\/caminos.udc.es\/hosting\/web\/#website"},"datePublished":"2021-02-02T08:48:04+00:00","dateModified":"2025-02-25T11:52:07+00:00","breadcrumb":{"@id":"https:\/\/caminos.udc.es\/hosting\/web\/index.php\/tc_doctorado\/#breadcrumb"},"inLanguage":"es","potentialAction":[{"@type":"ReadAction","target":["https:\/\/caminos.udc.es\/hosting\/web\/index.php\/tc_doctorado\/"]}]},{"@type":"BreadcrumbList","@id":"https:\/\/caminos.udc.es\/hosting\/web\/index.php\/tc_doctorado\/#breadcrumb","itemListElement":[{"@type":"ListItem","position":1,"name":"Portada","item":"https:\/\/caminos.udc.es\/hosting\/web\/"},{"@type":"ListItem","position":2,"name":"tc_doctorado"}]},{"@type":"WebSite","@id":"https:\/\/caminos.udc.es\/hosting\/web\/#website","url":"https:\/\/caminos.udc.es\/hosting\/web\/","name":"Escuela de Caminos UDC","description":"","publisher":{"@id":"https:\/\/caminos.udc.es\/hosting\/web\/#organization"},"potentialAction":[{"@type":"SearchAction","target":{"@type":"EntryPoint","urlTemplate":"https:\/\/caminos.udc.es\/hosting\/web\/?s={search_term_string}"},"query-input":{"@type":"PropertyValueSpecification","valueRequired":true,"valueName":"search_term_string"}}],"inLanguage":"es"},{"@type":"Organization","@id":"https:\/\/caminos.udc.es\/hosting\/web\/#organization","name":"Escuela de Caminos, Canales y Puertos A Coru\u00f1a","url":"https:\/\/caminos.udc.es\/hosting\/web\/","logo":{"@type":"ImageObject","inLanguage":"es","@id":"https:\/\/caminos.udc.es\/hosting\/web\/#\/schema\/logo\/image\/","url":"https:\/\/caminos.udc.es\/hosting\/web\/wp-content\/uploads\/2020\/08\/Logo-Puente.png","contentUrl":"https:\/\/caminos.udc.es\/hosting\/web\/wp-content\/uploads\/2020\/08\/Logo-Puente.png","width":467,"height":120,"caption":"Escuela de Caminos, Canales y Puertos A Coru\u00f1a"},"image":{"@id":"https:\/\/caminos.udc.es\/hosting\/web\/#\/schema\/logo\/image\/"},"sameAs":["https:\/\/www.facebook.com\/caminosudc\/","https:\/\/x.com\/Caminos_UDC","https:\/\/es.wikipedia.org\/wiki\/Escuela_T\u00e9cnica_Superior_de_Ingenieros_de_Caminos,_Canales_y_Puertos_de_La_Coru\u00f1a"]}]}},"_links":{"self":[{"href":"https:\/\/caminos.udc.es\/hosting\/web\/index.php\/wp-json\/wp\/v2\/pages\/1968","targetHints":{"allow":["GET"]}}],"collection":[{"href":"https:\/\/caminos.udc.es\/hosting\/web\/index.php\/wp-json\/wp\/v2\/pages"}],"about":[{"href":"https:\/\/caminos.udc.es\/hosting\/web\/index.php\/wp-json\/wp\/v2\/types\/page"}],"author":[{"embeddable":true,"href":"https:\/\/caminos.udc.es\/hosting\/web\/index.php\/wp-json\/wp\/v2\/users\/2"}],"replies":[{"embeddable":true,"href":"https:\/\/caminos.udc.es\/hosting\/web\/index.php\/wp-json\/wp\/v2\/comments?post=1968"}],"version-history":[{"count":105,"href":"https:\/\/caminos.udc.es\/hosting\/web\/index.php\/wp-json\/wp\/v2\/pages\/1968\/revisions"}],"predecessor-version":[{"id":5317,"href":"https:\/\/caminos.udc.es\/hosting\/web\/index.php\/wp-json\/wp\/v2\/pages\/1968\/revisions\/5317"}],"wp:attachment":[{"href":"https:\/\/caminos.udc.es\/hosting\/web\/index.php\/wp-json\/wp\/v2\/media?parent=1968"}],"curies":[{"name":"wp","href":"https:\/\/api.w.org\/{rel}","templated":true}]}}