{"id":1609,"date":"2020-09-18T11:01:26","date_gmt":"2020-09-18T11:01:26","guid":{"rendered":"http:\/\/caminos.udc.es\/hosting\/web\/?page_id=1609"},"modified":"2021-08-18T21:50:19","modified_gmt":"2021-08-18T21:50:19","slug":"nuestraescuela","status":"publish","type":"page","link":"https:\/\/caminos.udc.es\/hosting\/web\/index.php\/nuestraescuela\/","title":{"rendered":"Informaci\u00f3n General"},"content":{"rendered":"\t\t<div data-elementor-type=\"wp-page\" data-elementor-id=\"1609\" class=\"elementor elementor-1609\">\n\t\t\t\t\t\t<section class=\"elementor-section elementor-top-section elementor-element elementor-element-b2416d7 elementor-section-boxed elementor-section-height-default elementor-section-height-default\" data-id=\"b2416d7\" data-element_type=\"section\" data-e-type=\"section\">\n\t\t\t\t\t\t<div class=\"elementor-container elementor-column-gap-default\">\n\t\t\t\t\t<div class=\"elementor-column elementor-col-100 elementor-top-column elementor-element elementor-element-885dc61\" data-id=\"885dc61\" data-element_type=\"column\" data-e-type=\"column\">\n\t\t\t<div class=\"elementor-widget-wrap elementor-element-populated\">\n\t\t\t\t\t\t<div class=\"elementor-element elementor-element-97ff9f6 elementor-widget elementor-widget-video\" data-id=\"97ff9f6\" data-element_type=\"widget\" data-e-type=\"widget\" data-settings=\"{&quot;video_type&quot;:&quot;hosted&quot;,&quot;autoplay&quot;:&quot;yes&quot;,&quot;play_on_mobile&quot;:&quot;yes&quot;,&quot;controls&quot;:&quot;yes&quot;}\" data-widget_type=\"video.default\">\n\t\t\t\t<div class=\"elementor-widget-container\">\n\t\t\t\t\t\t\t<div class=\"e-hosted-video elementor-wrapper elementor-open-inline\">\n\t\t\t\t\t<video class=\"elementor-video\" src=\"https:\/\/caminos.udc.es\/files\/Caminos-web2.mp4\" autoplay=\"\" controls=\"\" playsinline=\"\" controlsList=\"nodownload\"><\/video>\n\t\t\t\t<\/div>\n\t\t\t\t\t\t<\/div>\n\t\t\t\t<\/div>\n\t\t\t\t\t<\/div>\n\t\t<\/div>\n\t\t\t\t\t<\/div>\n\t\t<\/section>\n\t\t\t\t<section class=\"elementor-section elementor-top-section elementor-element elementor-element-2fd3ec92 elementor-section-boxed elementor-section-height-default elementor-section-height-default\" data-id=\"2fd3ec92\" data-element_type=\"section\" data-e-type=\"section\">\n\t\t\t\t\t\t<div class=\"elementor-container elementor-column-gap-default\">\n\t\t\t\t\t<div class=\"elementor-column elementor-col-100 elementor-top-column elementor-element elementor-element-53566a55\" data-id=\"53566a55\" data-element_type=\"column\" data-e-type=\"column\">\n\t\t\t<div class=\"elementor-widget-wrap elementor-element-populated\">\n\t\t\t\t\t\t<div class=\"elementor-element elementor-element-66571a09 elementor-widget elementor-widget-text-editor\" data-id=\"66571a09\" data-element_type=\"widget\" data-e-type=\"widget\" data-widget_type=\"text-editor.default\">\n\t\t\t\t<div class=\"elementor-widget-container\">\n\t\t\t\t\t\t\t\t\t\n<p><strong>Historia<\/strong><\/p>\n\n\n\n<p>En virtud del Decreto 274\/1991 de 30 de julio de la Conseller\u00eda de Educaci\u00f3n e Ordenaci\u00f3n Universitaria da Xunta de Galicia, se crea la Escuela T\u00e9cnica Superior de Ingenieros de Caminos, Canales y Puertos\u00a0de la Universidad de La Coru\u00f1a , y se concede la autorizaci\u00f3n para implantar los estudios conducentes al t\u00edtulo oficial de Ingeniero de Caminos, Canales y Puertos.<\/p>\n\n\n\n<figure class=\"wp-block-image size-large\"><img fetchpriority=\"high\" decoding=\"async\" width=\"512\" height=\"156\" src=\"http:\/\/caminos.udc.es\/hosting\/web\/wp-content\/uploads\/2020\/09\/esc1.jpg\" alt=\"\" class=\"wp-image-1612\"\/><\/figure>\n\n\n\n<p>El Plan de Estudios actualmente vigente es homologado por el Consejo de Universidades con fecha 27 de septiembre de 1991, en el marco de la reforma general de los planes de estudios que se lleva a cabo en el conjunto del sistema universitario espa\u00f1ol.<\/p>\n\n\n\n<p>Las actividades acad\u00e9micas se iniciaron en Octubre de 1991, ubic\u00e1ndose provisionalmente la Escuela en el Laboratorio de Control de Calidad de la Demarcaci\u00f3n de Carreteras del Estado en Galicia, dependiente del Ministerio de Obras P\u00fablicas y Transportes, en la localidad de Arteixo. En la actualidad, la Escuela dispone de un edificio propio en el Campus Universitario de Elvi\u00f1a, en la ciudad de La Coru\u00f1a.<\/p>\n\n\n\n<figure class=\"wp-block-image size-large\"><img decoding=\"async\" width=\"251\" height=\"201\" src=\"http:\/\/caminos.udc.es\/hosting\/web\/wp-content\/uploads\/2020\/09\/esc2.jpg\" alt=\"\" class=\"wp-image-1614\"\/><\/figure>\n\n\n\n<p>Durante el curso acad\u00e9mico 1991-1992 se impartieron las asignaturas correspondientes al primer curso de este Plan de Estudios. En a\u00f1os sucesivos, se imparten progresivamente los cursos segundo, tercero, cuarto y quinto, hasta desarrollar completamente el Plan durante el curso acad\u00e9mico 1995\/96. El curso 2005-2006 egres\u00f3 la d\u00e9cima promoci\u00f3n de Ingenieros de Caminos, Canales y Puertos.<\/p>\n\n\n\n<p>El 27 de noviembre de 2003 el Consejo de Coordinaci\u00f3n Universitario homologa el Plan de Estudios conducente a la obtenci\u00f3n del t\u00edtulo de&nbsp;Ingeniero T\u00e9cnico de Obras P\u00fablicas, especialidad en Construcciones Civiles, comenzando la actividad acad\u00e9mica ese mismo curso 2003-2004. La primera promoci\u00f3n, por tanto, ha terminado sus estudios el curso 2005-2006.<\/p>\n\n\n\n<p>El curso 2005-2006 comenz\u00f3 a impartirse el t\u00edtulo oficial de postgrado \u00abM\u00e1ster en Ingenier\u00eda del Agua\u00bb, aprobado por la Xunta de Galicia dentro de la oferta de programas oficiales de postgrado de la Universidad.<\/p>\n\t\t\t\t\t\t\t\t<\/div>\n\t\t\t\t<\/div>\n\t\t\t\t\t<\/div>\n\t\t<\/div>\n\t\t\t\t\t<\/div>\n\t\t<\/section>\n\t\t\t\t<\/div>\n\t\t","protected":false},"excerpt":{"rendered":"<p>https:\/\/caminos.udc.es\/files\/Caminos-web2.mp4 Historia En virtud del Decreto 274\/1991 de 30 de julio de la Conseller\u00eda de Educaci\u00f3n e Ordenaci\u00f3n Universitaria da Xunta de Galicia, se crea la Escuela T\u00e9cnica Superior de Ingenieros de Caminos, Canales y Puertos\u00a0de la Universidad de La Coru\u00f1a , y se concede la autorizaci\u00f3n para implantar los&#8230; <a class=\"continue-reading-link\" href=\"https:\/\/caminos.udc.es\/hosting\/web\/index.php\/nuestraescuela\/\">Continue reading<\/a><\/p>\n","protected":false},"author":1,"featured_media":0,"parent":0,"menu_order":0,"comment_status":"closed","ping_status":"closed","template":"","meta":{"footnotes":""},"class_list":["post-1609","page","type-page","status-publish","hentry"],"yoast_head":"<!-- This site is optimized with the Yoast SEO plugin v25.6 - https:\/\/yoast.com\/wordpress\/plugins\/seo\/ -->\n<title>Informaci\u00f3n General -<\/title>\n<meta name=\"robots\" content=\"index, follow, max-snippet:-1, max-image-preview:large, max-video-preview:-1\" \/>\n<link rel=\"canonical\" href=\"https:\/\/caminos.udc.es\/hosting\/web\/index.php\/nuestraescuela\/\" \/>\n<meta property=\"og:locale\" content=\"es_ES\" \/>\n<meta property=\"og:type\" content=\"article\" \/>\n<meta property=\"og:title\" content=\"Informaci\u00f3n General -\" \/>\n<meta property=\"og:description\" content=\"https:\/\/caminos.udc.es\/files\/Caminos-web2.mp4 Historia En virtud del Decreto 274\/1991 de 30 de julio de la Conseller\u00eda de Educaci\u00f3n e Ordenaci\u00f3n Universitaria da Xunta de Galicia, se crea la Escuela T\u00e9cnica Superior de Ingenieros de Caminos, Canales y Puertos\u00a0de la Universidad de La Coru\u00f1a , y se concede la autorizaci\u00f3n para implantar los... Continue reading\" \/>\n<meta property=\"og:url\" content=\"https:\/\/caminos.udc.es\/hosting\/web\/index.php\/nuestraescuela\/\" \/>\n<meta property=\"article:publisher\" content=\"https:\/\/www.facebook.com\/caminosudc\/\" \/>\n<meta property=\"article:modified_time\" content=\"2021-08-18T21:50:19+00:00\" \/>\n<meta property=\"og:image\" content=\"http:\/\/caminos.udc.es\/hosting\/web\/wp-content\/uploads\/2020\/09\/esc1.jpg\" \/>\n<meta name=\"twitter:card\" content=\"summary_large_image\" \/>\n<meta name=\"twitter:site\" content=\"@Caminos_UDC\" \/>\n<meta name=\"twitter:label1\" content=\"Tiempo de lectura\" \/>\n\t<meta name=\"twitter:data1\" content=\"2 minutos\" \/>\n<script type=\"application\/ld+json\" class=\"yoast-schema-graph\">{\"@context\":\"https:\/\/schema.org\",\"@graph\":[{\"@type\":\"WebPage\",\"@id\":\"https:\/\/caminos.udc.es\/hosting\/web\/index.php\/nuestraescuela\/\",\"url\":\"https:\/\/caminos.udc.es\/hosting\/web\/index.php\/nuestraescuela\/\",\"name\":\"Informaci\u00f3n General -\",\"isPartOf\":{\"@id\":\"https:\/\/caminos.udc.es\/hosting\/web\/#website\"},\"primaryImageOfPage\":{\"@id\":\"https:\/\/caminos.udc.es\/hosting\/web\/index.php\/nuestraescuela\/#primaryimage\"},\"image\":{\"@id\":\"https:\/\/caminos.udc.es\/hosting\/web\/index.php\/nuestraescuela\/#primaryimage\"},\"thumbnailUrl\":\"http:\/\/caminos.udc.es\/hosting\/web\/wp-content\/uploads\/2020\/09\/esc1.jpg\",\"datePublished\":\"2020-09-18T11:01:26+00:00\",\"dateModified\":\"2021-08-18T21:50:19+00:00\",\"breadcrumb\":{\"@id\":\"https:\/\/caminos.udc.es\/hosting\/web\/index.php\/nuestraescuela\/#breadcrumb\"},\"inLanguage\":\"es\",\"potentialAction\":[{\"@type\":\"ReadAction\",\"target\":[\"https:\/\/caminos.udc.es\/hosting\/web\/index.php\/nuestraescuela\/\"]}]},{\"@type\":\"ImageObject\",\"inLanguage\":\"es\",\"@id\":\"https:\/\/caminos.udc.es\/hosting\/web\/index.php\/nuestraescuela\/#primaryimage\",\"url\":\"https:\/\/caminos.udc.es\/hosting\/web\/wp-content\/uploads\/2020\/09\/esc1.jpg\",\"contentUrl\":\"https:\/\/caminos.udc.es\/hosting\/web\/wp-content\/uploads\/2020\/09\/esc1.jpg\",\"width\":512,\"height\":156},{\"@type\":\"BreadcrumbList\",\"@id\":\"https:\/\/caminos.udc.es\/hosting\/web\/index.php\/nuestraescuela\/#breadcrumb\",\"itemListElement\":[{\"@type\":\"ListItem\",\"position\":1,\"name\":\"Portada\",\"item\":\"https:\/\/caminos.udc.es\/hosting\/web\/\"},{\"@type\":\"ListItem\",\"position\":2,\"name\":\"Informaci\u00f3n General\"}]},{\"@type\":\"WebSite\",\"@id\":\"https:\/\/caminos.udc.es\/hosting\/web\/#website\",\"url\":\"https:\/\/caminos.udc.es\/hosting\/web\/\",\"name\":\"Escuela de Caminos UDC\",\"description\":\"\",\"publisher\":{\"@id\":\"https:\/\/caminos.udc.es\/hosting\/web\/#organization\"},\"potentialAction\":[{\"@type\":\"SearchAction\",\"target\":{\"@type\":\"EntryPoint\",\"urlTemplate\":\"https:\/\/caminos.udc.es\/hosting\/web\/?s={search_term_string}\"},\"query-input\":{\"@type\":\"PropertyValueSpecification\",\"valueRequired\":true,\"valueName\":\"search_term_string\"}}],\"inLanguage\":\"es\"},{\"@type\":\"Organization\",\"@id\":\"https:\/\/caminos.udc.es\/hosting\/web\/#organization\",\"name\":\"Escuela de Caminos, Canales y Puertos A Coru\u00f1a\",\"url\":\"https:\/\/caminos.udc.es\/hosting\/web\/\",\"logo\":{\"@type\":\"ImageObject\",\"inLanguage\":\"es\",\"@id\":\"https:\/\/caminos.udc.es\/hosting\/web\/#\/schema\/logo\/image\/\",\"url\":\"https:\/\/caminos.udc.es\/hosting\/web\/wp-content\/uploads\/2020\/08\/Logo-Puente.png\",\"contentUrl\":\"https:\/\/caminos.udc.es\/hosting\/web\/wp-content\/uploads\/2020\/08\/Logo-Puente.png\",\"width\":467,\"height\":120,\"caption\":\"Escuela de Caminos, Canales y Puertos A Coru\u00f1a\"},\"image\":{\"@id\":\"https:\/\/caminos.udc.es\/hosting\/web\/#\/schema\/logo\/image\/\"},\"sameAs\":[\"https:\/\/www.facebook.com\/caminosudc\/\",\"https:\/\/x.com\/Caminos_UDC\",\"https:\/\/es.wikipedia.org\/wiki\/Escuela_T\u00e9cnica_Superior_de_Ingenieros_de_Caminos,_Canales_y_Puertos_de_La_Coru\u00f1a\"]}]}<\/script>\n<!-- \/ Yoast SEO plugin. -->","yoast_head_json":{"title":"Informaci\u00f3n General -","robots":{"index":"index","follow":"follow","max-snippet":"max-snippet:-1","max-image-preview":"max-image-preview:large","max-video-preview":"max-video-preview:-1"},"canonical":"https:\/\/caminos.udc.es\/hosting\/web\/index.php\/nuestraescuela\/","og_locale":"es_ES","og_type":"article","og_title":"Informaci\u00f3n General -","og_description":"https:\/\/caminos.udc.es\/files\/Caminos-web2.mp4 Historia En virtud del Decreto 274\/1991 de 30 de julio de la Conseller\u00eda de Educaci\u00f3n e Ordenaci\u00f3n Universitaria da Xunta de Galicia, se crea la Escuela T\u00e9cnica Superior de Ingenieros de Caminos, Canales y Puertos\u00a0de la Universidad de La Coru\u00f1a , y se concede la autorizaci\u00f3n para implantar los... Continue reading","og_url":"https:\/\/caminos.udc.es\/hosting\/web\/index.php\/nuestraescuela\/","article_publisher":"https:\/\/www.facebook.com\/caminosudc\/","article_modified_time":"2021-08-18T21:50:19+00:00","og_image":[{"url":"http:\/\/caminos.udc.es\/hosting\/web\/wp-content\/uploads\/2020\/09\/esc1.jpg","type":"","width":"","height":""}],"twitter_card":"summary_large_image","twitter_site":"@Caminos_UDC","twitter_misc":{"Tiempo de lectura":"2 minutos"},"schema":{"@context":"https:\/\/schema.org","@graph":[{"@type":"WebPage","@id":"https:\/\/caminos.udc.es\/hosting\/web\/index.php\/nuestraescuela\/","url":"https:\/\/caminos.udc.es\/hosting\/web\/index.php\/nuestraescuela\/","name":"Informaci\u00f3n General -","isPartOf":{"@id":"https:\/\/caminos.udc.es\/hosting\/web\/#website"},"primaryImageOfPage":{"@id":"https:\/\/caminos.udc.es\/hosting\/web\/index.php\/nuestraescuela\/#primaryimage"},"image":{"@id":"https:\/\/caminos.udc.es\/hosting\/web\/index.php\/nuestraescuela\/#primaryimage"},"thumbnailUrl":"http:\/\/caminos.udc.es\/hosting\/web\/wp-content\/uploads\/2020\/09\/esc1.jpg","datePublished":"2020-09-18T11:01:26+00:00","dateModified":"2021-08-18T21:50:19+00:00","breadcrumb":{"@id":"https:\/\/caminos.udc.es\/hosting\/web\/index.php\/nuestraescuela\/#breadcrumb"},"inLanguage":"es","potentialAction":[{"@type":"ReadAction","target":["https:\/\/caminos.udc.es\/hosting\/web\/index.php\/nuestraescuela\/"]}]},{"@type":"ImageObject","inLanguage":"es","@id":"https:\/\/caminos.udc.es\/hosting\/web\/index.php\/nuestraescuela\/#primaryimage","url":"https:\/\/caminos.udc.es\/hosting\/web\/wp-content\/uploads\/2020\/09\/esc1.jpg","contentUrl":"https:\/\/caminos.udc.es\/hosting\/web\/wp-content\/uploads\/2020\/09\/esc1.jpg","width":512,"height":156},{"@type":"BreadcrumbList","@id":"https:\/\/caminos.udc.es\/hosting\/web\/index.php\/nuestraescuela\/#breadcrumb","itemListElement":[{"@type":"ListItem","position":1,"name":"Portada","item":"https:\/\/caminos.udc.es\/hosting\/web\/"},{"@type":"ListItem","position":2,"name":"Informaci\u00f3n General"}]},{"@type":"WebSite","@id":"https:\/\/caminos.udc.es\/hosting\/web\/#website","url":"https:\/\/caminos.udc.es\/hosting\/web\/","name":"Escuela de Caminos UDC","description":"","publisher":{"@id":"https:\/\/caminos.udc.es\/hosting\/web\/#organization"},"potentialAction":[{"@type":"SearchAction","target":{"@type":"EntryPoint","urlTemplate":"https:\/\/caminos.udc.es\/hosting\/web\/?s={search_term_string}"},"query-input":{"@type":"PropertyValueSpecification","valueRequired":true,"valueName":"search_term_string"}}],"inLanguage":"es"},{"@type":"Organization","@id":"https:\/\/caminos.udc.es\/hosting\/web\/#organization","name":"Escuela de Caminos, Canales y Puertos A Coru\u00f1a","url":"https:\/\/caminos.udc.es\/hosting\/web\/","logo":{"@type":"ImageObject","inLanguage":"es","@id":"https:\/\/caminos.udc.es\/hosting\/web\/#\/schema\/logo\/image\/","url":"https:\/\/caminos.udc.es\/hosting\/web\/wp-content\/uploads\/2020\/08\/Logo-Puente.png","contentUrl":"https:\/\/caminos.udc.es\/hosting\/web\/wp-content\/uploads\/2020\/08\/Logo-Puente.png","width":467,"height":120,"caption":"Escuela de Caminos, Canales y Puertos A Coru\u00f1a"},"image":{"@id":"https:\/\/caminos.udc.es\/hosting\/web\/#\/schema\/logo\/image\/"},"sameAs":["https:\/\/www.facebook.com\/caminosudc\/","https:\/\/x.com\/Caminos_UDC","https:\/\/es.wikipedia.org\/wiki\/Escuela_T\u00e9cnica_Superior_de_Ingenieros_de_Caminos,_Canales_y_Puertos_de_La_Coru\u00f1a"]}]}},"_links":{"self":[{"href":"https:\/\/caminos.udc.es\/hosting\/web\/index.php\/wp-json\/wp\/v2\/pages\/1609","targetHints":{"allow":["GET"]}}],"collection":[{"href":"https:\/\/caminos.udc.es\/hosting\/web\/index.php\/wp-json\/wp\/v2\/pages"}],"about":[{"href":"https:\/\/caminos.udc.es\/hosting\/web\/index.php\/wp-json\/wp\/v2\/types\/page"}],"author":[{"embeddable":true,"href":"https:\/\/caminos.udc.es\/hosting\/web\/index.php\/wp-json\/wp\/v2\/users\/1"}],"replies":[{"embeddable":true,"href":"https:\/\/caminos.udc.es\/hosting\/web\/index.php\/wp-json\/wp\/v2\/comments?post=1609"}],"version-history":[{"count":8,"href":"https:\/\/caminos.udc.es\/hosting\/web\/index.php\/wp-json\/wp\/v2\/pages\/1609\/revisions"}],"predecessor-version":[{"id":2306,"href":"https:\/\/caminos.udc.es\/hosting\/web\/index.php\/wp-json\/wp\/v2\/pages\/1609\/revisions\/2306"}],"wp:attachment":[{"href":"https:\/\/caminos.udc.es\/hosting\/web\/index.php\/wp-json\/wp\/v2\/media?parent=1609"}],"curies":[{"name":"wp","href":"https:\/\/api.w.org\/{rel}","templated":true}]}}