{"id":9,"date":"2025-07-13T22:32:29","date_gmt":"2025-07-13T20:32:29","guid":{"rendered":"https:\/\/caminos.udc.es\/hosting\/doctorado\/?page_id=9"},"modified":"2025-07-27T16:49:06","modified_gmt":"2025-07-27T14:49:06","slug":"descripcion-del-titulo","status":"publish","type":"page","link":"https:\/\/caminos.udc.es\/hosting\/doctorado\/index.php\/descripcion-del-titulo\/","title":{"rendered":"Descripci\u00f3n del t\u00edtulo"},"content":{"rendered":"\t\t<div data-elementor-type=\"wp-page\" data-elementor-id=\"9\" class=\"elementor elementor-9\">\n\t\t\t\t<div class=\"elementor-element elementor-element-ab82acb e-flex e-con-boxed e-con e-parent\" data-id=\"ab82acb\" data-element_type=\"container\">\n\t\t\t\t\t<div class=\"e-con-inner\">\n\t\t\t\t<div class=\"elementor-element elementor-element-72a7ee8 elementor-widget elementor-widget-heading\" data-id=\"72a7ee8\" data-element_type=\"widget\" data-widget_type=\"heading.default\">\n\t\t\t\t\t<h2 class=\"elementor-heading-title elementor-size-default\">Datos b\u00e1sicos<\/h2>\t\t\t\t<\/div>\n\t\t\t\t\t<\/div>\n\t\t\t\t<\/div>\n\t\t<div class=\"elementor-element elementor-element-9f495e5 e-flex e-con-boxed e-con e-parent\" data-id=\"9f495e5\" data-element_type=\"container\">\n\t\t\t\t\t<div class=\"e-con-inner\">\n\t\t\t\t<div class=\"elementor-element elementor-element-1c92a1a elementor-widget elementor-widget-text-editor\" data-id=\"1c92a1a\" data-element_type=\"widget\" data-widget_type=\"text-editor.default\">\n\t\t\t\t\t\t\t\t\t<table border=\"1\" cellpadding=\"8\" cellspacing=\"0\" style=\"border-collapse: collapse; width: 100%;\">\n  <thead>\n    <tr style=\"background-color: #d3d3d3;\">\n      <th>NIVEL<\/th>\n      <th>DENOMINACI\u00d3N ESPECIFICA<\/th>\n      <th>CONJUNTO<\/th>\n      <th>CONVENIO<\/th>\n      <th>CONV. ADJUNTO<\/th>\n    <\/tr>\n  <\/thead>\n  <tbody>\n    <tr>\n      <td>Doctor<\/td>\n      <td>Programa de Doctorado en Ingenier\u00eda Civil por la Universidad de A Coru\u00f1a<\/td>\n      <td>No<\/td>\n      <td><\/td>\n      <td><\/td>\n    <\/tr>\n    <tr style=\"background-color: #d3d3d3;\">\n      <th colspan=\"2\">ISCED 1<\/th>\n      <th colspan=\"3\">ISCED 2<\/th>\n    <\/tr>\n    <tr>\n      <td colspan=\"2\">Ingenier\u00eda y profesiones afines<\/td>\n      <td colspan=\"3\">Construcci\u00f3n e Ingenier\u00eda Civil<\/td>\n    <\/tr>\n    <tr style=\"background-color: #d3d3d3;\">\n      <th colspan=\"2\">AGENCIA EVALUADORA<\/th>\n      <th colspan=\"3\">UNIVERSIDAD SOLICITANTE<\/th>\n    <\/tr>\n    <tr>\n      <td colspan=\"2\">Agencia para la Calidad del sistema Universitario de Galicia (ACSUG)<\/td>\n      <td colspan=\"3\">Universidad de A Coru\u00f1a<\/td>\n    <\/tr>\n  <\/tbody>\n<\/table>\t\t\t\t\t\t\t\t<\/div>\n\t\t\t\t\t<\/div>\n\t\t\t\t<\/div>\n\t\t<div class=\"elementor-element elementor-element-762b0ba e-flex e-con-boxed e-con e-parent\" data-id=\"762b0ba\" data-element_type=\"container\">\n\t\t\t\t\t<div class=\"e-con-inner\">\n\t\t\t\t<div class=\"elementor-element elementor-element-17ee573 elementor-widget elementor-widget-heading\" data-id=\"17ee573\" data-element_type=\"widget\" data-widget_type=\"heading.default\">\n\t\t\t\t\t<h2 class=\"elementor-heading-title elementor-size-default\">Contexto<\/h2>\t\t\t\t<\/div>\n\t\t\t\t\t<\/div>\n\t\t\t\t<\/div>\n\t\t<div class=\"elementor-element elementor-element-f59edd9 e-flex e-con-boxed e-con e-parent\" data-id=\"f59edd9\" data-element_type=\"container\">\n\t\t\t\t\t<div class=\"e-con-inner\">\n\t\t\t\t<div class=\"elementor-element elementor-element-9e53f23 elementor-widget elementor-widget-text-editor\" data-id=\"9e53f23\" data-element_type=\"widget\" data-widget_type=\"text-editor.default\">\n\t\t\t\t\t\t\t\t\t<table style=\"border-collapse: collapse; width: 100%;\" border=\"1\" cellspacing=\"0\" cellpadding=\"8\"><thead><tr style=\"background-color: #d3d3d3;\"><th style=\"text-align: left;\">CIRCUNSTANCIAS QUE RODEAN AL PROGRAMA DE DOCTORADO<\/th><\/tr><\/thead><tbody><tr><td><p>En virtud del Decreto 274\/1991 de 30 de julio de la Conseller\u00eda de Educaci\u00f3n e Ordenaci\u00f3n Universitaria de la Xunta<br \/>de Galicia, se cre\u00f3 la Escuela T\u00e9cnica Superior de Ingenieros de Caminos, Canales y Puertos (ETSICCP) de la<br \/>Universidad de A Coru\u00f1a (UDC), y se concedi\u00f3 la autorizaci\u00f3n para implantar los estudios conducentes al t\u00edtulo oficial<br \/>de Ingeniero de Caminos, Canales y Puertos.<br \/>La ETSICCP comenz\u00f3 su andadura acad\u00e9mica con el comienzo del curso 1991\/1992. De forma pr\u00e1cticamente<br \/>simult\u00e1nea, el Departamento de Tecnolog\u00eda de la Construcci\u00f3n de la UDC organiz\u00f3 el primer Programa de Doctorado en<br \/>Ingenier\u00eda Civil de esta Universidad. Poco tiempo despu\u00e9s la organizaci\u00f3n fue transferida al Departamento de M\u00e9todos<br \/>Matem\u00e1ticos y de Representaci\u00f3n. Su profesorado estaba conformado esencialmente por los investigadores doctores de la<br \/>ETSICCP, que en su mayor parte pertenec\u00edan a los Departamentos de M\u00e9todos Matem\u00e1ticos y de Representaci\u00f3n y<br \/>Tecnolog\u00eda de la Construcci\u00f3n de la UDC, y que contaron con la colaboraci\u00f3n de la Fundaci\u00f3n de la Ingenier\u00eda Civil de Galicia<br \/>(FICG) y del Centro de Innovaci\u00f3n Tecnol\u00f3gica en Edificaci\u00f3n e Ingenier\u00eda Civil (CITEEC) de la UDC desde el momento en que<br \/>fueron creadas estas dos instituciones.<br \/>Tras casi dos d\u00e9cadas de exitoso funcionamiento, el programa original fue actualizado de conformidad con el Real Decreto<br \/>1393\/2007, de 29 de octubre, por el que se establece la ordenaci\u00f3n de las ense\u00f1anzas universitarias oficiales, modificado<br \/>por el Real Decreto 861\/2010, de 2 de julio. El resultante Programa de Doctorado en Ingenier\u00eda Civil (RD 1393\/2007),<br \/>organizado por la ETSICCP de la UDC, fue implantado al comienzo del curso 2009\/2010. Su profesorado segu\u00eda estando<br \/>conformado esencialmente por los investigadores doctores de la ETSICCP, que en su mayor parte pertenec\u00edan a los<br \/>mencionados Departamentos de M\u00e9todos Matem\u00e1ticos y de Representaci\u00f3n y Tecnolog\u00eda de la Construcci\u00f3n de la UDC,<br \/>con la colaboraci\u00f3n de la FICG y del CITEEC.<br \/>Durante el curso 2011\/2012, el Programa de Doctorado en Ingenier\u00eda Civil (RD 1393\/2007) fue distinguido con la Menci\u00f3n<br \/>hacia la Excelencia otorgada por el Ministerio de Educaci\u00f3n.<br \/>Pocos a\u00f1os m\u00e1s tarde el per\u00edodo de investigaci\u00f3n del Programa de Doctorado en Ingenier\u00eda Civil (RD 1393\/2007) fue<br \/>actualizado por exigencia legal, de conformidad ahora con el Real Decreto 99\/2011, de 28 de enero, por el que se regulan<br \/>las ense\u00f1anzas oficiales de doctorado. El nuevo programa fue organizado inicialmente por la ETSICCP de la UDC.<br \/>Posteriormente, su organizaci\u00f3n fue transferida a la nueva Escuela Internacional de Doctorado (EIDUDC) de la<br \/>Universidad de A Coru\u00f1a (UDC), a ra\u00edz de su creaci\u00f3n. El resultante Programa de Doctorado en Ingenier\u00eda Civil (RD<br \/>99\/2011), actualmente vigente, fue implantado al comienzo del curso 2013\/2014. Su profesorado sigue estando<br \/>conformado esencialmente por los investigadores doctores de la ETSICCP con la colaboraci\u00f3n de la FICG y del CITEEC<br \/>Por consiguiente, el actual Programa de Doctorado en Ingenier\u00eda Civil (RD 99\/2011) es el fruto de sucesivas<br \/>adaptaciones desarrolladas por exigencia legal a lo largo de casi los 35 a\u00f1os de vida de la ETSICCP, en el curso de los<br \/>cuales el programa obtuvo la Menci\u00f3n hacia la Excelencia y mantuvo en todo momento la misma concepci\u00f3n,<br \/>estructura y denominaci\u00f3n.<br \/>El Programa de Doctorado en Ingenier\u00eda Civil por la UDC objeto de esta solicitud de verificaci\u00f3n constituye la<br \/>adaptaci\u00f3n del actual Programa de Doctorado en Ingenier\u00eda Civil (RD 99\/2011), de conformidad con el Real Decreto<br \/>99\/2011, de 28 de enero, modificado por el Real Decreto 576\/2023, de 4 de julio, por el que se regulan las<br \/>ense\u00f1anzas oficiales de doctorado.<br \/>Como se puede comprobar por los datos que se incluyen en el Anexo I y en los documentos DA3, DA4, DA5, DA6,<br \/>DA7, DA8 y DA9, anexos a esta memoria de verificaci\u00f3n, los grupos de investigaci\u00f3n a los que pertenecen los<br \/>profesores del Programa son de relevancia internacional y exhiben una gran capacidad para captar recursos con<br \/>mediante proyectos de investigaci\u00f3n financiados en convocatorias p\u00fablicas competitivas a todos los niveles<br \/>(auton\u00f3mico, espa\u00f1ol y europeo) y mediante contratos de transferencia de tecnolog\u00eda con empresas privadas y<br \/>organismos p\u00fablicos.<br \/>Entre las asociaciones o redes internacionales de las que forman parte activa podemos citar el CIMNE (Centro<br \/>Internacional de M\u00e9todos Num\u00e9ricos en Ingenier\u00eda), Hydralab (Hydraulic and Ice Engineering Research<br \/>Infrastructures in the European Research Area), la American Society of Civil Engineers, el American nstitute of<br \/>Aeronautics and Astronautics, la International Asociation for Wind Engineering, etc.<br \/>Asimismo, un n\u00famero importante de estudiantes de los sucesivos programas han realizado o est\u00e1n realizando<br \/>estancias predoctorales en diversos centros de investigaci\u00f3n de dentro y fuera de la Uni\u00f3n Europea.<br \/>La ETSICCP de la UDC es el \u00fanico centro del sistema universitario de la comunidad aut\u00f3noma de Galicia en el que se<br \/>imparten estudios de posgrado en el \u00e1mbito de la Ingenier\u00eda Civil. En particular, el Programa de Doctorado en<br \/>Ingenier\u00eda Civil siempre ha sido y sigue siendo \u00fanico en su \u00e1mbito en el sistema universitario de la comunidad<br \/>aut\u00f3noma de Galicia.<br \/>Desde el a\u00f1o 1991 han realizado su tesis doctoral en los sucesivos programas de doctorado en Ingenier\u00eda Civil m\u00e1s de<br \/>170 estudiantes, entre los que se cuentan varios premios nacionales de investigaci\u00f3n. Entre los egresados se<br \/>encuentran investigadores reconocidos que trabajan actualmente en universidades espa\u00f1olas y extranjeras y<br \/>tambi\u00e9n ingenieros que realizan su actividad profesional en puestos de gran responsabilidad.<br \/>La Ingenier\u00eda Civil es uno de los sectores m\u00e1s importante de nuestra econom\u00eda en el que multinacionales con capital y<br \/>cuadros dirigentes procedentes de nuestro pa\u00eds se encuentran entre las empresas m\u00e1s competitivas, rentables y<br \/>avanzadas t\u00e9cnica y tecnol\u00f3gicamente del mundo. Esta posici\u00f3n privilegiada se debe tanto a la formaci\u00f3n<br \/>tradicionalmente impartida en las grandes Escuelas de Ingenier\u00eda como a la apuesta permanente de los Ingenieros<br \/>por la investigaci\u00f3n, el desarrollo y la innovaci\u00f3n al m\u00e1ximo nivel.<br \/>Como es sabido, las grandes obras de Ingenier\u00eda Civil son extremadamente complejas y tienen presupuestos muy<br \/>importantes, por lo que la inversi\u00f3n en investigaci\u00f3n en este \u00e1mbito tiene un retorno muy elevado en t\u00e9rminos de<br \/>rentabilidad y de capacidad para abordar retos m\u00e1s ambiciosos. La investigaci\u00f3n, el desarrollo y la innovaci\u00f3n al<br \/>m\u00e1ximo nivel en Ingenier\u00eda Civil se conforman, por tanto, como l\u00edneas prioritarias de actuaci\u00f3n en el momento<br \/>presente.<br \/>El programa de doctorado en ingenier\u00eda civil ha tenido hist\u00f3ricamente una fuerte demanda, con un n\u00famero anual de<br \/>matriculados superior a 50 a lo largo de la \u00faltima d\u00e9cada. En el apartado 8.3 de esta Memoria de Verificaci\u00f3n puede<br \/>encontrarse informaci\u00f3n m\u00e1s detallada al respecto.<br \/>En consecuencia, y teniendo en cuanta la evoluci\u00f3n de la matr\u00edcula a lo largo del tiempo, se plantea una oferta de 12<br \/>plazas de nuevo ingreso, de los que se estima que entre 3 y 5 realizar\u00e1n sus estudios de doctorado a tiempo parcial.<br \/>En el momento de realizar esta solicitud la composici\u00f3n de la Comisi\u00f3n Acad\u00e9mica del Programa de Doctorado en<br \/>Ingenier\u00eda Civil es la siguiente (se indica el n\u00famero de tesis dirigidas o codirigidas en los programas de doctorado en<br \/>Ingenier\u00eda Civil desde 1991):<\/p><ol><li>Navarrina Mart\u00ednez, Ferm\u00edn Luis (coordinador del POD y presidente de la CAPD): Catedr\u00e1tico de Universidad<br \/>\/ UDC, director de 7 tesis, 7 sexenios.<\/li><li>D\u00edaz Garc\u00eda, Jacobo Manuel (secretario de la CAPD): Catedr\u00e1tico de Universidad \/ UDC, director de 4 tesis, 3<br \/>sexenios.<\/li><li>Anta \u00c1lvarez, Jos\u00e9: Profesor Titular de Universidad \/ UDC, director de 4 tesis, 3 sexenios.<\/li><li>Cea G\u00f3mez, Luis: Catedr\u00e1tico de Universidad \/ UDC, director de 9 tesis, 3 sexenios.<\/li><li>Colominas Ezponda, Ignacio: Catedr\u00e1tico de Universidad \/ UDC, director de 12 tesis, 6 sexenios.<\/li><li>Gonz\u00e1lez Fonteboa, Mar\u00eda Bel\u00e9n: Catedr\u00e1tica de Universidad \/ UDC, directora de 7 tesis, 4 sexenios.<\/li><li>Juncosa Rivera, Ricardo Antonio: Catedr\u00e1tico de Universidad \/ UDC, director de 5 tesis, 4 sexenios.<\/li><li>Mart\u00ednez Lage, Mar\u00eda Isabel: Profesora Titular de Universidad \/ UDC, directora de 3 tesis, 2 sexenios.<\/li><li>Nieto Mouronte, F\u00e9lix: Profesor Titular de Universidad \/ UDC, director de 3 tesis, 3 sexenios.<\/li><li>Orro Arcay, Alfonso: Profesor Titular de Universidad \/ UDC, director de 5 tesis, 4 sexenios.<\/li><li>Par\u00eds L\u00f3pez, Jos\u00e9: Profesor Titular de Universidad \/ UDC, director de 5 tesis, 4 sexenios.<\/li><li>Rodr\u00edguez-Vellando Fern\u00e1ndez-Carvajal, Pablo: Profesor Titular de Universidad \/ UDC, director de 1 tesis, 3<br \/>sexenios.<\/li><li>Romera Rodr\u00edguez, Luis Esteban: Profesor Titular de Universidad \/ UDC, director de 4 tesis, 4 sexenios.<\/li><\/ol><p>En consonancia con la legislaci\u00f3n y normativa vigentes, el programa se adscribe a la Escuela Internacional de<br \/>Doctorado de la Universidad de A Coru\u00f1a (EIDUDC).<\/p><\/td><\/tr><\/tbody><\/table>\t\t\t\t\t\t\t\t<\/div>\n\t\t\t\t\t<\/div>\n\t\t\t\t<\/div>\n\t\t<div class=\"elementor-element elementor-element-ee4009a e-flex e-con-boxed e-con e-parent\" data-id=\"ee4009a\" data-element_type=\"container\">\n\t\t\t\t\t<div class=\"e-con-inner\">\n\t\t\t\t<div class=\"elementor-element elementor-element-88cb3fa elementor-widget elementor-widget-text-editor\" data-id=\"88cb3fa\" data-element_type=\"widget\" data-widget_type=\"text-editor.default\">\n\t\t\t\t\t\t\t\t\t<table style=\"border-collapse: collapse; width: 100%;\" border=\"1\" cellspacing=\"0\" cellpadding=\"8\">\n<thead>\n<tr style=\"background-color: #d3d3d3;\">\n<th style=\"text-align: left;\" colspan=\"2\">LISTADO DE UNIVERSIDADES<\/th>\n<\/tr>\n<tr style=\"background-color: #d3d3d3;\">\n<th style=\"text-align: left;\">C\u00d3DIGO<\/th>\n<th style=\"text-align: left;\">UNIVERSIDAD<\/th>\n<\/tr>\n<\/thead>\n<tbody>\n<tr>\n<td>037<\/td>\n<td>Universidad de A Coru\u00f1a<\/td>\n<\/tr>\n<\/tbody>\n<\/table>\t\t\t\t\t\t\t\t<\/div>\n\t\t\t\t\t<\/div>\n\t\t\t\t<\/div>\n\t\t<div class=\"elementor-element elementor-element-566bd01 e-con-full e-flex e-con e-parent\" data-id=\"566bd01\" data-element_type=\"container\">\n\t\t\t\t<div class=\"elementor-element elementor-element-5405699 elementor-widget elementor-widget-heading\" data-id=\"5405699\" data-element_type=\"widget\" data-widget_type=\"heading.default\">\n\t\t\t\t\t<h2 class=\"elementor-heading-title elementor-size-default\">Universidade de A Coru\u00f1a \n(Centros en los que se imparte):<\/h2>\t\t\t\t<\/div>\n\t\t\t\t<div class=\"elementor-element elementor-element-2efc973 elementor-widget elementor-widget-text-editor\" data-id=\"2efc973\" data-element_type=\"widget\" data-widget_type=\"text-editor.default\">\n\t\t\t\t\t\t\t\t\t<table style=\"border-collapse: collapse; width: 100%;\" border=\"1\" cellspacing=\"0\" cellpadding=\"8\"><thead><tr style=\"background-color: #d3d3d3;\"><th style=\"text-align: left;\" colspan=\"2\">LISTADO DE CENTROS<\/th><\/tr><tr style=\"background-color: #d3d3d3;\"><th style=\"text-align: left;\">C\u00d3DIGO<\/th><th style=\"text-align: left;\">CENTRO<\/th><\/tr><\/thead><tbody><tr><td>15028491<\/td><td>Escuela Internacional de Doctorado de la Universidad de A Coru\u00f1a (EIDUDC)<\/td><\/tr><\/tbody><\/table>\t\t\t\t\t\t\t\t<\/div>\n\t\t\t\t<div class=\"elementor-element elementor-element-4908f61 elementor-widget elementor-widget-heading\" data-id=\"4908f61\" data-element_type=\"widget\" data-widget_type=\"heading.default\">\n\t\t\t\t\t<h2 class=\"elementor-heading-title elementor-size-default\">Escuela Internacional de Doctorado de la Universidad de A Coru\u00f1a (Datos asociados al centro):<\/h2>\t\t\t\t<\/div>\n\t\t\t\t<div class=\"elementor-element elementor-element-8f9d388 elementor-widget elementor-widget-text-editor\" data-id=\"8f9d388\" data-element_type=\"widget\" data-widget_type=\"text-editor.default\">\n\t\t\t\t\t\t\t\t\t<table border=\"1\" cellspacing=\"0\" cellpadding=\"5\">\n  <tr>\n    <th colspan=\"2\">PLAZAS DE NUEVO INGRESO OFERTADAS<\/th>\n  <\/tr>\n  <tr>\n    <td><strong>PRIMER A\u00d1O IMPLANTACI\u00d3N<\/strong><\/td>\n    <td><strong>SEGUNDO A\u00d1O IMPLANTACI\u00d3N<\/strong><\/td>\n  <\/tr>\n  <tr>\n    <td><strong>12<\/strong><\/td>\n    <td><strong>12<\/strong><\/td>\n  <\/tr>\n  <tr>\n    <th colspan=\"2\">NORMAS DE PERMANENCIA<\/th>\n  <\/tr>\n  <tr>\n    <td colspan=\"2\">\n      La permanencia del alumnado de doctorado en la UDC se regir\u00e1 por lo dispuesto en el Reglamento de Estudios de Doctorado de la UDC \n      (<a href=\"https:\/\/udc.es\/es\/eid\/normativa\/\" target=\"_blank\">https:\/\/udc.es\/es\/eid\/normativa\/<\/a>).\n    <\/td>\n  <\/tr>\n  <tr>\n    <th colspan=\"6\">LENGUAS DEL PROGRAMA<\/th>\n  <\/tr>\n  <tr>\n    <th>CASTELLANO<\/th>\n    <th>CATAL\u00c1N<\/th>\n    <th>EUSKERA<\/th>\n    <th>GALLEGO<\/th>\n    <th>VALENCIANO<\/th>\n    <th>INGL\u00c9S<\/th>\n  <\/tr>\n  <tr>\n    <td>X<\/td>\n    <td><\/td>\n    <td><\/td>\n    <td>X<\/td>\n    <td><\/td>\n    <td>X<\/td>\n  <\/tr>\n  <tr>\n    <th>FRANC\u00c9S<\/th>\n    <th>ALEM\u00c1N<\/th>\n    <th>PORTUGU\u00c9S<\/th>\n    <th>ITALIANO<\/th>\n    <th>OTRAS<\/th>\n    <th><\/th>\n  <\/tr>\n  <tr>\n    <td><\/td>\n    <td><\/td>\n    <td><\/td>\n    <td><\/td>\n    <td><\/td>\n    <td><\/td>\n  <\/tr>\n<\/table>\t\t\t\t\t\t\t\t<\/div>\n\t\t\t\t<div class=\"elementor-element elementor-element-c4c8f81 elementor-widget elementor-widget-heading\" data-id=\"c4c8f81\" data-element_type=\"widget\" data-widget_type=\"heading.default\">\n\t\t\t\t\t<h2 class=\"elementor-heading-title elementor-size-default\">Colaboraciones:<\/h2>\t\t\t\t<\/div>\n\t\t\t\t<div class=\"elementor-element elementor-element-c5c7ad7 elementor-widget elementor-widget-text-editor\" data-id=\"c5c7ad7\" data-element_type=\"widget\" data-widget_type=\"text-editor.default\">\n\t\t\t\t\t\t\t\t\t<table border=\"1\" cellspacing=\"0\" cellpadding=\"5\">\n  <tr>\n    <th colspan=\"4\">LISTADO DE COLABORACIONES CON CONVENIO<\/th>\n  <\/tr>\n  <tr>\n    <th>C\u00d3DIGO<\/th>\n    <th>INSTITUCI\u00d3N<\/th>\n    <th>DESCRIPCI\u00d3N<\/th>\n    <th>NATUR. INSTIT.<\/th>\n  <\/tr>\n  <tr>\n    <td>001<\/td>\n    <td>Fundaci\u00f3n de la Ingenier\u00eda Civil de Galicia (FICG)<\/td>\n    <td>\n      Promover la investigaci\u00f3n cient\u00edfica, el desarrollo tecnol\u00f3gico y la innovaci\u00f3n;\n      Favorecer la formaci\u00f3n de grupos de investigadores especialistas en los distintos campos de actuaci\u00f3n;\n      Facilitar el intercambio y la transferencia de conocimientos entre los grupos de los distintos agentes\n      del sistema de ciencia-tecnolog\u00eda-empresa\n    <\/td>\n    <td>Privado<\/td>\n  <\/tr>\n<\/table>\n\n<br>\n\n<table border=\"1\" cellspacing=\"0\" cellpadding=\"5\">\n  <tr>\n    <th>CONVENIOS DE COLABORACI\u00d3N<\/th>\n  <\/tr>\n  <tr>\n    <td>\n      En el apartado 10 (Documentos adjuntos al expediente), v\u00e9anse los documentos adjuntos DA1-Estatutos de la FICG y DA2- Convenio de colaboraci\u00f3n entre la UDC y la FICG para la gesti\u00f3n delegada de servicios cient\u00edficos, t\u00e9cnicos, art\u00edsticos o docentes.\n    <\/td>\n  <\/tr>\n<\/table>\n\n<br>\n\n<table border=\"1\" cellspacing=\"0\" cellpadding=\"5\">\n  <tr>\n    <th>OTRAS COLABORACIONES<\/th>\n  <\/tr>\n  <tr>\n    <td>\n      Este POD cuenta con el acceso a los recursos materiales y la colaboraci\u00f3n de los recursos humanos propios de la Escuela T\u00e9cnica Superior de Ingenier\u00eda de Caminos, Canales y Puertos (ETSICCP) y del Centro de Innovaci\u00f3n Tecnol\u00f3gica en Edificaci\u00f3n e Ingenier\u00eda Civil (CITEEC) de la UDC.<br><br>\n      En el apartado 10 (Documentos adjuntos al expediente), v\u00e9anse los documentos adjuntos DA3-Infraestructuras y equipamientos de la ETSICCP, DA4-Infraestructuras y equipamientos del CITEEC, DA5-Plan estrat\u00e9gico del CITEEC, DA6-Composici\u00f3n de los \u00f3rganos asesores del CITEEC, DA7-Grupos de investigaci\u00f3n que forman parte del CITEEC, DA8-Entidades extranjeras con las que colabora y redes en las que participa el CITEEC, DA9-Memoria de actividades de 2023 del CITEEC (publicada en 2024).\n    <\/td>\n  <\/tr>\n<\/table>\n\t\t\t\t\t\t\t\t<\/div>\n\t\t\t\t<div class=\"elementor-element elementor-element-43f4573 elementor-icon-list--layout-traditional elementor-list-item-link-full_width elementor-widget elementor-widget-icon-list\" data-id=\"43f4573\" data-element_type=\"widget\" data-widget_type=\"icon-list.default\">\n\t\t\t\t\t\t\t<ul class=\"elementor-icon-list-items\">\n\t\t\t\t\t\t\t<li class=\"elementor-icon-list-item\">\n\t\t\t\t\t\t\t\t\t\t\t<a href=\"https:\/\/caminos.udc.es\/hosting\/doctorado\/wp-content\/uploads\/2025\/07\/01.-Descripcion-del-titulo.pdf\">\n\n\t\t\t\t\t\t\t\t\t\t\t\t<span class=\"elementor-icon-list-icon\">\n\t\t\t\t\t\t\t<svg aria-hidden=\"true\" class=\"e-font-icon-svg e-fas-file-pdf\" viewBox=\"0 0 384 512\" xmlns=\"http:\/\/www.w3.org\/2000\/svg\"><path d=\"M181.9 256.1c-5-16-4.9-46.9-2-46.9 8.4 0 7.6 36.9 2 46.9zm-1.7 47.2c-7.7 20.2-17.3 43.3-28.4 62.7 18.3-7 39-17.2 62.9-21.9-12.7-9.6-24.9-23.4-34.5-40.8zM86.1 428.1c0 .8 13.2-5.4 34.9-40.2-6.7 6.3-29.1 24.5-34.9 40.2zM248 160h136v328c0 13.3-10.7 24-24 24H24c-13.3 0-24-10.7-24-24V24C0 10.7 10.7 0 24 0h200v136c0 13.2 10.8 24 24 24zm-8 171.8c-20-12.2-33.3-29-42.7-53.8 4.5-18.5 11.6-46.6 6.2-64.2-4.7-29.4-42.4-26.5-47.8-6.8-5 18.3-.4 44.1 8.1 77-11.6 27.6-28.7 64.6-40.8 85.8-.1 0-.1.1-.2.1-27.1 13.9-73.6 44.5-54.5 68 5.6 6.9 16 10 21.5 10 17.9 0 35.7-18 61.1-61.8 25.8-8.5 54.1-19.1 79-23.2 21.7 11.8 47.1 19.5 64 19.5 29.2 0 31.2-32 19.7-43.4-13.9-13.6-54.3-9.7-73.6-7.2zM377 105L279 7c-4.5-4.5-10.6-7-17-7h-6v128h128v-6.1c0-6.3-2.5-12.4-7-16.9zm-74.1 255.3c4.1-2.7-2.5-11.9-42.8-9 37.1 15.8 42.8 9 42.8 9z\"><\/path><\/svg>\t\t\t\t\t\t<\/span>\n\t\t\t\t\t\t\t\t\t\t<span class=\"elementor-icon-list-text\">Descripci\u00f3n del t\u00edtulo<\/span>\n\t\t\t\t\t\t\t\t\t\t\t<\/a>\n\t\t\t\t\t\t\t\t\t<\/li>\n\t\t\t\t\t\t<\/ul>\n\t\t\t\t\t\t<\/div>\n\t\t\t\t<\/div>\n\t\t\t\t<\/div>\n\t\t","protected":false},"excerpt":{"rendered":"<p>Datos b\u00e1sicos NIVEL DENOMINACI\u00d3N ESPECIFICA CONJUNTO CONVENIO CONV. ADJUNTO Doctor Programa de Doctorado en Ingenier\u00eda Civil por la Universidad de A Coru\u00f1a No ISCED 1 ISCED 2 Ingenier\u00eda y profesiones afines Construcci\u00f3n e Ingenier\u00eda Civil AGENCIA EVALUADORA UNIVERSIDAD SOLICITANTE Agencia para la Calidad del sistema Universitario de Galicia (ACSUG) Universidad &#8230;<\/p>\n<p> <a class=\"continue-reading-link\" href=\"https:\/\/caminos.udc.es\/hosting\/doctorado\/index.php\/descripcion-del-titulo\/\"><span>Continue reading<\/span><i class=\"crycon-right-dir\"><\/i><\/a> <\/p>\n","protected":false},"author":1,"featured_media":0,"parent":0,"menu_order":0,"comment_status":"closed","ping_status":"closed","template":"","meta":{"footnotes":""},"class_list":["post-9","page","type-page","status-publish","hentry"],"_links":{"self":[{"href":"https:\/\/caminos.udc.es\/hosting\/doctorado\/index.php\/wp-json\/wp\/v2\/pages\/9","targetHints":{"allow":["GET"]}}],"collection":[{"href":"https:\/\/caminos.udc.es\/hosting\/doctorado\/index.php\/wp-json\/wp\/v2\/pages"}],"about":[{"href":"https:\/\/caminos.udc.es\/hosting\/doctorado\/index.php\/wp-json\/wp\/v2\/types\/page"}],"author":[{"embeddable":true,"href":"https:\/\/caminos.udc.es\/hosting\/doctorado\/index.php\/wp-json\/wp\/v2\/users\/1"}],"replies":[{"embeddable":true,"href":"https:\/\/caminos.udc.es\/hosting\/doctorado\/index.php\/wp-json\/wp\/v2\/comments?post=9"}],"version-history":[{"count":19,"href":"https:\/\/caminos.udc.es\/hosting\/doctorado\/index.php\/wp-json\/wp\/v2\/pages\/9\/revisions"}],"predecessor-version":[{"id":79,"href":"https:\/\/caminos.udc.es\/hosting\/doctorado\/index.php\/wp-json\/wp\/v2\/pages\/9\/revisions\/79"}],"wp:attachment":[{"href":"https:\/\/caminos.udc.es\/hosting\/doctorado\/index.php\/wp-json\/wp\/v2\/media?parent=9"}],"curies":[{"name":"wp","href":"https:\/\/api.w.org\/{rel}","templated":true}]}}