{"id":11,"date":"2025-07-13T22:32:58","date_gmt":"2025-07-13T20:32:58","guid":{"rendered":"https:\/\/caminos.udc.es\/hosting\/doctorado\/?page_id=11"},"modified":"2025-07-27T21:56:02","modified_gmt":"2025-07-27T19:56:02","slug":"competencias","status":"publish","type":"page","link":"https:\/\/caminos.udc.es\/hosting\/doctorado\/index.php\/competencias\/","title":{"rendered":"Competencias"},"content":{"rendered":"\t\t<div data-elementor-type=\"wp-page\" data-elementor-id=\"11\" class=\"elementor elementor-11\">\n\t\t\t\t<div class=\"elementor-element elementor-element-53a0888 e-flex e-con-boxed e-con e-parent\" data-id=\"53a0888\" data-element_type=\"container\">\n\t\t\t\t\t<div class=\"e-con-inner\">\n\t\t\t\t<div class=\"elementor-element elementor-element-d67e18a elementor-widget elementor-widget-text-editor\" data-id=\"d67e18a\" data-element_type=\"widget\" data-widget_type=\"text-editor.default\">\n\t\t\t\t\t\t\t\t\t<table border=\"1\" cellspacing=\"0\" cellpadding=\"5\">\n<tbody>\n<tr>\n<th colspan=\"2\">2.1 COMPETENCIAS B\u00c1SICAS Y GENERALES<\/th>\n<\/tr>\n<tr>\n<th colspan=\"2\">B\u00c1SICAS<\/th>\n<\/tr>\n<tr>\n<td>CT02<\/td>\n<td>Capacidad de autoevaluaci\u00f3n del trabajo desarrollado.<\/td>\n<\/tr>\n<tr>\n<td>CB11<\/td>\n<td>Comprensi\u00f3n sistem\u00e1tica de un campo de estudio y dominio de las habilidades y m\u00e9todos de investigaci\u00f3n relacionados con dicho \u00e1mbito.<\/td>\n<\/tr>\n<tr>\n<td>CB12<\/td>\n<td>Capacidad de concebir, dise\u00f1ar o crear, poner en pr\u00e1ctica y adoptar un proceso sustancial de investigaci\u00f3n o creaci\u00f3n.<\/td>\n<\/tr>\n<tr>\n<td>CB13<\/td>\n<td>Capacidad para contribuir a la ampliaci\u00f3n de las fronteras del conocimiento a trav\u00e9s de una investigaci\u00f3n original.<\/td>\n<\/tr>\n<tr>\n<td>CB14<\/td>\n<td>Capacidad de realizar un an\u00e1lisis cr\u00edtico y de evaluaci\u00f3n y s\u00edntesis de ideas nuevas y complejas.<\/td>\n<\/tr>\n<tr>\n<td>CB15<\/td>\n<td>Capacidad de comunicaci\u00f3n con la comunidad acad\u00e9mica y cient\u00edfica y con la sociedad en general acerca de sus \u00e1mbitos de conocimiento en los modos e idiomas de uso habitual en su comunidad cient\u00edfica internacional.<\/td>\n<\/tr>\n<tr>\n<td>CB16<\/td>\n<td>Capacidad de fomentar, en contextos acad\u00e9micos y profesionales, el avance cient\u00edfico, tecnol\u00f3gico, social, art\u00edstico o cultural dentro de una sociedad basada en el conocimiento.<\/td>\n<\/tr>\n<tr>\n<td>CB17<\/td>\n<td>Capacidad de fomentar la Ciencia Abierta y la Ciencia Ciudadana, conforme al art\u00edculo 12 de la Ley Org\u00e1nica 2\/2023, de 22 de marzo, como modo de contribuir a la consideraci\u00f3n del conocimiento cient\u00edfico como un bien com\u00fan, mediante la evaluaci\u00f3n de actividades transversales llevadas a cabo por la doctoranda o el doctorando relacionadas con diferentes dimensiones de la Ciencia Abierta y la Ciencia Ciudadana, as\u00ed como la capacitaci\u00f3n adquirida en sendas disciplinas en formato de microcredenciales o similar.<\/td>\n<\/tr>\n<tr>\n<th colspan=\"2\">CAPACIDADES Y DESTREZAS PERSONALES<\/th>\n<\/tr>\n<tr>\n<td>CA01<\/td>\n<td>Desenvolverse en contextos en los que hay poca informaci\u00f3n espec\u00edfica.<\/td>\n<\/tr>\n<tr>\n<td>CA02<\/td>\n<td>Encontrar las preguntas claves que hay que responder para resolver un problema complejo.<\/td>\n<\/tr>\n<tr>\n<td>CA03<\/td>\n<td>Dise\u00f1ar, crear, desarrollar y emprender proyectos novedosos e innovadores en su \u00e1mbito de conocimiento.<\/td>\n<\/tr>\n<tr>\n<td>CA04<\/td>\n<td>Trabajar tanto en equipo como de manera aut\u00f3noma en un contexto internacional o multidisciplinar.<\/td>\n<\/tr>\n<tr>\n<td>CA05<\/td>\n<td>Integrar conocimientos, enfrentarse a la complejidad y formular juicios con informaci\u00f3n limitada.<\/td>\n<\/tr>\n<tr>\n<td>CA06<\/td>\n<td>La cr\u00edtica y defensa intelectual de soluciones.<\/td>\n<\/tr>\n<tr>\n<th colspan=\"2\">OTRAS COMPETENCIAS<\/th>\n<\/tr>\n<tr>\n<td>CG01<\/td>\n<td>Que los conocimientos adquiridos permitan a los estudiantes comprender las aportaciones cient\u00edficas m\u00e1s significativas que se han realizado en su campo de especializaci\u00f3n a lo largo de la historia, y en particular las m\u00e1s actuales.<\/td>\n<\/tr>\n<tr>\n<td>CG02<\/td>\n<td>Que los estudiantes se encuentren en condiciones de realizar trabajos de investigaci\u00f3n en su campo de especializaci\u00f3n utilizando los m\u00e9todos m\u00e1s avanzados que se hayan desarrollado hasta ese momento y de acuerdo con los principios cient\u00edficos com\u00fanmente aceptados por la comunidad internacional.<\/td>\n<\/tr>\n<tr>\n<td>CG03<\/td>\n<td>Que los estudiantes se encuentren en condiciones de proponer y dirigir proyectos de investigaci\u00f3n en su campo de especializaci\u00f3n.<\/td>\n<\/tr>\n<tr>\n<td>CG04<\/td>\n<td>Capacidad de desarrollar la actividad investigadora con responsabilidad social e integridad cient\u00edfica.<\/td>\n<\/tr>\n<tr>\n<td>CE01<\/td>\n<td>Que los estudiantes hayan adquirido conocimientos avanzados de especializaci\u00f3n en alguno de los campos de la Ingenier\u00eda Civil o de las ciencias en las que se fundamenta, de forma que se encuentren en primera l\u00ednea a nivel internacional en su campo de especializaci\u00f3n.<\/td>\n<\/tr>\n<tr>\n<td>CE02<\/td>\n<td>Que los estudiantes hayan realizado una contribuci\u00f3n cient\u00edfica en su \u00e1mbito de especializaci\u00f3n que tenga relevancia en el \u00e1mbito de la Ingenier\u00eda Civil o de las ciencias en las que se fundamenta.<\/td>\n<\/tr>\n<tr>\n<td>CE03<\/td>\n<td>Que los estudiantes se encuentren en condiciones de incorporarse a los grupos de investigaci\u00f3n y desarrollo e innovaci\u00f3n m\u00e1s avanzados en su campo de especializaci\u00f3n.<\/td>\n<\/tr>\n<tr>\n<td>CE04<\/td>\n<td>Que los estudiantes se encuentren en condiciones de incorporarse o reincorporarse al tejido productivo en las categor\u00edas superiores de los cuadros directivos, y que los conocimientos y habilidades adquiridas les permitan mejorar los proyectos y la ejecuci\u00f3n de las obras de Ingenier\u00eda Civil.<\/td>\n<\/tr>\n<tr>\n<td>CT01<\/td>\n<td>Gesti\u00f3n de las TIC.<\/td>\n<\/tr>\n<\/tbody>\n<\/table>\t\t\t\t\t\t\t\t<\/div>\n\t\t\t\t<div class=\"elementor-element elementor-element-9a94874 elementor-icon-list--layout-traditional elementor-list-item-link-full_width elementor-widget elementor-widget-icon-list\" data-id=\"9a94874\" data-element_type=\"widget\" data-widget_type=\"icon-list.default\">\n\t\t\t\t\t\t\t<ul class=\"elementor-icon-list-items\">\n\t\t\t\t\t\t\t<li class=\"elementor-icon-list-item\">\n\t\t\t\t\t\t\t\t\t\t\t<a href=\"https:\/\/caminos.udc.es\/hosting\/doctorado\/wp-content\/uploads\/2025\/07\/02.-Competencias.pdf\">\n\n\t\t\t\t\t\t\t\t\t\t\t\t<span class=\"elementor-icon-list-icon\">\n\t\t\t\t\t\t\t<svg aria-hidden=\"true\" class=\"e-font-icon-svg e-fas-file-pdf\" viewBox=\"0 0 384 512\" xmlns=\"http:\/\/www.w3.org\/2000\/svg\"><path d=\"M181.9 256.1c-5-16-4.9-46.9-2-46.9 8.4 0 7.6 36.9 2 46.9zm-1.7 47.2c-7.7 20.2-17.3 43.3-28.4 62.7 18.3-7 39-17.2 62.9-21.9-12.7-9.6-24.9-23.4-34.5-40.8zM86.1 428.1c0 .8 13.2-5.4 34.9-40.2-6.7 6.3-29.1 24.5-34.9 40.2zM248 160h136v328c0 13.3-10.7 24-24 24H24c-13.3 0-24-10.7-24-24V24C0 10.7 10.7 0 24 0h200v136c0 13.2 10.8 24 24 24zm-8 171.8c-20-12.2-33.3-29-42.7-53.8 4.5-18.5 11.6-46.6 6.2-64.2-4.7-29.4-42.4-26.5-47.8-6.8-5 18.3-.4 44.1 8.1 77-11.6 27.6-28.7 64.6-40.8 85.8-.1 0-.1.1-.2.1-27.1 13.9-73.6 44.5-54.5 68 5.6 6.9 16 10 21.5 10 17.9 0 35.7-18 61.1-61.8 25.8-8.5 54.1-19.1 79-23.2 21.7 11.8 47.1 19.5 64 19.5 29.2 0 31.2-32 19.7-43.4-13.9-13.6-54.3-9.7-73.6-7.2zM377 105L279 7c-4.5-4.5-10.6-7-17-7h-6v128h128v-6.1c0-6.3-2.5-12.4-7-16.9zm-74.1 255.3c4.1-2.7-2.5-11.9-42.8-9 37.1 15.8 42.8 9 42.8 9z\"><\/path><\/svg>\t\t\t\t\t\t<\/span>\n\t\t\t\t\t\t\t\t\t\t<span class=\"elementor-icon-list-text\">Competencias<\/span>\n\t\t\t\t\t\t\t\t\t\t\t<\/a>\n\t\t\t\t\t\t\t\t\t<\/li>\n\t\t\t\t\t\t<\/ul>\n\t\t\t\t\t\t<\/div>\n\t\t\t\t\t<\/div>\n\t\t\t\t<\/div>\n\t\t\t\t<\/div>\n\t\t","protected":false},"excerpt":{"rendered":"<p>2.1 COMPETENCIAS B\u00c1SICAS Y GENERALES B\u00c1SICAS CT02 Capacidad de autoevaluaci\u00f3n del trabajo desarrollado. CB11 Comprensi\u00f3n sistem\u00e1tica de un campo de estudio y dominio de las habilidades y m\u00e9todos de investigaci\u00f3n relacionados con dicho \u00e1mbito. CB12 Capacidad de concebir, dise\u00f1ar o crear, poner en pr\u00e1ctica y adoptar un proceso sustancial de &#8230;<\/p>\n<p> <a class=\"continue-reading-link\" href=\"https:\/\/caminos.udc.es\/hosting\/doctorado\/index.php\/competencias\/\"><span>Continue reading<\/span><i class=\"crycon-right-dir\"><\/i><\/a> <\/p>\n","protected":false},"author":1,"featured_media":0,"parent":0,"menu_order":0,"comment_status":"closed","ping_status":"closed","template":"","meta":{"footnotes":""},"class_list":["post-11","page","type-page","status-publish","hentry"],"_links":{"self":[{"href":"https:\/\/caminos.udc.es\/hosting\/doctorado\/index.php\/wp-json\/wp\/v2\/pages\/11","targetHints":{"allow":["GET"]}}],"collection":[{"href":"https:\/\/caminos.udc.es\/hosting\/doctorado\/index.php\/wp-json\/wp\/v2\/pages"}],"about":[{"href":"https:\/\/caminos.udc.es\/hosting\/doctorado\/index.php\/wp-json\/wp\/v2\/types\/page"}],"author":[{"embeddable":true,"href":"https:\/\/caminos.udc.es\/hosting\/doctorado\/index.php\/wp-json\/wp\/v2\/users\/1"}],"replies":[{"embeddable":true,"href":"https:\/\/caminos.udc.es\/hosting\/doctorado\/index.php\/wp-json\/wp\/v2\/comments?post=11"}],"version-history":[{"count":22,"href":"https:\/\/caminos.udc.es\/hosting\/doctorado\/index.php\/wp-json\/wp\/v2\/pages\/11\/revisions"}],"predecessor-version":[{"id":102,"href":"https:\/\/caminos.udc.es\/hosting\/doctorado\/index.php\/wp-json\/wp\/v2\/pages\/11\/revisions\/102"}],"wp:attachment":[{"href":"https:\/\/caminos.udc.es\/hosting\/doctorado\/index.php\/wp-json\/wp\/v2\/media?parent=11"}],"curies":[{"name":"wp","href":"https:\/\/api.w.org\/{rel}","templated":true}]}}