{"id":748,"date":"2021-03-30T08:15:45","date_gmt":"2021-03-30T08:15:45","guid":{"rendered":"http:\/\/caminos.udc.es\/hosting\/cgm\/?page_id=748"},"modified":"2026-04-09T14:52:25","modified_gmt":"2026-04-09T14:52:25","slug":"teaching","status":"publish","type":"page","link":"https:\/\/caminos.udc.es\/hosting\/cgm\/?page_id=748&lang=en","title":{"rendered":"PhD Thesis"},"content":{"rendered":"\t\t<div data-elementor-type=\"wp-page\" data-elementor-id=\"748\" class=\"elementor elementor-748\">\n\t\t\t\t\t\t<div class=\"elementor-inner\">\n\t\t\t\t<div class=\"elementor-section-wrap\">\n\t\t\t\t\t\t\t\t\t<section class=\"elementor-section elementor-top-section elementor-element elementor-element-68e1ac2c elementor-section-boxed elementor-section-height-default elementor-section-height-default\" data-id=\"68e1ac2c\" data-element_type=\"section\">\n\t\t\t\t\t\t<div class=\"elementor-container elementor-column-gap-default\">\n\t\t\t\t\t\t\t<div class=\"elementor-row\">\n\t\t\t\t\t<div class=\"elementor-column elementor-col-100 elementor-top-column elementor-element elementor-element-66b170d3\" data-id=\"66b170d3\" data-element_type=\"column\">\n\t\t\t<div class=\"elementor-column-wrap elementor-element-populated\">\n\t\t\t\t\t\t\t<div class=\"elementor-widget-wrap\">\n\t\t\t\t\t\t<div class=\"elementor-element elementor-element-338ac179 elementor-widget elementor-widget-text-editor\" data-id=\"338ac179\" data-element_type=\"widget\" data-widget_type=\"text-editor.default\">\n\t\t\t\t<div class=\"elementor-widget-container\">\n\t\t\t\t\t\t\t\t<div class=\"elementor-text-editor elementor-clearfix\">\n\t\t\t\t<p>The members of the CGM focus their teaching activities mainly on the School of Civil Engineering (ETSICCP) of the University of Coru\u00f1a (UDC). However, they also teach classes at the Senior University.<\/p><p style=\"font-size: 15px;\">The members of the CGM directed the following doctoral theses:<\/p><p style=\"font-size: 15px;\">\u00a0<\/p><div style=\"font-size: 15px;\"><strong style=\"font-size: 15px;\">Alternative Mineral Fillers and Plant-Resin-Based Bioemulsion: A Laboratory Study on Their Application in Microsurfacing and Cold Recycled Asphalt Mixtures<\/strong><\/div><hr style=\"background-color: #f7f7f7;\" \/><p style=\"font-size: 15px;\"><span style=\"font-size: 15px; background-color: transparent;\">PhD candidate:<\/span><strong style=\"font-size: 15px;\">\u00a0<\/strong>Sabas Corraliza Tejeda<br \/><span style=\"font-size: 15px;\">Thesis supervisor<\/span><strong style=\"font-size: 15px;\">:\u00a0<\/strong>Ignacio P\u00e9rez P\u00e9rez and Ana M\u00aa Rodr\u00edguez Pasand\u00edn<br \/><span style=\"font-size: 15px;\">Reading date:<\/span><strong style=\"font-size: 15px;\">\u00a0<\/strong>27\/11\/2025<\/p><p style=\"font-size: 15px;\"><a style=\"font-size: 15px;\" href=\"https:\/\/www.udc.es\/es\/teses\/tese\/?codigo=n2124\"><strong style=\"font-size: 15px;\">M\u00e1s informaci\u00f3n y documento completo<\/strong><\/a><\/p><p style=\"font-size: 15px;\">\u00a0<\/p><div style=\"font-size: 15px;\"><strong style=\"font-size: 15px;\">Characterization of the Permeability, Mechanical Properties, and Hydraulic Performance of Enhanced-Porosity Concrete Using Aggregates from Quarries in the Province of El Oro<\/strong><\/div><hr style=\"background-color: #f7f7f7;\" \/><p style=\"font-size: 15px;\"><span style=\"font-size: 15px; background-color: transparent;\">PhD candidate:<\/span><strong style=\"font-size: 15px;\">\u00a0<\/strong>Carlos Euregio S\u00e1nchez Mendieta<br \/><span style=\"font-size: 15px;\">Thesis supervisor<\/span><strong style=\"font-size: 15px;\">:\u00a0<\/strong>Isabel Mart\u00ednez Lage and Juan Jos\u00e9 Gal\u00e1n D\u00edaz<br \/><span style=\"font-size: 15px;\">Reading date:<\/span><strong style=\"font-size: 15px;\">\u00a0<\/strong>28\/10\/2025<\/p><p style=\"font-size: 15px;\"><a style=\"font-size: 15px;\" href=\"https:\/\/www.udc.es\/es\/teses\/tese\/?codigo=n2125\"><strong style=\"font-size: 15px;\">M\u00e1s informaci\u00f3n y documento completo<\/strong><\/a><\/p><p style=\"font-size: 15px;\">\u00a0<\/p><div style=\"font-size: 15px;\"><strong style=\"font-size: 15px;\">Mechanical Performance of In-Situ Cold Recycled Asphalt Mixtures with Bituminous Emulsion: Effect of Curing Time on the Response of Rehabilitated Pavement Sections<\/strong><\/div><hr style=\"background-color: #f7f7f7;\" \/><p style=\"font-size: 15px;\"><span style=\"font-size: 15px; background-color: transparent;\">PhD candidate:<\/span><strong style=\"font-size: 15px;\">\u00a0<\/strong>Pablo Orosa Iglesias<br \/><span style=\"font-size: 15px;\">Thesis supervisor:\u00a0<\/span>Ignacio P\u00e9rez P\u00e9rez and Ana M\u00aa Rodr\u00edguez Pasand\u00edn<br \/><span style=\"font-size: 15px;\">Reading date:<\/span><strong style=\"font-size: 15px;\">\u00a0<\/strong>17\/06\/2022<br \/><span style=\"font-size: 15px; background-color: transparent;\">Mentions:<\/span><span style=\"font-size: 15px; background-color: transparent;\">\u00a0international<\/span><br \/><span style=\"font-size: 15px;\">Awards:<\/span><strong style=\"font-size: 15px;\">\u00a0<\/strong><span style=\"font-size: 15px;\">Extraordinary doctorate award<\/span><span style=\"font-size: 15px;\">\u00a0(21\/22)<\/span><\/p><p style=\"font-size: 15px;\"><a style=\"font-size: 15px;\" href=\"https:\/\/www.udc.es\/es\/teses\/tese\/?codigo=n691\"><span style=\"font-size: 15px; font-weight: bold;\">More information and complete document<\/span><\/a><\/p><p style=\"font-size: 15px;\"><strong style=\"font-size: 15px;\">Highway travel time information systems: from traditional to Cooperative driving environments<\/strong><\/p><hr style=\"background-color: #f7f7f7;\" \/><p style=\"font-size: 15px;\">PhD candidate: Margarita Mart\u00ednez D\u00edaz<br \/>Thesis supervisor: Francesc Soriguera Marti and Ignacio P\u00e9rez P\u00e9rez<br \/>Reading date: December 2018<br \/>Awards: Abertis international and national (2020)<\/p><p style=\"font-size: 15px;\"><a style=\"font-size: 15px;\" href=\"https:\/\/ruc.udc.es\/dspace\/handle\/2183\/21559\"><strong style=\"font-size: 15px;\">More information and complete document<\/strong><\/a><\/p><p style=\"font-size: 15px;\"><strong style=\"font-size: 15px;\">The 3D effect in the calculation of screen<\/strong><\/p><hr style=\"background-color: #f7f7f7;\" \/><p style=\"font-size: 15px;\">PhD candidate: Carlos Barba \u00c1vila<br \/>Thesis supervisor: Luis Esteban Medina Rodr\u00edguez<br \/>Reading date: July 2018<\/p><p style=\"font-size: 15px;\"><strong style=\"font-size: 15px;\">More information and complete document\u00a0<\/strong><\/p><p style=\"font-size: 15px;\"><strong style=\"font-size: 15px;\">Mechanical behavior and marine corrosion of various ferric alloys used in ships and their components<\/strong><\/p><hr style=\"background-color: #f7f7f7;\" \/><p style=\"font-size: 15px;\">PhD student: Nuria Varela Fern\u00e1ndez<br \/>Thesis supervisor: Juan Jos\u00e9 Gal\u00e1n D\u00edaz<br \/>Reading date: 2016<\/p><p style=\"font-size: 15px;\"><a style=\"font-size: 15px;\" href=\"https:\/\/dialnet.unirioja.es\/servlet\/tesis?codigo=49620\"><strong style=\"font-size: 15px;\">More information and complete document<\/strong><\/a><\/p><p style=\"font-size: 15px;\"><strong style=\"font-size: 15px;\">Sustainable application of construction and demolition waste as aggregate recycling of cold mixes<\/strong><\/p><hr style=\"background-color: #f7f7f7;\" \/><p style=\"font-size: 15px;\">PhD candidate: Breixo G\u00f3mez Meijide<br \/>Thesis supervisor: Ignacio P\u00e9rez P\u00e9rez<br \/>Reading date: 2015<br \/>Awards: Extraordinary doctorate award (2014-2015)<\/p><p style=\"font-size: 15px;\"><strong style=\"font-size: 15px;\"><a style=\"font-size: 15px;\" href=\"https:\/\/dialnet.unirioja.es\/servlet\/tesis?codigo=45500\">More information and complete document<\/a><\/strong><\/p><p style=\"font-size: 15px;\"><strong style=\"font-size: 15px;\">Numerical study of vibrations caused by railway traffic in tunnels in the time domain<\/strong><\/p><hr style=\"background-color: #f7f7f7;\" \/><p style=\"font-size: 15px;\">PhD candidate: Jes\u00fas Fern\u00e1ndez Ru\u00edz<br \/>Thesis supervisor: Luis Medina Rodr\u00edguez<br \/>Reading date: 2014<\/p><p style=\"font-size: 15px;\"><strong style=\"font-size: 15px;\"><a style=\"font-size: 15px;\" href=\"https:\/\/dialnet.unirioja.es\/servlet\/tesis?codigo=41145\">More information and complete document\u00a0<\/a><\/strong><\/p><p style=\"font-size: 15px;\"><strong style=\"font-size: 15px;\">Sensitivity to water and mechanical properties of hot bituminous mixtures made with recycled aggregates from construction and demolition waste<\/strong><\/p><hr style=\"background-color: #f7f7f7;\" \/><p style=\"font-size: 15px;\">PhD candidate: Ana Mar\u00eda Rodr\u00edguez Pasand\u00edn<br \/>Thesis supervisor: Ignacio P\u00e9rez P\u00e9rez<br \/>Reading date: 2013<br \/>Awards: Extraordinary doctorate award (2013-2014)<\/p><p style=\"font-size: 15px;\"><strong style=\"font-size: 15px;\"><a style=\"font-size: 15px;\" href=\"https:\/\/dialnet.unirioja.es\/servlet\/tesis?codigo=38484\">More information and complete document\u00a0<\/a><\/strong><\/p><p style=\"font-size: 15px;\"><strong style=\"font-size: 15px;\">Innovation in physical methods applied in the field of Engineering through the use of new technologies<\/strong><\/p><hr style=\"background-color: #f7f7f7;\" \/><p style=\"font-size: 15px;\">PhD candidate: Sim\u00f3n Fern\u00e1ndez Garrido<br \/>Thesis supervisor: Juan Jos\u00e9 Gal\u00e1n D\u00edaz<br \/>Reading date: 2012<\/p><p style=\"font-size: 15px;\"><strong style=\"font-size: 15px;\"><a style=\"font-size: 15px;\" href=\"https:\/\/dialnet.unirioja.es\/servlet\/tesis?codigo=38095\">More information and complete<\/a><\/strong><\/p><p style=\"font-size: 15px;\"><strong style=\"font-size: 15px;\">Procedure for estimating the optimum working pressure in the mixing chamber of an earth pressure shield. Involvement in shield design parameters<\/strong><\/p><hr style=\"background-color: #f7f7f7;\" \/><p style=\"font-size: 15px;\">PhD student: Juan Miguel Alcaide Alonso<br \/>Thesis supervisor: Luis Medina Rodr\u00edguez<br \/>Reading date: 2011<\/p><p style=\"font-size: 15px;\"><strong style=\"font-size: 15px;\"><a style=\"font-size: 15px;\" href=\"http:\/\/oa.upm.es\/9161\/\">More information and complete document\u00a0<\/a><\/strong><\/p><p style=\"font-size: 15px;\"><strong style=\"font-size: 15px;\">Practical remediation models for land contaminated by hydrocarbons<\/strong><\/p><hr style=\"background-color: #f7f7f7;\" \/><p style=\"font-size: 15px;\">PhD candidate: M\u00aa Estrella Rodr\u00edguez Justo<br \/>Thesis supervisor: Luis Medina Rodr\u00edguez<br \/>Reading date: 2005<\/p><p style=\"font-size: 15px;\"><strong style=\"font-size: 15px;\"><a style=\"font-size: 15px;\" href=\"https:\/\/dialnet.unirioja.es\/servlet\/tesis?codigo=46065\">More information and complete document<\/a><\/strong><\/p>\t\t\t\t\t<\/div>\n\t\t\t\t\t\t<\/div>\n\t\t\t\t<\/div>\n\t\t\t\t\t\t<\/div>\n\t\t\t\t\t<\/div>\n\t\t<\/div>\n\t\t\t\t\t\t\t\t<\/div>\n\t\t\t\t\t<\/div>\n\t\t<\/section>\n\t\t\t\t\t\t\t\t\t<\/div>\n\t\t\t<\/div>\n\t\t\t\t\t<\/div>\n\t\t","protected":false},"excerpt":{"rendered":"<p>The members of the CGM focus their teaching activities mainly on the School of Civil Engineering (ETSICCP) of the University of Coru\u00f1a (UDC). However, they also teach classes at the Senior University. The members of the CGM directed the following doctoral theses: Alternative Mineral Fillers and Plant-Resin-Based Bioemulsion: A Laboratory&#8230;<\/p>\n<p class=\"continue-reading-button\"> <a class=\"continue-reading-link\" href=\"https:\/\/caminos.udc.es\/hosting\/cgm\/?page_id=748&#038;lang=en\">Continue reading<i class=\"crycon-right-dir\"><\/i><\/a><\/p>\n","protected":false},"author":1,"featured_media":0,"parent":0,"menu_order":0,"comment_status":"closed","ping_status":"closed","template":"","meta":[],"_links":{"self":[{"href":"https:\/\/caminos.udc.es\/hosting\/cgm\/index.php?rest_route=\/wp\/v2\/pages\/748"}],"collection":[{"href":"https:\/\/caminos.udc.es\/hosting\/cgm\/index.php?rest_route=\/wp\/v2\/pages"}],"about":[{"href":"https:\/\/caminos.udc.es\/hosting\/cgm\/index.php?rest_route=\/wp\/v2\/types\/page"}],"author":[{"embeddable":true,"href":"https:\/\/caminos.udc.es\/hosting\/cgm\/index.php?rest_route=\/wp\/v2\/users\/1"}],"replies":[{"embeddable":true,"href":"https:\/\/caminos.udc.es\/hosting\/cgm\/index.php?rest_route=%2Fwp%2Fv2%2Fcomments&post=748"}],"version-history":[{"count":23,"href":"https:\/\/caminos.udc.es\/hosting\/cgm\/index.php?rest_route=\/wp\/v2\/pages\/748\/revisions"}],"predecessor-version":[{"id":1468,"href":"https:\/\/caminos.udc.es\/hosting\/cgm\/index.php?rest_route=\/wp\/v2\/pages\/748\/revisions\/1468"}],"wp:attachment":[{"href":"https:\/\/caminos.udc.es\/hosting\/cgm\/index.php?rest_route=%2Fwp%2Fv2%2Fmedia&parent=748"}],"curies":[{"name":"wp","href":"https:\/\/api.w.org\/{rel}","templated":true}]}}