{"id":671,"date":"2021-03-15T11:20:23","date_gmt":"2021-03-15T11:20:23","guid":{"rendered":"http:\/\/caminos.udc.es\/hosting\/cgm\/?page_id=671"},"modified":"2021-03-15T11:23:47","modified_gmt":"2021-03-15T11:23:47","slug":"patentesg","status":"publish","type":"page","link":"https:\/\/caminos.udc.es\/hosting\/cgm\/?page_id=671&lang=gl","title":{"rendered":"PatentesG"},"content":{"rendered":"\t\t<div data-elementor-type=\"wp-page\" data-elementor-id=\"671\" class=\"elementor elementor-671\">\n\t\t\t\t\t\t<div class=\"elementor-inner\">\n\t\t\t\t<div class=\"elementor-section-wrap\">\n\t\t\t\t\t\t\t\t\t<section class=\"elementor-section elementor-top-section elementor-element elementor-element-0f54fed elementor-section-boxed elementor-section-height-default elementor-section-height-default\" data-id=\"0f54fed\" data-element_type=\"section\">\n\t\t\t\t\t\t<div class=\"elementor-container elementor-column-gap-default\">\n\t\t\t\t\t\t\t<div class=\"elementor-row\">\n\t\t\t\t\t<div class=\"elementor-column elementor-col-100 elementor-top-column elementor-element elementor-element-bb6dd09\" data-id=\"bb6dd09\" data-element_type=\"column\">\n\t\t\t<div class=\"elementor-column-wrap elementor-element-populated\">\n\t\t\t\t\t\t\t<div class=\"elementor-widget-wrap\">\n\t\t\t\t\t\t<div class=\"elementor-element elementor-element-6925c9b elementor-widget elementor-widget-text-editor\" data-id=\"6925c9b\" data-element_type=\"widget\" data-widget_type=\"text-editor.default\">\n\t\t\t\t<div class=\"elementor-widget-container\">\n\t\t\t\t\t\t\t\t<div class=\"elementor-text-editor elementor-clearfix\">\n\t\t\t\t<p>Como consecuencia da actividade investigadora do\u00a0 CGM, xer\u00e1ronse as seguintes \u00a0patentes e\/ou modelos de utilidade:<\/p>\t\t\t\t\t<\/div>\n\t\t\t\t\t\t<\/div>\n\t\t\t\t<\/div>\n\t\t\t\t\t\t<\/div>\n\t\t\t\t\t<\/div>\n\t\t<\/div>\n\t\t\t\t\t\t\t\t<\/div>\n\t\t\t\t\t<\/div>\n\t\t<\/section>\n\t\t\t\t<section class=\"elementor-section elementor-top-section elementor-element elementor-element-50d8e2d elementor-section-boxed elementor-section-height-default elementor-section-height-default\" data-id=\"50d8e2d\" data-element_type=\"section\">\n\t\t\t\t\t\t<div class=\"elementor-container elementor-column-gap-default\">\n\t\t\t\t\t\t\t<div class=\"elementor-row\">\n\t\t\t\t\t<div class=\"elementor-column elementor-col-100 elementor-top-column elementor-element elementor-element-27ccf5b\" data-id=\"27ccf5b\" data-element_type=\"column\">\n\t\t\t<div class=\"elementor-column-wrap elementor-element-populated\">\n\t\t\t\t\t\t\t<div class=\"elementor-widget-wrap\">\n\t\t\t\t\t\t<div class=\"elementor-element elementor-element-2edc40b elementor-invisible elementor-widget elementor-widget-toggle\" data-id=\"2edc40b\" data-element_type=\"widget\" data-settings=\"{&quot;_animation&quot;:&quot;zoomIn&quot;}\" data-widget_type=\"toggle.default\">\n\t\t\t\t<div class=\"elementor-widget-container\">\n\t\t\t\t\t<div class=\"elementor-toggle\" role=\"tablist\">\n\t\t\t\t\t\t\t<div class=\"elementor-toggle-item\">\n\t\t\t\t\t<div id=\"elementor-tab-title-4911\" class=\"elementor-tab-title\" data-tab=\"1\" role=\"tab\" aria-controls=\"elementor-tab-content-4911\" aria-expanded=\"false\">\n\t\t\t\t\t\t\t\t\t\t\t\t<span class=\"elementor-toggle-icon elementor-toggle-icon-left\" aria-hidden=\"true\">\n\t\t\t\t\t\t\t\t\t\t\t\t\t\t\t<span class=\"elementor-toggle-icon-closed\"><i class=\"fas fa-flask\"><\/i><\/span>\n\t\t\t\t\t\t\t\t<span class=\"elementor-toggle-icon-opened\"><i class=\"elementor-toggle-icon-opened fas fa-caret-up\"><\/i><\/span>\n\t\t\t\t\t\t\t\t\t\t\t\t\t<\/span>\n\t\t\t\t\t\t\t\t\t\t\t\t<a href=\"\" class=\"elementor-toggle-title\">Procedemento de limpeza de manchas frescas por derrame de flu\u00eddos<\/a>\n\t\t\t\t\t<\/div>\n\n\t\t\t\t\t<div id=\"elementor-tab-content-4911\" class=\"elementor-tab-content elementor-clearfix\" data-tab=\"1\" role=\"tabpanel\" aria-labelledby=\"elementor-tab-title-4911\"><p>N\u00famero de patente: ES 2 582 498\u00a0 B1<br \/>Inventores: Breixo G\u00f3mez Meijide, Ignacio P\u00e9rez P\u00e9rez e Ana Mar\u00eda Rodr\u00edguez Pasand\u00edn<br \/>Titular: Universidade da Coru\u00f1a<br \/>Data de concesi\u00f3n: 22\/03\/2017<\/p><p>Resumo:<br \/>A presente invenci\u00f3n describe un procedemento de limpeza de manchas frescas polo derrame de flu\u00eddos, que comprende aplicar \u00e1ridos reciclados de\u00a0 RCDs, cun contido maior do 90% de morteiro ou formig\u00f3n e tama\u00f1o de part\u00edculas inferior a 0,250 mm, remover a mestura durante un tempo entre 5 segundos e 2 minutos, e recoller os \u00e1ridos resultantes embebidos na mancha de flu\u00eddo. Con esta nova aplicaci\u00f3n, poder\u00edaselle dar unha nova sa\u00edda comercial prolongando a s\u00faa vida \u00fatil mediante un proceso sinxelo, pouco custoso e sostible, contribu\u00edndo, as\u00ed, \u00e1 reduci\u00f3n do seu impacto ambiental.<\/p><p>Data de publicaci\u00f3n no\u00a0 BOPI: 13\/09\/2016<\/p><p><a href=\"http:\/\/caminos.udc.es\/hosting\/cgm\/wp-content\/uploads\/2018\/09\/ES-2582498-B1.pdf\"><strong>M\u00e1is informaci\u00f3n<\/strong><\/a><\/p><\/div>\n\t\t\t\t<\/div>\n\t\t\t\t\t\t\t<div class=\"elementor-toggle-item\">\n\t\t\t\t\t<div id=\"elementor-tab-title-4912\" class=\"elementor-tab-title\" data-tab=\"2\" role=\"tab\" aria-controls=\"elementor-tab-content-4912\" aria-expanded=\"false\">\n\t\t\t\t\t\t\t\t\t\t\t\t<span class=\"elementor-toggle-icon elementor-toggle-icon-left\" aria-hidden=\"true\">\n\t\t\t\t\t\t\t\t\t\t\t\t\t\t\t<span class=\"elementor-toggle-icon-closed\"><i class=\"fas fa-flask\"><\/i><\/span>\n\t\t\t\t\t\t\t\t<span class=\"elementor-toggle-icon-opened\"><i class=\"elementor-toggle-icon-opened fas fa-caret-up\"><\/i><\/span>\n\t\t\t\t\t\t\t\t\t\t\t\t\t<\/span>\n\t\t\t\t\t\t\t\t\t\t\t\t<a href=\"\" class=\"elementor-toggle-title\">Procedemento de obtenci\u00f3n dunha mestura  bituminosa<\/a>\n\t\t\t\t\t<\/div>\n\n\t\t\t\t\t<div id=\"elementor-tab-content-4912\" class=\"elementor-tab-content elementor-clearfix\" data-tab=\"2\" role=\"tabpanel\" aria-labelledby=\"elementor-tab-title-4912\"><p>N\u00famero de patente: ES 2 425 301 A1<br \/>Inventores: Ignacio P\u00e9rez P\u00e9rez e Ana Mar\u00eda Rodr\u00edguez Pasand\u00edn<br \/>Titular: Universidade da Coru\u00f1a<br \/>Data de concesi\u00f3n: 04\/08\/2014<\/p><p>Resumo:<br \/>Tr\u00e1tase dun procedemento de fabricaci\u00f3n dunha mestura\u00a0 bituminosa en quente \u00e1 que se incorpora \u00e1rido reciclado procedente de residuos de construci\u00f3n e demolici\u00f3n. Para mellorarse a s\u00faa sensibilidade \u00e1 auga d\u00e9ixase curar 4 horas en estufa \u00e1 temperatura de mesturado, con anterioridade \u00e1 s\u00faa\u00a0 compactaci\u00f3n.<\/p><p>Data de publicaci\u00f3n no\u00a0 BOPI: 11\/08\/2014<\/p><p>\u00a0<\/p><p><a href=\"http:\/\/caminos.udc.es\/hosting\/cgm\/wp-content\/uploads\/2018\/09\/ES-2425301_A1.pdf\"><strong>M\u00e1is informaci\u00f3n<\/strong><\/a><\/p><\/div>\n\t\t\t\t<\/div>\n\t\t\t\t\t\t\t<div class=\"elementor-toggle-item\">\n\t\t\t\t\t<div id=\"elementor-tab-title-4913\" class=\"elementor-tab-title\" data-tab=\"3\" role=\"tab\" aria-controls=\"elementor-tab-content-4913\" aria-expanded=\"false\">\n\t\t\t\t\t\t\t\t\t\t\t\t<span class=\"elementor-toggle-icon elementor-toggle-icon-left\" aria-hidden=\"true\">\n\t\t\t\t\t\t\t\t\t\t\t\t\t\t\t<span class=\"elementor-toggle-icon-closed\"><i class=\"fas fa-flask\"><\/i><\/span>\n\t\t\t\t\t\t\t\t<span class=\"elementor-toggle-icon-opened\"><i class=\"elementor-toggle-icon-opened fas fa-caret-up\"><\/i><\/span>\n\t\t\t\t\t\t\t\t\t\t\t\t\t<\/span>\n\t\t\t\t\t\t\t\t\t\t\t\t<a href=\"\" class=\"elementor-toggle-title\">Procedemento de obtenci\u00f3n dunha mestura  bituminosa<\/a>\n\t\t\t\t\t<\/div>\n\n\t\t\t\t\t<div id=\"elementor-tab-content-4913\" class=\"elementor-tab-content elementor-clearfix\" data-tab=\"3\" role=\"tabpanel\" aria-labelledby=\"elementor-tab-title-4913\"><p>N\u00famero de patente: ES 2 425 302 A1<br \/>Inventores: Ignacio P\u00e9rez P\u00e9rez e Ana Mar\u00eda Rodr\u00edguez Pasand\u00edn<br \/>Titular: Universidade da Coru\u00f1a<br \/>Data de concesi\u00f3n: 04\/08\/2014<\/p><p>Resumo:<br \/>A presente invenci\u00f3n \u00e9 un procedemento de obtenci\u00f3n dunha mestura\u00a0 bituminosa que comprende\u00a0 preenvolver o \u00e1rido reciclado con\u00a0 emulsi\u00f3n\u00a0 bituminosa, deixar en repouso dita preenvuelta de \u00e1rido reciclado ata rotura da \u00a0emulsi\u00f3n, e a mestura de dita\u00a0 preenvuelta de \u00e1rido reciclado con \u00e1rido natural, po mineral de cemento e betume.<\/p><p>O procedemento en quente comprende unha combinaci\u00f3n de \u00e1rido natural e \u00e1rido reciclado procedente de residuos de construci\u00f3n e demolici\u00f3n (RCD) de tipo formig\u00f3n. Os inventores descubriron que a\u00a0 preenvuelta do \u00e1rido reciclado con\u00a0 emulsi\u00f3n\u00a0 bituminosa de rotura lenta favorece sorprendentemente a posterior adherencia do \u00e1rido\u00a0 preenvuelto co betume. Ademais reduce as v\u00edas de entrada da auga no \u00e1rido reciclado ao ser a\u00a0 emulsi\u00f3n\u00a0 bituminosa moi flu\u00edda e, por tanto, con facilidade para acceder a todos os poros do \u00e1rido reciclado.<\/p><p>Data de publicaci\u00f3n no\u00a0 BOPI: 11\/08\/2014<\/p><p><a href=\"http:\/\/caminos.udc.es\/hosting\/cgm\/wp-content\/uploads\/2018\/09\/ES-2425302_A1.pdf\"><strong>M\u00e1is informaci\u00f3n<\/strong><\/a><\/p><\/div>\n\t\t\t\t<\/div>\n\t\t\t\t\t\t\t<div class=\"elementor-toggle-item\">\n\t\t\t\t\t<div id=\"elementor-tab-title-4914\" class=\"elementor-tab-title\" data-tab=\"4\" role=\"tab\" aria-controls=\"elementor-tab-content-4914\" aria-expanded=\"false\">\n\t\t\t\t\t\t\t\t\t\t\t\t<span class=\"elementor-toggle-icon elementor-toggle-icon-left\" aria-hidden=\"true\">\n\t\t\t\t\t\t\t\t\t\t\t\t\t\t\t<span class=\"elementor-toggle-icon-closed\"><i class=\"fas fa-flask\"><\/i><\/span>\n\t\t\t\t\t\t\t\t<span class=\"elementor-toggle-icon-opened\"><i class=\"elementor-toggle-icon-opened fas fa-caret-up\"><\/i><\/span>\n\t\t\t\t\t\t\t\t\t\t\t\t\t<\/span>\n\t\t\t\t\t\t\t\t\t\t\t\t<a href=\"\" class=\"elementor-toggle-title\">Simulaci\u00f3ns interactivas de F\u00edsica Aplicada (SIFA)<\/a>\n\t\t\t\t\t<\/div>\n\n\t\t\t\t\t<div id=\"elementor-tab-content-4914\" class=\"elementor-tab-content elementor-clearfix\" data-tab=\"4\" role=\"tabpanel\" aria-labelledby=\"elementor-tab-title-4914\"><p>N\u00famero de asento rexistral: 03\/2013\/1383<br \/>Inventores: Sim\u00f3n Fern\u00e1ndez Garrido, Juan Jos\u00e9 Gal\u00e1n D\u00edaz e Jos\u00e9 Antonio Orosa Garc\u00eda<br \/>Titular: Universidade da Coru\u00f1a<br \/>Data de concesi\u00f3n: 25\/11\/2013<\/p><\/div>\n\t\t\t\t<\/div>\n\t\t\t\t\t\t\t<div class=\"elementor-toggle-item\">\n\t\t\t\t\t<div id=\"elementor-tab-title-4915\" class=\"elementor-tab-title\" data-tab=\"5\" role=\"tab\" aria-controls=\"elementor-tab-content-4915\" aria-expanded=\"false\">\n\t\t\t\t\t\t\t\t\t\t\t\t<span class=\"elementor-toggle-icon elementor-toggle-icon-left\" aria-hidden=\"true\">\n\t\t\t\t\t\t\t\t\t\t\t\t\t\t\t<span class=\"elementor-toggle-icon-closed\"><i class=\"fas fa-flask\"><\/i><\/span>\n\t\t\t\t\t\t\t\t<span class=\"elementor-toggle-icon-opened\"><i class=\"elementor-toggle-icon-opened fas fa-caret-up\"><\/i><\/span>\n\t\t\t\t\t\t\t\t\t\t\t\t\t<\/span>\n\t\t\t\t\t\t\t\t\t\t\t\t<a href=\"\" class=\"elementor-toggle-title\">Dispositivo para ensaio de corrosi\u00f3n e fatiga<\/a>\n\t\t\t\t\t<\/div>\n\n\t\t\t\t\t<div id=\"elementor-tab-content-4915\" class=\"elementor-tab-content elementor-clearfix\" data-tab=\"5\" role=\"tabpanel\" aria-labelledby=\"elementor-tab-title-4915\"><p>N\u00famero de patente: ES2393491<br \/>Inventores: Mar Toledano Prados, Juan Jos\u00e9 Gal\u00e1n D\u00edaz, Ana Conde do Campo e M\u00aa \u00c1ngeles Areas Varas<br \/>Titular: Universidade da Coru\u00f1a (80%) e CSIC (20%)<br \/>Data de concesi\u00f3n: 17\/10\/2013<\/p><p>Resumo:<br \/>Dispositivo para ensaio de corrosi\u00f3n e fatiga en m\u00e1quinas\u00a0 servohidr\u00e1ulicas de ensaios mec\u00e1nicos que comprenden dous pratos est\u00e1ndares de compresi\u00f3n, superior e inferior, caracterizado por comprender: un p\u00f3rtico de fatiga en flexi\u00f3n en catro puntos (19) disposto no interior dunha c\u00e1mara de corrosi\u00f3n (20), que comprende: unha base (14) en forma de\u00a0 riel ancorada \u00e1 c\u00e1mara de corrosi\u00f3n dous apoios inferiores m\u00f3biles (11 ) ancorados \u00e1 base (14), un\u00a0 cabezal (8) con forma de\u00a0 riel, d\u00faas columnas (10)\u00a0 pasantes polos orificios circulares do\u00a0 cabezal e fixadas por un primeiro extremo \u00e1 base (14), uns apoios superiores m\u00f3biles (9) dispostos no\u00a0 cabezal e ancorados a el por medios de uni\u00f3n, e un\u00a0 pist\u00f3n (7) que comprende un primeiro extremo fixado ao\u00a0 cabezal (8) e un segundo extremo libre.<\/p><p>.<\/p><p><img loading=\"lazy\" class=\"size-full wp-image-126 aligncenter\" src=\"http:\/\/caminos.udc.es\/hosting\/cgm\/wp-content\/uploads\/2018\/08\/f1.png\" alt=\"\" width=\"536\" height=\"422\" \/><\/p><p>Data de publicaci\u00f3n: 21\/12\/2012<\/p><p>Observaci\u00f3ns:<\/p><p>Con data 27\/04\/2012 presentouse a patente internacional, con n\u00famero de publicaci\u00f3n internacional\u00a0 WO12146819, que actualmente est\u00e1 pendente de resoluci\u00f3n.<\/p><p><a href=\"http:\/\/caminos.udc.es\/hosting\/cgm\/wp-content\/uploads\/2018\/09\/ES2393491.pdf\"><strong>M\u00e1is informaci\u00f3n<\/strong><\/a><\/p><\/div>\n\t\t\t\t<\/div>\n\t\t\t\t\t\t\t\t<\/div>\n\t\t\t\t<\/div>\n\t\t\t\t<\/div>\n\t\t\t\t\t\t<\/div>\n\t\t\t\t\t<\/div>\n\t\t<\/div>\n\t\t\t\t\t\t\t\t<\/div>\n\t\t\t\t\t<\/div>\n\t\t<\/section>\n\t\t\t\t\t\t\t\t\t<\/div>\n\t\t\t<\/div>\n\t\t\t\t\t<\/div>\n\t\t","protected":false},"excerpt":{"rendered":"<p>Como consecuencia da actividade investigadora do\u00a0 CGM, xer\u00e1ronse as seguintes \u00a0patentes e\/ou modelos de utilidade: Procedemento de limpeza de manchas frescas por derrame de flu\u00eddos N\u00famero de patente: ES 2 582 498\u00a0 B1Inventores: Breixo G\u00f3mez Meijide, Ignacio P\u00e9rez P\u00e9rez e Ana Mar\u00eda Rodr\u00edguez Pasand\u00ednTitular: Universidade da Coru\u00f1aData de concesi\u00f3n: 22\/03\/2017&#8230;<\/p>\n<p class=\"continue-reading-button\"> <a class=\"continue-reading-link\" href=\"https:\/\/caminos.udc.es\/hosting\/cgm\/?page_id=671&#038;lang=gl\">Continue reading<i class=\"crycon-right-dir\"><\/i><\/a><\/p>\n","protected":false},"author":1,"featured_media":0,"parent":0,"menu_order":0,"comment_status":"closed","ping_status":"closed","template":"","meta":[],"_links":{"self":[{"href":"https:\/\/caminos.udc.es\/hosting\/cgm\/index.php?rest_route=\/wp\/v2\/pages\/671"}],"collection":[{"href":"https:\/\/caminos.udc.es\/hosting\/cgm\/index.php?rest_route=\/wp\/v2\/pages"}],"about":[{"href":"https:\/\/caminos.udc.es\/hosting\/cgm\/index.php?rest_route=\/wp\/v2\/types\/page"}],"author":[{"embeddable":true,"href":"https:\/\/caminos.udc.es\/hosting\/cgm\/index.php?rest_route=\/wp\/v2\/users\/1"}],"replies":[{"embeddable":true,"href":"https:\/\/caminos.udc.es\/hosting\/cgm\/index.php?rest_route=%2Fwp%2Fv2%2Fcomments&post=671"}],"version-history":[{"count":4,"href":"https:\/\/caminos.udc.es\/hosting\/cgm\/index.php?rest_route=\/wp\/v2\/pages\/671\/revisions"}],"predecessor-version":[{"id":675,"href":"https:\/\/caminos.udc.es\/hosting\/cgm\/index.php?rest_route=\/wp\/v2\/pages\/671\/revisions\/675"}],"wp:attachment":[{"href":"https:\/\/caminos.udc.es\/hosting\/cgm\/index.php?rest_route=%2Fwp%2Fv2%2Fmedia&parent=671"}],"curies":[{"name":"wp","href":"https:\/\/api.w.org\/{rel}","templated":true}]}}