{"id":634,"date":"2021-03-12T08:20:48","date_gmt":"2021-03-12T08:20:48","guid":{"rendered":"http:\/\/caminos.udc.es\/hosting\/cgm\/?page_id=634"},"modified":"2021-03-17T07:53:03","modified_gmt":"2021-03-17T07:53:03","slug":"equiposg","status":"publish","type":"page","link":"https:\/\/caminos.udc.es\/hosting\/cgm\/?page_id=634&lang=gl","title":{"rendered":"EquiposG"},"content":{"rendered":"\n<p>Os laboratorios do CGM est\u00e1n dotados cos m\u00e1is modernos equipos para a investigaci\u00f3n de materiais para firmes de estradas. Incl\u00faense a continuaci\u00f3n os m\u00e1is destacados.<\/p>\n\n\n\n<p class=\"has-text-align-center\"><strong>Presas e m\u00e1quinas de ensaios<\/strong><\/p>\n\n\n<div id=\"metaslider-id-690\" style=\"width: 100%;\" class=\"ml-slider-3-27-12 metaslider metaslider-flex metaslider-690 ml-slider ms-theme-jenga has-dots-nav\">\n    <div id=\"metaslider_container_690\">\n        <div id=\"metaslider_690\">\n            <ul aria-live=\"polite\" class=\"slides\">\n                <li style=\"display: block; width: 100%;\" class=\"slide-691 ms-image\"><img src=\"https:\/\/caminos.udc.es\/hosting\/cgm\/wp-content\/uploads\/2019\/06\/07-MAQUINA-DE-PISTA-HAMBURG-WHEEL-TRACKER-700x300.jpg\" height=\"300\" width=\"700\" alt=\"\" class=\"slider-690 slide-691\" title=\"07-MAQUINA-DE-PISTA-HAMBURG-WHEEL-TRACKER\" \/><div class=\"caption-wrap\"><div class=\"caption\">M\u00e1quina de pista. Hamburg Wheel tracker<\/div><\/div><\/li>\n                <li style=\"display: none; width: 100%;\" class=\"slide-692 ms-image\"><img src=\"https:\/\/caminos.udc.es\/hosting\/cgm\/wp-content\/uploads\/2019\/06\/06-PRENSA-ESTATICA-IBERTEST-700x300.jpg\" height=\"300\" width=\"700\" alt=\"\" class=\"slider-690 slide-692\" title=\"06-PRENSA-ESTATICA-IBERTEST\" \/><div class=\"caption-wrap\"><div class=\"caption\">Prensa est\u00e1tica de Ibertest<\/div><\/div><\/li>\n                <li style=\"display: none; width: 100%;\" class=\"slide-693 ms-image\"><img src=\"https:\/\/caminos.udc.es\/hosting\/cgm\/wp-content\/uploads\/2019\/06\/05-MAQUINA-DE-ENSAYOS-DINAMICA-ME-401-10-700x300.jpg\" height=\"300\" width=\"700\" alt=\"\" class=\"slider-690 slide-693\" title=\"05-MAQUINA-DE-ENSAYOS-DINAMICA-ME-401-10\" \/><div class=\"caption-wrap\"><div class=\"caption\">M\u00e1quina de ensaios din\u00e1mica ME-401\/10 de Servosis<\/div><\/div><\/li>\n                <li style=\"display: none; width: 100%;\" class=\"slide-694 ms-image\"><img src=\"https:\/\/caminos.udc.es\/hosting\/cgm\/wp-content\/uploads\/2019\/06\/04-PRENSA-SERVONEUMATICA-NU-14-COOPER-700x300.jpg\" height=\"300\" width=\"700\" alt=\"\" class=\"slider-690 slide-694\" title=\"04-PRENSA-SERVONEUMATICA-NU-14-COOPER\" \/><div class=\"caption-wrap\"><div class=\"caption\">Prensa  servo pneum\u00e1tica universal  NU14 de Cooper<\/div><\/div><\/li>\n            <\/ul>\n        <\/div>\n        \n    <\/div>\n<\/div>\n\n\n\n<p class=\"has-text-align-center\"><strong>Compactaci\u00f3n<\/strong><\/p>\n\n\n<div id=\"metaslider-id-707\" style=\"width: 100%;\" class=\"ml-slider-3-27-12 metaslider metaslider-flex metaslider-707 ml-slider ms-theme-jenga has-dots-nav\">\n    <div id=\"metaslider_container_707\">\n        <div id=\"metaslider_707\">\n            <ul aria-live=\"polite\" class=\"slides\">\n                <li style=\"display: block; width: 100%;\" class=\"slide-708 ms-image\"><img src=\"https:\/\/caminos.udc.es\/hosting\/cgm\/wp-content\/uploads\/2019\/08\/09-MAZA-MARSHALL-397x170.jpg\" height=\"300\" width=\"700\" alt=\"\" class=\"slider-707 slide-708\" title=\"09-MAZA MARSHALL\" \/><div class=\"caption-wrap\"><div class=\"caption\">Maza Marshall<\/div><\/div><\/li>\n                <li style=\"display: none; width: 100%;\" class=\"slide-709 ms-image\"><img src=\"https:\/\/caminos.udc.es\/hosting\/cgm\/wp-content\/uploads\/2019\/08\/08-SUPERPAPE-GIRATORY-COMPACTOR-700x300.jpg\" height=\"300\" width=\"700\" alt=\"\" class=\"slider-707 slide-709\" title=\"08-SUPERPAPE-GIRATORY-COMPACTOR\" \/><div class=\"caption-wrap\"><div class=\"caption\">Compactador xiratorio<\/div><\/div><\/li>\n                <li style=\"display: none; width: 100%;\" class=\"slide-710 ms-image\"><img src=\"https:\/\/caminos.udc.es\/hosting\/cgm\/wp-content\/uploads\/2019\/08\/10-HEATED-ROLLER-COMPACTOR-700x300.jpg\" height=\"300\" width=\"700\" alt=\"\" class=\"slider-707 slide-710\" title=\"10-HEATED-ROLLER-COMPACTOR\" \/><div class=\"caption-wrap\"><div class=\"caption\">Compactador de placa. Heated Roller compactor<\/div><\/div><\/li>\n            <\/ul>\n        <\/div>\n        \n    <\/div>\n<\/div>\n\n\n\n<p>Outros equipos de compactaci\u00f3n coma o Kangoo e o compactador vibratorio.<a href=\"https:\/\/caminos.udc.es\/hosting\/cgm\/wp-admin\/edit.php?post_type=page\"><\/a><\/p>\n\n\n\n<p><\/p>\n\n\n\n<p class=\"has-text-align-center\"><strong>Equipos para ensaios de bet\u00fans<\/strong><\/p>\n\n\n<div id=\"metaslider-id-702\" style=\"width: 100%;\" class=\"ml-slider-3-27-12 metaslider metaslider-flex metaslider-702 ml-slider ms-theme-jenga has-dots-nav\">\n    <div id=\"metaslider_container_702\">\n        <div id=\"metaslider_702\">\n            <ul aria-live=\"polite\" class=\"slides\">\n                <li style=\"display: block; width: 100%;\" class=\"slide-703 ms-image\"><img src=\"https:\/\/caminos.udc.es\/hosting\/cgm\/wp-content\/uploads\/2019\/08\/11-PENETROMETRO-Y-ANILLO-BOLA-AUTOMATICOS-700x300.jpg\" height=\"300\" width=\"700\" alt=\"\" class=\"slider-702 slide-703\" title=\"11-PENETROMETRO-Y-ANILLO-BOLA-AUTOMATICOS\" \/><div class=\"caption-wrap\"><div class=\"caption\">Penetr\u00f3metro y anillo-bola autom\u00e1ticos<\/div><\/div><\/li>\n                <li style=\"display: none; width: 100%;\" class=\"slide-704 ms-image\"><img src=\"https:\/\/caminos.udc.es\/hosting\/cgm\/wp-content\/uploads\/2019\/08\/12-BBR-700x300.jpg\" height=\"300\" width=\"700\" alt=\"\" class=\"slider-702 slide-704\" title=\"12-BBR\" \/><div class=\"caption-wrap\"><div class=\"caption\">BBR<\/div><\/div><\/li>\n                <li style=\"display: none; width: 100%;\" class=\"slide-705 ms-image\"><img src=\"https:\/\/caminos.udc.es\/hosting\/cgm\/wp-content\/uploads\/2019\/08\/13-PAV-636x272.jpg\" height=\"300\" width=\"700\" alt=\"\" class=\"slider-702 slide-705\" title=\"13-PAV\" \/><div class=\"caption-wrap\"><div class=\"caption\">PAV<\/div><\/div><\/li>\n                <li style=\"display: none; width: 100%;\" class=\"slide-706 ms-image\"><img src=\"https:\/\/caminos.udc.es\/hosting\/cgm\/wp-content\/uploads\/2019\/08\/14-DUCTIL\u00d3METRO-700x300.jpg\" height=\"300\" width=\"700\" alt=\"\" class=\"slider-702 slide-706\" title=\"14-DUCTIL\u00d3METRO\" \/><div class=\"caption-wrap\"><div class=\"caption\">Ductil\u00f3metro<\/div><\/div><\/li>\n            <\/ul>\n        <\/div>\n        \n    <\/div>\n<\/div>\n\n\n\n<p><\/p>\n\n\n\n<p>Outros equipos tales como re\u00f3metros (BBR, DSR), viscos\u00edmetro din\u00e1mico, viscos\u00edmetro Saybolt-Furol, RTFOT, etc.<\/p>\n\n\n\n<p class=\"has-text-align-center\"><strong>Outros equipos<\/strong><\/p>\n\n\n<div id=\"metaslider-id-695\" style=\"width: 100%;\" class=\"ml-slider-3-27-12 metaslider metaslider-flex metaslider-695 ml-slider ms-theme-jenga has-dots-nav\">\n    <div id=\"metaslider_container_695\">\n        <div id=\"metaslider_695\">\n            <ul aria-live=\"polite\" class=\"slides\">\n                <li style=\"display: block; width: 100%;\" class=\"slide-696 ms-image\"><img src=\"https:\/\/caminos.udc.es\/hosting\/cgm\/wp-content\/uploads\/2019\/08\/15-MOLINO-COLOIDAL-700x300.jpg\" height=\"300\" width=\"700\" alt=\"\" class=\"slider-695 slide-696\" title=\"15-MOLINO-COLOIDAL\" \/><div class=\"caption-wrap\"><div class=\"caption\">Molino coloidal para fabricaci\u00f3n de emulsi\u00f3ns bituminosas<\/div><\/div><\/li>\n                <li style=\"display: none; width: 100%;\" class=\"slide-697 ms-image\"><img src=\"https:\/\/caminos.udc.es\/hosting\/cgm\/wp-content\/uploads\/2019\/08\/16-TAMIZADORA-DE-CHORRO-DE-AIRE-700x300.jpg\" height=\"300\" width=\"700\" alt=\"\" class=\"slider-695 slide-697\" title=\"16-TAMIZADORA-DE-CHORRO-DE-AIRE\" \/><div class=\"caption-wrap\"><div class=\"caption\">Tamizadora de chorro de aire<\/div><\/div><\/li>\n                <li style=\"display: none; width: 100%;\" class=\"slide-698 ms-image\"><img src=\"https:\/\/caminos.udc.es\/hosting\/cgm\/wp-content\/uploads\/2019\/08\/17-EQUIPO-PARA-ROTACION-DE-BOTELLAS-676x289.jpg\" height=\"300\" width=\"700\" alt=\"\" class=\"slider-695 slide-698\" title=\"17-EQUIPO-PARA-ROTACION-DE-BOTELLAS\" \/><div class=\"caption-wrap\"><div class=\"caption\">Equipo para rotaci\u00f3n de botellas<\/div><\/div><\/li>\n                <li style=\"display: none; width: 100%;\" class=\"slide-699 ms-image\"><img src=\"https:\/\/caminos.udc.es\/hosting\/cgm\/wp-content\/uploads\/2019\/08\/18-EVAPORADOR-ROTATORIO-700x300.jpg\" height=\"300\" width=\"700\" alt=\"\" class=\"slider-695 slide-699\" title=\"18-EVAPORADOR-ROTATORIO\" \/><div class=\"caption-wrap\"><div class=\"caption\">Evaporador rotatorio<\/div><\/div><\/li>\n                <li style=\"display: none; width: 100%;\" class=\"slide-700 ms-image\"><img src=\"https:\/\/caminos.udc.es\/hosting\/cgm\/wp-content\/uploads\/2019\/08\/19-ESTUFAS-DE-ULTIMA-GENERACION-700x300.jpg\" height=\"300\" width=\"700\" alt=\"\" class=\"slider-695 slide-700\" title=\"19-ESTUFAS-DE-ULTIMA-GENERACION\" \/><div class=\"caption-wrap\"><div class=\"caption\">Estufas de \u00faltima xeneraci\u00f3n<\/div><\/div><\/li>\n                <li style=\"display: none; width: 100%;\" class=\"slide-701 ms-image\"><img src=\"https:\/\/caminos.udc.es\/hosting\/cgm\/wp-content\/uploads\/2019\/08\/mezcladora-592x253.jpg\" height=\"300\" width=\"700\" alt=\"\" class=\"slider-695 slide-701\" title=\"mezcladora\" \/><div class=\"caption-wrap\"><div class=\"caption\">Mezcladora autom\u00e1tica<\/div><\/div><\/li>\n            <\/ul>\n        <\/div>\n        \n    <\/div>\n<\/div>\n\n\n<p><!--EndFragment--><\/p>\n<p>E outros equipos tales como m\u00e1quina de induci\u00f3n electromagn\u00e9tica, extractor centr\u00edfugo, destilador de auga, balanzas de precisi\u00f3n, ba\u00f1os, c\u00e1mara clim\u00e1tica, tamizadora industrial, tamizadora, etc.<\/p>\n<p><\/p>","protected":false},"excerpt":{"rendered":"<p>Os laboratorios do CGM est\u00e1n dotados cos m\u00e1is modernos equipos para a investigaci\u00f3n de materiais para firmes de estradas. Incl\u00faense a continuaci\u00f3n os m\u00e1is destacados. Presas e m\u00e1quinas de ensaios Compactaci\u00f3n Outros equipos de compactaci\u00f3n coma o Kangoo e o compactador vibratorio. Equipos para ensaios de bet\u00fans Outros equipos tales&#8230;<\/p>\n<p class=\"continue-reading-button\"> <a class=\"continue-reading-link\" href=\"https:\/\/caminos.udc.es\/hosting\/cgm\/?page_id=634&#038;lang=gl\">Continue reading<i class=\"crycon-right-dir\"><\/i><\/a><\/p>\n","protected":false},"author":1,"featured_media":0,"parent":626,"menu_order":0,"comment_status":"closed","ping_status":"closed","template":"","meta":[],"_links":{"self":[{"href":"https:\/\/caminos.udc.es\/hosting\/cgm\/index.php?rest_route=\/wp\/v2\/pages\/634"}],"collection":[{"href":"https:\/\/caminos.udc.es\/hosting\/cgm\/index.php?rest_route=\/wp\/v2\/pages"}],"about":[{"href":"https:\/\/caminos.udc.es\/hosting\/cgm\/index.php?rest_route=\/wp\/v2\/types\/page"}],"author":[{"embeddable":true,"href":"https:\/\/caminos.udc.es\/hosting\/cgm\/index.php?rest_route=\/wp\/v2\/users\/1"}],"replies":[{"embeddable":true,"href":"https:\/\/caminos.udc.es\/hosting\/cgm\/index.php?rest_route=%2Fwp%2Fv2%2Fcomments&post=634"}],"version-history":[{"count":4,"href":"https:\/\/caminos.udc.es\/hosting\/cgm\/index.php?rest_route=\/wp\/v2\/pages\/634\/revisions"}],"predecessor-version":[{"id":713,"href":"https:\/\/caminos.udc.es\/hosting\/cgm\/index.php?rest_route=\/wp\/v2\/pages\/634\/revisions\/713"}],"up":[{"embeddable":true,"href":"https:\/\/caminos.udc.es\/hosting\/cgm\/index.php?rest_route=\/wp\/v2\/pages\/626"}],"wp:attachment":[{"href":"https:\/\/caminos.udc.es\/hosting\/cgm\/index.php?rest_route=%2Fwp%2Fv2%2Fmedia&parent=634"}],"curies":[{"name":"wp","href":"https:\/\/api.w.org\/{rel}","templated":true}]}}