{"id":457,"date":"2020-04-14T17:51:45","date_gmt":"2020-04-14T17:51:45","guid":{"rendered":"http:\/\/caminos.udc.es\/hosting\/cgm\/?page_id=457"},"modified":"2021-03-02T07:53:19","modified_gmt":"2021-03-02T07:53:19","slug":"inicio-galego","status":"publish","type":"page","link":"https:\/\/caminos.udc.es\/hosting\/cgm\/?page_id=457&lang=gl","title":{"rendered":"Inicio"},"content":{"rendered":"\n<p>O <strong>grupo de Estradas, Geotecnia e Materiais (CGM)<\/strong> \u00e9 un grupo de investigaci\u00f3n adscrito ao CITEEC (Centro de Investigaci\u00f3n Tecnol\u00f3xica en Edificaci\u00f3n e Enxe\u00f1er\u00eda Civil) e con sede na <a href=\"http:\/\/caminos.udc.es\"><strong>Escola T\u00e9cnica Superior de Enxe\u00f1eiros de Cami\u00f1os, Canles e Portos<\/strong><\/a> (ETSICCP) da <strong>Universidade da Coru\u00f1a<\/strong> (<a href=\"http:\/\/www.udc.es\"><strong>UDC<\/strong><\/a>).<\/p>\n\n\n\n<p>Naceu no ano 2009, por mor da colaboraci\u00f3n de investigadores pertencentes a distintas \u00e1reas de co\u00f1ecemento. No 2010 o grupo adscr\u00edbese ao CITEEC. En 2014 e 2017 \u00e9 reco\u00f1ecido como <strong>Grupo con potencial de crecemento.<\/strong><\/p>\n\n\n\n<div class=\"wp-block-image is-style-default\"><figure class=\"aligncenter size-large is-resized\"><img loading=\"lazy\" src=\"http:\/\/caminos.udc.es\/hosting\/cgm\/wp-content\/uploads\/2021\/03\/EsqGal.png\" alt=\"\" class=\"wp-image-571\" width=\"535\" height=\"124\"\/><\/figure><\/div>\n\n\n\n<p>O CGM centra a s\u00faa actividade na <a href=\"https:\/\/caminos.udc.es\/hosting\/cgm\/?page_id=17#ancla1\">INVESTIGACI\u00d3N<\/a>, a <a href=\"https:\/\/caminos.udc.es\/hosting\/cgm\/?page_id=17#ancla2\">ASISTENCIA T\u00c9CNICA E ASESOR\u00cdA<\/a> de empresas e instituci\u00f3ns e o <a href=\"https:\/\/caminos.udc.es\/hosting\/cgm\/?page_id=17#ancla3\">LABOR DOCENTE<\/a>.<\/p>\n","protected":false},"excerpt":{"rendered":"<p>O grupo de Estradas, Geotecnia e Materiais (CGM) \u00e9 un grupo de investigaci\u00f3n adscrito ao CITEEC (Centro de Investigaci\u00f3n Tecnol\u00f3xica en Edificaci\u00f3n e Enxe\u00f1er\u00eda Civil) e con sede na Escola T\u00e9cnica Superior de Enxe\u00f1eiros de Cami\u00f1os, Canles e Portos (ETSICCP) da Universidade da Coru\u00f1a (UDC). Naceu no ano 2009, por&#8230;<\/p>\n<p class=\"continue-reading-button\"> <a class=\"continue-reading-link\" href=\"https:\/\/caminos.udc.es\/hosting\/cgm\/?page_id=457&#038;lang=gl\">Continue reading<i class=\"crycon-right-dir\"><\/i><\/a><\/p>\n","protected":false},"author":1,"featured_media":0,"parent":0,"menu_order":0,"comment_status":"closed","ping_status":"closed","template":"","meta":[],"_links":{"self":[{"href":"https:\/\/caminos.udc.es\/hosting\/cgm\/index.php?rest_route=\/wp\/v2\/pages\/457"}],"collection":[{"href":"https:\/\/caminos.udc.es\/hosting\/cgm\/index.php?rest_route=\/wp\/v2\/pages"}],"about":[{"href":"https:\/\/caminos.udc.es\/hosting\/cgm\/index.php?rest_route=\/wp\/v2\/types\/page"}],"author":[{"embeddable":true,"href":"https:\/\/caminos.udc.es\/hosting\/cgm\/index.php?rest_route=\/wp\/v2\/users\/1"}],"replies":[{"embeddable":true,"href":"https:\/\/caminos.udc.es\/hosting\/cgm\/index.php?rest_route=%2Fwp%2Fv2%2Fcomments&post=457"}],"version-history":[{"count":11,"href":"https:\/\/caminos.udc.es\/hosting\/cgm\/index.php?rest_route=\/wp\/v2\/pages\/457\/revisions"}],"predecessor-version":[{"id":607,"href":"https:\/\/caminos.udc.es\/hosting\/cgm\/index.php?rest_route=\/wp\/v2\/pages\/457\/revisions\/607"}],"wp:attachment":[{"href":"https:\/\/caminos.udc.es\/hosting\/cgm\/index.php?rest_route=%2Fwp%2Fv2%2Fmedia&parent=457"}],"curies":[{"name":"wp","href":"https:\/\/api.w.org\/{rel}","templated":true}]}}