{"id":430,"date":"2019-11-18T10:37:17","date_gmt":"2019-11-18T10:37:17","guid":{"rendered":"http:\/\/caminos.udc.es\/hosting\/cgm\/?page_id=430"},"modified":"2026-04-09T14:47:18","modified_gmt":"2026-04-09T14:47:18","slug":"inicio-2","status":"publish","type":"page","link":"https:\/\/caminos.udc.es\/hosting\/cgm\/","title":{"rendered":"Inicio"},"content":{"rendered":"\t\t<div data-elementor-type=\"wp-page\" data-elementor-id=\"430\" class=\"elementor elementor-430\">\n\t\t\t\t\t\t<div class=\"elementor-inner\">\n\t\t\t\t<div class=\"elementor-section-wrap\">\n\t\t\t\t\t\t\t\t\t<section class=\"elementor-section elementor-top-section elementor-element elementor-element-1da83b96 elementor-section-boxed elementor-section-height-default elementor-section-height-default\" data-id=\"1da83b96\" data-element_type=\"section\">\n\t\t\t\t\t\t<div class=\"elementor-container elementor-column-gap-default\">\n\t\t\t\t\t\t\t<div class=\"elementor-row\">\n\t\t\t\t\t<div class=\"elementor-column elementor-col-100 elementor-top-column elementor-element elementor-element-6cadcf8b\" data-id=\"6cadcf8b\" data-element_type=\"column\">\n\t\t\t<div class=\"elementor-column-wrap elementor-element-populated\">\n\t\t\t\t\t\t\t<div class=\"elementor-widget-wrap\">\n\t\t\t\t\t\t<div class=\"elementor-element elementor-element-426ceddb elementor-widget elementor-widget-text-editor\" data-id=\"426ceddb\" data-element_type=\"widget\" data-widget_type=\"text-editor.default\">\n\t\t\t\t<div class=\"elementor-widget-container\">\n\t\t\t\t\t\t\t\t<div class=\"elementor-text-editor elementor-clearfix\">\n\t\t\t\t<p><!-- wp:paragraph --><\/p>\n<p><span style=\"font-family: 'Segoe UI', Arial, sans-serif;\">El <\/span><strong>Grupo de Carreteras, Geotecnia y Materiales (CGM)<\/strong><span style=\"font-family: 'Segoe UI', Arial, sans-serif;\"> es un grupo multidisciplinar de investigaci\u00f3n creado en el a\u00f1o <\/span><strong>2009<\/strong><span style=\"font-family: 'Segoe UI', Arial, sans-serif;\">, con sede en la <\/span><strong>Escuela T\u00e9cnica Superior de Ingenier\u00eda de Caminos, Canales y Puertos<\/strong><span style=\"font-family: 'Segoe UI', Arial, sans-serif;\"> de la <\/span><strong>Universidade da Coru\u00f1a (<a href=\"https:\/\/www.udc.es\/es\/\">UDC<\/a>)<\/strong><span style=\"font-family: 'Segoe UI', Arial, sans-serif;\">.<\/span><\/p>\n<div>\n<p>El grupo est\u00e1 integrado por investigadores adscritos al <strong><a href=\"https:\/\/www.udc.es\/citeec\/index.html\">CITEEC<\/a> (Centro de Investigaci\u00f3n Tecnol\u00f3xica en Edificaci\u00f3n e Enxe\u00f1er\u00eda Civil)<\/strong> y desarrolla su actividad en el \u00e1mbito de la ingenier\u00eda civil, con especial \u00e9nfasis en carreteras, geotecnia y materiales de construcci\u00f3n. Su enfoque combina investigaci\u00f3n fundamental y aplicada, con una clara orientaci\u00f3n hacia la innovaci\u00f3n, la sostenibilidad y la transferencia de conocimiento al sector productivo.<\/p>\n<p>La calidad cient\u00edfica y el potencial de desarrollo del CGM han sido reconocidos mediante su clasificaci\u00f3n como <strong>Grupo con Potencial de Crecimiento<\/strong> en las convocatorias auton\u00f3micas de los a\u00f1os <strong>2014, 2017 y 2022<\/strong>, consolidando su papel como referente en investigaci\u00f3n y formaci\u00f3n avanzada en el \u00e1mbito de la ingenier\u00eda civil.<\/p>\n<\/div>\n<p><!-- \/wp:paragraph --><!-- wp:image {\"align\":\"center\",\"id\":18} --><\/p>\n<div class=\"wp-block-image\">\n<figure class=\"aligncenter\"><img loading=\"lazy\" class=\"alignnone size-medium wp-image-1288\" src=\"http:\/\/caminos.udc.es\/hosting\/cgm\/wp-content\/uploads\/2026\/04\/CGM-HISTORIA-ESP-300x88.jpg\" alt=\"\" width=\"300\" height=\"88\" srcset=\"https:\/\/caminos.udc.es\/hosting\/cgm\/wp-content\/uploads\/2026\/04\/CGM-HISTORIA-ESP-300x88.jpg 300w, https:\/\/caminos.udc.es\/hosting\/cgm\/wp-content\/uploads\/2026\/04\/CGM-HISTORIA-ESP-150x44.jpg 150w, https:\/\/caminos.udc.es\/hosting\/cgm\/wp-content\/uploads\/2026\/04\/CGM-HISTORIA-ESP.jpg 507w\" sizes=\"(max-width: 300px) 100vw, 300px\" \/><\/figure>\n<\/div>\n<p><!-- \/wp:image --><!-- wp:paragraph --><\/p>\n<p>El CGM centra su actividad en la investigaci\u00f3n, la asistencia t\u00e9cnica y asesor\u00eda de empresas e instituciones y la labor docente.&nbsp;<\/p>\n<p><\/p>\n<p><!-- \/wp:paragraph --><\/p>\t\t\t\t\t<\/div>\n\t\t\t\t\t\t<\/div>\n\t\t\t\t<\/div>\n\t\t\t\t\t\t<\/div>\n\t\t\t\t\t<\/div>\n\t\t<\/div>\n\t\t\t\t\t\t\t\t<\/div>\n\t\t\t\t\t<\/div>\n\t\t<\/section>\n\t\t\t\t<section class=\"elementor-section elementor-top-section elementor-element elementor-element-9df125e elementor-section-boxed elementor-section-height-default elementor-section-height-default\" data-id=\"9df125e\" data-element_type=\"section\">\n\t\t\t\t\t\t<div class=\"elementor-container elementor-column-gap-default\">\n\t\t\t\t\t\t\t<div class=\"elementor-row\">\n\t\t\t\t\t<div class=\"elementor-column elementor-col-100 elementor-top-column elementor-element elementor-element-4f02237\" data-id=\"4f02237\" data-element_type=\"column\">\n\t\t\t<div class=\"elementor-column-wrap elementor-element-populated\">\n\t\t\t\t\t\t\t<div class=\"elementor-widget-wrap\">\n\t\t\t\t\t\t<div class=\"elementor-element elementor-element-e6b7103 elementor-widget elementor-widget-accordion\" data-id=\"e6b7103\" data-element_type=\"widget\" data-widget_type=\"accordion.default\">\n\t\t\t\t<div class=\"elementor-widget-container\">\n\t\t\t\t\t<div class=\"elementor-accordion\" role=\"tablist\">\n\t\t\t\t\t\t\t<div class=\"elementor-accordion-item\">\n\t\t\t\t\t<div id=\"elementor-tab-title-2411\" class=\"elementor-tab-title\" data-tab=\"1\" role=\"tab\" aria-controls=\"elementor-tab-content-2411\" aria-expanded=\"false\">\n\t\t\t\t\t\t\t\t\t\t\t\t\t<span class=\"elementor-accordion-icon elementor-accordion-icon-left\" aria-hidden=\"true\">\n\t\t\t\t\t\t\t\t\t\t\t\t\t\t\t<span class=\"elementor-accordion-icon-closed\"><i class=\"fas fa-plus\"><\/i><\/span>\n\t\t\t\t\t\t\t\t<span class=\"elementor-accordion-icon-opened\"><i class=\"fas fa-minus\"><\/i><\/span>\n\t\t\t\t\t\t\t\t\t\t\t\t\t\t<\/span>\n\t\t\t\t\t\t\t\t\t\t\t\t<a class=\"elementor-accordion-title\" href=\"\">CARRETERAS<\/a>\n\t\t\t\t\t<\/div>\n\t\t\t\t\t<div id=\"elementor-tab-content-2411\" class=\"elementor-tab-content elementor-clearfix\" data-tab=\"1\" role=\"tabpanel\" aria-labelledby=\"elementor-tab-title-2411\"><p><span style=\"font-family: 'Segoe UI', Arial, sans-serif;\">En el \u00e1mbito de <\/span><strong>carreteras<\/strong><span style=\"font-family: 'Segoe UI', Arial, sans-serif;\">, el CGM centra su actividad en el desarrollo y la caracterizaci\u00f3n de materiales para firmes que favorezcan la <\/span><strong>sostenibilidad ambiental, la econom\u00eda circular y la lucha contra el cambio clim\u00e1tico<\/strong><span style=\"font-family: 'Segoe UI', Arial, sans-serif;\">. Para ello, el grupo dispone de dos infraestructuras experimentales especializadas \u2014el <\/span><strong>Laboratorio de Carreteras<\/strong><span style=\"font-family: 'Segoe UI', Arial, sans-serif;\"> y el <\/span><strong>Laboratorio de Carreteras y Geotecnia<\/strong><span style=\"font-family: 'Segoe UI', Arial, sans-serif;\">\u2014 dotadas de equipamiento avanzado para el estudio de <\/span><strong>mezclas bituminosas<\/strong><span style=\"font-family: 'Segoe UI', Arial, sans-serif;\"> (mezclador Cooper NU 14, prensas est\u00e1tica e hidr\u00e1ulica, compactador giratorio, mezcladora autom\u00e1tica, estufas, ba\u00f1os, entre otros) y de <\/span><strong>ligantes bituminosos<\/strong><span style=\"font-family: 'Segoe UI', Arial, sans-serif;\"> (DSR, BBR, ductil\u00edmetro, PAV, RTFOT, anillo y bola, penetraci\u00f3n, etc.).<\/span><\/p>\n<div>\n<p>El equipo investigador est\u00e1 formado por el <strong>Catedr\u00e1tico Dr Ignacio P\u00e9rez P\u00e9rez<\/strong>, la <strong>Catedr\u00e1tica Dr. Ana M\u00aa Rodr\u00edguez Pasand\u00edn<\/strong>, estudiantes de grado y posgrado, y cuenta adem\u00e1s con la colaboraci\u00f3n externa del <strong>Dr. Pablo Orosa Iglesias<\/strong>, <strong>Research Assistant Professor<\/strong> en la <strong>Purdue University (EE.\u202fUU.)<\/strong>. El CGM posee una amplia experiencia en <strong>mezclas bituminosas en caliente, templadas, semitempladas, en fr\u00edo, reciclado in situ en fr\u00edo y bioligantes<\/strong>, lo que le permite ofrecer <strong>asistencia t\u00e9cnica especializada<\/strong>, as\u00ed como el dise\u00f1o y desarrollo de <strong>campa\u00f1as experimentales de laboratorio<\/strong> y el an\u00e1lisis riguroso de resultados para una amplia tipolog\u00eda de mezclas y ligantes.<\/p>\n<\/div><\/div>\n\t\t\t\t<\/div>\n\t\t\t\t\t\t\t<div class=\"elementor-accordion-item\">\n\t\t\t\t\t<div id=\"elementor-tab-title-2412\" class=\"elementor-tab-title\" data-tab=\"2\" role=\"tab\" aria-controls=\"elementor-tab-content-2412\" aria-expanded=\"false\">\n\t\t\t\t\t\t\t\t\t\t\t\t\t<span class=\"elementor-accordion-icon elementor-accordion-icon-left\" aria-hidden=\"true\">\n\t\t\t\t\t\t\t\t\t\t\t\t\t\t\t<span class=\"elementor-accordion-icon-closed\"><i class=\"fas fa-plus\"><\/i><\/span>\n\t\t\t\t\t\t\t\t<span class=\"elementor-accordion-icon-opened\"><i class=\"fas fa-minus\"><\/i><\/span>\n\t\t\t\t\t\t\t\t\t\t\t\t\t\t<\/span>\n\t\t\t\t\t\t\t\t\t\t\t\t<a class=\"elementor-accordion-title\" href=\"\">GEOTECNIA<\/a>\n\t\t\t\t\t<\/div>\n\t\t\t\t\t<div id=\"elementor-tab-content-2412\" class=\"elementor-tab-content elementor-clearfix\" data-tab=\"2\" role=\"tabpanel\" aria-labelledby=\"elementor-tab-title-2412\"><p><span style=\"font-family: 'Segoe UI', Arial, sans-serif;\">En el \u00e1mbito de la <\/span><strong>geotecnia<\/strong><span style=\"font-family: 'Segoe UI', Arial, sans-serif;\">, el CGM desarrolla una intensa actividad investigadora centrada en el an\u00e1lisis y dise\u00f1o de <\/span><strong>excavaciones subterr\u00e1neas<\/strong><span style=\"font-family: 'Segoe UI', Arial, sans-serif;\">, con especial atenci\u00f3n a <\/span><strong>t\u00faneles excavados mediante tuneladoras de presi\u00f3n de tierras (EPB)<\/strong><span style=\"font-family: 'Segoe UI', Arial, sans-serif;\">. Los trabajos del grupo se apoyan en una s\u00f3lida base de <\/span><strong>modelizaci\u00f3n num\u00e9rica avanzada<\/strong><span style=\"font-family: 'Segoe UI', Arial, sans-serif;\">, empleando herramientas especializadas como <\/span><strong>FLAC 3D<\/strong><span style=\"font-family: 'Segoe UI', Arial, sans-serif;\"> y <\/span><strong>PLAXIS<\/strong><span style=\"font-family: 'Segoe UI', Arial, sans-serif;\">, que permiten abordar con rigor problemas complejos asociados al comportamiento del terreno.<\/span><\/p>\n<div>\n<p>Las l\u00edneas de investigaci\u00f3n incluyen, entre otras, la <strong>modelizaci\u00f3n reol\u00f3gica de suelos<\/strong>, el estudio del <strong>comportamiento din\u00e1mico de los suelos<\/strong> y la aplicaci\u00f3n de <strong>modelos constitutivos avanzados<\/strong>, lo que posibilita una representaci\u00f3n realista de las interacciones suelo\u2013estructura en diferentes condiciones operativas.<\/p>\n<p>Adem\u00e1s de su reconocida labor cient\u00edfica, esta \u00e1rea del CGM mantiene una <strong>estrecha colaboraci\u00f3n con empresas del sector<\/strong>, participando en numerosos trabajos de car\u00e1cter aplicado y proyectos de asistencia t\u00e9cnica. Esta combinaci\u00f3n de excelencia investigadora y transferencia de conocimiento consolida al CGM como un <strong>referente en geotecnia aplicada y t\u00faneles<\/strong>.<\/p>\n<\/div><\/div>\n\t\t\t\t<\/div>\n\t\t\t\t\t\t\t<div class=\"elementor-accordion-item\">\n\t\t\t\t\t<div id=\"elementor-tab-title-2413\" class=\"elementor-tab-title\" data-tab=\"3\" role=\"tab\" aria-controls=\"elementor-tab-content-2413\" aria-expanded=\"false\">\n\t\t\t\t\t\t\t\t\t\t\t\t\t<span class=\"elementor-accordion-icon elementor-accordion-icon-left\" aria-hidden=\"true\">\n\t\t\t\t\t\t\t\t\t\t\t\t\t\t\t<span class=\"elementor-accordion-icon-closed\"><i class=\"fas fa-plus\"><\/i><\/span>\n\t\t\t\t\t\t\t\t<span class=\"elementor-accordion-icon-opened\"><i class=\"fas fa-minus\"><\/i><\/span>\n\t\t\t\t\t\t\t\t\t\t\t\t\t\t<\/span>\n\t\t\t\t\t\t\t\t\t\t\t\t<a class=\"elementor-accordion-title\" href=\"\">MATERIALES<\/a>\n\t\t\t\t\t<\/div>\n\t\t\t\t\t<div id=\"elementor-tab-content-2413\" class=\"elementor-tab-content elementor-clearfix\" data-tab=\"3\" role=\"tabpanel\" aria-labelledby=\"elementor-tab-title-2413\"><p><span style=\"font-family: 'Segoe UI', Arial, sans-serif;\">En el \u00e1mbito de la <\/span><strong>Ciencia de Materiales<\/strong><span style=\"font-family: 'Segoe UI', Arial, sans-serif;\">, el CGM desarrolla una actividad marcadamente <\/span><strong>transversal<\/strong><span style=\"font-family: 'Segoe UI', Arial, sans-serif;\">, basada en la colaboraci\u00f3n estrecha con diversos <\/span><strong>grupos de investigaci\u00f3n nacionales e internacionales<\/strong><span style=\"font-family: 'Segoe UI', Arial, sans-serif;\">. Esta l\u00ednea integra conocimientos y metodolog\u00edas de distintos campos, permitiendo abordar problem\u00e1ticas complejas desde una visi\u00f3n multidisciplinar y altamente especializada.<\/span><\/p>\n<div>\n<p>Las actividades de investigaci\u00f3n abarcan una <strong>amplia variedad de materiales y procesos<\/strong>, incluyendo el estudio de <strong>tensoactivos<\/strong>, distintos <strong>tipos de materiales<\/strong>, la relaci\u00f3n entre <strong>materiales y medioambiente<\/strong>, <strong>aleaciones met\u00e1licas<\/strong>, <strong>procesos de corrosi\u00f3n<\/strong>, as\u00ed como otros \u00e1mbitos de inter\u00e9s cient\u00edfico y tecnol\u00f3gico. Esta diversidad tem\u00e1tica refuerza la capacidad del CGM para participar en actividades de investigaci\u00f3n innovadoras y de alto impacto.<\/p>\n<p>Cabe destacar la <strong>intensa colaboraci\u00f3n internacional<\/strong> de esta \u00e1rea, especialmente con <strong>grupos de investigaci\u00f3n de Portugal<\/strong>, que se traduce en <strong>publicaciones cient\u00edficas conjuntas<\/strong> y <strong>estancias de investigaci\u00f3n<\/strong>.<\/p>\n<\/div><\/div>\n\t\t\t\t<\/div>\n\t\t\t\t\t\t\t\t<\/div>\n\t\t\t\t<\/div>\n\t\t\t\t<\/div>\n\t\t\t\t\t\t<\/div>\n\t\t\t\t\t<\/div>\n\t\t<\/div>\n\t\t\t\t\t\t\t\t<\/div>\n\t\t\t\t\t<\/div>\n\t\t<\/section>\n\t\t\t\t<section class=\"elementor-section elementor-top-section elementor-element elementor-element-be26cf6 elementor-section-boxed elementor-section-height-default elementor-section-height-default\" data-id=\"be26cf6\" data-element_type=\"section\">\n\t\t\t\t\t\t<div class=\"elementor-container elementor-column-gap-default\">\n\t\t\t\t\t\t\t<div class=\"elementor-row\">\n\t\t\t\t\t<div class=\"elementor-column elementor-col-100 elementor-top-column elementor-element elementor-element-39e340f\" data-id=\"39e340f\" data-element_type=\"column\">\n\t\t\t<div class=\"elementor-column-wrap elementor-element-populated\">\n\t\t\t\t\t\t\t<div class=\"elementor-widget-wrap\">\n\t\t\t\t\t\t<div class=\"elementor-element elementor-element-f778ee0 elementor-widget elementor-widget-text-editor\" data-id=\"f778ee0\" data-element_type=\"widget\" data-widget_type=\"text-editor.default\">\n\t\t\t\t<div class=\"elementor-widget-container\">\n\t\t\t\t\t\t\t\t<div class=\"elementor-text-editor elementor-clearfix\">\n\t\t\t\t\t\t\t\t\t<\/div>\n\t\t\t\t\t\t<\/div>\n\t\t\t\t<\/div>\n\t\t\t\t\t\t<\/div>\n\t\t\t\t\t<\/div>\n\t\t<\/div>\n\t\t\t\t\t\t\t\t<\/div>\n\t\t\t\t\t<\/div>\n\t\t<\/section>\n\t\t\t\t<section class=\"elementor-section elementor-top-section elementor-element elementor-element-1a0c600 elementor-section-boxed elementor-section-height-default elementor-section-height-default\" data-id=\"1a0c600\" data-element_type=\"section\">\n\t\t\t\t\t\t<div class=\"elementor-container elementor-column-gap-default\">\n\t\t\t\t\t\t\t<div class=\"elementor-row\">\n\t\t\t\t\t<div class=\"elementor-column elementor-col-100 elementor-top-column elementor-element elementor-element-bfb2f12\" data-id=\"bfb2f12\" data-element_type=\"column\">\n\t\t\t<div class=\"elementor-column-wrap elementor-element-populated\">\n\t\t\t\t\t\t\t<div class=\"elementor-widget-wrap\">\n\t\t\t\t\t\t<div class=\"elementor-element elementor-element-3e3060d elementor-widget elementor-widget-text-editor\" data-id=\"3e3060d\" data-element_type=\"widget\" data-widget_type=\"text-editor.default\">\n\t\t\t\t<div class=\"elementor-widget-container\">\n\t\t\t\t\t\t\t\t<div class=\"elementor-text-editor elementor-clearfix\">\n\t\t\t\t\t\t\t\t\t<\/div>\n\t\t\t\t\t\t<\/div>\n\t\t\t\t<\/div>\n\t\t\t\t\t\t<\/div>\n\t\t\t\t\t<\/div>\n\t\t<\/div>\n\t\t\t\t\t\t\t\t<\/div>\n\t\t\t\t\t<\/div>\n\t\t<\/section>\n\t\t\t\t<section class=\"elementor-section elementor-top-section elementor-element elementor-element-fdcf883 elementor-section-boxed elementor-section-height-default elementor-section-height-default\" data-id=\"fdcf883\" data-element_type=\"section\">\n\t\t\t\t\t\t<div class=\"elementor-container elementor-column-gap-default\">\n\t\t\t\t\t\t\t<div class=\"elementor-row\">\n\t\t\t\t\t<div class=\"elementor-column elementor-col-100 elementor-top-column elementor-element elementor-element-ab88788\" data-id=\"ab88788\" data-element_type=\"column\">\n\t\t\t<div class=\"elementor-column-wrap elementor-element-populated\">\n\t\t\t\t\t\t\t<div class=\"elementor-widget-wrap\">\n\t\t\t\t\t\t<div class=\"elementor-element elementor-element-55035bb elementor-arrows-position-inside elementor-pagination-position-outside elementor-widget elementor-widget-image-carousel\" data-id=\"55035bb\" data-element_type=\"widget\" data-settings=\"{&quot;navigation&quot;:&quot;both&quot;,&quot;autoplay&quot;:&quot;yes&quot;,&quot;pause_on_hover&quot;:&quot;yes&quot;,&quot;pause_on_interaction&quot;:&quot;yes&quot;,&quot;autoplay_speed&quot;:5000,&quot;infinite&quot;:&quot;yes&quot;,&quot;speed&quot;:500}\" data-widget_type=\"image-carousel.default\">\n\t\t\t\t<div class=\"elementor-widget-container\">\n\t\t\t\t\t<div class=\"elementor-image-carousel-wrapper swiper-container\" dir=\"ltr\">\n\t\t\t<div class=\"elementor-image-carousel swiper-wrapper\">\n\t\t\t\t\t\t\t\t<div class=\"swiper-slide\"><figure class=\"swiper-slide-inner\"><img class=\"swiper-slide-image\" src=\"https:\/\/caminos.udc.es\/hosting\/cgm\/wp-content\/uploads\/2026\/04\/00-CUARTEO-300x225.jpeg\" alt=\"00-CUARTEO\" \/><\/figure><\/div><div class=\"swiper-slide\"><figure class=\"swiper-slide-inner\"><img class=\"swiper-slide-image\" src=\"https:\/\/caminos.udc.es\/hosting\/cgm\/wp-content\/uploads\/2026\/04\/01-LAVADO-ARIDOS-225x300.jpg\" alt=\"01-LAVADO-ARIDOS\" \/><\/figure><\/div><div class=\"swiper-slide\"><figure class=\"swiper-slide-inner\"><img class=\"swiper-slide-image\" src=\"https:\/\/caminos.udc.es\/hosting\/cgm\/wp-content\/uploads\/2026\/04\/02-TAMIZADO-225x300.jpg\" alt=\"02-TAMIZADO\" \/><\/figure><\/div><div class=\"swiper-slide\"><figure class=\"swiper-slide-inner\"><img class=\"swiper-slide-image\" src=\"https:\/\/caminos.udc.es\/hosting\/cgm\/wp-content\/uploads\/2026\/04\/03-DENSIDAD-ARIDOS-300x225.jpg\" alt=\"03-DENSIDAD-ARIDOS\" \/><\/figure><\/div><div class=\"swiper-slide\"><figure class=\"swiper-slide-inner\"><img class=\"swiper-slide-image\" src=\"https:\/\/caminos.udc.es\/hosting\/cgm\/wp-content\/uploads\/2026\/04\/04-ULTRATURRAX-225x300.jpg\" alt=\"04-ULTRATURRAX\" \/><\/figure><\/div><div class=\"swiper-slide\"><figure class=\"swiper-slide-inner\"><img class=\"swiper-slide-image\" src=\"https:\/\/caminos.udc.es\/hosting\/cgm\/wp-content\/uploads\/2026\/04\/05-GIRATORIA-300x225.jpg\" alt=\"05-GIRATORIA\" \/><\/figure><\/div><div class=\"swiper-slide\"><figure class=\"swiper-slide-inner\"><img class=\"swiper-slide-image\" src=\"https:\/\/caminos.udc.es\/hosting\/cgm\/wp-content\/uploads\/2026\/04\/06-COMPACTADOR-GIRATORIO-300x225.jpg\" alt=\"06-COMPACTADOR-GIRATORIO\" \/><\/figure><\/div><div class=\"swiper-slide\"><figure class=\"swiper-slide-inner\"><img class=\"swiper-slide-image\" src=\"https:\/\/caminos.udc.es\/hosting\/cgm\/wp-content\/uploads\/2026\/04\/08-RIGIDEZ-225x300.jpg\" alt=\"08-RIGIDEZ\" \/><\/figure><\/div><div class=\"swiper-slide\"><figure class=\"swiper-slide-inner\"><img class=\"swiper-slide-image\" src=\"https:\/\/caminos.udc.es\/hosting\/cgm\/wp-content\/uploads\/2026\/04\/09-TRIAXIAL-225x300.jpg\" alt=\"09-TRIAXIAL\" \/><\/figure><\/div><div class=\"swiper-slide\"><figure class=\"swiper-slide-inner\"><img class=\"swiper-slide-image\" src=\"https:\/\/caminos.udc.es\/hosting\/cgm\/wp-content\/uploads\/2026\/04\/11-PISTA-225x300.jpg\" alt=\"11-PISTA\" \/><\/figure><\/div><div class=\"swiper-slide\"><figure class=\"swiper-slide-inner\"><img class=\"swiper-slide-image\" src=\"https:\/\/caminos.udc.es\/hosting\/cgm\/wp-content\/uploads\/2026\/04\/12-PROBETAS-300x225.jpg\" alt=\"12-PROBETAS\" \/><\/figure><\/div><div class=\"swiper-slide\"><figure class=\"swiper-slide-inner\"><img class=\"swiper-slide-image\" src=\"https:\/\/caminos.udc.es\/hosting\/cgm\/wp-content\/uploads\/2026\/04\/13-UNIAXIAL-225x300.jpg\" alt=\"13-UNIAXIAL\" \/><\/figure><\/div><div class=\"swiper-slide\"><figure class=\"swiper-slide-inner\"><img class=\"swiper-slide-image\" src=\"https:\/\/caminos.udc.es\/hosting\/cgm\/wp-content\/uploads\/2026\/04\/14-TERMOGRAFIA-225x300.jpg\" alt=\"14-TERMOGRAF\u00cdA\" \/><\/figure><\/div><div class=\"swiper-slide\"><figure class=\"swiper-slide-inner\"><img class=\"swiper-slide-image\" src=\"https:\/\/caminos.udc.es\/hosting\/cgm\/wp-content\/uploads\/2026\/04\/15-FATIGA-225x300.jpeg\" alt=\"15-FATIGA\" \/><\/figure><\/div><div class=\"swiper-slide\"><figure class=\"swiper-slide-inner\"><img class=\"swiper-slide-image\" src=\"https:\/\/caminos.udc.es\/hosting\/cgm\/wp-content\/uploads\/2026\/04\/16-INMERSION-COMPR-225x300.jpg\" alt=\"16-INMERSION-COMPR\" \/><\/figure><\/div><div class=\"swiper-slide\"><figure class=\"swiper-slide-inner\"><img class=\"swiper-slide-image\" src=\"https:\/\/caminos.udc.es\/hosting\/cgm\/wp-content\/uploads\/2026\/04\/17-PROCTOR-225x300.jpg\" alt=\"17-PROCTOR\" \/><\/figure><\/div><div class=\"swiper-slide\"><figure class=\"swiper-slide-inner\"><img class=\"swiper-slide-image\" src=\"https:\/\/caminos.udc.es\/hosting\/cgm\/wp-content\/uploads\/2026\/04\/18-EXTRACCION-225x300.jpeg\" alt=\"18-EXTRACCI\u00d3N\" \/><\/figure><\/div><div class=\"swiper-slide\"><figure class=\"swiper-slide-inner\"><img class=\"swiper-slide-image\" src=\"https:\/\/caminos.udc.es\/hosting\/cgm\/wp-content\/uploads\/2026\/04\/19-LIXIVIADOS-300x225.jpeg\" alt=\"19-LIXIVIADOS\" \/><\/figure><\/div><div class=\"swiper-slide\"><figure class=\"swiper-slide-inner\"><img class=\"swiper-slide-image\" src=\"https:\/\/caminos.udc.es\/hosting\/cgm\/wp-content\/uploads\/2026\/04\/20-PENETRACION-225x300.jpg\" alt=\"20-PENETRACI\u00d3N\" \/><\/figure><\/div><div class=\"swiper-slide\"><figure class=\"swiper-slide-inner\"><img class=\"swiper-slide-image\" src=\"https:\/\/caminos.udc.es\/hosting\/cgm\/wp-content\/uploads\/2026\/04\/21-ANILLO-BOLA-225x300.jpg\" alt=\"21-ANILLO-BOLA\" \/><\/figure><\/div><div class=\"swiper-slide\"><figure class=\"swiper-slide-inner\"><img class=\"swiper-slide-image\" src=\"https:\/\/caminos.udc.es\/hosting\/cgm\/wp-content\/uploads\/2026\/04\/22-DUCTILOMETRO-225x300.jpg\" alt=\"22-DUCTILOMETRO\" \/><\/figure><\/div>\t\t\t<\/div>\n\t\t\t\t\t\t\t\t\t\t\t\t<div class=\"swiper-pagination\"><\/div>\n\t\t\t\t\t\t\t\t\t\t\t\t\t<div class=\"elementor-swiper-button elementor-swiper-button-prev\">\n\t\t\t\t\t\t<i aria-hidden=\"true\" class=\"eicon-chevron-left\"><\/i>\t\t\t\t\t\t<span class=\"elementor-screen-only\">Anterior<\/span>\n\t\t\t\t\t<\/div>\n\t\t\t\t\t<div class=\"elementor-swiper-button elementor-swiper-button-next\">\n\t\t\t\t\t\t<i aria-hidden=\"true\" class=\"eicon-chevron-right\"><\/i>\t\t\t\t\t\t<span class=\"elementor-screen-only\">Siguiente<\/span>\n\t\t\t\t\t<\/div>\n\t\t\t\t\t\t\t\t\t<\/div>\n\t\t\t\t<\/div>\n\t\t\t\t<\/div>\n\t\t\t\t\t\t<\/div>\n\t\t\t\t\t<\/div>\n\t\t<\/div>\n\t\t\t\t\t\t\t\t<\/div>\n\t\t\t\t\t<\/div>\n\t\t<\/section>\n\t\t\t\t\t\t\t\t\t<\/div>\n\t\t\t<\/div>\n\t\t\t\t\t<\/div>\n\t\t","protected":false},"excerpt":{"rendered":"<p>El Grupo de Carreteras, Geotecnia y Materiales (CGM) es un grupo multidisciplinar de investigaci\u00f3n creado en el a\u00f1o 2009, con sede en la Escuela T\u00e9cnica Superior de Ingenier\u00eda de Caminos, Canales y Puertos de la Universidade da Coru\u00f1a (UDC). El grupo est\u00e1 integrado por investigadores adscritos al CITEEC (Centro de&#8230;<\/p>\n<p class=\"continue-reading-button\"> <a class=\"continue-reading-link\" href=\"https:\/\/caminos.udc.es\/hosting\/cgm\/\">Continue reading<i class=\"crycon-right-dir\"><\/i><\/a><\/p>\n","protected":false},"author":1,"featured_media":0,"parent":0,"menu_order":0,"comment_status":"closed","ping_status":"closed","template":"","meta":[],"_links":{"self":[{"href":"https:\/\/caminos.udc.es\/hosting\/cgm\/index.php?rest_route=\/wp\/v2\/pages\/430"}],"collection":[{"href":"https:\/\/caminos.udc.es\/hosting\/cgm\/index.php?rest_route=\/wp\/v2\/pages"}],"about":[{"href":"https:\/\/caminos.udc.es\/hosting\/cgm\/index.php?rest_route=\/wp\/v2\/types\/page"}],"author":[{"embeddable":true,"href":"https:\/\/caminos.udc.es\/hosting\/cgm\/index.php?rest_route=\/wp\/v2\/users\/1"}],"replies":[{"embeddable":true,"href":"https:\/\/caminos.udc.es\/hosting\/cgm\/index.php?rest_route=%2Fwp%2Fv2%2Fcomments&post=430"}],"version-history":[{"count":41,"href":"https:\/\/caminos.udc.es\/hosting\/cgm\/index.php?rest_route=\/wp\/v2\/pages\/430\/revisions"}],"predecessor-version":[{"id":1461,"href":"https:\/\/caminos.udc.es\/hosting\/cgm\/index.php?rest_route=\/wp\/v2\/pages\/430\/revisions\/1461"}],"wp:attachment":[{"href":"https:\/\/caminos.udc.es\/hosting\/cgm\/index.php?rest_route=%2Fwp%2Fv2%2Fmedia&parent=430"}],"curies":[{"name":"wp","href":"https:\/\/api.w.org\/{rel}","templated":true}]}}