{"id":36,"date":"2018-07-14T17:07:07","date_gmt":"2018-07-14T17:07:07","guid":{"rendered":"http:\/\/caminos.udc.es\/hosting\/cgm\/?page_id=36"},"modified":"2021-05-03T12:01:16","modified_gmt":"2021-05-03T12:01:16","slug":"docencia","status":"publish","type":"page","link":"https:\/\/caminos.udc.es\/hosting\/cgm\/?page_id=36","title":{"rendered":"Docencia"},"content":{"rendered":"\t\t<div data-elementor-type=\"wp-page\" data-elementor-id=\"36\" class=\"elementor elementor-36\">\n\t\t\t\t\t\t<div class=\"elementor-inner\">\n\t\t\t\t<div class=\"elementor-section-wrap\">\n\t\t\t\t\t\t\t\t\t<section class=\"elementor-section elementor-top-section elementor-element elementor-element-68e1ac2c elementor-section-boxed elementor-section-height-default elementor-section-height-default\" data-id=\"68e1ac2c\" data-element_type=\"section\">\n\t\t\t\t\t\t<div class=\"elementor-container elementor-column-gap-default\">\n\t\t\t\t\t\t\t<div class=\"elementor-row\">\n\t\t\t\t\t<div class=\"elementor-column elementor-col-100 elementor-top-column elementor-element elementor-element-66b170d3\" data-id=\"66b170d3\" data-element_type=\"column\">\n\t\t\t<div class=\"elementor-column-wrap elementor-element-populated\">\n\t\t\t\t\t\t\t<div class=\"elementor-widget-wrap\">\n\t\t\t\t\t\t<div class=\"elementor-element elementor-element-338ac179 elementor-widget elementor-widget-text-editor\" data-id=\"338ac179\" data-element_type=\"widget\" data-widget_type=\"text-editor.default\">\n\t\t\t\t<div class=\"elementor-widget-container\">\n\t\t\t\t\t\t\t\t<div class=\"elementor-text-editor elementor-clearfix\">\n\t\t\t\t<p>Los miembros del CGM centran su actividad docente principalmente en la Escuela de Ingenieros de Caminos, Canales y Puertos (ETSICCP) de la Universidade da Coru\u00f1a (UDC). \u00a0Sin embargo, tambi\u00e9n imparten clases a nivel internacional y en la Universidad Senior.<\/p>\t\t\t\t\t<\/div>\n\t\t\t\t\t\t<\/div>\n\t\t\t\t<\/div>\n\t\t\t\t\t\t<\/div>\n\t\t\t\t\t<\/div>\n\t\t<\/div>\n\t\t\t\t\t\t\t\t<\/div>\n\t\t\t\t\t<\/div>\n\t\t<\/section>\n\t\t\t\t<section class=\"elementor-section elementor-top-section elementor-element elementor-element-1d69951 elementor-section-boxed elementor-section-height-default elementor-section-height-default\" data-id=\"1d69951\" data-element_type=\"section\">\n\t\t\t\t\t\t<div class=\"elementor-container elementor-column-gap-default\">\n\t\t\t\t\t\t\t<div class=\"elementor-row\">\n\t\t\t\t\t<div class=\"elementor-column elementor-col-100 elementor-top-column elementor-element elementor-element-890ec42\" data-id=\"890ec42\" data-element_type=\"column\">\n\t\t\t<div class=\"elementor-column-wrap elementor-element-populated\">\n\t\t\t\t\t\t\t<div class=\"elementor-widget-wrap\">\n\t\t\t\t\t\t<div class=\"elementor-element elementor-element-d8621ab elementor-tabs-view-horizontal elementor-widget elementor-widget-tabs\" data-id=\"d8621ab\" data-element_type=\"widget\" data-widget_type=\"tabs.default\">\n\t\t\t\t<div class=\"elementor-widget-container\">\n\t\t\t\t\t<div class=\"elementor-tabs\">\n\t\t\t<div class=\"elementor-tabs-wrapper\" role=\"tablist\" >\n\t\t\t\t\t\t\t\t\t<div id=\"elementor-tab-title-2261\" class=\"elementor-tab-title elementor-tab-desktop-title\" aria-selected=\"true\" data-tab=\"1\" role=\"tab\" tabindex=\"0\" aria-controls=\"elementor-tab-content-2261\" aria-expanded=\"false\"><a href=\"\">Titulaciones<\/a><\/div>\n\t\t\t\t\t\t\t\t\t<div id=\"elementor-tab-title-2262\" class=\"elementor-tab-title elementor-tab-desktop-title\" aria-selected=\"false\" data-tab=\"2\" role=\"tab\" tabindex=\"-1\" aria-controls=\"elementor-tab-content-2262\" aria-expanded=\"false\"><a href=\"\">Tercer Ciclo<\/a><\/div>\n\t\t\t\t\t\t\t<\/div>\n\t\t\t<div class=\"elementor-tabs-content-wrapper\" role=\"tablist\" aria-orientation=\"vertical\">\n\t\t\t\t\t\t\t\t\t<div class=\"elementor-tab-title elementor-tab-mobile-title\" aria-selected=\"true\" data-tab=\"1\" role=\"tab\" tabindex=\"0\" aria-controls=\"elementor-tab-content-2261\" aria-expanded=\"false\">Titulaciones<\/div>\n\t\t\t\t\t<div id=\"elementor-tab-content-2261\" class=\"elementor-tab-content elementor-clearfix\" data-tab=\"1\" role=\"tabpanel\" aria-labelledby=\"elementor-tab-title-2261\" tabindex=\"0\" hidden=\"false\"><p>A continuaci\u00f3n se indican las asignaturas impartidas, agrupadas por titulaciones, centros y cursos.<\/p><p><strong>\u00a0<\/strong><strong>Grado en Tecnolog\u00eda de la ingenier\u00eda Civil (GTECIC) \u2013 ETSICCP<br \/><\/strong><\/p><hr \/><ul><li>F\u00edsica Aplicada 1. Primer curso.<\/li><li>F\u00edsica Aplicada 2. Primer curso.<\/li><li>Caminos. Tercer curso.<\/li><li>Geotecnia I. Tercer curso.<\/li><li>Geotecnia II. Tercer curso.<\/li><li>Ciencia de Materiales. Optativa. Cuarto curso.<\/li><\/ul><p><strong>Grado en Ingenier\u00eda de Obras P\u00fablicas (GIOP) &#8211; ETSICCP<\/strong><\/p><hr \/><ul><li>Infraestructuras del Transporte. Segundo curso.<\/li><li>Ingenier\u00eda del Terreno I. Tercer curso.<\/li><li>Caminos y Ferrocarriles. Cuarto curso. Especialidad en Construcciones Civiles.<\/li><li>Caminos y Aeropuertos. Cuarto curso. Especialidad en Transportes y Servicios Urbanos.<\/li><li>Ingenier\u00eda de Tr\u00e1fico y Seguridad Vial. Optativa. Tercer y cuarto curso. Especialidad en Transportes y Servicios Urbanos.<\/li><\/ul><p><strong>Master en Ingenier\u00eda de Caminos, Canales y Puertos (MICCP) &#8211; ETSICCP<\/strong><\/p><hr \/><ul><li>Infraestructura de Carreteras y Aeropuertos. Optativa. Primer curso.<\/li><li>Explotaci\u00f3n de Carreteras. Segundo curso.<\/li><li>Ampliaci\u00f3n de Ingenier\u00eda del Terreno. Segundo curso.<\/li><\/ul><p><strong>\u00a0Universidad Senior de la UDC:<\/strong><\/p><hr \/><ul><li>Ciencia para la Ciudadan\u00eda de Hoy. Cuarto curso.<\/li><\/ul><\/div>\n\t\t\t\t\t\t\t\t\t<div class=\"elementor-tab-title elementor-tab-mobile-title\" aria-selected=\"false\" data-tab=\"2\" role=\"tab\" tabindex=\"-1\" aria-controls=\"elementor-tab-content-2262\" aria-expanded=\"false\">Tercer Ciclo<\/div>\n\t\t\t\t\t<div id=\"elementor-tab-content-2262\" class=\"elementor-tab-content elementor-clearfix\" data-tab=\"2\" role=\"tabpanel\" aria-labelledby=\"elementor-tab-title-2262\" tabindex=\"0\" hidden=\"hidden\"><p>Los miembros del CGM han dirigido las siguientes tesis doctorales:<\/p><p style=\"text-align: left;\"><strong>Highway travel time information systems: from traditional to Cooperative driving environments<\/strong><\/p><hr \/><p><strong>Doctorando\/a: <\/strong>Margarita Mart\u00ednez D\u00edaz<br \/><strong>Director\/a de tesis: <\/strong>Francesc Soriguera Marti e Ignacio P\u00e9rez P\u00e9rez<br \/><strong>Fecha de lectura: <\/strong>diciembre de 2018<\/p><p><a href=\"https:\/\/ruc.udc.es\/dspace\/handle\/2183\/21559\"><strong>M\u00e1s informaci\u00f3n y documento completo<\/strong><\/a><\/p><p><strong>El efecto 3D en el c\u00e1lculo de pantallas<\/strong><\/p><hr \/><p><strong>Doctorando\/a: <\/strong>Carlos Barba \u00c1vila<br \/><strong>Director\/a de tesis: <\/strong>Luis Esteban Medina Rodr\u00edguez<br \/><strong>Fecha de lectura: <\/strong>julio de 2018<\/p><p><strong>M\u00e1s informaci\u00f3n y documento completo\u00a0<\/strong><\/p><p><strong>Comportamiento mec\u00e1nico y corrosi\u00f3n marina de diversas aleaciones f\u00e9rricas utilizadas en buques y en sus componentes<\/strong><\/p><hr \/><p><strong>Doctorando\/a: <\/strong>Nuria Varela Fern\u00e1ndez<br \/><strong>Director\/a de tesis: <\/strong>Juan Jos\u00e9 Gal\u00e1n D\u00edaz<br \/><strong>Fecha de lectura: <\/strong>2016<\/p><p><a href=\"https:\/\/dialnet.unirioja.es\/servlet\/tesis?codigo=49620\"><strong>M\u00e1s informaci\u00f3n y documento completo<\/strong><\/a><\/p><p><strong>Aplicaci\u00f3n sostenible de residuos de construcci\u00f3n y demolici\u00f3n como \u00e1rido reciclado de mezclas en fr\u00edo<\/strong><\/p><hr \/><p><strong>Doctorando\/a:<\/strong> Breixo G\u00f3mez Meijide<br \/><strong>Director\/a de tesis:<\/strong> Ignacio P\u00e9rez P\u00e9rez<br \/><strong>Fecha de lectura:<\/strong> 2015<br \/><strong>Premios:<\/strong> Premio extraordinario de doctorado (2014-2015)<\/p><p><strong><a href=\"https:\/\/dialnet.unirioja.es\/servlet\/tesis?codigo=45500\">M\u00e1s informaci\u00f3n y documento completo<\/a><\/strong><\/p><p><strong>Estudio num\u00e9rico de vibraciones provocadas por el tr\u00e1fico ferroviario en t\u00faneles en el dominio del tiempo<\/strong><\/p><hr \/><p><strong>Doctorando\/a:<\/strong> Jes\u00fas Fern\u00e1ndez Ru\u00edz<br \/><strong>Director\/a de tesis:<\/strong> Luis Medina Rodr\u00edguez<br \/><strong>Fecha de lectura:<\/strong> 2014<\/p><p><strong><a href=\"https:\/\/dialnet.unirioja.es\/servlet\/tesis?codigo=41145\">M\u00e1s informaci\u00f3n y documento completo<\/a><\/strong><\/p><p><strong>Sensibilidad al agua y propiedades mec\u00e1nicas de mezclas bituminosas en caliente fabricadas con \u00e1ridos reciclados de residuos de construcci\u00f3n y demolici\u00f3n<\/strong><\/p><hr \/><p><strong>Doctorando\/a:<\/strong> Ana Mar\u00eda Rodr\u00edguez Pasand\u00edn<br \/><strong>Director\/a de tesis:<\/strong> Ignacio P\u00e9rez P\u00e9rez<br \/><strong>Fecha de lectura:<\/strong> 2013<br \/><strong>Premios:<\/strong> Premio extraordinario de doctorado (2013-2014)<\/p><p><strong><a href=\"https:\/\/dialnet.unirioja.es\/servlet\/tesis?codigo=38484\">M\u00e1s informaci\u00f3n y documento completo<\/a><\/strong><\/p><p><strong>Innovaci\u00f3n en los m\u00e9todos f\u00edsicos aplicados en el \u00e1mbito de la Ingenier\u00eda mediante el uso de las nuevas tecnolog\u00edas<\/strong><\/p><hr \/><p><strong>Doctorando\/a:<\/strong> Sim\u00f3n Fern\u00e1ndez Garrido<\/p><p><strong>Director\/a de tesis:<\/strong> Juan Jos\u00e9 Gal\u00e1n D\u00edaz<br \/><strong>Fecha de lectura:<\/strong> 2012<\/p><p><strong><a href=\"https:\/\/dialnet.unirioja.es\/servlet\/tesis?codigo=38095\">M\u00e1s informaci\u00f3n y documento completo<\/a><\/strong><\/p><p><strong>Procedimiento de estimaci\u00f3n de la presi\u00f3n de trabajo \u00f3ptima en la c\u00e1mara de mezclado de un escudo de presi\u00f3n de tierras. Implicaci\u00f3n en los par\u00e1metros de dise\u00f1o del escudo<\/strong><\/p><hr \/><p><strong>Doctorando\/a: <\/strong>Juan Miguel Alcaide Alonso<br \/><strong>Director\/a de tesis: <\/strong>Luis Medina Rodr\u00edguez<br \/><strong>Fecha de lectura:<\/strong> 2011<\/p><p><strong><a href=\"http:\/\/oa.upm.es\/9161\/\">M\u00e1s informaci\u00f3n y documento completo<\/a><\/strong><\/p><p><strong>\u00a0Modelos pr\u00e1cticos de remediaci\u00f3n de terrenos contaminados por hidrocarburos<\/strong><\/p><hr \/><p><strong>Doctorando\/a: <\/strong>M\u00aa Estrella Rodr\u00edguez Justo<br \/><strong>Director\/a de tesis: <\/strong>Luis Medina Rodr\u00edguez<br \/><strong>Fecha de lectura:<\/strong> 2005<\/p><p><strong><a href=\"https:\/\/dialnet.unirioja.es\/servlet\/tesis?codigo=46065\">M\u00e1s informaci\u00f3n y documento completo<\/a><\/strong><\/p><\/div>\n\t\t\t\t\t\t\t<\/div>\n\t\t<\/div>\n\t\t\t\t<\/div>\n\t\t\t\t<\/div>\n\t\t\t\t\t\t<\/div>\n\t\t\t\t\t<\/div>\n\t\t<\/div>\n\t\t\t\t\t\t\t\t<\/div>\n\t\t\t\t\t<\/div>\n\t\t<\/section>\n\t\t\t\t\t\t\t\t\t<\/div>\n\t\t\t<\/div>\n\t\t\t\t\t<\/div>\n\t\t","protected":false},"excerpt":{"rendered":"<p>Los miembros del CGM centran su actividad docente principalmente en la Escuela de Ingenieros de Caminos, Canales y Puertos (ETSICCP) de la Universidade da Coru\u00f1a (UDC). \u00a0Sin embargo, tambi\u00e9n imparten clases a nivel internacional y en la Universidad Senior. Titulaciones Tercer Ciclo Titulaciones A continuaci\u00f3n se indican las asignaturas impartidas,&#8230;<\/p>\n<p class=\"continue-reading-button\"> <a class=\"continue-reading-link\" href=\"https:\/\/caminos.udc.es\/hosting\/cgm\/?page_id=36\">Continue reading<i class=\"crycon-right-dir\"><\/i><\/a><\/p>\n","protected":false},"author":1,"featured_media":0,"parent":0,"menu_order":0,"comment_status":"closed","ping_status":"closed","template":"","meta":[],"_links":{"self":[{"href":"https:\/\/caminos.udc.es\/hosting\/cgm\/index.php?rest_route=\/wp\/v2\/pages\/36"}],"collection":[{"href":"https:\/\/caminos.udc.es\/hosting\/cgm\/index.php?rest_route=\/wp\/v2\/pages"}],"about":[{"href":"https:\/\/caminos.udc.es\/hosting\/cgm\/index.php?rest_route=\/wp\/v2\/types\/page"}],"author":[{"embeddable":true,"href":"https:\/\/caminos.udc.es\/hosting\/cgm\/index.php?rest_route=\/wp\/v2\/users\/1"}],"replies":[{"embeddable":true,"href":"https:\/\/caminos.udc.es\/hosting\/cgm\/index.php?rest_route=%2Fwp%2Fv2%2Fcomments&post=36"}],"version-history":[{"count":23,"href":"https:\/\/caminos.udc.es\/hosting\/cgm\/index.php?rest_route=\/wp\/v2\/pages\/36\/revisions"}],"predecessor-version":[{"id":887,"href":"https:\/\/caminos.udc.es\/hosting\/cgm\/index.php?rest_route=\/wp\/v2\/pages\/36\/revisions\/887"}],"wp:attachment":[{"href":"https:\/\/caminos.udc.es\/hosting\/cgm\/index.php?rest_route=%2Fwp%2Fv2%2Fmedia&parent=36"}],"curies":[{"name":"wp","href":"https:\/\/api.w.org\/{rel}","templated":true}]}}