{"id":27,"date":"2018-07-14T11:00:19","date_gmt":"2018-07-14T11:00:19","guid":{"rendered":"http:\/\/caminos.udc.es\/hosting\/cgm\/?page_id=27"},"modified":"2021-02-26T10:59:41","modified_gmt":"2021-02-26T10:59:41","slug":"materiales","status":"publish","type":"page","link":"https:\/\/caminos.udc.es\/hosting\/cgm\/?page_id=27","title":{"rendered":"Ensayos"},"content":{"rendered":"\t\t<div data-elementor-type=\"wp-page\" data-elementor-id=\"27\" class=\"elementor elementor-27\">\n\t\t\t\t\t\t<div class=\"elementor-inner\">\n\t\t\t\t<div class=\"elementor-section-wrap\">\n\t\t\t\t\t\t\t\t\t<section class=\"elementor-section elementor-top-section elementor-element elementor-element-26bb48b8 elementor-section-boxed elementor-section-height-default elementor-section-height-default\" data-id=\"26bb48b8\" data-element_type=\"section\">\n\t\t\t\t\t\t<div class=\"elementor-container elementor-column-gap-default\">\n\t\t\t\t\t\t\t<div class=\"elementor-row\">\n\t\t\t\t\t<div class=\"elementor-column elementor-col-100 elementor-top-column elementor-element elementor-element-4a1e3a8a\" data-id=\"4a1e3a8a\" data-element_type=\"column\">\n\t\t\t<div class=\"elementor-column-wrap elementor-element-populated\">\n\t\t\t\t\t\t\t<div class=\"elementor-widget-wrap\">\n\t\t\t\t\t\t<div class=\"elementor-element elementor-element-7be45aa elementor-widget elementor-widget-text-editor\" data-id=\"7be45aa\" data-element_type=\"widget\" data-widget_type=\"text-editor.default\">\n\t\t\t\t<div class=\"elementor-widget-container\">\n\t\t\t\t\t\t\t\t<div class=\"elementor-text-editor elementor-clearfix\">\n\t\t\t\t<p>Con el equipamiento del CGM, se pueden realizar los siguientes ensayos de firmes de carreteras (materiales granulares, mezclas bituminosas, suelo cemento, etc.).<\/p>\n<p><!-- \/wp:paragraph --><!-- wp:paragraph --><\/p>\n<p><strong>Caracterizaci\u00f3n de materiales b\u00e1sicos<\/strong><\/p>\t\t\t\t\t<\/div>\n\t\t\t\t\t\t<\/div>\n\t\t\t\t<\/div>\n\t\t\t\t<div class=\"elementor-element elementor-element-6e830a3 elementor-widget elementor-widget-accordion\" data-id=\"6e830a3\" data-element_type=\"widget\" data-widget_type=\"accordion.default\">\n\t\t\t\t<div class=\"elementor-widget-container\">\n\t\t\t\t\t<div class=\"elementor-accordion\" role=\"tablist\">\n\t\t\t\t\t\t\t<div class=\"elementor-accordion-item\">\n\t\t\t\t\t<div id=\"elementor-tab-title-1151\" class=\"elementor-tab-title\" data-tab=\"1\" role=\"tab\" aria-controls=\"elementor-tab-content-1151\" aria-expanded=\"false\">\n\t\t\t\t\t\t\t\t\t\t\t\t\t<span class=\"elementor-accordion-icon elementor-accordion-icon-left\" aria-hidden=\"true\">\n\t\t\t\t\t\t\t\t\t\t\t\t\t\t\t<span class=\"elementor-accordion-icon-closed\"><i class=\"fas fa-plus\"><\/i><\/span>\n\t\t\t\t\t\t\t\t<span class=\"elementor-accordion-icon-opened\"><i class=\"fas fa-minus\"><\/i><\/span>\n\t\t\t\t\t\t\t\t\t\t\t\t\t\t<\/span>\n\t\t\t\t\t\t\t\t\t\t\t\t<a class=\"elementor-accordion-title\" href=\"\">\u00c1ridos y suelos<\/a>\n\t\t\t\t\t<\/div>\n\t\t\t\t\t<div id=\"elementor-tab-content-1151\" class=\"elementor-tab-content elementor-clearfix\" data-tab=\"1\" role=\"tabpanel\" aria-labelledby=\"elementor-tab-title-1151\"><ul>\n<li>Densidad aparente y porosidad (UNE-EN 1097-3)<\/li>\n<li>Determinaci\u00f3n del contenido de agua por secado en estufa (UNE-EN 1097-5)<\/li>\n<li>Densidad de las part\u00edculas y absorci\u00f3n de agua (UNE-EN 1097-6)<\/li>\n<li>Determinaci\u00f3n de la densidad real del filler. M\u00e9todo del picn\u00f3metro (UNE-EN 1097-7)<\/li>\n<li>Determinaci\u00f3n de la granulometr\u00eda de las part\u00edculas. M\u00e9todo del tamizado (UNE-EN 933-1)<\/li>\n<li>Determinaci\u00f3n de la forma de las part\u00edculas. \u00cdndice de lajas (UNE-EN 933-3)<\/li>\n<li>Determinaci\u00f3n del porcentaje de caras de fractura de las part\u00edculas del \u00e1rido grueso (UNE-EN 933-5)<\/li>\n<li>Evaluaci\u00f3n de los finos. Ensayo del equivalente de arena (UNE-EN 933-8)<\/li>\n<li>Evaluaci\u00f3n de los finos. Ensayo de azul de metileno (UNE-EN 933-9)<\/li>\n<li>Evaluaci\u00f3n de los finos. Granulometr\u00eda de los fillers (tamizado en corriente de aire) (UNE-EN 933-10)<\/li>\n<li>Ensayo de clasificaci\u00f3n de los componentes de los \u00e1ridos gruesos reciclados (UNE-EN 933-11)<\/li>\n<li>Proctor (UNE 103500)<\/li>\n<li>Proctor Modificado (UNE 103501)<\/li>\n<li>Ensayo \u00edndice CBR en el laboratorio (UNE-EN 13286-47)<\/li>\n<\/ul>\n<p><!-- \/wp:list --><!-- wp:paragraph --><\/p><\/div>\n\t\t\t\t<\/div>\n\t\t\t\t\t\t\t<div class=\"elementor-accordion-item\">\n\t\t\t\t\t<div id=\"elementor-tab-title-1152\" class=\"elementor-tab-title\" data-tab=\"2\" role=\"tab\" aria-controls=\"elementor-tab-content-1152\" aria-expanded=\"false\">\n\t\t\t\t\t\t\t\t\t\t\t\t\t<span class=\"elementor-accordion-icon elementor-accordion-icon-left\" aria-hidden=\"true\">\n\t\t\t\t\t\t\t\t\t\t\t\t\t\t\t<span class=\"elementor-accordion-icon-closed\"><i class=\"fas fa-plus\"><\/i><\/span>\n\t\t\t\t\t\t\t\t<span class=\"elementor-accordion-icon-opened\"><i class=\"fas fa-minus\"><\/i><\/span>\n\t\t\t\t\t\t\t\t\t\t\t\t\t\t<\/span>\n\t\t\t\t\t\t\t\t\t\t\t\t<a class=\"elementor-accordion-title\" href=\"\">Ligantes bituminosos<\/a>\n\t\t\t\t\t<\/div>\n\t\t\t\t\t<div id=\"elementor-tab-content-1152\" class=\"elementor-tab-content elementor-clearfix\" data-tab=\"2\" role=\"tabpanel\" aria-labelledby=\"elementor-tab-title-1152\"><ul>\n<li>Determinaci\u00f3n de la penetraci\u00f3n con\u00a0 aguja de bet\u00fanes y ligantes bituminosos (UNE-1426).<\/li>\n<li>Determinaci\u00f3n del punto de\u00a0 reblandecimiento de bet\u00fanes y ligantes bituminosos. M\u00e9todo del anillo y bola (UNE-1427).<\/li>\n<li>Determinaci\u00f3n de la resistencia al endurecimento por efecto del calor y del aire de los bet\u00fanes y ligantes bituminosos. Parte 1: M\u00e9todo RTFOT (pel\u00edcula fina y rotatoria) (UNE-EN 12607).<\/li>\n<li>Determinaci\u00f3n de la\u00a0 viscosidad din\u00e1mica de los\u00a0 \u00a0ligantes\u00a0\u00a0 bituminosos usando un\u00a0 viscos\u00edmetro de rotaci\u00f3n de\u00a0 aguja (UNE-EN 13302).<\/li>\n<li>Determinaci\u00f3n de las propiedades de tracci\u00f3n de bet\u00fanes modificados por el m\u00e9todo de fuerza-ductilidad (UNE-EN 13589).<\/li>\n<li>Bet\u00fanes y ligantes bituminosos. Determinaci\u00f3n de la recuperaci\u00f3n el\u00e1stica de los bet\u00fanes modificados (UNE-EN 13389).<\/li>\n<li>Acondicionamiento por envejecimiento a largo prazo acelerado de bet\u00fanes y ligantes\u00a0\u00a0 bituminosos usando un recipiente de envejecimiento a presi\u00f3n (PAV: Pressure Ageing\u00a0\u00a0 Vessel) (UNE-EN 14769).<\/li>\n<li>Determinaci\u00f3n del m\u00f3dulo complejo de corte e del \u00e1ngulo de fase de ligantes bituminosos usando un re\u00f3metro de corte din\u00e1mico (Dynamic Shear Rheometer (DSR)) (UNE-EN 14770).<\/li>\n<li><span style=\"font-family: 'Segoe UI', Arial, sans-serif;\">Determinaci\u00f3n de la resistencia a la flexi\u00f3n de ligantes bituminosos. Re\u00f3metro de flexi\u00f3n (BBR) (UNE-EN 14771).<\/span><\/li>\n<li>NLT-133\/99 Viscosidad Saybolt de los materiales bituminosos.<\/li>\n<\/ul><\/div>\n\t\t\t\t<\/div>\n\t\t\t\t\t\t\t<div class=\"elementor-accordion-item\">\n\t\t\t\t\t<div id=\"elementor-tab-title-1153\" class=\"elementor-tab-title\" data-tab=\"3\" role=\"tab\" aria-controls=\"elementor-tab-content-1153\" aria-expanded=\"false\">\n\t\t\t\t\t\t\t\t\t\t\t\t\t<span class=\"elementor-accordion-icon elementor-accordion-icon-left\" aria-hidden=\"true\">\n\t\t\t\t\t\t\t\t\t\t\t\t\t\t\t<span class=\"elementor-accordion-icon-closed\"><i class=\"fas fa-plus\"><\/i><\/span>\n\t\t\t\t\t\t\t\t<span class=\"elementor-accordion-icon-opened\"><i class=\"fas fa-minus\"><\/i><\/span>\n\t\t\t\t\t\t\t\t\t\t\t\t\t\t<\/span>\n\t\t\t\t\t\t\t\t\t\t\t\t<a class=\"elementor-accordion-title\" href=\"\">Afinidad entre el \u00e1rido y el ligante<\/a>\n\t\t\t\t\t<\/div>\n\t\t\t\t\t<div id=\"elementor-tab-content-1153\" class=\"elementor-tab-content elementor-clearfix\" data-tab=\"3\" role=\"tabpanel\" aria-labelledby=\"elementor-tab-title-1153\"><p>Boiling Water Test (ASTM D 3625-96)<br \/>M\u00e9todos de ensayo para mezclas bituminosas en caliente. Determinaci\u00f3n de la afinidad entre \u00e1ridos y bet\u00fan. M\u00e9todo de la botella rotatoria (UNE-EN 12697-11)<\/p><\/div>\n\t\t\t\t<\/div>\n\t\t\t\t\t\t\t<div class=\"elementor-accordion-item\">\n\t\t\t\t\t<div id=\"elementor-tab-title-1154\" class=\"elementor-tab-title\" data-tab=\"4\" role=\"tab\" aria-controls=\"elementor-tab-content-1154\" aria-expanded=\"false\">\n\t\t\t\t\t\t\t\t\t\t\t\t\t<span class=\"elementor-accordion-icon elementor-accordion-icon-left\" aria-hidden=\"true\">\n\t\t\t\t\t\t\t\t\t\t\t\t\t\t\t<span class=\"elementor-accordion-icon-closed\"><i class=\"fas fa-plus\"><\/i><\/span>\n\t\t\t\t\t\t\t\t<span class=\"elementor-accordion-icon-opened\"><i class=\"fas fa-minus\"><\/i><\/span>\n\t\t\t\t\t\t\t\t\t\t\t\t\t\t<\/span>\n\t\t\t\t\t\t\t\t\t\t\t\t<a class=\"elementor-accordion-title\" href=\"\">Propiedades de las mezclas bituminosas<\/a>\n\t\t\t\t\t<\/div>\n\t\t\t\t\t<div id=\"elementor-tab-content-1154\" class=\"elementor-tab-content elementor-clearfix\" data-tab=\"4\" role=\"tabpanel\" aria-labelledby=\"elementor-tab-title-1154\"><ul>\n<li>Densidad y huecos en mezclas bituminosas compactadas (NLT 168)<\/li>\n<li>Resistencia a la deformaci\u00f3n pl\u00e1stica de mezclas bituminosas empleando el aparato Marshall (NLT-159\/86)<\/li>\n<li>Mezclas bituminosas en caliente. Contenido de ligante soluble (UNE-EN 12697-1)<\/li>\n<li>Mezclas bituminosas. Compactibilidad (UNE-EN 12697-10)<\/li>\n<li>Mezclas bituminosas. Determinaci\u00f3n de la sensibilidad al agua. Tracci\u00f3n indirecta tras inmersi\u00f3n (UNE-EN 12697-12 y UNE-EN 12697-23)<\/li>\n<li>Mezclas bituminosas. Resistencia a la deformaci\u00f3n permanente. Ensayo de rodadura o de pista de laboratorio tanto en aire como en agua (UNE-EN 12697-22).<\/li>\n<li>Mezclas bituminosas. Resistencia a la fatiga mediante el ensayo de tracci\u00f3n indirecta sobre probetas cil\u00edndricas (Anexo E &#8211; UNE-EN 12697-24).<\/li>\n<li>Mezclas bituminosas. Ensayo de compresi\u00f3n c\u00edclica uniaxial con confinamiento (Anexo A \u2013 UNE-EN 12697-25)<\/li>\n<li>Mezclas bituminosas. Ensayo de compresi\u00f3n c\u00edclica triaxial para mezclas bituminosas (Anexo B \u2013 UNE-EN 12697-25)<\/li>\n<li>Mezclas bituminosas. An\u00e1lisis de la rigidez mediante la obtenci\u00f3n del m\u00f3dulo resiliente a tracci\u00f3n indirecta (Anexo C &#8211; UNE-EN 12697-26)<\/li>\n<li>Mezclas bituminosas. An\u00e1lisis de la rigidez por tracci\u00f3n-compresi\u00f3n directa (Anexo D &#8211; UNE-EN 12697-26)<\/li>\n<li>Efecto del agua sobre la cohesi\u00f3n de las mezclas bituminosas compactadas (ensayo de Inmersi\u00f3n \u2013 compresi\u00f3n) (NLT-162)<\/li>\n<li>Resistencia a compresi\u00f3n simple de materiales tratados con conglomerantes hidr\u00e1ulicos (NLT-305)<\/li>\n<\/ul><\/div>\n\t\t\t\t<\/div>\n\t\t\t\t\t\t\t<div class=\"elementor-accordion-item\">\n\t\t\t\t\t<div id=\"elementor-tab-title-1155\" class=\"elementor-tab-title\" data-tab=\"5\" role=\"tab\" aria-controls=\"elementor-tab-content-1155\" aria-expanded=\"false\">\n\t\t\t\t\t\t\t\t\t\t\t\t\t<span class=\"elementor-accordion-icon elementor-accordion-icon-left\" aria-hidden=\"true\">\n\t\t\t\t\t\t\t\t\t\t\t\t\t\t\t<span class=\"elementor-accordion-icon-closed\"><i class=\"fas fa-plus\"><\/i><\/span>\n\t\t\t\t\t\t\t\t<span class=\"elementor-accordion-icon-opened\"><i class=\"fas fa-minus\"><\/i><\/span>\n\t\t\t\t\t\t\t\t\t\t\t\t\t\t<\/span>\n\t\t\t\t\t\t\t\t\t\t\t\t<a class=\"elementor-accordion-title\" href=\"\">Propiedades de las capas granulares<\/a>\n\t\t\t\t\t<\/div>\n\t\t\t\t\t<div id=\"elementor-tab-content-1155\" class=\"elementor-tab-content elementor-clearfix\" data-tab=\"5\" role=\"tabpanel\" aria-labelledby=\"elementor-tab-title-1155\"><p>Ensayo triaxial con carga c\u00edclica para mezclas sin ligante y materiales granulares (UNE-EN 13286-7)<\/p><\/div>\n\t\t\t\t<\/div>\n\t\t\t\t\t\t\t\t<\/div>\n\t\t\t\t<\/div>\n\t\t\t\t<\/div>\n\t\t\t\t\t\t<\/div>\n\t\t\t\t\t<\/div>\n\t\t<\/div>\n\t\t\t\t\t\t\t\t<\/div>\n\t\t\t\t\t<\/div>\n\t\t<\/section>\n\t\t\t\t\t\t\t\t\t<\/div>\n\t\t\t<\/div>\n\t\t\t\t\t<\/div>\n\t\t","protected":false},"excerpt":{"rendered":"<p>Con el equipamiento del CGM, se pueden realizar los siguientes ensayos de firmes de carreteras (materiales granulares, mezclas bituminosas, suelo cemento, etc.). Caracterizaci\u00f3n de materiales b\u00e1sicos \u00c1ridos y suelos Densidad aparente y porosidad (UNE-EN 1097-3) Determinaci\u00f3n del contenido de agua por secado en estufa (UNE-EN 1097-5) Densidad de las part\u00edculas&#8230;<\/p>\n<p class=\"continue-reading-button\"> <a class=\"continue-reading-link\" href=\"https:\/\/caminos.udc.es\/hosting\/cgm\/?page_id=27\">Continue reading<i class=\"crycon-right-dir\"><\/i><\/a><\/p>\n","protected":false},"author":1,"featured_media":0,"parent":21,"menu_order":0,"comment_status":"closed","ping_status":"closed","template":"","meta":[],"_links":{"self":[{"href":"https:\/\/caminos.udc.es\/hosting\/cgm\/index.php?rest_route=\/wp\/v2\/pages\/27"}],"collection":[{"href":"https:\/\/caminos.udc.es\/hosting\/cgm\/index.php?rest_route=\/wp\/v2\/pages"}],"about":[{"href":"https:\/\/caminos.udc.es\/hosting\/cgm\/index.php?rest_route=\/wp\/v2\/types\/page"}],"author":[{"embeddable":true,"href":"https:\/\/caminos.udc.es\/hosting\/cgm\/index.php?rest_route=\/wp\/v2\/users\/1"}],"replies":[{"embeddable":true,"href":"https:\/\/caminos.udc.es\/hosting\/cgm\/index.php?rest_route=%2Fwp%2Fv2%2Fcomments&post=27"}],"version-history":[{"count":15,"href":"https:\/\/caminos.udc.es\/hosting\/cgm\/index.php?rest_route=\/wp\/v2\/pages\/27\/revisions"}],"predecessor-version":[{"id":511,"href":"https:\/\/caminos.udc.es\/hosting\/cgm\/index.php?rest_route=\/wp\/v2\/pages\/27\/revisions\/511"}],"up":[{"embeddable":true,"href":"https:\/\/caminos.udc.es\/hosting\/cgm\/index.php?rest_route=\/wp\/v2\/pages\/21"}],"wp:attachment":[{"href":"https:\/\/caminos.udc.es\/hosting\/cgm\/index.php?rest_route=%2Fwp%2Fv2%2Fmedia&parent=27"}],"curies":[{"name":"wp","href":"https:\/\/api.w.org\/{rel}","templated":true}]}}