{"id":25,"date":"2018-07-14T11:00:09","date_gmt":"2018-07-14T11:00:09","guid":{"rendered":"http:\/\/caminos.udc.es\/hosting\/cgm\/?page_id=25"},"modified":"2021-02-26T10:44:04","modified_gmt":"2021-02-26T10:44:04","slug":"geotecnia","status":"publish","type":"page","link":"https:\/\/caminos.udc.es\/hosting\/cgm\/?page_id=25","title":{"rendered":"Equipos"},"content":{"rendered":"\n<p class=\"has-text-align-center\"><strong>Presas y m\u00e1quinas de ensayos<\/strong><\/p>\n\n\n<div id=\"metaslider-id-168\" style=\"width: 100%;\" class=\"ml-slider-3-27-12 metaslider metaslider-flex metaslider-168 ml-slider ms-theme-jenga has-dots-nav\">\n    <div id=\"metaslider_container_168\">\n        <div id=\"metaslider_168\">\n            <ul aria-live=\"polite\" class=\"slides\">\n                <li style=\"display: block; width: 100%;\" class=\"slide-169 ms-image\"><img src=\"https:\/\/caminos.udc.es\/hosting\/cgm\/wp-content\/uploads\/2019\/06\/07-MAQUINA-DE-PISTA-HAMBURG-WHEEL-TRACKER-700x300.jpg\" height=\"300\" width=\"700\" alt=\"\" class=\"slider-168 slide-169\" title=\"07-MAQUINA-DE-PISTA-HAMBURG-WHEEL-TRACKER\" \/><div class=\"caption-wrap\"><div class=\"caption\">M\u00e1quina de pista. Hamburg Wheel tracker<\/div><\/div><\/li>\n                <li style=\"display: none; width: 100%;\" class=\"slide-170 ms-image\"><img src=\"https:\/\/caminos.udc.es\/hosting\/cgm\/wp-content\/uploads\/2019\/06\/06-PRENSA-ESTATICA-IBERTEST-700x300.jpg\" height=\"300\" width=\"700\" alt=\"\" class=\"slider-168 slide-170\" title=\"06-PRENSA-ESTATICA-IBERTEST\" \/><div class=\"caption-wrap\"><div class=\"caption\">Prensa est\u00e1tica de Ibertest<\/div><\/div><\/li>\n                <li style=\"display: none; width: 100%;\" class=\"slide-171 ms-image\"><img src=\"https:\/\/caminos.udc.es\/hosting\/cgm\/wp-content\/uploads\/2019\/06\/05-MAQUINA-DE-ENSAYOS-DINAMICA-ME-401-10-700x300.jpg\" height=\"300\" width=\"700\" alt=\"\" class=\"slider-168 slide-171\" title=\"05-MAQUINA-DE-ENSAYOS-DINAMICA-ME-401-10\" \/><div class=\"caption-wrap\"><div class=\"caption\">M\u00e1quina de ensayos din\u00e1mica ME-401\/10 de Servosis<\/div><\/div><\/li>\n                <li style=\"display: none; width: 100%;\" class=\"slide-172 ms-image\"><img src=\"https:\/\/caminos.udc.es\/hosting\/cgm\/wp-content\/uploads\/2019\/06\/04-PRENSA-SERVONEUMATICA-NU-14-COOPER-700x300.jpg\" height=\"300\" width=\"700\" alt=\"\" class=\"slider-168 slide-172\" title=\"04-PRENSA-SERVONEUMATICA-NU-14-COOPER\" \/><div class=\"caption-wrap\"><div class=\"caption\">Prensa servo neum\u00e1tica universal NU14 de Cooper<\/div><\/div><\/li>\n            <\/ul>\n        <\/div>\n        \n    <\/div>\n<\/div>\n\n\n\n<p class=\"has-text-align-center\"><strong>Compactaci\u00f3n<\/strong><\/p>\n\n\n<div id=\"metaslider-id-349\" style=\"width: 100%;\" class=\"ml-slider-3-27-12 metaslider metaslider-flex metaslider-349 ml-slider ms-theme-jenga has-dots-nav\">\n    <div id=\"metaslider_container_349\">\n        <div id=\"metaslider_349\">\n            <ul aria-live=\"polite\" class=\"slides\">\n                <li style=\"display: block; width: 100%;\" class=\"slide-350 ms-image\"><img src=\"https:\/\/caminos.udc.es\/hosting\/cgm\/wp-content\/uploads\/2019\/08\/09-MAZA-MARSHALL-397x170.jpg\" height=\"300\" width=\"700\" alt=\"\" class=\"slider-349 slide-350\" title=\"09-MAZA MARSHALL\" \/><div class=\"caption-wrap\"><div class=\"caption\">Maza Marshall<\/div><\/div><\/li>\n                <li style=\"display: none; width: 100%;\" class=\"slide-351 ms-image\"><img src=\"https:\/\/caminos.udc.es\/hosting\/cgm\/wp-content\/uploads\/2019\/08\/08-SUPERPAPE-GIRATORY-COMPACTOR-700x300.jpg\" height=\"300\" width=\"700\" alt=\"\" class=\"slider-349 slide-351\" title=\"08-SUPERPAPE-GIRATORY-COMPACTOR\" \/><div class=\"caption-wrap\"><div class=\"caption\">Compactador giratorio<\/div><\/div><\/li>\n                <li style=\"display: none; width: 100%;\" class=\"slide-352 ms-image\"><img src=\"https:\/\/caminos.udc.es\/hosting\/cgm\/wp-content\/uploads\/2019\/08\/10-HEATED-ROLLER-COMPACTOR-700x300.jpg\" height=\"300\" width=\"700\" alt=\"\" class=\"slider-349 slide-352\" title=\"10-HEATED-ROLLER-COMPACTOR\" \/><div class=\"caption-wrap\"><div class=\"caption\">Compactador de placa. Heated Roller compactor<\/div><\/div><\/li>\n            <\/ul>\n        <\/div>\n        \n    <\/div>\n<\/div>\n\n\n\n<p>Otros equipos de compactaci\u00f3n como el Kangoo o el compactador vibratorio.<a href=\"https:\/\/caminos.udc.es\/hosting\/cgm\/wp-admin\/edit.php?post_type=page\"><\/a><\/p>\n\n\n\n<p><\/p>\n\n\n\n<p class=\"has-text-align-center\"><strong>Equipos para ensayos de betunes<\/strong><\/p>\n\n\n<div id=\"metaslider-id-354\" style=\"width: 100%;\" class=\"ml-slider-3-27-12 metaslider metaslider-flex metaslider-354 ml-slider ms-theme-jenga has-dots-nav\">\n    <div id=\"metaslider_container_354\">\n        <div id=\"metaslider_354\">\n            <ul aria-live=\"polite\" class=\"slides\">\n                <li style=\"display: block; width: 100%;\" class=\"slide-355 ms-image\"><img src=\"https:\/\/caminos.udc.es\/hosting\/cgm\/wp-content\/uploads\/2019\/08\/11-PENETROMETRO-Y-ANILLO-BOLA-AUTOMATICOS-700x300.jpg\" height=\"300\" width=\"700\" alt=\"\" class=\"slider-354 slide-355\" title=\"11-PENETROMETRO-Y-ANILLO-BOLA-AUTOMATICOS\" \/><div class=\"caption-wrap\"><div class=\"caption\">Penetr\u00f3metro y anillo-bola autom\u00e1ticos<\/div><\/div><\/li>\n                <li style=\"display: none; width: 100%;\" class=\"slide-356 ms-image\"><img src=\"https:\/\/caminos.udc.es\/hosting\/cgm\/wp-content\/uploads\/2019\/08\/12-BBR-700x300.jpg\" height=\"300\" width=\"700\" alt=\"\" class=\"slider-354 slide-356\" title=\"12-BBR\" \/><div class=\"caption-wrap\"><div class=\"caption\">BBR<\/div><\/div><\/li>\n                <li style=\"display: none; width: 100%;\" class=\"slide-357 ms-image\"><img src=\"https:\/\/caminos.udc.es\/hosting\/cgm\/wp-content\/uploads\/2019\/08\/13-PAV-636x272.jpg\" height=\"300\" width=\"700\" alt=\"\" class=\"slider-354 slide-357\" title=\"13-PAV\" \/><div class=\"caption-wrap\"><div class=\"caption\">PAV<\/div><\/div><\/li>\n                <li style=\"display: none; width: 100%;\" class=\"slide-358 ms-image\"><img src=\"https:\/\/caminos.udc.es\/hosting\/cgm\/wp-content\/uploads\/2019\/08\/14-DUCTIL\u00d3METRO-700x300.jpg\" height=\"300\" width=\"700\" alt=\"\" class=\"slider-354 slide-358\" title=\"14-DUCTIL\u00d3METRO\" \/><div class=\"caption-wrap\"><div class=\"caption\">Ductil\u00f3metro<\/div><\/div><\/li>\n            <\/ul>\n        <\/div>\n        \n    <\/div>\n<\/div>\n\n\n\n<p><\/p>\n\n\n\n<p>Y otros equipos tales como re\u00f3metros (ej: DSR), viscos\u00edmetro din\u00e1mico, viscos\u00edmetro Saybolt-Furol, RTFOT, etc.<\/p>\n\n\n\n<p class=\"has-text-align-center\"><strong>Otros equipos<\/strong><\/p>\n\n\n<div id=\"metaslider-id-363\" style=\"width: 100%;\" class=\"ml-slider-3-27-12 metaslider metaslider-flex metaslider-363 ml-slider ms-theme-jenga has-dots-nav\">\n    <div id=\"metaslider_container_363\">\n        <div id=\"metaslider_363\">\n            <ul aria-live=\"polite\" class=\"slides\">\n                <li style=\"display: block; width: 100%;\" class=\"slide-364 ms-image\"><img src=\"https:\/\/caminos.udc.es\/hosting\/cgm\/wp-content\/uploads\/2019\/08\/15-MOLINO-COLOIDAL-700x300.jpg\" height=\"300\" width=\"700\" alt=\"\" class=\"slider-363 slide-364\" title=\"15-MOLINO-COLOIDAL\" \/><div class=\"caption-wrap\"><div class=\"caption\">Molino coloidal para fabricaci\u00f3n de emulsiones bituminosas<\/div><\/div><\/li>\n                <li style=\"display: none; width: 100%;\" class=\"slide-365 ms-image\"><img src=\"https:\/\/caminos.udc.es\/hosting\/cgm\/wp-content\/uploads\/2019\/08\/16-TAMIZADORA-DE-CHORRO-DE-AIRE-700x300.jpg\" height=\"300\" width=\"700\" alt=\"\" class=\"slider-363 slide-365\" title=\"16-TAMIZADORA-DE-CHORRO-DE-AIRE\" \/><div class=\"caption-wrap\"><div class=\"caption\">Tamizadora de chorro de aire<\/div><\/div><\/li>\n                <li style=\"display: none; width: 100%;\" class=\"slide-366 ms-image\"><img src=\"https:\/\/caminos.udc.es\/hosting\/cgm\/wp-content\/uploads\/2019\/08\/17-EQUIPO-PARA-ROTACION-DE-BOTELLAS-676x289.jpg\" height=\"300\" width=\"700\" alt=\"\" class=\"slider-363 slide-366\" title=\"17-EQUIPO-PARA-ROTACION-DE-BOTELLAS\" \/><div class=\"caption-wrap\"><div class=\"caption\">Equipo para rotaci\u00f3n de botellas<\/div><\/div><\/li>\n                <li style=\"display: none; width: 100%;\" class=\"slide-367 ms-image\"><img src=\"https:\/\/caminos.udc.es\/hosting\/cgm\/wp-content\/uploads\/2019\/08\/18-EVAPORADOR-ROTATORIO-700x300.jpg\" height=\"300\" width=\"700\" alt=\"\" class=\"slider-363 slide-367\" title=\"18-EVAPORADOR-ROTATORIO\" \/><div class=\"caption-wrap\"><div class=\"caption\">Evaporador rotatorio<\/div><\/div><\/li>\n                <li style=\"display: none; width: 100%;\" class=\"slide-368 ms-image\"><img src=\"https:\/\/caminos.udc.es\/hosting\/cgm\/wp-content\/uploads\/2019\/08\/19-ESTUFAS-DE-ULTIMA-GENERACION-700x300.jpg\" height=\"300\" width=\"700\" alt=\"\" class=\"slider-363 slide-368\" title=\"19-ESTUFAS-DE-ULTIMA-GENERACION\" \/><div class=\"caption-wrap\"><div class=\"caption\">Estufas de \u00faltima generaci\u00f3n<\/div><\/div><\/li>\n                <li style=\"display: none; width: 100%;\" class=\"slide-372 ms-image\"><img src=\"https:\/\/caminos.udc.es\/hosting\/cgm\/wp-content\/uploads\/2019\/08\/mezcladora-592x253.jpg\" height=\"300\" width=\"700\" alt=\"\" class=\"slider-363 slide-372\" title=\"mezcladora\" \/><div class=\"caption-wrap\"><div class=\"caption\">Mezcladora autom\u00e1tica<\/div><\/div><\/li>\n            <\/ul>\n        <\/div>\n        \n    <\/div>\n<\/div>\n\n\n<p><!--EndFragment--><\/p>\n<p>Y otros equipos tales como m\u00e1quina de inducci\u00f3n electromagn\u00e9tica, extractor centr\u00edfugo, destilador de agua, balanzas de precisi\u00f3n, ba\u00f1os, c\u00e1mara clim\u00e1tica, tamizadora industrial, tamizadora, etc<\/p>\n<p><\/p>","protected":false},"excerpt":{"rendered":"<p>Presas y m\u00e1quinas de ensayos Compactaci\u00f3n Otros equipos de compactaci\u00f3n como el Kangoo o el compactador vibratorio. Equipos para ensayos de betunes Y otros equipos tales como re\u00f3metros (ej: DSR), viscos\u00edmetro din\u00e1mico, viscos\u00edmetro Saybolt-Furol, RTFOT, etc. Otros equipos Y otros equipos tales como m\u00e1quina de inducci\u00f3n electromagn\u00e9tica, extractor centr\u00edfugo, destilador&#8230;<\/p>\n<p class=\"continue-reading-button\"> <a class=\"continue-reading-link\" href=\"https:\/\/caminos.udc.es\/hosting\/cgm\/?page_id=25\">Continue reading<i class=\"crycon-right-dir\"><\/i><\/a><\/p>\n","protected":false},"author":1,"featured_media":0,"parent":21,"menu_order":0,"comment_status":"closed","ping_status":"closed","template":"","meta":[],"_links":{"self":[{"href":"https:\/\/caminos.udc.es\/hosting\/cgm\/index.php?rest_route=\/wp\/v2\/pages\/25"}],"collection":[{"href":"https:\/\/caminos.udc.es\/hosting\/cgm\/index.php?rest_route=\/wp\/v2\/pages"}],"about":[{"href":"https:\/\/caminos.udc.es\/hosting\/cgm\/index.php?rest_route=\/wp\/v2\/types\/page"}],"author":[{"embeddable":true,"href":"https:\/\/caminos.udc.es\/hosting\/cgm\/index.php?rest_route=\/wp\/v2\/users\/1"}],"replies":[{"embeddable":true,"href":"https:\/\/caminos.udc.es\/hosting\/cgm\/index.php?rest_route=%2Fwp%2Fv2%2Fcomments&post=25"}],"version-history":[{"count":14,"href":"https:\/\/caminos.udc.es\/hosting\/cgm\/index.php?rest_route=\/wp\/v2\/pages\/25\/revisions"}],"predecessor-version":[{"id":502,"href":"https:\/\/caminos.udc.es\/hosting\/cgm\/index.php?rest_route=\/wp\/v2\/pages\/25\/revisions\/502"}],"up":[{"embeddable":true,"href":"https:\/\/caminos.udc.es\/hosting\/cgm\/index.php?rest_route=\/wp\/v2\/pages\/21"}],"wp:attachment":[{"href":"https:\/\/caminos.udc.es\/hosting\/cgm\/index.php?rest_route=%2Fwp%2Fv2%2Fmedia&parent=25"}],"curies":[{"name":"wp","href":"https:\/\/api.w.org\/{rel}","templated":true}]}}