{"id":23,"date":"2018-07-14T10:59:59","date_gmt":"2018-07-14T10:59:59","guid":{"rendered":"http:\/\/caminos.udc.es\/hosting\/cgm\/?page_id=23"},"modified":"2021-03-01T10:34:59","modified_gmt":"2021-03-01T10:34:59","slug":"carreteras","status":"publish","type":"page","link":"https:\/\/caminos.udc.es\/hosting\/cgm\/?page_id=23","title":{"rendered":"Software"},"content":{"rendered":"\t\t<div data-elementor-type=\"wp-page\" data-elementor-id=\"23\" class=\"elementor elementor-23\">\n\t\t\t\t\t\t<div class=\"elementor-inner\">\n\t\t\t\t<div class=\"elementor-section-wrap\">\n\t\t\t\t\t\t\t\t\t<section class=\"elementor-section elementor-top-section elementor-element elementor-element-176573e4 elementor-section-boxed elementor-section-height-default elementor-section-height-default\" data-id=\"176573e4\" data-element_type=\"section\">\n\t\t\t\t\t\t<div class=\"elementor-container elementor-column-gap-default\">\n\t\t\t\t\t\t\t<div class=\"elementor-row\">\n\t\t\t\t\t<div class=\"elementor-column elementor-col-100 elementor-top-column elementor-element elementor-element-3607d140\" data-id=\"3607d140\" data-element_type=\"column\">\n\t\t\t<div class=\"elementor-column-wrap elementor-element-populated\">\n\t\t\t\t\t\t\t<div class=\"elementor-widget-wrap\">\n\t\t\t\t\t\t<div class=\"elementor-element elementor-element-a0618bc elementor-widget elementor-widget-accordion\" data-id=\"a0618bc\" data-element_type=\"widget\" data-widget_type=\"accordion.default\">\n\t\t\t\t<div class=\"elementor-widget-container\">\n\t\t\t\t\t<div class=\"elementor-accordion\" role=\"tablist\">\n\t\t\t\t\t\t\t<div class=\"elementor-accordion-item\">\n\t\t\t\t\t<div id=\"elementor-tab-title-1681\" class=\"elementor-tab-title\" data-tab=\"1\" role=\"tab\" aria-controls=\"elementor-tab-content-1681\" aria-expanded=\"false\">\n\t\t\t\t\t\t\t\t\t\t\t\t\t<span class=\"elementor-accordion-icon elementor-accordion-icon-left\" aria-hidden=\"true\">\n\t\t\t\t\t\t\t\t\t\t\t\t\t\t\t<span class=\"elementor-accordion-icon-closed\"><i class=\"fas fa-plus\"><\/i><\/span>\n\t\t\t\t\t\t\t\t<span class=\"elementor-accordion-icon-opened\"><i class=\"fas fa-minus\"><\/i><\/span>\n\t\t\t\t\t\t\t\t\t\t\t\t\t\t<\/span>\n\t\t\t\t\t\t\t\t\t\t\t\t<a class=\"elementor-accordion-title\" href=\"\">Flac 3D<\/a>\n\t\t\t\t\t<\/div>\n\t\t\t\t\t<div id=\"elementor-tab-content-1681\" class=\"elementor-tab-content elementor-clearfix\" data-tab=\"1\" role=\"tabpanel\" aria-labelledby=\"elementor-tab-title-1681\"><p>FLAC3D (Fast Lagrangian Analysis of Continua in 3 Dimensions) es un programa tridimensional, que emplea un esquema expl\u00edcito de diferencias finitas, y que permite simular el comportamiento elasto-pl\u00e1stico de suelos, rocas u otros materiales estructurales. Los materiales son representados por elementos poli\u00e9dricos que forman una malla tridimensional que se ajusta a la forma del objeto modelado. Cada elemento se comporta de acuerdo a una ley tensi\u00f3n-deformaci\u00f3n establecida (lineal o no lineal) como respuesta a las cargas que le sean aplicadas y a las condiciones de contorno. El material puede plastificar y deformarse pl\u00e1sticamente. Gracias al esquema expl\u00edcito de c\u00e1lculo y a la t\u00e9cnica de mallado utilizados, el colapso y el flujo pl\u00e1stico son modelados con gran precisi\u00f3n.<\/p>\n<p><!-- \/wp:paragraph -->\n\n<!-- wp:paragraph --><\/p>\n<p>Las deformaciones de la malla pueden ser tenidas en cuenta con la opci\u00f3n de grandes deformaciones, involucrando peque\u00f1os incrementos en los tiempos de computaci\u00f3n. Adem\u00e1s, como no se almacenan matrices, los requerimientos de memoria no son excesivos, aun para grandes modelos tridimensionales.<\/p>\n<p><!-- \/wp:paragraph -->\n\n<!-- wp:paragraph --><\/p>\n<p>FLAC3D permite la modelizaci\u00f3n de flujos de agua en suelos saturados (en r\u00e9gimen permanente o transitorio) y de problemas acoplados flujo-deformaci\u00f3n. Adem\u00e1s, pueden llevarse a cabo tambi\u00e9n an\u00e1lisis din\u00e1micos, an\u00e1lisis t\u00e9rmicos y la modelizaci\u00f3n de comportamientos reol\u00f3gicos.<\/p>\n<p><!-- \/wp:paragraph -->\n\n<!-- wp:paragraph --><\/p>\n<p><!-- \/wp:paragraph -->\n\n<!-- wp:image {\"id\":97} --><\/p>\n<figure class=\"wp-block-image\"><img loading=\"lazy\" width=\"1024\" height=\"768\" class=\"wp-image-97\" src=\"http:\/\/caminos.udc.es\/hosting\/cgm\/wp-content\/uploads\/2018\/08\/menditxo_malla6.jpg\" alt=\"\" \/>\n<figcaption>\n<p style=\"color: #0000ff;\"><em>Modelizaci\u00f3n con FLAC3D<\/em><\/p>\n<\/figcaption>\n<\/figure><\/div>\n\t\t\t\t<\/div>\n\t\t\t\t\t\t\t<div class=\"elementor-accordion-item\">\n\t\t\t\t\t<div id=\"elementor-tab-title-1682\" class=\"elementor-tab-title\" data-tab=\"2\" role=\"tab\" aria-controls=\"elementor-tab-content-1682\" aria-expanded=\"false\">\n\t\t\t\t\t\t\t\t\t\t\t\t\t<span class=\"elementor-accordion-icon elementor-accordion-icon-left\" aria-hidden=\"true\">\n\t\t\t\t\t\t\t\t\t\t\t\t\t\t\t<span class=\"elementor-accordion-icon-closed\"><i class=\"fas fa-plus\"><\/i><\/span>\n\t\t\t\t\t\t\t\t<span class=\"elementor-accordion-icon-opened\"><i class=\"fas fa-minus\"><\/i><\/span>\n\t\t\t\t\t\t\t\t\t\t\t\t\t\t<\/span>\n\t\t\t\t\t\t\t\t\t\t\t\t<a class=\"elementor-accordion-title\" href=\"\">Plaxis<\/a>\n\t\t\t\t\t<\/div>\n\t\t\t\t\t<div id=\"elementor-tab-content-1682\" class=\"elementor-tab-content elementor-clearfix\" data-tab=\"2\" role=\"tabpanel\" aria-labelledby=\"elementor-tab-title-1682\"><p>Plaxis es un potente software de elementos finitos para el an\u00e1lisis tenso-deformacional de problemas relacionados con la ingenier\u00eda geot\u00e9cnica y la mec\u00e1nica de rocas. La capacidad del programa es muy amplia ya que permite estudiar cualquier problema geot\u00e9cnico: an\u00e1lisis de deformaciones, c\u00e1lculo de consolidaci\u00f3n primaria y secundaria, factores de seguridad, an\u00e1lisis din\u00e1micos, an\u00e1lisis de flujo, an\u00e1lisis termal, entre otros. Adem\u00e1s, cuenta tanto con versi\u00f3n 2D (deformaci\u00f3n plana y axilsimetr\u00eda) como 3D.<\/p>\n<p><!-- \/wp:paragraph --><\/p>\n<p><!-- wp:paragraph --><\/p>\n<p>Entre sus principales potencialidades, cabe destacar su \u201csencillo\u201d manejo y la gran librer\u00eda de modelos constitutivos disponible para suelos y rocas, desde modelos simples a complejos modelos constitutivos. Es una herramienta \u00fatil y fiable tanto para los ingenieros geot\u00e9cnicos que se dedican a la ingenier\u00eda pr\u00e1ctica como para los dedicados a la investigaci\u00f3n en geotecnia.&nbsp;<\/p>\n<p><!-- \/wp:paragraph --><\/p>\n<p><!-- wp:image {\"align\":\"center\",\"id\":99} --><\/p>\n<div class=\"wp-block-image\">\n<figure class=\"aligncenter\"><img loading=\"lazy\" width=\"231\" height=\"172\" class=\"wp-image-99 aligncenter\" src=\"http:\/\/caminos.udc.es\/hosting\/cgm\/wp-content\/uploads\/2018\/08\/Plaxis.jpg\" alt=\"\"><p><\/p>\n<p>&nbsp;<em style=\"color: rgb(0, 0, 255); font-size: 15px; font-family: var( --e-global-typography-text-font-family ), Sans-serif; font-weight: var( --e-global-typography-text-font-weight );\">Modelizaci\u00f3n con Plaxis<\/em><\/p>\n<\/figure>\n<\/div><\/div>\n\t\t\t\t<\/div>\n\t\t\t\t\t\t\t\t<\/div>\n\t\t\t\t<\/div>\n\t\t\t\t<\/div>\n\t\t\t\t\t\t<\/div>\n\t\t\t\t\t<\/div>\n\t\t<\/div>\n\t\t\t\t\t\t\t\t<\/div>\n\t\t\t\t\t<\/div>\n\t\t<\/section>\n\t\t\t\t\t\t\t\t\t<\/div>\n\t\t\t<\/div>\n\t\t\t\t\t<\/div>\n\t\t","protected":false},"excerpt":{"rendered":"<p>Flac 3D FLAC3D (Fast Lagrangian Analysis of Continua in 3 Dimensions) es un programa tridimensional, que emplea un esquema expl\u00edcito de diferencias finitas, y que permite simular el comportamiento elasto-pl\u00e1stico de suelos, rocas u otros materiales estructurales. Los materiales son representados por elementos poli\u00e9dricos que forman una malla tridimensional que&#8230;<\/p>\n<p class=\"continue-reading-button\"> <a class=\"continue-reading-link\" href=\"https:\/\/caminos.udc.es\/hosting\/cgm\/?page_id=23\">Continue reading<i class=\"crycon-right-dir\"><\/i><\/a><\/p>\n","protected":false},"author":1,"featured_media":0,"parent":21,"menu_order":0,"comment_status":"closed","ping_status":"closed","template":"","meta":[],"_links":{"self":[{"href":"https:\/\/caminos.udc.es\/hosting\/cgm\/index.php?rest_route=\/wp\/v2\/pages\/23"}],"collection":[{"href":"https:\/\/caminos.udc.es\/hosting\/cgm\/index.php?rest_route=\/wp\/v2\/pages"}],"about":[{"href":"https:\/\/caminos.udc.es\/hosting\/cgm\/index.php?rest_route=\/wp\/v2\/types\/page"}],"author":[{"embeddable":true,"href":"https:\/\/caminos.udc.es\/hosting\/cgm\/index.php?rest_route=\/wp\/v2\/users\/1"}],"replies":[{"embeddable":true,"href":"https:\/\/caminos.udc.es\/hosting\/cgm\/index.php?rest_route=%2Fwp%2Fv2%2Fcomments&post=23"}],"version-history":[{"count":11,"href":"https:\/\/caminos.udc.es\/hosting\/cgm\/index.php?rest_route=\/wp\/v2\/pages\/23\/revisions"}],"predecessor-version":[{"id":566,"href":"https:\/\/caminos.udc.es\/hosting\/cgm\/index.php?rest_route=\/wp\/v2\/pages\/23\/revisions\/566"}],"up":[{"embeddable":true,"href":"https:\/\/caminos.udc.es\/hosting\/cgm\/index.php?rest_route=\/wp\/v2\/pages\/21"}],"wp:attachment":[{"href":"https:\/\/caminos.udc.es\/hosting\/cgm\/index.php?rest_route=%2Fwp%2Fv2%2Fmedia&parent=23"}],"curies":[{"name":"wp","href":"https:\/\/api.w.org\/{rel}","templated":true}]}}