{"id":17,"date":"2018-07-14T10:57:19","date_gmt":"2018-07-14T10:57:19","guid":{"rendered":"http:\/\/caminos.udc.es\/hosting\/cgm\/?page_id=17"},"modified":"2021-02-26T09:23:19","modified_gmt":"2021-02-26T09:23:19","slug":"inicio","status":"publish","type":"page","link":"https:\/\/caminos.udc.es\/hosting\/cgm\/?page_id=17","title":{"rendered":"Actividades"},"content":{"rendered":"<p><a name=\"ancla1\"><\/a><strong>INVESTIGACI\u00d3N<\/strong><\/p>\n<hr \/>\n<p>Su investigaci\u00f3n se circunscribe, preferentemente, al \u00e1mbito de los firmes de carreteras, la geotecnia y los materiales empleados en ingenier\u00eda civil. Por tanto, presenta un marcado car\u00e1cter mustidisciplinar, perteneciendo los <a href=\"http:\/\/caminos.udc.es\/hosting\/cgm\/?page_id=222\">miembros del equipo<\/a> a las \u00e1reas de conocimiento de Ingenier\u00eda e infraestructura de los transportes, Ingenier\u00eda del terreno y Ciencia de Materiales y Metalurgia.<\/p>\n<p>Las investigaciones realizadas por el CGM est\u00e1n orientadas a colaborar con la sostenibilidad medioambiental. La b\u00fasqueda y utilizaci\u00f3n de materiales y tecnolog\u00edas respetuosas con el medioambiente, colaborando con la conservaci\u00f3n de los recursos naturales y la reducci\u00f3n de los gases de efecto invernadero, constituye un pilar fundamental para el CGM.<\/p>\n<div id=\"attachment_95\" style=\"width: 2570px\" class=\"wp-caption alignnone\"><img aria-describedby=\"caption-attachment-95\" loading=\"lazy\" class=\"size-full wp-image-95\" src=\"http:\/\/caminos.udc.es\/hosting\/cgm\/wp-content\/uploads\/2018\/08\/P1010158.jpg\" alt=\"\" width=\"2560\" height=\"1920\" \/><p id=\"caption-attachment-95\" class=\"wp-caption-text\">Separaci\u00f3n seg\u00fan sus constituyentes de \u00e1ridos reciclados procedentes de residuos de construcci\u00f3n y demolici\u00f3n, utilizados en la fabricaci\u00f3n de mezclas bituminosas.<\/p><\/div>\n<p>El CGM trata de que sus investigaciones beneficien a la sociedad en general, buscando soluciones a los principales problemas ingenieriles de su \u00e1mbito de actuaci\u00f3n.<\/p>\n<div id=\"attachment_97\" style=\"width: 1034px\" class=\"wp-caption alignnone\"><img aria-describedby=\"caption-attachment-97\" loading=\"lazy\" class=\"size-full wp-image-97\" src=\"http:\/\/caminos.udc.es\/hosting\/cgm\/wp-content\/uploads\/2018\/08\/menditxo_malla6.jpg\" alt=\"\" width=\"1024\" height=\"768\" \/><p id=\"caption-attachment-97\" class=\"wp-caption-text\">Modelizaci\u00f3n con FLAC3D del t\u00fanel de Menditxo.<\/p><\/div>\n<p style=\"text-align: left;\">El CGM ha contado en diversas ocasiones con la colaboraci\u00f3n de expertos de otras universidades tanto nacionales (Universidad Polit\u00e9cnica de Madrid, Universidad de Santiago de Compostela) como internacionales (Universidade do Minho, University of Nottingham), as\u00ed como con empresas del sector.<\/p>\n<p>La investigaciones se lleva a cabo fundamentalmente en las <a href=\"http:\/\/caminos.udc.es\/hosting\/cgm\/?page_id=21\">instalaciones <\/a>que el CGM dispone en la ETSICCP y en el CITEEC.<\/p>\n<div id=\"attachment_98\" style=\"width: 1546px\" class=\"wp-caption alignnone\"><img aria-describedby=\"caption-attachment-98\" loading=\"lazy\" class=\"wp-image-98 size-full\" src=\"http:\/\/caminos.udc.es\/hosting\/cgm\/wp-content\/uploads\/2018\/08\/20161111_111717-e1565346832763.jpg\" alt=\"\" width=\"1536\" height=\"2560\" \/><p id=\"caption-attachment-98\" class=\"wp-caption-text\">Obtenci\u00f3n del m\u00f3dulo din\u00e1mico de probetas de mezcla bituminosa en caliente en el Laboratorio de Caminos de la E.T.S.I. Caminos, Canales y Puertos de La Coru\u00f1a.<\/p><\/div>\n<p>La mayor parte de las investigaciones realizadas por el CGM han sido financiadas por <a href=\"http:\/\/caminos.udc.es\/hosting\/cgm\/?page_id=34\">proyectos de I+D+I<\/a> obtenidos en convocatorias p\u00fablicas. Tambi\u00e9n la colaboraci\u00f3n privada ha sido fundamental para poder llevar a cabo las investigaciones.<\/p>\n<div id=\"attachment_99\" style=\"width: 347px\" class=\"wp-caption aligncenter\"><img aria-describedby=\"caption-attachment-99\" loading=\"lazy\" class=\" wp-image-99\" src=\"http:\/\/caminos.udc.es\/hosting\/cgm\/wp-content\/uploads\/2018\/08\/Plaxis.jpg\" alt=\"\" width=\"337\" height=\"251\" \/><p id=\"caption-attachment-99\" class=\"wp-caption-text\">Modelizaci\u00f3n num\u00e9rica de un problema geot\u00e9cnico mediante el software Plaxis.<\/p><\/div>\n<p style=\"text-align: center;\"><strong>\u00a0<\/strong><\/p>\n<p>Con el fin de transmitir los resultados de su labor investigadora, el CGM asiste a congresos tanto nacionales como internacionales y realiza numerosas <a href=\"http:\/\/caminos.udc.es\/hosting\/cgm\/?page_id=32\">publicaciones<\/a> en revistas de reconocido prestigio.<\/p>\n<div id=\"attachment_108\" style=\"width: 2858px\" class=\"wp-caption alignnone\"><img aria-describedby=\"caption-attachment-108\" loading=\"lazy\" class=\"size-full wp-image-108\" src=\"http:\/\/caminos.udc.es\/hosting\/cgm\/wp-content\/uploads\/2018\/08\/POSTER_TRB2010_07.jpg\" alt=\"\" width=\"2848\" height=\"1241\" \/><p id=\"caption-attachment-108\" class=\"wp-caption-text\">Poster presentado al 89th TRB Annual Meeting<\/p><\/div>\n<p><a name=\"ancla2\"><\/a><strong>ASISTENCIA T\u00c9CNICA Y ASESOR\u00cdA<\/strong><\/p>\n<p><a name=\"ancla2\"><\/a><\/p>\n<hr \/>\n<p>Adem\u00e1s, el grupo CGM realiza las funciones y actividades de asistencia t\u00e9cnica y asesor\u00eda a empresas e instituciones, en materias tales como el dise\u00f1o de firmes para carreteras, ingenier\u00eda de tr\u00e1fico y seguridad vial, an\u00e1lisis num\u00e9rico de firmes, \u00a0cimentaciones especiales, mejora del terreno y geotecnolog\u00eda mediambiental, etc.<\/p>\n<p><img loading=\"lazy\" class=\" wp-image-321 aligncenter\" src=\"http:\/\/caminos.udc.es\/hosting\/cgm\/wp-content\/uploads\/2019\/08\/3logos-300x58.jpg\" alt=\"\" width=\"316\" height=\"61\" srcset=\"https:\/\/caminos.udc.es\/hosting\/cgm\/wp-content\/uploads\/2019\/08\/3logos-300x58.jpg 300w, https:\/\/caminos.udc.es\/hosting\/cgm\/wp-content\/uploads\/2019\/08\/3logos-150x29.jpg 150w, https:\/\/caminos.udc.es\/hosting\/cgm\/wp-content\/uploads\/2019\/08\/3logos.jpg 517w\" sizes=\"(max-width: 316px) 100vw, 316px\" \/><\/p>\n<p><a name=\"ancla2\"><\/a><a name=\"ancla2\"><\/a><a name=\"ancla3\"><\/a><strong>LABOR DOCENTE<\/strong><\/p>\n<p><a name=\"ancla3\"><\/a><\/p>\n<hr \/>\n<p>En cuanto a la labor docente de los miembros CGM, cabe comentar que se lleva a cabo principalmente en la ETSICCP de la UDC .<\/p>\n<p>Adem\u00e1s de impartir docencia en el <a href=\"http:\/\/caminos.udc.es\/hosting\/cgm\/?page_id=36\">Grado en Tecnolog\u00eda de la Ingenier\u00eda Civil<\/a>, el <a href=\"http:\/\/caminos.udc.es\/hosting\/cgm\/?page_id=36\">Grado en Ingenier\u00eda de Obras P\u00fablicas<\/a> y el <a href=\"http:\/\/caminos.udc.es\/hosting\/cgm\/?page_id=36\">M\u00e1ster en Ingenier\u00eda de Caminos, Canales y Puertos<\/a>, se dirigen <a href=\"http:\/\/caminos.udc.es\/hosting\/cgm\/?page_id=36\">tesis de doctorado<\/a>, relacionadas con las investigaciones del grupo y se imparte docencia en la <a href=\"https:\/\/www.udc.es\/es\/senior\/\">Universidad Senior<\/a>.<\/p>\n<p>Por supuesto, el grupo participa en tareas de innovaci\u00f3n docente, recibiendo cursos espec\u00edficos, presentando comunicaciones en congresos y jornadas e implementando el uso de nuevas tecnolog\u00edas y materiales did\u00e1cticos.<\/p>\n<div id=\"attachment_112\" style=\"width: 552px\" class=\"wp-caption aligncenter\"><img aria-describedby=\"caption-attachment-112\" loading=\"lazy\" class=\" wp-image-112\" src=\"http:\/\/caminos.udc.es\/hosting\/cgm\/wp-content\/uploads\/2018\/08\/20171027_113151.jpg\" alt=\"\" width=\"542\" height=\"903\" \/><p id=\"caption-attachment-112\" class=\"wp-caption-text\">Poster presentado a las II Jornadas de Innovaci\u00f3n Docente de la UDC<\/p><\/div>\n<p style=\"text-align: center;\">\n<p><a name=\"ancla3\"><\/a><\/p>\n","protected":false},"excerpt":{"rendered":"<p>INVESTIGACI\u00d3N Su investigaci\u00f3n se circunscribe, preferentemente, al \u00e1mbito de los firmes de carreteras, la geotecnia y los materiales empleados en ingenier\u00eda civil. Por tanto, presenta un marcado car\u00e1cter mustidisciplinar, perteneciendo los miembros del equipo a las \u00e1reas de conocimiento de Ingenier\u00eda e infraestructura de los transportes, Ingenier\u00eda del terreno y&#8230;<\/p>\n<p class=\"continue-reading-button\"> <a class=\"continue-reading-link\" href=\"https:\/\/caminos.udc.es\/hosting\/cgm\/?page_id=17\">Continue reading<i class=\"crycon-right-dir\"><\/i><\/a><\/p>\n","protected":false},"author":1,"featured_media":0,"parent":0,"menu_order":0,"comment_status":"closed","ping_status":"closed","template":"","meta":[],"_links":{"self":[{"href":"https:\/\/caminos.udc.es\/hosting\/cgm\/index.php?rest_route=\/wp\/v2\/pages\/17"}],"collection":[{"href":"https:\/\/caminos.udc.es\/hosting\/cgm\/index.php?rest_route=\/wp\/v2\/pages"}],"about":[{"href":"https:\/\/caminos.udc.es\/hosting\/cgm\/index.php?rest_route=\/wp\/v2\/types\/page"}],"author":[{"embeddable":true,"href":"https:\/\/caminos.udc.es\/hosting\/cgm\/index.php?rest_route=\/wp\/v2\/users\/1"}],"replies":[{"embeddable":true,"href":"https:\/\/caminos.udc.es\/hosting\/cgm\/index.php?rest_route=%2Fwp%2Fv2%2Fcomments&post=17"}],"version-history":[{"count":32,"href":"https:\/\/caminos.udc.es\/hosting\/cgm\/index.php?rest_route=\/wp\/v2\/pages\/17\/revisions"}],"predecessor-version":[{"id":830,"href":"https:\/\/caminos.udc.es\/hosting\/cgm\/index.php?rest_route=\/wp\/v2\/pages\/17\/revisions\/830"}],"wp:attachment":[{"href":"https:\/\/caminos.udc.es\/hosting\/cgm\/index.php?rest_route=%2Fwp%2Fv2%2Fmedia&parent=17"}],"curies":[{"name":"wp","href":"https:\/\/api.w.org\/{rel}","templated":true}]}}